{"id":11750,"date":"2021-06-25T15:35:31","date_gmt":"2021-06-25T13:35:31","guid":{"rendered":"https:\/\/www.edel.fr\/?post_type=product&#038;p=11750"},"modified":"2026-03-21T02:00:25","modified_gmt":"2026-03-21T01:00:25","slug":"disque-dembrayage-same-lamborghini-36-x-40-280-20-can","status":"publish","type":"product","link":"https:\/\/www.edel.fr\/en\/product\/disque-dembrayage-same-lamborghini-36-x-40-280-20-can\/","title":{"rendered":"Disque d&#8217;embrayage Same-Lamborghini &#8211; 36 X 40 &#8211; \u2300280, 20 Can."},"content":{"rendered":"<div data-elementor-type=\"wp-post\" data-elementor-id=\"11750\" class=\"elementor elementor-11750\">\n\t\t\t\t\t\t<section class=\"elementor-section elementor-top-section elementor-element elementor-element-41acedb7 elementor-section-boxed elementor-section-height-default elementor-section-height-default\" data-id=\"41acedb7\" data-element_type=\"section\" data-e-type=\"section\">\n\t\t\t\t\t\t<div class=\"elementor-container elementor-column-gap-default\">\n\t\t\t\t\t<div class=\"elementor-column elementor-col-100 elementor-top-column elementor-element elementor-element-9325192\" data-id=\"9325192\" data-element_type=\"column\" data-e-type=\"column\">\n\t\t\t<div class=\"elementor-widget-wrap elementor-element-populated\">\n\t\t\t\t\t\t<div class=\"elementor-element elementor-element-29aefe9f elementor-widget elementor-widget-heading\" data-id=\"29aefe9f\" data-element_type=\"widget\" data-e-type=\"widget\" data-widget_type=\"heading.default\">\n\t\t\t\t<div class=\"elementor-widget-container\">\n\t\t\t\t\t<h2 class=\"elementor-heading-title elementor-size-default\">DISQUE D'EMBRAYAGE ORGANIQUE SAME, Lamborghini\n- \u2300280 - 20 Cannelures<\/h2>\t\t\t\t<\/div>\n\t\t\t\t<\/div>\n\t\t\t\t<div class=\"elementor-element elementor-element-31f944d elementor-widget elementor-widget-heading\" data-id=\"31f944d\" data-element_type=\"widget\" data-e-type=\"widget\" data-widget_type=\"heading.default\">\n\t\t\t\t<div class=\"elementor-widget-container\">\n\t\t\t\t\t<h3 class=\"elementor-heading-title elementor-size-default\">Information du produit :<\/h3>\t\t\t\t<\/div>\n\t\t\t\t<\/div>\n\t\t\t\t\t<\/div>\n\t\t<\/div>\n\t\t\t\t\t<\/div>\n\t\t<\/section>\n\t\t\t\t<section class=\"elementor-section elementor-top-section elementor-element elementor-element-290ca7d1 elementor-section-boxed elementor-section-height-default elementor-section-height-default\" data-id=\"290ca7d1\" data-element_type=\"section\" data-e-type=\"section\">\n\t\t\t\t\t\t<div class=\"elementor-container elementor-column-gap-default\">\n\t\t\t\t\t<div class=\"elementor-column elementor-col-100 elementor-top-column elementor-element elementor-element-773f35b7\" data-id=\"773f35b7\" data-element_type=\"column\" data-e-type=\"column\">\n\t\t\t<div class=\"elementor-widget-wrap elementor-element-populated\">\n\t\t\t\t\t\t<div class=\"elementor-element elementor-element-7774c225 elementor-widget elementor-widget-text-editor\" data-id=\"7774c225\" data-element_type=\"widget\" data-e-type=\"widget\" data-widget_type=\"text-editor.default\">\n\t\t\t\t<div class=\"elementor-widget-container\">\n\t\t\t\t\t\t\t\t\t<div>Moyeu : 36 X 40<\/div><div><p>Pour SAME Lamborghini : 283, 355F, 355H, 360H, 470H, 480H, 483, 503, 553, 583, 603, 633, 653, 654, 683, 684, 684DTF, 724, 824, 845, 854, 955<span style=\"background-color: #ffffff\">&#8230;<\/span><\/p><\/div>\t\t\t\t\t\t\t\t<\/div>\n\t\t\t\t<\/div>\n\t\t\t\t\t<\/div>\n\t\t<\/div>\n\t\t\t\t\t<\/div>\n\t\t<\/section>\n\t\t\t\t<\/div>","protected":false},"excerpt":{"rendered":"<p>DISQUE D&rsquo;EMBRAYAGE ORGANIQUE SAME, Lamborghini &#8211; \u2300280 &#8211; 20 Cannelures Information du produit : Moyeu : 36 X 40 Pour SAME Lamborghini : 283, 355F, 355H, 360H, 470H, 480H, 483, 503, 553, 583, 603, 633, 653, 654, 683, 684, 684DTF, 724, 824, 845, 854, 955&#8230;<\/p>","protected":false},"featured_media":11753,"template":"","meta":[],"product_brand":[],"product_cat":[126,3983,119,120],"product_tag":[2499],"tracteur":[],"class_list":{"0":"post-11750","1":"product","2":"type-product","3":"status-publish","4":"has-post-thumbnail","6":"product_cat-disques-embrayage","7":"product_cat-lamborghini-same","8":"product_cat-tracteurs-agricoles","9":"product_cat-transmissions","10":"product_tag-disque-dembrayage","11":"product_shipping_class-142","12":"pa_fabriquant-luk","13":"pa_marque-tracteur-lsh","14":"pa_type-2-3913","15":"pa_type-2-355f","16":"pa_type-2-355h","17":"pa_type-2-360h","18":"pa_type-2-470h","19":"pa_type-2-480h","20":"pa_type-2-1152","21":"pa_type-2-1243","22":"pa_type-2-1153","23":"pa_type-2-1154","24":"pa_type-2-1244","25":"pa_type-2-1423","26":"pa_type-2-1156","27":"pa_type-2-1157","28":"pa_type-2-1159","29":"pa_type-2-1160","30":"pa_type-2-684dtf","31":"pa_type-2-1221","32":"pa_type-2-2205","33":"pa_type-2-1162","34":"pa_type-2-1921","35":"pa_type-2-1173","36":"badges-style-2","38":"first","39":"instock","40":"taxable","41":"shipping-taxable","42":"purchasable","43":"product-type-simple"},"acf":[],"yoast_head":"<!-- This site is optimized with the Yoast SEO plugin v27.3 - https:\/\/yoast.com\/product\/yoast-seo-wordpress\/ -->\n<title>Disque d&#039;embrayage Same-Lamborghini - 36 X 40 - \u2300280, 20 Can. - Edel<\/title>\n<meta name=\"description\" content=\"Disque d&#039;embrayage Same-Lamborghini AV. orga. - 36 X 40 - 20 Can.- \u2300280 - 283 355F 355H 360H 470H 480H 483 503 553 583 603 633 653 654 683 684 724 824 845\" \/>\n<meta name=\"robots\" content=\"index, follow, max-snippet:-1, max-image-preview:large, max-video-preview:-1\" \/>\n<link rel=\"canonical\" href=\"https:\/\/www.edel.fr\/en\/product\/disque-dembrayage-same-lamborghini-36-x-40-280-20-can\/\" \/>\n<meta property=\"og:locale\" content=\"en_US\" \/>\n<meta property=\"og:type\" content=\"article\" \/>\n<meta property=\"og:title\" content=\"Disque d&#039;embrayage Same-Lamborghini - 36 X 40 - \u2300280, 20 Can. - Edel\" \/>\n<meta property=\"og:description\" content=\"Disque d&#039;embrayage Same-Lamborghini AV. orga. - 36 X 40 - 20 Can.- \u2300280 - 283 355F 355H 360H 470H 480H 483 503 553 583 603 633 653 654 683 684 724 824 845\" \/>\n<meta property=\"og:url\" content=\"https:\/\/www.edel.fr\/en\/product\/disque-dembrayage-same-lamborghini-36-x-40-280-20-can\/\" \/>\n<meta property=\"og:site_name\" content=\"Edel\" \/>\n<meta property=\"article:modified_time\" content=\"2026-03-21T01:00:25+00:00\" \/>\n<meta property=\"og:image\" content=\"https:\/\/www.edel.fr\/uploads\/2021\/06\/2022806717.jpg\" \/>\n\t<meta property=\"og:image:width\" content=\"1512\" \/>\n\t<meta property=\"og:image:height\" content=\"1512\" \/>\n\t<meta property=\"og:image:type\" content=\"image\/jpeg\" \/>\n<meta name=\"twitter:card\" content=\"summary_large_image\" \/>\n<meta name=\"twitter:label1\" content=\"Est. reading time\" \/>\n\t<meta name=\"twitter:data1\" content=\"1 minute\" \/>\n<script type=\"application\/ld+json\" class=\"yoast-schema-graph\">{\"@context\":\"https:\\\/\\\/schema.org\",\"@graph\":[{\"@type\":\"WebPage\",\"@id\":\"https:\\\/\\\/www.edel.fr\\\/produit\\\/disque-dembrayage-same-lamborghini-36-x-40-280-20-can\\\/\",\"url\":\"https:\\\/\\\/www.edel.fr\\\/produit\\\/disque-dembrayage-same-lamborghini-36-x-40-280-20-can\\\/\",\"name\":\"Disque d'embrayage Same-Lamborghini - 36 X 40 - \u2300280, 20 Can. - Edel\",\"isPartOf\":{\"@id\":\"https:\\\/\\\/www.edel.fr\\\/#website\"},\"primaryImageOfPage\":{\"@id\":\"https:\\\/\\\/www.edel.fr\\\/produit\\\/disque-dembrayage-same-lamborghini-36-x-40-280-20-can\\\/#primaryimage\"},\"image\":{\"@id\":\"https:\\\/\\\/www.edel.fr\\\/produit\\\/disque-dembrayage-same-lamborghini-36-x-40-280-20-can\\\/#primaryimage\"},\"thumbnailUrl\":\"https:\\\/\\\/www.edel.fr\\\/uploads\\\/2021\\\/06\\\/2022806717.jpg\",\"datePublished\":\"2021-06-25T13:35:31+00:00\",\"dateModified\":\"2026-03-21T01:00:25+00:00\",\"description\":\"Disque d'embrayage Same-Lamborghini AV. orga. - 36 X 40 - 20 Can.- \u2300280 - 283 355F 355H 360H 470H 480H 483 503 553 583 603 633 653 654 683 684 724 824 845\",\"breadcrumb\":{\"@id\":\"https:\\\/\\\/www.edel.fr\\\/produit\\\/disque-dembrayage-same-lamborghini-36-x-40-280-20-can\\\/#breadcrumb\"},\"inLanguage\":\"en-US\",\"potentialAction\":[{\"@type\":\"ReadAction\",\"target\":[\"https:\\\/\\\/www.edel.fr\\\/produit\\\/disque-dembrayage-same-lamborghini-36-x-40-280-20-can\\\/\"]}]},{\"@type\":\"ImageObject\",\"inLanguage\":\"en-US\",\"@id\":\"https:\\\/\\\/www.edel.fr\\\/produit\\\/disque-dembrayage-same-lamborghini-36-x-40-280-20-can\\\/#primaryimage\",\"url\":\"https:\\\/\\\/www.edel.fr\\\/uploads\\\/2021\\\/06\\\/2022806717.jpg\",\"contentUrl\":\"https:\\\/\\\/www.edel.fr\\\/uploads\\\/2021\\\/06\\\/2022806717.jpg\",\"width\":1512,\"height\":1512,\"caption\":\"Disque d'embrayage Same-Lamborghini - 36 X 40 - \u2300280, 20 Can.\"},{\"@type\":\"BreadcrumbList\",\"@id\":\"https:\\\/\\\/www.edel.fr\\\/produit\\\/disque-dembrayage-same-lamborghini-36-x-40-280-20-can\\\/#breadcrumb\",\"itemListElement\":[{\"@type\":\"ListItem\",\"position\":1,\"name\":\"Pi\u00e8ce Tracteur\",\"item\":\"https:\\\/\\\/www.edel.fr\\\/\"},{\"@type\":\"ListItem\",\"position\":2,\"name\":\"Toutes nos pi\u00e8ces Tracteur\",\"item\":\"https:\\\/\\\/www.edel.fr\\\/en\\\/shop\\\/\"},{\"@type\":\"ListItem\",\"position\":3,\"name\":\"Disque d&#8217;embrayage Same-Lamborghini &#8211; 36 X 40 &#8211; \u2300280, 20 Can.\"}]},{\"@type\":\"WebSite\",\"@id\":\"https:\\\/\\\/www.edel.fr\\\/#website\",\"url\":\"https:\\\/\\\/www.edel.fr\\\/\",\"name\":\"Edel\",\"description\":\"Pi\u00e8ce d\u00e9tach\u00e9e de Tracteur Agricole\",\"publisher\":{\"@id\":\"https:\\\/\\\/www.edel.fr\\\/#organization\"},\"potentialAction\":[{\"@type\":\"SearchAction\",\"target\":{\"@type\":\"EntryPoint\",\"urlTemplate\":\"https:\\\/\\\/www.edel.fr\\\/?s={search_term_string}\"},\"query-input\":{\"@type\":\"PropertyValueSpecification\",\"valueRequired\":true,\"valueName\":\"search_term_string\"}}],\"inLanguage\":\"en-US\"},{\"@type\":\"Organization\",\"@id\":\"https:\\\/\\\/www.edel.fr\\\/#organization\",\"name\":\"Edel\",\"url\":\"https:\\\/\\\/www.edel.fr\\\/\",\"logo\":{\"@type\":\"ImageObject\",\"inLanguage\":\"en-US\",\"@id\":\"https:\\\/\\\/www.edel.fr\\\/#\\\/schema\\\/logo\\\/image\\\/\",\"url\":\"https:\\\/\\\/www.edel.fr\\\/uploads\\\/2018\\\/11\\\/logo-edel.png\",\"contentUrl\":\"https:\\\/\\\/www.edel.fr\\\/uploads\\\/2018\\\/11\\\/logo-edel.png\",\"width\":257,\"height\":68,\"caption\":\"Edel\"},\"image\":{\"@id\":\"https:\\\/\\\/www.edel.fr\\\/#\\\/schema\\\/logo\\\/image\\\/\"}}]}<\/script>\n<!-- \/ Yoast SEO plugin. -->","yoast_head_json":{"title":"Disque d'embrayage Same-Lamborghini - 36 X 40 - \u2300280, 20 Can. - Edel","description":"Disque d'embrayage Same-Lamborghini AV. orga. - 36 X 40 - 20 Can.- \u2300280 - 283 355F 355H 360H 470H 480H 483 503 553 583 603 633 653 654 683 684 724 824 845","robots":{"index":"index","follow":"follow","max-snippet":"max-snippet:-1","max-image-preview":"max-image-preview:large","max-video-preview":"max-video-preview:-1"},"canonical":"https:\/\/www.edel.fr\/en\/product\/disque-dembrayage-same-lamborghini-36-x-40-280-20-can\/","og_locale":"en_US","og_type":"article","og_title":"Disque d'embrayage Same-Lamborghini - 36 X 40 - \u2300280, 20 Can. - Edel","og_description":"Disque d'embrayage Same-Lamborghini AV. orga. - 36 X 40 - 20 Can.- \u2300280 - 283 355F 355H 360H 470H 480H 483 503 553 583 603 633 653 654 683 684 724 824 845","og_url":"https:\/\/www.edel.fr\/en\/product\/disque-dembrayage-same-lamborghini-36-x-40-280-20-can\/","og_site_name":"Edel","article_modified_time":"2026-03-21T01:00:25+00:00","og_image":[{"width":1512,"height":1512,"url":"https:\/\/www.edel.fr\/uploads\/2021\/06\/2022806717.jpg","type":"image\/jpeg"}],"twitter_card":"summary_large_image","twitter_misc":{"Est. reading time":"1 minute"},"schema":{"@context":"https:\/\/schema.org","@graph":[{"@type":"WebPage","@id":"https:\/\/www.edel.fr\/produit\/disque-dembrayage-same-lamborghini-36-x-40-280-20-can\/","url":"https:\/\/www.edel.fr\/produit\/disque-dembrayage-same-lamborghini-36-x-40-280-20-can\/","name":"Disque d'embrayage Same-Lamborghini - 36 X 40 - \u2300280, 20 Can. - Edel","isPartOf":{"@id":"https:\/\/www.edel.fr\/#website"},"primaryImageOfPage":{"@id":"https:\/\/www.edel.fr\/produit\/disque-dembrayage-same-lamborghini-36-x-40-280-20-can\/#primaryimage"},"image":{"@id":"https:\/\/www.edel.fr\/produit\/disque-dembrayage-same-lamborghini-36-x-40-280-20-can\/#primaryimage"},"thumbnailUrl":"https:\/\/www.edel.fr\/uploads\/2021\/06\/2022806717.jpg","datePublished":"2021-06-25T13:35:31+00:00","dateModified":"2026-03-21T01:00:25+00:00","description":"Disque d'embrayage Same-Lamborghini AV. orga. - 36 X 40 - 20 Can.- \u2300280 - 283 355F 355H 360H 470H 480H 483 503 553 583 603 633 653 654 683 684 724 824 845","breadcrumb":{"@id":"https:\/\/www.edel.fr\/produit\/disque-dembrayage-same-lamborghini-36-x-40-280-20-can\/#breadcrumb"},"inLanguage":"en-US","potentialAction":[{"@type":"ReadAction","target":["https:\/\/www.edel.fr\/produit\/disque-dembrayage-same-lamborghini-36-x-40-280-20-can\/"]}]},{"@type":"ImageObject","inLanguage":"en-US","@id":"https:\/\/www.edel.fr\/produit\/disque-dembrayage-same-lamborghini-36-x-40-280-20-can\/#primaryimage","url":"https:\/\/www.edel.fr\/uploads\/2021\/06\/2022806717.jpg","contentUrl":"https:\/\/www.edel.fr\/uploads\/2021\/06\/2022806717.jpg","width":1512,"height":1512,"caption":"Disque d'embrayage Same-Lamborghini - 36 X 40 - \u2300280, 20 Can."},{"@type":"BreadcrumbList","@id":"https:\/\/www.edel.fr\/produit\/disque-dembrayage-same-lamborghini-36-x-40-280-20-can\/#breadcrumb","itemListElement":[{"@type":"ListItem","position":1,"name":"Pi\u00e8ce Tracteur","item":"https:\/\/www.edel.fr\/"},{"@type":"ListItem","position":2,"name":"Toutes nos pi\u00e8ces Tracteur","item":"https:\/\/www.edel.fr\/en\/shop\/"},{"@type":"ListItem","position":3,"name":"Disque d&#8217;embrayage Same-Lamborghini &#8211; 36 X 40 &#8211; \u2300280, 20 Can."}]},{"@type":"WebSite","@id":"https:\/\/www.edel.fr\/#website","url":"https:\/\/www.edel.fr\/","name":"Edel","description":"Pi\u00e8ce d\u00e9tach\u00e9e de Tracteur Agricole","publisher":{"@id":"https:\/\/www.edel.fr\/#organization"},"potentialAction":[{"@type":"SearchAction","target":{"@type":"EntryPoint","urlTemplate":"https:\/\/www.edel.fr\/?s={search_term_string}"},"query-input":{"@type":"PropertyValueSpecification","valueRequired":true,"valueName":"search_term_string"}}],"inLanguage":"en-US"},{"@type":"Organization","@id":"https:\/\/www.edel.fr\/#organization","name":"Edel","url":"https:\/\/www.edel.fr\/","logo":{"@type":"ImageObject","inLanguage":"en-US","@id":"https:\/\/www.edel.fr\/#\/schema\/logo\/image\/","url":"https:\/\/www.edel.fr\/uploads\/2018\/11\/logo-edel.png","contentUrl":"https:\/\/www.edel.fr\/uploads\/2018\/11\/logo-edel.png","width":257,"height":68,"caption":"Edel"},"image":{"@id":"https:\/\/www.edel.fr\/#\/schema\/logo\/image\/"}}]}},"_links":{"self":[{"href":"https:\/\/www.edel.fr\/en\/wp-json\/wp\/v2\/product\/11750","targetHints":{"allow":["GET"]}}],"collection":[{"href":"https:\/\/www.edel.fr\/en\/wp-json\/wp\/v2\/product"}],"about":[{"href":"https:\/\/www.edel.fr\/en\/wp-json\/wp\/v2\/types\/product"}],"version-history":[{"count":2,"href":"https:\/\/www.edel.fr\/en\/wp-json\/wp\/v2\/product\/11750\/revisions"}],"predecessor-version":[{"id":14509,"href":"https:\/\/www.edel.fr\/en\/wp-json\/wp\/v2\/product\/11750\/revisions\/14509"}],"wp:featuredmedia":[{"embeddable":true,"href":"https:\/\/www.edel.fr\/en\/wp-json\/wp\/v2\/media\/11753"}],"wp:attachment":[{"href":"https:\/\/www.edel.fr\/en\/wp-json\/wp\/v2\/media?parent=11750"}],"wp:term":[{"taxonomy":"product_brand","embeddable":true,"href":"https:\/\/www.edel.fr\/en\/wp-json\/wp\/v2\/product_brand?post=11750"},{"taxonomy":"product_cat","embeddable":true,"href":"https:\/\/www.edel.fr\/en\/wp-json\/wp\/v2\/product_cat?post=11750"},{"taxonomy":"product_tag","embeddable":true,"href":"https:\/\/www.edel.fr\/en\/wp-json\/wp\/v2\/product_tag?post=11750"},{"taxonomy":"tracteur","embeddable":true,"href":"https:\/\/www.edel.fr\/en\/wp-json\/wp\/v2\/tracteur?post=11750"}],"curies":[{"name":"wp","href":"https:\/\/api.w.org\/{rel}","templated":true}]}}