{"id":11657,"date":"2021-06-23T14:35:53","date_gmt":"2021-06-23T12:35:53","guid":{"rendered":"https:\/\/www.edel.fr\/?post_type=product&#038;p=11657"},"modified":"2026-04-01T22:04:19","modified_gmt":"2026-04-01T20:04:19","slug":"disque-dembrayage-288-x-352-250-10-can-massey-ferguson","status":"publish","type":"product","link":"https:\/\/www.edel.fr\/en\/product\/disque-dembrayage-288-x-352-250-10-can-massey-ferguson\/","title":{"rendered":"Disque d&#8217;embrayage 28,8 X 35,2 \u2300250, 10 Can. &#8211; Massey Ferguson"},"content":{"rendered":"<div data-elementor-type=\"wp-post\" data-elementor-id=\"11657\" class=\"elementor elementor-11657\">\n\t\t\t\t\t\t<section class=\"elementor-section elementor-top-section elementor-element elementor-element-2385dad7 elementor-section-boxed elementor-section-height-default elementor-section-height-default\" data-id=\"2385dad7\" data-element_type=\"section\" data-e-type=\"section\">\n\t\t\t\t\t\t<div class=\"elementor-container elementor-column-gap-default\">\n\t\t\t\t\t<div class=\"elementor-column elementor-col-100 elementor-top-column elementor-element elementor-element-2c182f95\" data-id=\"2c182f95\" data-element_type=\"column\" data-e-type=\"column\">\n\t\t\t<div class=\"elementor-widget-wrap elementor-element-populated\">\n\t\t\t\t\t\t<div class=\"elementor-element elementor-element-700a710b elementor-widget elementor-widget-heading\" data-id=\"700a710b\" data-element_type=\"widget\" data-e-type=\"widget\" data-widget_type=\"heading.default\">\n\t\t\t\t<div class=\"elementor-widget-container\">\n\t\t\t\t\t<h2 class=\"elementor-heading-title elementor-size-default\">DISQUE D'EMBRAYAGE ORGANIQUE MASSEY FERGUSON\n- \u2300250 - 10 Cannelures<\/h2>\t\t\t\t<\/div>\n\t\t\t\t<\/div>\n\t\t\t\t<div class=\"elementor-element elementor-element-51e5208a elementor-widget elementor-widget-heading\" data-id=\"51e5208a\" data-element_type=\"widget\" data-e-type=\"widget\" data-widget_type=\"heading.default\">\n\t\t\t\t<div class=\"elementor-widget-container\">\n\t\t\t\t\t<h3 class=\"elementor-heading-title elementor-size-default\">Information du produit :<\/h3>\t\t\t\t<\/div>\n\t\t\t\t<\/div>\n\t\t\t\t\t<\/div>\n\t\t<\/div>\n\t\t\t\t\t<\/div>\n\t\t<\/section>\n\t\t\t\t<section class=\"elementor-section elementor-top-section elementor-element elementor-element-290ca7d1 elementor-section-boxed elementor-section-height-default elementor-section-height-default\" data-id=\"290ca7d1\" data-element_type=\"section\" data-e-type=\"section\">\n\t\t\t\t\t\t<div class=\"elementor-container elementor-column-gap-default\">\n\t\t\t\t\t<div class=\"elementor-column elementor-col-100 elementor-top-column elementor-element elementor-element-773f35b7\" data-id=\"773f35b7\" data-element_type=\"column\" data-e-type=\"column\">\n\t\t\t<div class=\"elementor-widget-wrap elementor-element-populated\">\n\t\t\t\t\t\t<div class=\"elementor-element elementor-element-7774c225 elementor-widget elementor-widget-text-editor\" data-id=\"7774c225\" data-element_type=\"widget\" data-e-type=\"widget\" data-widget_type=\"text-editor.default\">\n\t\t\t\t<div class=\"elementor-widget-container\">\n\t\t\t\t\t\t\t\t\t<div>Moyeu : 28,8 X 35,2<\/div><div><p>Pour Massey Ferguson : 30, FF30, TEF20<span style=\"background-color: #ffffff\">&#8230;<\/span><\/p><\/div>\t\t\t\t\t\t\t\t<\/div>\n\t\t\t\t<\/div>\n\t\t\t\t\t<\/div>\n\t\t<\/div>\n\t\t\t\t\t<\/div>\n\t\t<\/section>\n\t\t\t\t<\/div>","protected":false},"excerpt":{"rendered":"<p>DISQUE D&rsquo;EMBRAYAGE ORGANIQUE MASSEY FERGUSON &#8211; \u2300250 &#8211; 10 Cannelures Information du produit : Moyeu : 28,8 X 35,2 Pour Massey Ferguson : 30, FF30, TEF20&#8230;<\/p>","protected":false},"featured_media":11658,"template":"","meta":[],"product_brand":[],"product_cat":[126,3982,119,120],"product_tag":[2499],"tracteur":[],"class_list":{"0":"post-11657","1":"product","2":"type-product","3":"status-publish","4":"has-post-thumbnail","6":"product_cat-disques-embrayage","7":"product_cat-massey-ferguson-disque","8":"product_cat-tracteurs-agricoles","9":"product_cat-transmissions","10":"product_tag-disque-dembrayage","11":"product_shipping_class-142","12":"pa_fabriquant-selection-edel","13":"pa_marque-tracteur-massey-ferguson","14":"pa_type-2-2033","15":"pa_type-2-ff30","16":"pa_type-2-tef20","17":"badges-style-2","19":"first","20":"instock","21":"taxable","22":"shipping-taxable","23":"purchasable","24":"product-type-simple"},"acf":[],"yoast_head":"<!-- This site is optimized with the Yoast SEO plugin v27.3 - https:\/\/yoast.com\/product\/yoast-seo-wordpress\/ -->\n<title>Disque d&#039;embrayage 28,8 X 35,2 \u2300250, 10 Can. - Massey Ferguson - Edel<\/title>\n<meta name=\"description\" content=\"Disque d&#039;embrayage 28,8 X 35,2 organique - Massey Ferguson - 10 Cannelures - \u2300250 - MF30, FF30, TEF20 - Tracteur Agricole\" \/>\n<meta name=\"robots\" content=\"index, follow, max-snippet:-1, max-image-preview:large, max-video-preview:-1\" \/>\n<link rel=\"canonical\" href=\"https:\/\/edel.fr\/produit\/disque-dembrayage-288-x-352-250-10-can-massey-ferguson\/\" \/>\n<meta property=\"og:locale\" content=\"en_US\" \/>\n<meta property=\"og:type\" content=\"article\" \/>\n<meta property=\"og:title\" content=\"Disque d&#039;embrayage 28,8 X 35,2 \u2300250, 10 Can. - Massey Ferguson - Edel\" \/>\n<meta property=\"og:description\" content=\"Disque d&#039;embrayage 28,8 X 35,2 organique - Massey Ferguson - 10 Cannelures - \u2300250 - MF30, FF30, TEF20 - Tracteur Agricole\" \/>\n<meta property=\"og:url\" content=\"https:\/\/edel.fr\/produit\/disque-dembrayage-288-x-352-250-10-can-massey-ferguson\/\" \/>\n<meta property=\"og:site_name\" content=\"Edel\" \/>\n<meta property=\"article:modified_time\" content=\"2026-04-01T20:04:19+00:00\" \/>\n<meta property=\"og:image\" content=\"https:\/\/edel.fr\/uploads\/2021\/06\/1222540617.jpg\" \/>\n\t<meta property=\"og:image:width\" content=\"1512\" \/>\n\t<meta property=\"og:image:height\" content=\"1512\" \/>\n\t<meta property=\"og:image:type\" content=\"image\/jpeg\" \/>\n<meta name=\"twitter:card\" content=\"summary_large_image\" \/>\n<meta name=\"twitter:label1\" content=\"Est. reading time\" \/>\n\t<meta name=\"twitter:data1\" content=\"1 minute\" \/>\n<script type=\"application\/ld+json\" class=\"yoast-schema-graph\">{\"@context\":\"https:\\\/\\\/schema.org\",\"@graph\":[{\"@type\":\"WebPage\",\"@id\":\"https:\\\/\\\/edel.fr\\\/produit\\\/disque-dembrayage-288-x-352-250-10-can-massey-ferguson\\\/\",\"url\":\"https:\\\/\\\/edel.fr\\\/produit\\\/disque-dembrayage-288-x-352-250-10-can-massey-ferguson\\\/\",\"name\":\"Disque d'embrayage 28,8 X 35,2 \u2300250, 10 Can. - Massey Ferguson - Edel\",\"isPartOf\":{\"@id\":\"https:\\\/\\\/www.edel.fr\\\/en\\\/#website\"},\"primaryImageOfPage\":{\"@id\":\"https:\\\/\\\/edel.fr\\\/produit\\\/disque-dembrayage-288-x-352-250-10-can-massey-ferguson\\\/#primaryimage\"},\"image\":{\"@id\":\"https:\\\/\\\/edel.fr\\\/produit\\\/disque-dembrayage-288-x-352-250-10-can-massey-ferguson\\\/#primaryimage\"},\"thumbnailUrl\":\"https:\\\/\\\/www.edel.fr\\\/uploads\\\/2021\\\/06\\\/1222540617.jpg\",\"datePublished\":\"2021-06-23T12:35:53+00:00\",\"dateModified\":\"2026-04-01T20:04:19+00:00\",\"description\":\"Disque d'embrayage 28,8 X 35,2 organique - Massey Ferguson - 10 Cannelures - \u2300250 - MF30, FF30, TEF20 - Tracteur Agricole\",\"breadcrumb\":{\"@id\":\"https:\\\/\\\/edel.fr\\\/produit\\\/disque-dembrayage-288-x-352-250-10-can-massey-ferguson\\\/#breadcrumb\"},\"inLanguage\":\"en-US\",\"potentialAction\":[{\"@type\":\"ReadAction\",\"target\":[\"https:\\\/\\\/edel.fr\\\/produit\\\/disque-dembrayage-288-x-352-250-10-can-massey-ferguson\\\/\"]}]},{\"@type\":\"ImageObject\",\"inLanguage\":\"en-US\",\"@id\":\"https:\\\/\\\/edel.fr\\\/produit\\\/disque-dembrayage-288-x-352-250-10-can-massey-ferguson\\\/#primaryimage\",\"url\":\"https:\\\/\\\/www.edel.fr\\\/uploads\\\/2021\\\/06\\\/1222540617.jpg\",\"contentUrl\":\"https:\\\/\\\/www.edel.fr\\\/uploads\\\/2021\\\/06\\\/1222540617.jpg\",\"width\":1512,\"height\":1512,\"caption\":\"Disque d'embrayage 28,8 X 35,2 \u2300250, 10 Can. - Massey Ferguson\"},{\"@type\":\"BreadcrumbList\",\"@id\":\"https:\\\/\\\/edel.fr\\\/produit\\\/disque-dembrayage-288-x-352-250-10-can-massey-ferguson\\\/#breadcrumb\",\"itemListElement\":[{\"@type\":\"ListItem\",\"position\":1,\"name\":\"Pi\u00e8ce Tracteur\",\"item\":\"https:\\\/\\\/www.edel.fr\\\/en\\\/\"},{\"@type\":\"ListItem\",\"position\":2,\"name\":\"Toutes nos pi\u00e8ces Tracteur\",\"item\":\"https:\\\/\\\/edel.fr\\\/shop\\\/\"},{\"@type\":\"ListItem\",\"position\":3,\"name\":\"Disque d&#8217;embrayage 28,8 X 35,2 \u2300250, 10 Can. &#8211; Massey Ferguson\"}]},{\"@type\":\"WebSite\",\"@id\":\"https:\\\/\\\/www.edel.fr\\\/en\\\/#website\",\"url\":\"https:\\\/\\\/www.edel.fr\\\/en\\\/\",\"name\":\"Edel\",\"description\":\"Pi\u00e8ce d\u00e9tach\u00e9e de Tracteur Agricole\",\"publisher\":{\"@id\":\"https:\\\/\\\/www.edel.fr\\\/en\\\/#organization\"},\"potentialAction\":[{\"@type\":\"SearchAction\",\"target\":{\"@type\":\"EntryPoint\",\"urlTemplate\":\"https:\\\/\\\/www.edel.fr\\\/en\\\/?s={search_term_string}\"},\"query-input\":{\"@type\":\"PropertyValueSpecification\",\"valueRequired\":true,\"valueName\":\"search_term_string\"}}],\"inLanguage\":\"en-US\"},{\"@type\":\"Organization\",\"@id\":\"https:\\\/\\\/www.edel.fr\\\/en\\\/#organization\",\"name\":\"Edel\",\"url\":\"https:\\\/\\\/www.edel.fr\\\/en\\\/\",\"logo\":{\"@type\":\"ImageObject\",\"inLanguage\":\"en-US\",\"@id\":\"https:\\\/\\\/www.edel.fr\\\/en\\\/#\\\/schema\\\/logo\\\/image\\\/\",\"url\":\"https:\\\/\\\/www.edel.fr\\\/uploads\\\/2018\\\/11\\\/logo-edel.png\",\"contentUrl\":\"https:\\\/\\\/www.edel.fr\\\/uploads\\\/2018\\\/11\\\/logo-edel.png\",\"width\":257,\"height\":68,\"caption\":\"Edel\"},\"image\":{\"@id\":\"https:\\\/\\\/www.edel.fr\\\/en\\\/#\\\/schema\\\/logo\\\/image\\\/\"}}]}<\/script>\n<!-- \/ Yoast SEO plugin. -->","yoast_head_json":{"title":"Disque d'embrayage 28,8 X 35,2 \u2300250, 10 Can. - Massey Ferguson - Edel","description":"Disque d'embrayage 28,8 X 35,2 organique - Massey Ferguson - 10 Cannelures - \u2300250 - MF30, FF30, TEF20 - Tracteur Agricole","robots":{"index":"index","follow":"follow","max-snippet":"max-snippet:-1","max-image-preview":"max-image-preview:large","max-video-preview":"max-video-preview:-1"},"canonical":"https:\/\/edel.fr\/produit\/disque-dembrayage-288-x-352-250-10-can-massey-ferguson\/","og_locale":"en_US","og_type":"article","og_title":"Disque d'embrayage 28,8 X 35,2 \u2300250, 10 Can. - Massey Ferguson - Edel","og_description":"Disque d'embrayage 28,8 X 35,2 organique - Massey Ferguson - 10 Cannelures - \u2300250 - MF30, FF30, TEF20 - Tracteur Agricole","og_url":"https:\/\/edel.fr\/produit\/disque-dembrayage-288-x-352-250-10-can-massey-ferguson\/","og_site_name":"Edel","article_modified_time":"2026-04-01T20:04:19+00:00","og_image":[{"width":1512,"height":1512,"url":"https:\/\/edel.fr\/uploads\/2021\/06\/1222540617.jpg","type":"image\/jpeg"}],"twitter_card":"summary_large_image","twitter_misc":{"Est. reading time":"1 minute"},"schema":{"@context":"https:\/\/schema.org","@graph":[{"@type":"WebPage","@id":"https:\/\/edel.fr\/produit\/disque-dembrayage-288-x-352-250-10-can-massey-ferguson\/","url":"https:\/\/edel.fr\/produit\/disque-dembrayage-288-x-352-250-10-can-massey-ferguson\/","name":"Disque d'embrayage 28,8 X 35,2 \u2300250, 10 Can. - Massey Ferguson - Edel","isPartOf":{"@id":"https:\/\/www.edel.fr\/en\/#website"},"primaryImageOfPage":{"@id":"https:\/\/edel.fr\/produit\/disque-dembrayage-288-x-352-250-10-can-massey-ferguson\/#primaryimage"},"image":{"@id":"https:\/\/edel.fr\/produit\/disque-dembrayage-288-x-352-250-10-can-massey-ferguson\/#primaryimage"},"thumbnailUrl":"https:\/\/www.edel.fr\/uploads\/2021\/06\/1222540617.jpg","datePublished":"2021-06-23T12:35:53+00:00","dateModified":"2026-04-01T20:04:19+00:00","description":"Disque d'embrayage 28,8 X 35,2 organique - Massey Ferguson - 10 Cannelures - \u2300250 - MF30, FF30, TEF20 - Tracteur Agricole","breadcrumb":{"@id":"https:\/\/edel.fr\/produit\/disque-dembrayage-288-x-352-250-10-can-massey-ferguson\/#breadcrumb"},"inLanguage":"en-US","potentialAction":[{"@type":"ReadAction","target":["https:\/\/edel.fr\/produit\/disque-dembrayage-288-x-352-250-10-can-massey-ferguson\/"]}]},{"@type":"ImageObject","inLanguage":"en-US","@id":"https:\/\/edel.fr\/produit\/disque-dembrayage-288-x-352-250-10-can-massey-ferguson\/#primaryimage","url":"https:\/\/www.edel.fr\/uploads\/2021\/06\/1222540617.jpg","contentUrl":"https:\/\/www.edel.fr\/uploads\/2021\/06\/1222540617.jpg","width":1512,"height":1512,"caption":"Disque d'embrayage 28,8 X 35,2 \u2300250, 10 Can. - Massey Ferguson"},{"@type":"BreadcrumbList","@id":"https:\/\/edel.fr\/produit\/disque-dembrayage-288-x-352-250-10-can-massey-ferguson\/#breadcrumb","itemListElement":[{"@type":"ListItem","position":1,"name":"Pi\u00e8ce Tracteur","item":"https:\/\/www.edel.fr\/en\/"},{"@type":"ListItem","position":2,"name":"Toutes nos pi\u00e8ces Tracteur","item":"https:\/\/edel.fr\/shop\/"},{"@type":"ListItem","position":3,"name":"Disque d&#8217;embrayage 28,8 X 35,2 \u2300250, 10 Can. &#8211; Massey Ferguson"}]},{"@type":"WebSite","@id":"https:\/\/www.edel.fr\/en\/#website","url":"https:\/\/www.edel.fr\/en\/","name":"Edel","description":"Pi\u00e8ce d\u00e9tach\u00e9e de Tracteur Agricole","publisher":{"@id":"https:\/\/www.edel.fr\/en\/#organization"},"potentialAction":[{"@type":"SearchAction","target":{"@type":"EntryPoint","urlTemplate":"https:\/\/www.edel.fr\/en\/?s={search_term_string}"},"query-input":{"@type":"PropertyValueSpecification","valueRequired":true,"valueName":"search_term_string"}}],"inLanguage":"en-US"},{"@type":"Organization","@id":"https:\/\/www.edel.fr\/en\/#organization","name":"Edel","url":"https:\/\/www.edel.fr\/en\/","logo":{"@type":"ImageObject","inLanguage":"en-US","@id":"https:\/\/www.edel.fr\/en\/#\/schema\/logo\/image\/","url":"https:\/\/www.edel.fr\/uploads\/2018\/11\/logo-edel.png","contentUrl":"https:\/\/www.edel.fr\/uploads\/2018\/11\/logo-edel.png","width":257,"height":68,"caption":"Edel"},"image":{"@id":"https:\/\/www.edel.fr\/en\/#\/schema\/logo\/image\/"}}]}},"_links":{"self":[{"href":"https:\/\/www.edel.fr\/en\/wp-json\/wp\/v2\/product\/11657","targetHints":{"allow":["GET"]}}],"collection":[{"href":"https:\/\/www.edel.fr\/en\/wp-json\/wp\/v2\/product"}],"about":[{"href":"https:\/\/www.edel.fr\/en\/wp-json\/wp\/v2\/types\/product"}],"version-history":[{"count":2,"href":"https:\/\/www.edel.fr\/en\/wp-json\/wp\/v2\/product\/11657\/revisions"}],"predecessor-version":[{"id":14518,"href":"https:\/\/www.edel.fr\/en\/wp-json\/wp\/v2\/product\/11657\/revisions\/14518"}],"wp:featuredmedia":[{"embeddable":true,"href":"https:\/\/www.edel.fr\/en\/wp-json\/wp\/v2\/media\/11658"}],"wp:attachment":[{"href":"https:\/\/www.edel.fr\/en\/wp-json\/wp\/v2\/media?parent=11657"}],"wp:term":[{"taxonomy":"product_brand","embeddable":true,"href":"https:\/\/www.edel.fr\/en\/wp-json\/wp\/v2\/product_brand?post=11657"},{"taxonomy":"product_cat","embeddable":true,"href":"https:\/\/www.edel.fr\/en\/wp-json\/wp\/v2\/product_cat?post=11657"},{"taxonomy":"product_tag","embeddable":true,"href":"https:\/\/www.edel.fr\/en\/wp-json\/wp\/v2\/product_tag?post=11657"},{"taxonomy":"tracteur","embeddable":true,"href":"https:\/\/www.edel.fr\/en\/wp-json\/wp\/v2\/tracteur?post=11657"}],"curies":[{"name":"wp","href":"https:\/\/api.w.org\/{rel}","templated":true}]}}