{"id":10551,"date":"2021-02-24T15:34:07","date_gmt":"2021-02-24T14:34:07","guid":{"rendered":"https:\/\/www.edel.fr\/?post_type=product&#038;p=10551"},"modified":"2025-11-11T02:00:24","modified_gmt":"2025-11-11T01:00:24","slug":"butee-dembrayage-renault-claas-tracteur-agricole","status":"publish","type":"product","link":"https:\/\/www.edel.fr\/en\/product\/butee-dembrayage-renault-claas-tracteur-agricole\/","title":{"rendered":"But\u00e9e d&#8217;embrayage Renault Claas &#8211; Tracteur Agricole"},"content":{"rendered":"<h3>But\u00e9e d&#8217;embrayage Renault Claas<\/h3>\n<p>Type : 56, 66, 68, 76, 78, 85, 86, 88, SF300, SF400, SF70.<\/p>\n<p>Qualit\u00e9 origine<\/p>","protected":false},"excerpt":{"rendered":"<p>But\u00e9e d&#8217;embrayage Renault Claas Type : 56, 66, 68, 76, 78, 85, 86, 88, SF300, SF400, SF70. Qualit\u00e9 origine<\/p>","protected":false},"featured_media":10552,"template":"","meta":[],"product_brand":[],"product_cat":[4082,127,119,120],"product_tag":[],"tracteur":[],"class_list":{"0":"post-10551","1":"product","2":"type-product","3":"status-publish","4":"has-post-thumbnail","6":"product_cat-butee-dembrayage-renault-claas","7":"product_cat-butees-embrayage","8":"product_cat-tracteurs-agricoles","9":"product_cat-transmissions","10":"product_shipping_class-142","11":"pa_diametre-exterieur-4520","12":"pa_diametre-interieur-4499","13":"pa_diametre-maneton-4498","14":"pa_longueur-totale-4501","15":"pa_marque-tracteur-renault-claas","16":"pa_modele-tracteur-consul","17":"pa_modele-tracteur-consul-dominator-gigant","18":"pa_modele-tracteur-dominator","19":"pa_modele-tracteur-jaguar","20":"pa_modele-tracteur-matador","21":"pa_modele-tracteur-mengele","22":"pa_modele-tracteur-mercator","23":"pa_modele-tracteur-senator-protector","24":"pa_type-2-1208","25":"pa_type-2-3303","26":"pa_type-2-3304","27":"pa_type-2-3305","28":"pa_type-2-3306","29":"pa_type-2-1239","30":"pa_type-2-1685","31":"pa_type-2-2725","32":"pa_type-2-sf300","33":"pa_type-2-sf400","34":"pa_type-2-sf70","35":"pa_type-butee-graphite","36":"badges-style-2","38":"first","39":"instock","40":"taxable","41":"shipping-taxable","42":"purchasable","43":"product-type-simple"},"acf":[],"yoast_head":"<!-- This site is optimized with the Yoast SEO plugin v27.3 - https:\/\/yoast.com\/product\/yoast-seo-wordpress\/ -->\n<title>But\u00e9e d&#039;embrayage Renault Claas - Tracteur Agricole - Edel<\/title>\n<meta name=\"description\" content=\"But\u00e9e d&#039;embrayage Renault Claas - Consul, Consul-Dominator Gigant, Dominator, Jaguar, Matador, Mengele, Senator Protector, Mercator - Tracteur Agricole\" \/>\n<meta name=\"robots\" content=\"index, follow, max-snippet:-1, max-image-preview:large, max-video-preview:-1\" \/>\n<link rel=\"canonical\" href=\"https:\/\/edel.fr\/produit\/butee-dembrayage-renault-claas-tracteur-agricole\/\" \/>\n<meta property=\"og:locale\" content=\"en_US\" \/>\n<meta property=\"og:type\" content=\"article\" \/>\n<meta property=\"og:title\" content=\"But\u00e9e d&#039;embrayage Renault Claas - Tracteur Agricole - Edel\" \/>\n<meta property=\"og:description\" content=\"But\u00e9e d&#039;embrayage Renault Claas - Consul, Consul-Dominator Gigant, Dominator, Jaguar, Matador, Mengele, Senator Protector, Mercator - Tracteur Agricole\" \/>\n<meta property=\"og:url\" content=\"https:\/\/edel.fr\/produit\/butee-dembrayage-renault-claas-tracteur-agricole\/\" \/>\n<meta property=\"og:site_name\" content=\"Edel\" \/>\n<meta property=\"article:modified_time\" content=\"2025-11-11T01:00:24+00:00\" \/>\n<meta property=\"og:image\" content=\"https:\/\/edel.fr\/uploads\/2021\/02\/20300820.jpg\" \/>\n\t<meta property=\"og:image:width\" content=\"1512\" \/>\n\t<meta property=\"og:image:height\" content=\"1410\" \/>\n\t<meta property=\"og:image:type\" content=\"image\/jpeg\" \/>\n<meta name=\"twitter:card\" content=\"summary_large_image\" \/>\n<meta name=\"twitter:label1\" content=\"Est. reading time\" \/>\n\t<meta name=\"twitter:data1\" content=\"1 minute\" \/>\n<script type=\"application\/ld+json\" class=\"yoast-schema-graph\">{\"@context\":\"https:\\\/\\\/schema.org\",\"@graph\":[{\"@type\":\"WebPage\",\"@id\":\"https:\\\/\\\/edel.fr\\\/produit\\\/butee-dembrayage-renault-claas-tracteur-agricole\\\/\",\"url\":\"https:\\\/\\\/edel.fr\\\/produit\\\/butee-dembrayage-renault-claas-tracteur-agricole\\\/\",\"name\":\"But\u00e9e d'embrayage Renault Claas - Tracteur Agricole - Edel\",\"isPartOf\":{\"@id\":\"https:\\\/\\\/www.edel.fr\\\/en\\\/#website\"},\"primaryImageOfPage\":{\"@id\":\"https:\\\/\\\/edel.fr\\\/produit\\\/butee-dembrayage-renault-claas-tracteur-agricole\\\/#primaryimage\"},\"image\":{\"@id\":\"https:\\\/\\\/edel.fr\\\/produit\\\/butee-dembrayage-renault-claas-tracteur-agricole\\\/#primaryimage\"},\"thumbnailUrl\":\"https:\\\/\\\/www.edel.fr\\\/uploads\\\/2021\\\/02\\\/20300820.jpg\",\"datePublished\":\"2021-02-24T14:34:07+00:00\",\"dateModified\":\"2025-11-11T01:00:24+00:00\",\"description\":\"But\u00e9e d'embrayage Renault Claas - Consul, Consul-Dominator Gigant, Dominator, Jaguar, Matador, Mengele, Senator Protector, Mercator - Tracteur Agricole\",\"breadcrumb\":{\"@id\":\"https:\\\/\\\/edel.fr\\\/produit\\\/butee-dembrayage-renault-claas-tracteur-agricole\\\/#breadcrumb\"},\"inLanguage\":\"en-US\",\"potentialAction\":[{\"@type\":\"ReadAction\",\"target\":[\"https:\\\/\\\/edel.fr\\\/produit\\\/butee-dembrayage-renault-claas-tracteur-agricole\\\/\"]}]},{\"@type\":\"ImageObject\",\"inLanguage\":\"en-US\",\"@id\":\"https:\\\/\\\/edel.fr\\\/produit\\\/butee-dembrayage-renault-claas-tracteur-agricole\\\/#primaryimage\",\"url\":\"https:\\\/\\\/www.edel.fr\\\/uploads\\\/2021\\\/02\\\/20300820.jpg\",\"contentUrl\":\"https:\\\/\\\/www.edel.fr\\\/uploads\\\/2021\\\/02\\\/20300820.jpg\",\"width\":1512,\"height\":1410,\"caption\":\"But\u00e9e d'embrayage Renault Claas - Tracteur Agricole\"},{\"@type\":\"BreadcrumbList\",\"@id\":\"https:\\\/\\\/edel.fr\\\/produit\\\/butee-dembrayage-renault-claas-tracteur-agricole\\\/#breadcrumb\",\"itemListElement\":[{\"@type\":\"ListItem\",\"position\":1,\"name\":\"Pi\u00e8ce Tracteur\",\"item\":\"https:\\\/\\\/www.edel.fr\\\/en\\\/\"},{\"@type\":\"ListItem\",\"position\":2,\"name\":\"Toutes nos pi\u00e8ces Tracteur\",\"item\":\"https:\\\/\\\/edel.fr\\\/shop\\\/\"},{\"@type\":\"ListItem\",\"position\":3,\"name\":\"But\u00e9e d&#8217;embrayage Renault Claas &#8211; Tracteur Agricole\"}]},{\"@type\":\"WebSite\",\"@id\":\"https:\\\/\\\/www.edel.fr\\\/en\\\/#website\",\"url\":\"https:\\\/\\\/www.edel.fr\\\/en\\\/\",\"name\":\"Edel\",\"description\":\"Pi\u00e8ce d\u00e9tach\u00e9e de Tracteur Agricole\",\"publisher\":{\"@id\":\"https:\\\/\\\/www.edel.fr\\\/en\\\/#organization\"},\"potentialAction\":[{\"@type\":\"SearchAction\",\"target\":{\"@type\":\"EntryPoint\",\"urlTemplate\":\"https:\\\/\\\/www.edel.fr\\\/en\\\/?s={search_term_string}\"},\"query-input\":{\"@type\":\"PropertyValueSpecification\",\"valueRequired\":true,\"valueName\":\"search_term_string\"}}],\"inLanguage\":\"en-US\"},{\"@type\":\"Organization\",\"@id\":\"https:\\\/\\\/www.edel.fr\\\/en\\\/#organization\",\"name\":\"Edel\",\"url\":\"https:\\\/\\\/www.edel.fr\\\/en\\\/\",\"logo\":{\"@type\":\"ImageObject\",\"inLanguage\":\"en-US\",\"@id\":\"https:\\\/\\\/www.edel.fr\\\/en\\\/#\\\/schema\\\/logo\\\/image\\\/\",\"url\":\"https:\\\/\\\/www.edel.fr\\\/uploads\\\/2018\\\/11\\\/logo-edel.png\",\"contentUrl\":\"https:\\\/\\\/www.edel.fr\\\/uploads\\\/2018\\\/11\\\/logo-edel.png\",\"width\":257,\"height\":68,\"caption\":\"Edel\"},\"image\":{\"@id\":\"https:\\\/\\\/www.edel.fr\\\/en\\\/#\\\/schema\\\/logo\\\/image\\\/\"}}]}<\/script>\n<!-- \/ Yoast SEO plugin. -->","yoast_head_json":{"title":"But\u00e9e d'embrayage Renault Claas - Tracteur Agricole - Edel","description":"But\u00e9e d'embrayage Renault Claas - Consul, Consul-Dominator Gigant, Dominator, Jaguar, Matador, Mengele, Senator Protector, Mercator - Tracteur Agricole","robots":{"index":"index","follow":"follow","max-snippet":"max-snippet:-1","max-image-preview":"max-image-preview:large","max-video-preview":"max-video-preview:-1"},"canonical":"https:\/\/edel.fr\/produit\/butee-dembrayage-renault-claas-tracteur-agricole\/","og_locale":"en_US","og_type":"article","og_title":"But\u00e9e d'embrayage Renault Claas - Tracteur Agricole - Edel","og_description":"But\u00e9e d'embrayage Renault Claas - Consul, Consul-Dominator Gigant, Dominator, Jaguar, Matador, Mengele, Senator Protector, Mercator - Tracteur Agricole","og_url":"https:\/\/edel.fr\/produit\/butee-dembrayage-renault-claas-tracteur-agricole\/","og_site_name":"Edel","article_modified_time":"2025-11-11T01:00:24+00:00","og_image":[{"width":1512,"height":1410,"url":"https:\/\/edel.fr\/uploads\/2021\/02\/20300820.jpg","type":"image\/jpeg"}],"twitter_card":"summary_large_image","twitter_misc":{"Est. reading time":"1 minute"},"schema":{"@context":"https:\/\/schema.org","@graph":[{"@type":"WebPage","@id":"https:\/\/edel.fr\/produit\/butee-dembrayage-renault-claas-tracteur-agricole\/","url":"https:\/\/edel.fr\/produit\/butee-dembrayage-renault-claas-tracteur-agricole\/","name":"But\u00e9e d'embrayage Renault Claas - Tracteur Agricole - Edel","isPartOf":{"@id":"https:\/\/www.edel.fr\/en\/#website"},"primaryImageOfPage":{"@id":"https:\/\/edel.fr\/produit\/butee-dembrayage-renault-claas-tracteur-agricole\/#primaryimage"},"image":{"@id":"https:\/\/edel.fr\/produit\/butee-dembrayage-renault-claas-tracteur-agricole\/#primaryimage"},"thumbnailUrl":"https:\/\/www.edel.fr\/uploads\/2021\/02\/20300820.jpg","datePublished":"2021-02-24T14:34:07+00:00","dateModified":"2025-11-11T01:00:24+00:00","description":"But\u00e9e d'embrayage Renault Claas - Consul, Consul-Dominator Gigant, Dominator, Jaguar, Matador, Mengele, Senator Protector, Mercator - Tracteur Agricole","breadcrumb":{"@id":"https:\/\/edel.fr\/produit\/butee-dembrayage-renault-claas-tracteur-agricole\/#breadcrumb"},"inLanguage":"en-US","potentialAction":[{"@type":"ReadAction","target":["https:\/\/edel.fr\/produit\/butee-dembrayage-renault-claas-tracteur-agricole\/"]}]},{"@type":"ImageObject","inLanguage":"en-US","@id":"https:\/\/edel.fr\/produit\/butee-dembrayage-renault-claas-tracteur-agricole\/#primaryimage","url":"https:\/\/www.edel.fr\/uploads\/2021\/02\/20300820.jpg","contentUrl":"https:\/\/www.edel.fr\/uploads\/2021\/02\/20300820.jpg","width":1512,"height":1410,"caption":"But\u00e9e d'embrayage Renault Claas - Tracteur Agricole"},{"@type":"BreadcrumbList","@id":"https:\/\/edel.fr\/produit\/butee-dembrayage-renault-claas-tracteur-agricole\/#breadcrumb","itemListElement":[{"@type":"ListItem","position":1,"name":"Pi\u00e8ce Tracteur","item":"https:\/\/www.edel.fr\/en\/"},{"@type":"ListItem","position":2,"name":"Toutes nos pi\u00e8ces Tracteur","item":"https:\/\/edel.fr\/shop\/"},{"@type":"ListItem","position":3,"name":"But\u00e9e d&#8217;embrayage Renault Claas &#8211; Tracteur Agricole"}]},{"@type":"WebSite","@id":"https:\/\/www.edel.fr\/en\/#website","url":"https:\/\/www.edel.fr\/en\/","name":"Edel","description":"Pi\u00e8ce d\u00e9tach\u00e9e de Tracteur Agricole","publisher":{"@id":"https:\/\/www.edel.fr\/en\/#organization"},"potentialAction":[{"@type":"SearchAction","target":{"@type":"EntryPoint","urlTemplate":"https:\/\/www.edel.fr\/en\/?s={search_term_string}"},"query-input":{"@type":"PropertyValueSpecification","valueRequired":true,"valueName":"search_term_string"}}],"inLanguage":"en-US"},{"@type":"Organization","@id":"https:\/\/www.edel.fr\/en\/#organization","name":"Edel","url":"https:\/\/www.edel.fr\/en\/","logo":{"@type":"ImageObject","inLanguage":"en-US","@id":"https:\/\/www.edel.fr\/en\/#\/schema\/logo\/image\/","url":"https:\/\/www.edel.fr\/uploads\/2018\/11\/logo-edel.png","contentUrl":"https:\/\/www.edel.fr\/uploads\/2018\/11\/logo-edel.png","width":257,"height":68,"caption":"Edel"},"image":{"@id":"https:\/\/www.edel.fr\/en\/#\/schema\/logo\/image\/"}}]}},"_links":{"self":[{"href":"https:\/\/www.edel.fr\/en\/wp-json\/wp\/v2\/product\/10551","targetHints":{"allow":["GET"]}}],"collection":[{"href":"https:\/\/www.edel.fr\/en\/wp-json\/wp\/v2\/product"}],"about":[{"href":"https:\/\/www.edel.fr\/en\/wp-json\/wp\/v2\/types\/product"}],"version-history":[{"count":3,"href":"https:\/\/www.edel.fr\/en\/wp-json\/wp\/v2\/product\/10551\/revisions"}],"predecessor-version":[{"id":10558,"href":"https:\/\/www.edel.fr\/en\/wp-json\/wp\/v2\/product\/10551\/revisions\/10558"}],"wp:featuredmedia":[{"embeddable":true,"href":"https:\/\/www.edel.fr\/en\/wp-json\/wp\/v2\/media\/10552"}],"wp:attachment":[{"href":"https:\/\/www.edel.fr\/en\/wp-json\/wp\/v2\/media?parent=10551"}],"wp:term":[{"taxonomy":"product_brand","embeddable":true,"href":"https:\/\/www.edel.fr\/en\/wp-json\/wp\/v2\/product_brand?post=10551"},{"taxonomy":"product_cat","embeddable":true,"href":"https:\/\/www.edel.fr\/en\/wp-json\/wp\/v2\/product_cat?post=10551"},{"taxonomy":"product_tag","embeddable":true,"href":"https:\/\/www.edel.fr\/en\/wp-json\/wp\/v2\/product_tag?post=10551"},{"taxonomy":"tracteur","embeddable":true,"href":"https:\/\/www.edel.fr\/en\/wp-json\/wp\/v2\/tracteur?post=10551"}],"curies":[{"name":"wp","href":"https:\/\/api.w.org\/{rel}","templated":true}]}}