{"id":703,"date":"2011-05-20T18:51:43","date_gmt":"2011-05-20T16:51:43","guid":{"rendered":"http:\/\/wpthemetestdata.wordpress.com\/?page_id=703"},"modified":"2026-02-15T21:14:08","modified_gmt":"2026-02-15T20:14:08","slug":"blog","status":"publish","type":"page","link":"https:\/\/www.edel.fr\/en\/blog\/","title":{"rendered":"Blog"},"content":{"rendered":"<p>Use this static Page to test the Theme&rsquo;s handling of the Blog Posts Index page. If the site is set to display a static Page on the Front Page, and this Page is set to display the Blog Posts Index, then this text should not appear.<\/p>","protected":false},"excerpt":{"rendered":"<p>Use this static Page to test the Theme&rsquo;s handling of the Blog Posts Index page. If the site is set to display a static Page on the Front Page, and this Page is set to display the Blog Posts Index, then this text should not appear.<\/p>","protected":false},"author":1,"featured_media":0,"parent":0,"menu_order":0,"comment_status":"closed","ping_status":"closed","template":"","meta":{"footnotes":""},"class_list":["post-703","page","type-page","status-publish","hentry","badges-style-2"],"acf":[],"yoast_head":"<!-- This site is optimized with the Yoast SEO plugin v27.3 - https:\/\/yoast.com\/product\/yoast-seo-wordpress\/ -->\n<title>Actualit\u00e9s du sp\u00e9cialiste Embrayage et pi\u00e8ces d\u00e9tach\u00e9es Tracteurs - Edel<\/title>\n<meta name=\"description\" content=\"Suivez toutes les derni\u00e8res actualit\u00e9s du sp\u00e9cialiste de l&#039;embrayage, Edel ! L&#039;ensemble de nos derniers articles se trouvent ici !\" \/>\n<meta name=\"robots\" content=\"index, follow, max-snippet:-1, max-image-preview:large, max-video-preview:-1\" \/>\n<link rel=\"canonical\" href=\"https:\/\/edel.fr\/blog\/\" \/>\n<meta property=\"og:locale\" content=\"en_US\" \/>\n<meta property=\"og:type\" content=\"article\" \/>\n<meta property=\"og:title\" content=\"Actualit\u00e9s du sp\u00e9cialiste Embrayage et pi\u00e8ces d\u00e9tach\u00e9es Tracteurs - Edel\" \/>\n<meta property=\"og:description\" content=\"Suivez toutes les derni\u00e8res actualit\u00e9s du sp\u00e9cialiste de l&#039;embrayage, Edel ! L&#039;ensemble de nos derniers articles se trouvent ici !\" \/>\n<meta property=\"og:url\" content=\"https:\/\/edel.fr\/blog\/\" \/>\n<meta property=\"og:site_name\" content=\"Edel\" \/>\n<meta property=\"article:modified_time\" content=\"2026-02-15T20:14:08+00:00\" \/>\n<meta name=\"twitter:card\" content=\"summary_large_image\" \/>\n<meta name=\"twitter:label1\" content=\"Est. reading time\" \/>\n\t<meta name=\"twitter:data1\" content=\"1 minute\" \/>\n<script type=\"application\/ld+json\" class=\"yoast-schema-graph\">{\"@context\":\"https:\\\/\\\/schema.org\",\"@graph\":[{\"@type\":\"WebPage\",\"@id\":\"https:\\\/\\\/edel.fr\\\/blog\\\/\",\"url\":\"https:\\\/\\\/edel.fr\\\/blog\\\/\",\"name\":\"Actualit\u00e9s du sp\u00e9cialiste Embrayage et pi\u00e8ces d\u00e9tach\u00e9es Tracteurs - Edel\",\"isPartOf\":{\"@id\":\"https:\\\/\\\/www.edel.fr\\\/en\\\/#website\"},\"datePublished\":\"2011-05-20T16:51:43+00:00\",\"dateModified\":\"2026-02-15T20:14:08+00:00\",\"description\":\"Suivez toutes les derni\u00e8res actualit\u00e9s du sp\u00e9cialiste de l'embrayage, Edel ! L'ensemble de nos derniers articles se trouvent ici !\",\"breadcrumb\":{\"@id\":\"https:\\\/\\\/edel.fr\\\/blog\\\/#breadcrumb\"},\"inLanguage\":\"en-US\",\"potentialAction\":[{\"@type\":\"ReadAction\",\"target\":[\"https:\\\/\\\/edel.fr\\\/blog\\\/\"]}]},{\"@type\":\"BreadcrumbList\",\"@id\":\"https:\\\/\\\/edel.fr\\\/blog\\\/#breadcrumb\",\"itemListElement\":[{\"@type\":\"ListItem\",\"position\":1,\"name\":\"Pi\u00e8ce Tracteur\",\"item\":\"https:\\\/\\\/www.edel.fr\\\/en\\\/\"},{\"@type\":\"ListItem\",\"position\":2,\"name\":\"Blog\"}]},{\"@type\":\"WebSite\",\"@id\":\"https:\\\/\\\/www.edel.fr\\\/en\\\/#website\",\"url\":\"https:\\\/\\\/www.edel.fr\\\/en\\\/\",\"name\":\"Edel\",\"description\":\"Pi\u00e8ce d\u00e9tach\u00e9e de Tracteur Agricole\",\"publisher\":{\"@id\":\"https:\\\/\\\/www.edel.fr\\\/en\\\/#organization\"},\"potentialAction\":[{\"@type\":\"SearchAction\",\"target\":{\"@type\":\"EntryPoint\",\"urlTemplate\":\"https:\\\/\\\/www.edel.fr\\\/en\\\/?s={search_term_string}\"},\"query-input\":{\"@type\":\"PropertyValueSpecification\",\"valueRequired\":true,\"valueName\":\"search_term_string\"}}],\"inLanguage\":\"en-US\"},{\"@type\":\"Organization\",\"@id\":\"https:\\\/\\\/www.edel.fr\\\/en\\\/#organization\",\"name\":\"Edel\",\"url\":\"https:\\\/\\\/www.edel.fr\\\/en\\\/\",\"logo\":{\"@type\":\"ImageObject\",\"inLanguage\":\"en-US\",\"@id\":\"https:\\\/\\\/www.edel.fr\\\/en\\\/#\\\/schema\\\/logo\\\/image\\\/\",\"url\":\"https:\\\/\\\/www.edel.fr\\\/uploads\\\/2018\\\/11\\\/logo-edel.png\",\"contentUrl\":\"https:\\\/\\\/www.edel.fr\\\/uploads\\\/2018\\\/11\\\/logo-edel.png\",\"width\":257,\"height\":68,\"caption\":\"Edel\"},\"image\":{\"@id\":\"https:\\\/\\\/www.edel.fr\\\/en\\\/#\\\/schema\\\/logo\\\/image\\\/\"}}]}<\/script>\n<!-- \/ Yoast SEO plugin. -->","yoast_head_json":{"title":"Actualit\u00e9s du sp\u00e9cialiste Embrayage et pi\u00e8ces d\u00e9tach\u00e9es Tracteurs - Edel","description":"Suivez toutes les derni\u00e8res actualit\u00e9s du sp\u00e9cialiste de l'embrayage, Edel ! L'ensemble de nos derniers articles se trouvent ici !","robots":{"index":"index","follow":"follow","max-snippet":"max-snippet:-1","max-image-preview":"max-image-preview:large","max-video-preview":"max-video-preview:-1"},"canonical":"https:\/\/edel.fr\/blog\/","og_locale":"en_US","og_type":"article","og_title":"Actualit\u00e9s du sp\u00e9cialiste Embrayage et pi\u00e8ces d\u00e9tach\u00e9es Tracteurs - Edel","og_description":"Suivez toutes les derni\u00e8res actualit\u00e9s du sp\u00e9cialiste de l'embrayage, Edel ! L'ensemble de nos derniers articles se trouvent ici !","og_url":"https:\/\/edel.fr\/blog\/","og_site_name":"Edel","article_modified_time":"2026-02-15T20:14:08+00:00","twitter_card":"summary_large_image","twitter_misc":{"Est. reading time":"1 minute"},"schema":{"@context":"https:\/\/schema.org","@graph":[{"@type":"WebPage","@id":"https:\/\/edel.fr\/blog\/","url":"https:\/\/edel.fr\/blog\/","name":"Actualit\u00e9s du sp\u00e9cialiste Embrayage et pi\u00e8ces d\u00e9tach\u00e9es Tracteurs - Edel","isPartOf":{"@id":"https:\/\/www.edel.fr\/en\/#website"},"datePublished":"2011-05-20T16:51:43+00:00","dateModified":"2026-02-15T20:14:08+00:00","description":"Suivez toutes les derni\u00e8res actualit\u00e9s du sp\u00e9cialiste de l'embrayage, Edel ! L'ensemble de nos derniers articles se trouvent ici !","breadcrumb":{"@id":"https:\/\/edel.fr\/blog\/#breadcrumb"},"inLanguage":"en-US","potentialAction":[{"@type":"ReadAction","target":["https:\/\/edel.fr\/blog\/"]}]},{"@type":"BreadcrumbList","@id":"https:\/\/edel.fr\/blog\/#breadcrumb","itemListElement":[{"@type":"ListItem","position":1,"name":"Pi\u00e8ce Tracteur","item":"https:\/\/www.edel.fr\/en\/"},{"@type":"ListItem","position":2,"name":"Blog"}]},{"@type":"WebSite","@id":"https:\/\/www.edel.fr\/en\/#website","url":"https:\/\/www.edel.fr\/en\/","name":"Edel","description":"Pi\u00e8ce d\u00e9tach\u00e9e de Tracteur Agricole","publisher":{"@id":"https:\/\/www.edel.fr\/en\/#organization"},"potentialAction":[{"@type":"SearchAction","target":{"@type":"EntryPoint","urlTemplate":"https:\/\/www.edel.fr\/en\/?s={search_term_string}"},"query-input":{"@type":"PropertyValueSpecification","valueRequired":true,"valueName":"search_term_string"}}],"inLanguage":"en-US"},{"@type":"Organization","@id":"https:\/\/www.edel.fr\/en\/#organization","name":"Edel","url":"https:\/\/www.edel.fr\/en\/","logo":{"@type":"ImageObject","inLanguage":"en-US","@id":"https:\/\/www.edel.fr\/en\/#\/schema\/logo\/image\/","url":"https:\/\/www.edel.fr\/uploads\/2018\/11\/logo-edel.png","contentUrl":"https:\/\/www.edel.fr\/uploads\/2018\/11\/logo-edel.png","width":257,"height":68,"caption":"Edel"},"image":{"@id":"https:\/\/www.edel.fr\/en\/#\/schema\/logo\/image\/"}}]}},"_links":{"self":[{"href":"https:\/\/www.edel.fr\/en\/wp-json\/wp\/v2\/pages\/703","targetHints":{"allow":["GET"]}}],"collection":[{"href":"https:\/\/www.edel.fr\/en\/wp-json\/wp\/v2\/pages"}],"about":[{"href":"https:\/\/www.edel.fr\/en\/wp-json\/wp\/v2\/types\/page"}],"author":[{"embeddable":true,"href":"https:\/\/www.edel.fr\/en\/wp-json\/wp\/v2\/users\/1"}],"replies":[{"embeddable":true,"href":"https:\/\/www.edel.fr\/en\/wp-json\/wp\/v2\/comments?post=703"}],"version-history":[{"count":1,"href":"https:\/\/www.edel.fr\/en\/wp-json\/wp\/v2\/pages\/703\/revisions"}],"predecessor-version":[{"id":6067,"href":"https:\/\/www.edel.fr\/en\/wp-json\/wp\/v2\/pages\/703\/revisions\/6067"}],"wp:attachment":[{"href":"https:\/\/www.edel.fr\/en\/wp-json\/wp\/v2\/media?parent=703"}],"curies":[{"name":"wp","href":"https:\/\/api.w.org\/{rel}","templated":true}]}}