{"id":9908,"date":"2021-01-15T10:42:37","date_gmt":"2021-01-15T09:42:37","guid":{"rendered":"https:\/\/www.edel.fr\/?post_type=product&#038;p=9908"},"modified":"2025-11-05T21:05:38","modified_gmt":"2025-11-05T20:05:38","slug":"damper-new-holland-370001710-amortisseurs-de-torsion-tracteur","status":"publish","type":"product","link":"http:\/\/www.edel.fr\/en\/product\/damper-new-holland-370001710-amortisseurs-de-torsion-tracteur\/","title":{"rendered":"Damper New Holland 370001710 &#8211; Amortisseurs de torsion tracteur"},"content":{"rendered":"<div data-elementor-type=\"wp-post\" data-elementor-id=\"9908\" class=\"elementor elementor-9908\">\n\t\t\t\t\t\t<section class=\"elementor-section elementor-top-section elementor-element elementor-element-6979b90 elementor-section-boxed elementor-section-height-default elementor-section-height-default\" data-id=\"6979b90\" data-element_type=\"section\" data-e-type=\"section\">\n\t\t\t\t\t\t<div class=\"elementor-container elementor-column-gap-default\">\n\t\t\t\t\t<div class=\"elementor-column elementor-col-100 elementor-top-column elementor-element elementor-element-4bd93ffa\" data-id=\"4bd93ffa\" data-element_type=\"column\" data-e-type=\"column\">\n\t\t\t<div class=\"elementor-widget-wrap elementor-element-populated\">\n\t\t\t\t\t\t<div class=\"elementor-element elementor-element-176ecb29 elementor-widget elementor-widget-heading\" data-id=\"176ecb29\" data-element_type=\"widget\" data-e-type=\"widget\" data-widget_type=\"heading.default\">\n\t\t\t\t<div class=\"elementor-widget-container\">\n\t\t\t\t\t<h2 class=\"elementor-heading-title elementor-size-default\">Damper New Holland 370001710 370008410 - Amortisseurs de torsion tracteur agricole<\/h2>\t\t\t\t<\/div>\n\t\t\t\t<\/div>\n\t\t\t\t<div class=\"elementor-element elementor-element-18b91301 elementor-widget elementor-widget-heading\" data-id=\"18b91301\" data-element_type=\"widget\" data-e-type=\"widget\" data-widget_type=\"heading.default\">\n\t\t\t\t<div class=\"elementor-widget-container\">\n\t\t\t\t\t<h3 class=\"elementor-heading-title elementor-size-default\">Information du produit :<\/h3>\t\t\t\t<\/div>\n\t\t\t\t<\/div>\n\t\t\t\t\t<\/div>\n\t\t<\/div>\n\t\t\t\t\t<\/div>\n\t\t<\/section>\n\t\t\t\t<section class=\"elementor-section elementor-top-section elementor-element elementor-element-290ca7d1 elementor-section-boxed elementor-section-height-default elementor-section-height-default\" data-id=\"290ca7d1\" data-element_type=\"section\" data-e-type=\"section\">\n\t\t\t\t\t\t<div class=\"elementor-container elementor-column-gap-default\">\n\t\t\t\t\t<div class=\"elementor-column elementor-col-100 elementor-top-column elementor-element elementor-element-773f35b7\" data-id=\"773f35b7\" data-element_type=\"column\" data-e-type=\"column\">\n\t\t\t<div class=\"elementor-widget-wrap elementor-element-populated\">\n\t\t\t\t\t\t<div class=\"elementor-element elementor-element-7774c225 elementor-widget elementor-widget-text-editor\" data-id=\"7774c225\" data-element_type=\"widget\" data-e-type=\"widget\" data-widget_type=\"text-editor.default\">\n\t\t\t\t<div class=\"elementor-widget-container\">\n\t\t\t\t\t\t\t\t\t<p>Type : JXU 105, JXU 1070, JXU 1080, JXU 1090, JXU 1100, JXU 70, JXU 80, JXU 90, T5030, T5040, T5050, T5060, TL100, TL70, TL80, TL90, TLA100, TLA70, TLA80, TLA90.<\/p><p>R\u00e9f\u00e9rence origine :<\/p><ul><li>342702702<\/li><li>5187958<\/li><li>3427027001<\/li><li>87527552<\/li><li>47126701<\/li><\/ul><p>Les amortisseurs de torsion ont pour r\u00f4le d&rsquo;amortir les vibrations entre le moteur et la bo\u00eete de vitesses.<\/p><p>En effet, les moteurs \u00e0 explosion ne g\u00e9n\u00e8rent pas de couple constant. Le changement permanent de la vitesse de rotation du vilebrequin, fait na\u00eetre des vibrations qui sont transmises \u00e0 la bo\u00eete de vitesses.<\/p><p>L&rsquo;alternance entre acc\u00e9l\u00e9ration et d\u00e9c\u00e9l\u00e9ration agite tous les arbres et pignons de la transmission, les faisant perp\u00e9tuellement s&rsquo;entrechoquer.<\/p><p>Cr\u00e9ant ainsi de d\u00e9sagr\u00e9ables bruits et vibrations dans tout le v\u00e9hicule.<\/p><p>Sans ces amortisseurs haute technologie, les tracteurs seraient bruyants et inconfortables pour leurs conducteurs.<\/p><p><span style=\"text-decoration: underline\"><strong>Diagnostic des pannes :<\/strong><\/span><\/p><p>On reconna\u00eet qu&rsquo;un amortisseur est d\u00e9fectueux aux sympt\u00f4mes suivants :<\/p><ul><li>forts \u00ab\u00a0bruits de mitraillette\u00a0\u00bb de la bo\u00eete de vitesses<\/li><li>bruits inhabituels montant de la cloche d&#8217;embrayage<\/li><li>l&rsquo;entra\u00eenement ne se fait plus<\/li><li>le v\u00e9hicule n&rsquo;avance pas malgr\u00e9 l&rsquo;enclenchement d&rsquo;une vitesse<\/li><li>si l&rsquo;amortisseur de prise de force est d\u00e9fectueux, l&rsquo;engin ne bouge plus.<\/li><\/ul><p>Toute infiltration d&rsquo;huile de moteur ou de bo\u00eete de vitesses dans l&rsquo;amortisseur entra\u00eene l&rsquo;inefficacit\u00e9 des \u00e9l\u00e9ments de friction, dont le r\u00f4le \u00e9tait d&rsquo;absorber les bruits de la bo\u00eete de vitesses \u00e0 bas r\u00e9gime. La transmission se fera alors encore plus bruyante.<\/p><p>C&rsquo;est pourquoi nous vous proposons des pi\u00e8ces de marque <a href=\"https:\/\/www.edel.fr\/en\/constructeur\/luk\/\" target=\"_blank\" rel=\"noopener noreferrer\">LuK,<\/a> reconnue pour sa fiabilit\u00e9.<\/p>\t\t\t\t\t\t\t\t<\/div>\n\t\t\t\t<\/div>\n\t\t\t\t\t<\/div>\n\t\t<\/div>\n\t\t\t\t\t<\/div>\n\t\t<\/section>\n\t\t\t\t<\/div>","protected":false},"excerpt":{"rendered":"<p>Damper New Holland 370001710 370008410 &#8211; Amortisseurs de torsion tracteur agricole Information du produit : Type : JXU 105, JXU 1070, JXU 1080, JXU 1090, JXU 1100, JXU 70, JXU 80, JXU 90, T5030, T5040, T5050, T5060, TL100, TL70, TL80, TL90, TLA100, TLA70, TLA80, TLA90. R\u00e9f\u00e9rence origine : 342702702 5187958 3427027001 87527552 47126701 Les amortisseurs<br \/><a class=\"more-link\" href=\"http:\/\/www.edel.fr\/en\/product\/damper-new-holland-370001710-amortisseurs-de-torsion-tracteur\/\"><br \/>\n        Read More<span class=\"screen-reader-text\"> \u00ab\u00a0Damper New Holland 370001710 &#8211; Amortisseurs de torsion tracteur\u00a0\u00bb<\/span><\/a><\/p>","protected":false},"featured_media":9910,"template":"","meta":[],"product_brand":[],"product_cat":[3089,119,120],"product_tag":[],"tracteur":[],"class_list":{"0":"post-9908","1":"product","2":"type-product","3":"status-publish","4":"has-post-thumbnail","6":"product_cat-dampers","7":"product_cat-tracteurs-agricoles","8":"product_cat-transmissions","9":"product_shipping_class-142","10":"pa_fabriquant-luk","11":"pa_marque-tracteur-fiat-new-holland","12":"pa_marque-tracteur-ford-new-holland","13":"pa_type-2-jxu-105","14":"pa_type-2-jxu-1070","15":"pa_type-2-jxu-1080","16":"pa_type-2-jxu-1090","17":"pa_type-2-jxu-1100","18":"pa_type-2-jxu-70","19":"pa_type-2-jxu-80","20":"pa_type-2-jxu-90","21":"pa_type-2-t5030","22":"pa_type-2-t5040","23":"pa_type-2-t5050","24":"pa_type-2-t5060","25":"pa_type-2-tl100","26":"pa_type-2-tl70","27":"pa_type-2-tl80","28":"pa_type-2-tl90","29":"pa_type-2-tla100","30":"pa_type-2-tla70","31":"pa_type-2-tla80","32":"pa_type-2-tla90","33":"badges-style-2","35":"first","36":"outofstock","37":"taxable","38":"shipping-taxable","39":"purchasable","40":"product-type-simple"},"acf":[],"yoast_head":"<!-- This site is optimized with the Yoast SEO plugin v27.3 - https:\/\/yoast.com\/product\/yoast-seo-wordpress\/ -->\n<title>Damper New Holland 370001710 - Amortisseurs de torsion tracteur - Edel<\/title>\n<meta name=\"description\" content=\"Damper New Holland 370001710 - Amortisseurs de torsion - JXU 105 JXU 1070 JXU 1080 JXU 1090 JXU 1100 JXU 70 T5030 T5040 TL100 TL80 TL90 TLA100 - Flector LuK\" \/>\n<meta name=\"robots\" content=\"index, follow, max-snippet:-1, max-image-preview:large, max-video-preview:-1\" \/>\n<link rel=\"canonical\" href=\"https:\/\/www.edel.fr\/en\/product\/damper-new-holland-370001710-amortisseurs-de-torsion-tracteur\/\" \/>\n<meta property=\"og:locale\" content=\"en_US\" \/>\n<meta property=\"og:type\" content=\"article\" \/>\n<meta property=\"og:title\" content=\"Damper New Holland 370001710 - Amortisseurs de torsion tracteur - Edel\" \/>\n<meta property=\"og:description\" content=\"Damper New Holland 370001710 - Amortisseurs de torsion - JXU 105 JXU 1070 JXU 1080 JXU 1090 JXU 1100 JXU 70 T5030 T5040 TL100 TL80 TL90 TLA100 - Flector LuK\" \/>\n<meta property=\"og:url\" content=\"https:\/\/www.edel.fr\/en\/product\/damper-new-holland-370001710-amortisseurs-de-torsion-tracteur\/\" \/>\n<meta property=\"og:site_name\" content=\"Edel\" \/>\n<meta property=\"article:modified_time\" content=\"2025-11-05T20:05:38+00:00\" \/>\n<meta property=\"og:image\" content=\"https:\/\/www.edel.fr\/uploads\/2021\/01\/DU051710.jpg\" \/>\n\t<meta property=\"og:image:width\" content=\"1512\" \/>\n\t<meta property=\"og:image:height\" content=\"1788\" \/>\n\t<meta property=\"og:image:type\" content=\"image\/jpeg\" \/>\n<meta name=\"twitter:card\" content=\"summary_large_image\" \/>\n<meta name=\"twitter:label1\" content=\"Est. reading time\" \/>\n\t<meta name=\"twitter:data1\" content=\"2 minutes\" \/>\n<script type=\"application\/ld+json\" class=\"yoast-schema-graph\">{\"@context\":\"https:\\\/\\\/schema.org\",\"@graph\":[{\"@type\":\"WebPage\",\"@id\":\"https:\\\/\\\/www.edel.fr\\\/produit\\\/damper-new-holland-370001710-amortisseurs-de-torsion-tracteur\\\/\",\"url\":\"https:\\\/\\\/www.edel.fr\\\/produit\\\/damper-new-holland-370001710-amortisseurs-de-torsion-tracteur\\\/\",\"name\":\"Damper New Holland 370001710 - Amortisseurs de torsion tracteur - Edel\",\"isPartOf\":{\"@id\":\"https:\\\/\\\/www.edel.fr\\\/en\\\/#website\"},\"primaryImageOfPage\":{\"@id\":\"https:\\\/\\\/www.edel.fr\\\/produit\\\/damper-new-holland-370001710-amortisseurs-de-torsion-tracteur\\\/#primaryimage\"},\"image\":{\"@id\":\"https:\\\/\\\/www.edel.fr\\\/produit\\\/damper-new-holland-370001710-amortisseurs-de-torsion-tracteur\\\/#primaryimage\"},\"thumbnailUrl\":\"http:\\\/\\\/www.edel.fr\\\/uploads\\\/2021\\\/01\\\/DU051710.jpg\",\"datePublished\":\"2021-01-15T09:42:37+00:00\",\"dateModified\":\"2025-11-05T20:05:38+00:00\",\"description\":\"Damper New Holland 370001710 - Amortisseurs de torsion - JXU 105 JXU 1070 JXU 1080 JXU 1090 JXU 1100 JXU 70 T5030 T5040 TL100 TL80 TL90 TLA100 - Flector LuK\",\"breadcrumb\":{\"@id\":\"https:\\\/\\\/www.edel.fr\\\/produit\\\/damper-new-holland-370001710-amortisseurs-de-torsion-tracteur\\\/#breadcrumb\"},\"inLanguage\":\"en-US\",\"potentialAction\":[{\"@type\":\"ReadAction\",\"target\":[\"https:\\\/\\\/www.edel.fr\\\/produit\\\/damper-new-holland-370001710-amortisseurs-de-torsion-tracteur\\\/\"]}]},{\"@type\":\"ImageObject\",\"inLanguage\":\"en-US\",\"@id\":\"https:\\\/\\\/www.edel.fr\\\/produit\\\/damper-new-holland-370001710-amortisseurs-de-torsion-tracteur\\\/#primaryimage\",\"url\":\"http:\\\/\\\/www.edel.fr\\\/uploads\\\/2021\\\/01\\\/DU051710.jpg\",\"contentUrl\":\"http:\\\/\\\/www.edel.fr\\\/uploads\\\/2021\\\/01\\\/DU051710.jpg\",\"width\":1512,\"height\":1788,\"caption\":\"Damper New Holland 370001710 - Amortisseurs de torsion tracteur\"},{\"@type\":\"BreadcrumbList\",\"@id\":\"https:\\\/\\\/www.edel.fr\\\/produit\\\/damper-new-holland-370001710-amortisseurs-de-torsion-tracteur\\\/#breadcrumb\",\"itemListElement\":[{\"@type\":\"ListItem\",\"position\":1,\"name\":\"Pi\u00e8ce Tracteur\",\"item\":\"https:\\\/\\\/www.edel.fr\\\/en\\\/\"},{\"@type\":\"ListItem\",\"position\":2,\"name\":\"Toutes nos pi\u00e8ces Tracteur\",\"item\":\"https:\\\/\\\/edel.fr\\\/shop\\\/\"},{\"@type\":\"ListItem\",\"position\":3,\"name\":\"Damper New Holland 370001710 &#8211; Amortisseurs de torsion tracteur\"}]},{\"@type\":\"WebSite\",\"@id\":\"https:\\\/\\\/www.edel.fr\\\/en\\\/#website\",\"url\":\"https:\\\/\\\/www.edel.fr\\\/en\\\/\",\"name\":\"Edel\",\"description\":\"Pi\u00e8ce d\u00e9tach\u00e9e de Tracteur Agricole\",\"publisher\":{\"@id\":\"https:\\\/\\\/www.edel.fr\\\/en\\\/#organization\"},\"potentialAction\":[{\"@type\":\"SearchAction\",\"target\":{\"@type\":\"EntryPoint\",\"urlTemplate\":\"https:\\\/\\\/www.edel.fr\\\/en\\\/?s={search_term_string}\"},\"query-input\":{\"@type\":\"PropertyValueSpecification\",\"valueRequired\":true,\"valueName\":\"search_term_string\"}}],\"inLanguage\":\"en-US\"},{\"@type\":\"Organization\",\"@id\":\"https:\\\/\\\/www.edel.fr\\\/en\\\/#organization\",\"name\":\"Edel\",\"url\":\"https:\\\/\\\/www.edel.fr\\\/en\\\/\",\"logo\":{\"@type\":\"ImageObject\",\"inLanguage\":\"en-US\",\"@id\":\"https:\\\/\\\/www.edel.fr\\\/en\\\/#\\\/schema\\\/logo\\\/image\\\/\",\"url\":\"https:\\\/\\\/www.edel.fr\\\/uploads\\\/2018\\\/11\\\/logo-edel.png\",\"contentUrl\":\"https:\\\/\\\/www.edel.fr\\\/uploads\\\/2018\\\/11\\\/logo-edel.png\",\"width\":257,\"height\":68,\"caption\":\"Edel\"},\"image\":{\"@id\":\"https:\\\/\\\/www.edel.fr\\\/en\\\/#\\\/schema\\\/logo\\\/image\\\/\"}}]}<\/script>\n<!-- \/ Yoast SEO plugin. -->","yoast_head_json":{"title":"Damper New Holland 370001710 - Amortisseurs de torsion tracteur - Edel","description":"Damper New Holland 370001710 - Amortisseurs de torsion - JXU 105 JXU 1070 JXU 1080 JXU 1090 JXU 1100 JXU 70 T5030 T5040 TL100 TL80 TL90 TLA100 - Flector LuK","robots":{"index":"index","follow":"follow","max-snippet":"max-snippet:-1","max-image-preview":"max-image-preview:large","max-video-preview":"max-video-preview:-1"},"canonical":"https:\/\/www.edel.fr\/en\/product\/damper-new-holland-370001710-amortisseurs-de-torsion-tracteur\/","og_locale":"en_US","og_type":"article","og_title":"Damper New Holland 370001710 - Amortisseurs de torsion tracteur - Edel","og_description":"Damper New Holland 370001710 - Amortisseurs de torsion - JXU 105 JXU 1070 JXU 1080 JXU 1090 JXU 1100 JXU 70 T5030 T5040 TL100 TL80 TL90 TLA100 - Flector LuK","og_url":"https:\/\/www.edel.fr\/en\/product\/damper-new-holland-370001710-amortisseurs-de-torsion-tracteur\/","og_site_name":"Edel","article_modified_time":"2025-11-05T20:05:38+00:00","og_image":[{"width":1512,"height":1788,"url":"https:\/\/www.edel.fr\/uploads\/2021\/01\/DU051710.jpg","type":"image\/jpeg"}],"twitter_card":"summary_large_image","twitter_misc":{"Est. reading time":"2 minutes"},"schema":{"@context":"https:\/\/schema.org","@graph":[{"@type":"WebPage","@id":"https:\/\/www.edel.fr\/produit\/damper-new-holland-370001710-amortisseurs-de-torsion-tracteur\/","url":"https:\/\/www.edel.fr\/produit\/damper-new-holland-370001710-amortisseurs-de-torsion-tracteur\/","name":"Damper New Holland 370001710 - Amortisseurs de torsion tracteur - Edel","isPartOf":{"@id":"https:\/\/www.edel.fr\/en\/#website"},"primaryImageOfPage":{"@id":"https:\/\/www.edel.fr\/produit\/damper-new-holland-370001710-amortisseurs-de-torsion-tracteur\/#primaryimage"},"image":{"@id":"https:\/\/www.edel.fr\/produit\/damper-new-holland-370001710-amortisseurs-de-torsion-tracteur\/#primaryimage"},"thumbnailUrl":"http:\/\/www.edel.fr\/uploads\/2021\/01\/DU051710.jpg","datePublished":"2021-01-15T09:42:37+00:00","dateModified":"2025-11-05T20:05:38+00:00","description":"Damper New Holland 370001710 - Amortisseurs de torsion - JXU 105 JXU 1070 JXU 1080 JXU 1090 JXU 1100 JXU 70 T5030 T5040 TL100 TL80 TL90 TLA100 - Flector LuK","breadcrumb":{"@id":"https:\/\/www.edel.fr\/produit\/damper-new-holland-370001710-amortisseurs-de-torsion-tracteur\/#breadcrumb"},"inLanguage":"en-US","potentialAction":[{"@type":"ReadAction","target":["https:\/\/www.edel.fr\/produit\/damper-new-holland-370001710-amortisseurs-de-torsion-tracteur\/"]}]},{"@type":"ImageObject","inLanguage":"en-US","@id":"https:\/\/www.edel.fr\/produit\/damper-new-holland-370001710-amortisseurs-de-torsion-tracteur\/#primaryimage","url":"http:\/\/www.edel.fr\/uploads\/2021\/01\/DU051710.jpg","contentUrl":"http:\/\/www.edel.fr\/uploads\/2021\/01\/DU051710.jpg","width":1512,"height":1788,"caption":"Damper New Holland 370001710 - Amortisseurs de torsion tracteur"},{"@type":"BreadcrumbList","@id":"https:\/\/www.edel.fr\/produit\/damper-new-holland-370001710-amortisseurs-de-torsion-tracteur\/#breadcrumb","itemListElement":[{"@type":"ListItem","position":1,"name":"Pi\u00e8ce Tracteur","item":"https:\/\/www.edel.fr\/en\/"},{"@type":"ListItem","position":2,"name":"Toutes nos pi\u00e8ces Tracteur","item":"https:\/\/edel.fr\/shop\/"},{"@type":"ListItem","position":3,"name":"Damper New Holland 370001710 &#8211; Amortisseurs de torsion tracteur"}]},{"@type":"WebSite","@id":"https:\/\/www.edel.fr\/en\/#website","url":"https:\/\/www.edel.fr\/en\/","name":"Edel","description":"Pi\u00e8ce d\u00e9tach\u00e9e de Tracteur Agricole","publisher":{"@id":"https:\/\/www.edel.fr\/en\/#organization"},"potentialAction":[{"@type":"SearchAction","target":{"@type":"EntryPoint","urlTemplate":"https:\/\/www.edel.fr\/en\/?s={search_term_string}"},"query-input":{"@type":"PropertyValueSpecification","valueRequired":true,"valueName":"search_term_string"}}],"inLanguage":"en-US"},{"@type":"Organization","@id":"https:\/\/www.edel.fr\/en\/#organization","name":"Edel","url":"https:\/\/www.edel.fr\/en\/","logo":{"@type":"ImageObject","inLanguage":"en-US","@id":"https:\/\/www.edel.fr\/en\/#\/schema\/logo\/image\/","url":"https:\/\/www.edel.fr\/uploads\/2018\/11\/logo-edel.png","contentUrl":"https:\/\/www.edel.fr\/uploads\/2018\/11\/logo-edel.png","width":257,"height":68,"caption":"Edel"},"image":{"@id":"https:\/\/www.edel.fr\/en\/#\/schema\/logo\/image\/"}}]}},"_links":{"self":[{"href":"http:\/\/www.edel.fr\/en\/wp-json\/wp\/v2\/product\/9908","targetHints":{"allow":["GET"]}}],"collection":[{"href":"http:\/\/www.edel.fr\/en\/wp-json\/wp\/v2\/product"}],"about":[{"href":"http:\/\/www.edel.fr\/en\/wp-json\/wp\/v2\/types\/product"}],"version-history":[{"count":2,"href":"http:\/\/www.edel.fr\/en\/wp-json\/wp\/v2\/product\/9908\/revisions"}],"predecessor-version":[{"id":14234,"href":"http:\/\/www.edel.fr\/en\/wp-json\/wp\/v2\/product\/9908\/revisions\/14234"}],"wp:featuredmedia":[{"embeddable":true,"href":"http:\/\/www.edel.fr\/en\/wp-json\/wp\/v2\/media\/9910"}],"wp:attachment":[{"href":"http:\/\/www.edel.fr\/en\/wp-json\/wp\/v2\/media?parent=9908"}],"wp:term":[{"taxonomy":"product_brand","embeddable":true,"href":"http:\/\/www.edel.fr\/en\/wp-json\/wp\/v2\/product_brand?post=9908"},{"taxonomy":"product_cat","embeddable":true,"href":"http:\/\/www.edel.fr\/en\/wp-json\/wp\/v2\/product_cat?post=9908"},{"taxonomy":"product_tag","embeddable":true,"href":"http:\/\/www.edel.fr\/en\/wp-json\/wp\/v2\/product_tag?post=9908"},{"taxonomy":"tracteur","embeddable":true,"href":"http:\/\/www.edel.fr\/en\/wp-json\/wp\/v2\/tracteur?post=9908"}],"curies":[{"name":"wp","href":"https:\/\/api.w.org\/{rel}","templated":true}]}}