{"id":9493,"date":"2020-12-15T16:28:40","date_gmt":"2020-12-15T15:28:40","guid":{"rendered":"https:\/\/www.edel.fr\/?post_type=product&#038;p=9493"},"modified":"2026-04-01T22:13:07","modified_gmt":"2026-04-01T20:13:07","slug":"mecanisme-case-ih-g250-manitou-353-383-423-430-436-mb25","status":"publish","type":"product","link":"http:\/\/www.edel.fr\/en\/product\/mecanisme-case-ih-g250-manitou-353-383-423-430-436-mb25\/","title":{"rendered":"Embrayage G250 Case IH 353 383 423 430 436 439 MB 25"},"content":{"rendered":"<div data-elementor-type=\"wp-post\" data-elementor-id=\"9493\" class=\"elementor elementor-9493\">\n\t\t\t\t\t\t<section class=\"elementor-section elementor-top-section elementor-element elementor-element-551a5ed elementor-section-boxed elementor-section-height-default elementor-section-height-default\" data-id=\"551a5ed\" data-element_type=\"section\" data-e-type=\"section\">\n\t\t\t\t\t\t<div class=\"elementor-container elementor-column-gap-default\">\n\t\t\t\t\t<div class=\"elementor-column elementor-col-100 elementor-top-column elementor-element elementor-element-158ccdf\" data-id=\"158ccdf\" data-element_type=\"column\" data-e-type=\"column\">\n\t\t\t<div class=\"elementor-widget-wrap elementor-element-populated\">\n\t\t\t\t\t\t<div class=\"elementor-element elementor-element-79e1fa1 elementor-widget elementor-widget-heading\" data-id=\"79e1fa1\" data-element_type=\"widget\" data-e-type=\"widget\" data-widget_type=\"heading.default\">\n\t\t\t\t<div class=\"elementor-widget-container\">\n\t\t\t\t\t<h2 class=\"elementor-heading-title elementor-size-default\">M\u00c9CANISME D'EMBRAYAGE TRACTEUR CASE IH \u2013 G250 3 LEVIERS - \u2300250 <\/h2>\t\t\t\t<\/div>\n\t\t\t\t<\/div>\n\t\t\t\t\t<\/div>\n\t\t<\/div>\n\t\t\t\t\t<\/div>\n\t\t<\/section>\n\t\t\t\t<section class=\"elementor-section elementor-top-section elementor-element elementor-element-3a69265 elementor-section-boxed elementor-section-height-default elementor-section-height-default\" data-id=\"3a69265\" data-element_type=\"section\" data-e-type=\"section\">\n\t\t\t\t\t\t<div class=\"elementor-container elementor-column-gap-default\">\n\t\t\t\t\t<div class=\"elementor-column elementor-col-100 elementor-top-column elementor-element elementor-element-b6b44bc\" data-id=\"b6b44bc\" data-element_type=\"column\" data-e-type=\"column\">\n\t\t\t<div class=\"elementor-widget-wrap elementor-element-populated\">\n\t\t\t\t\t\t<div class=\"elementor-element elementor-element-6feb05c elementor-widget elementor-widget-heading\" data-id=\"6feb05c\" data-element_type=\"widget\" data-e-type=\"widget\" data-widget_type=\"heading.default\">\n\t\t\t\t<div class=\"elementor-widget-container\">\n\t\t\t\t\t<h3 class=\"elementor-heading-title elementor-size-default\">Information du produit :<\/h3>\t\t\t\t<\/div>\n\t\t\t\t<\/div>\n\t\t\t\t\t<\/div>\n\t\t<\/div>\n\t\t\t\t\t<\/div>\n\t\t<\/section>\n\t\t\t\t<section class=\"elementor-section elementor-top-section elementor-element elementor-element-290ca7d1 elementor-section-boxed elementor-section-height-default elementor-section-height-default\" data-id=\"290ca7d1\" data-element_type=\"section\" data-e-type=\"section\">\n\t\t\t\t\t\t<div class=\"elementor-container elementor-column-gap-default\">\n\t\t\t\t\t<div class=\"elementor-column elementor-col-100 elementor-top-column elementor-element elementor-element-773f35b7\" data-id=\"773f35b7\" data-element_type=\"column\" data-e-type=\"column\">\n\t\t\t<div class=\"elementor-widget-wrap elementor-element-populated\">\n\t\t\t\t\t\t<div class=\"elementor-element elementor-element-7774c225 elementor-widget elementor-widget-text-editor\" data-id=\"7774c225\" data-element_type=\"widget\" data-e-type=\"widget\" data-widget_type=\"text-editor.default\">\n\t\t\t\t<div class=\"elementor-widget-container\">\n\t\t\t\t\t\t\t\t\t<p>\u00a0<\/p><div><span style=\"background-color: #ffffff;\">Type G250\u00a0<\/span><\/div><div>\u00a0<\/div><div><span style=\"background-color: #ffffff;\">CASE IHC 353, 383, 423, 430, 436, 439, 453, <\/span><\/div><div>\u00a0<\/div><div><span style=\"background-color: #ffffff;\">MANITOU 4RM 25, IH 2520, IH 2525, IH 2530 S, MB20, MB24, MB25, MB30, RM 250.<\/span><\/div><div>\u00a0<\/div><div>\u00a0<\/div>\t\t\t\t\t\t\t\t<\/div>\n\t\t\t\t<\/div>\n\t\t\t\t\t<\/div>\n\t\t<\/div>\n\t\t\t\t\t<\/div>\n\t\t<\/section>\n\t\t\t\t<\/div>","protected":false},"excerpt":{"rendered":"<h5><strong>EMBRAYAGE SIMPLE\u00a0<\/strong><strong>\u00d8 250<\/strong><\/h5>","protected":false},"featured_media":9495,"template":"","meta":[],"product_brand":[],"product_cat":[125,4044,119,120],"product_tag":[2497],"tracteur":[],"class_list":{"0":"post-9493","1":"product","2":"type-product","3":"status-publish","4":"has-post-thumbnail","6":"product_cat-mecanismes-embrayage","7":"product_cat-mecanisme-case-ihc","8":"product_cat-tracteurs-agricoles","9":"product_cat-transmissions","10":"product_tag-mecanisme-dembrayage","11":"product_shipping_class-142","12":"pa_fabriquant-selection-edel","13":"pa_marque-tracteur-case-ih","14":"pa_modele-tracteur-g250","15":"pa_modele-tracteur-manitou","16":"pa_type-2-2098","17":"pa_type-2-2099","18":"pa_type-2-1421","19":"pa_type-2-2187","20":"pa_type-2-2188","21":"pa_type-2-2987","22":"pa_type-2-1218","23":"pa_type-2-4rm-25","24":"pa_type-2-ih-2520","25":"pa_type-2-ih-2525","26":"pa_type-2-ih-2530-s","27":"pa_type-2-mb20","28":"pa_type-2-mb24","29":"pa_type-2-mb25","30":"pa_type-2-mb30","31":"pa_type-2-rm-250","32":"badges-style-2","34":"first","35":"instock","36":"taxable","37":"shipping-taxable","38":"purchasable","39":"product-type-simple"},"acf":[],"yoast_head":"<!-- This site is optimized with the Yoast SEO plugin v27.3 - https:\/\/yoast.com\/product\/yoast-seo-wordpress\/ -->\n<title>Embrayage G250 Case IH 353 383 423 430 436 439 MB 25 - Edel<\/title>\n<meta name=\"description\" content=\"M\u00e9canisme Case IH - G250, Manitou - 353 383 423 430 436 439 453 4RM 25 IH 2520 IH 2525 IH 2530 S MB20 MB24 MB25 MB30 RM 250 - \u2300250\" \/>\n<meta name=\"robots\" content=\"index, follow, max-snippet:-1, max-image-preview:large, max-video-preview:-1\" \/>\n<link rel=\"canonical\" href=\"https:\/\/edel.fr\/produit\/mecanisme-case-ih-g250-manitou-353-383-423-430-436-mb25\/\" \/>\n<meta property=\"og:locale\" content=\"en_US\" \/>\n<meta property=\"og:type\" content=\"article\" \/>\n<meta property=\"og:title\" content=\"Embrayage G250 Case IH 353 383 423 430 436 439 MB 25 - Edel\" \/>\n<meta property=\"og:description\" content=\"M\u00e9canisme Case IH - G250, Manitou - 353 383 423 430 436 439 453 4RM 25 IH 2520 IH 2525 IH 2530 S MB20 MB24 MB25 MB30 RM 250 - \u2300250\" \/>\n<meta property=\"og:url\" content=\"https:\/\/edel.fr\/produit\/mecanisme-case-ih-g250-manitou-353-383-423-430-436-mb25\/\" \/>\n<meta property=\"og:site_name\" content=\"Edel\" \/>\n<meta property=\"article:modified_time\" content=\"2026-04-01T20:13:07+00:00\" \/>\n<meta property=\"og:image\" content=\"https:\/\/edel.fr\/uploads\/2020\/12\/meca.jpg\" \/>\n\t<meta property=\"og:image:width\" content=\"1512\" \/>\n\t<meta property=\"og:image:height\" content=\"1587\" \/>\n\t<meta property=\"og:image:type\" content=\"image\/jpeg\" \/>\n<meta name=\"twitter:card\" content=\"summary_large_image\" \/>\n<meta name=\"twitter:label1\" content=\"Est. reading time\" \/>\n\t<meta name=\"twitter:data1\" content=\"1 minute\" \/>\n<script type=\"application\/ld+json\" class=\"yoast-schema-graph\">{\"@context\":\"https:\\\/\\\/schema.org\",\"@graph\":[{\"@type\":\"WebPage\",\"@id\":\"https:\\\/\\\/edel.fr\\\/produit\\\/mecanisme-case-ih-g250-manitou-353-383-423-430-436-mb25\\\/\",\"url\":\"https:\\\/\\\/edel.fr\\\/produit\\\/mecanisme-case-ih-g250-manitou-353-383-423-430-436-mb25\\\/\",\"name\":\"Embrayage G250 Case IH 353 383 423 430 436 439 MB 25 - Edel\",\"isPartOf\":{\"@id\":\"http:\\\/\\\/www.edel.fr\\\/en\\\/#website\"},\"primaryImageOfPage\":{\"@id\":\"https:\\\/\\\/edel.fr\\\/produit\\\/mecanisme-case-ih-g250-manitou-353-383-423-430-436-mb25\\\/#primaryimage\"},\"image\":{\"@id\":\"https:\\\/\\\/edel.fr\\\/produit\\\/mecanisme-case-ih-g250-manitou-353-383-423-430-436-mb25\\\/#primaryimage\"},\"thumbnailUrl\":\"http:\\\/\\\/www.edel.fr\\\/uploads\\\/2020\\\/12\\\/meca.jpg\",\"datePublished\":\"2020-12-15T15:28:40+00:00\",\"dateModified\":\"2026-04-01T20:13:07+00:00\",\"description\":\"M\u00e9canisme Case IH - G250, Manitou - 353 383 423 430 436 439 453 4RM 25 IH 2520 IH 2525 IH 2530 S MB20 MB24 MB25 MB30 RM 250 - \u2300250\",\"breadcrumb\":{\"@id\":\"https:\\\/\\\/edel.fr\\\/produit\\\/mecanisme-case-ih-g250-manitou-353-383-423-430-436-mb25\\\/#breadcrumb\"},\"inLanguage\":\"en-US\",\"potentialAction\":[{\"@type\":\"ReadAction\",\"target\":[\"https:\\\/\\\/edel.fr\\\/produit\\\/mecanisme-case-ih-g250-manitou-353-383-423-430-436-mb25\\\/\"]}]},{\"@type\":\"ImageObject\",\"inLanguage\":\"en-US\",\"@id\":\"https:\\\/\\\/edel.fr\\\/produit\\\/mecanisme-case-ih-g250-manitou-353-383-423-430-436-mb25\\\/#primaryimage\",\"url\":\"http:\\\/\\\/www.edel.fr\\\/uploads\\\/2020\\\/12\\\/meca.jpg\",\"contentUrl\":\"http:\\\/\\\/www.edel.fr\\\/uploads\\\/2020\\\/12\\\/meca.jpg\",\"width\":1512,\"height\":1587,\"caption\":\"M\u00e9canisme Case IH - G250, Manitou - 353 383 423 430 436 MB25\"},{\"@type\":\"BreadcrumbList\",\"@id\":\"https:\\\/\\\/edel.fr\\\/produit\\\/mecanisme-case-ih-g250-manitou-353-383-423-430-436-mb25\\\/#breadcrumb\",\"itemListElement\":[{\"@type\":\"ListItem\",\"position\":1,\"name\":\"Pi\u00e8ce Tracteur\",\"item\":\"http:\\\/\\\/www.edel.fr\\\/en\\\/\"},{\"@type\":\"ListItem\",\"position\":2,\"name\":\"Toutes nos pi\u00e8ces Tracteur\",\"item\":\"https:\\\/\\\/edel.fr\\\/shop\\\/\"},{\"@type\":\"ListItem\",\"position\":3,\"name\":\"Embrayage G250 Case IH 353 383 423 430 436 439 MB 25\"}]},{\"@type\":\"WebSite\",\"@id\":\"http:\\\/\\\/www.edel.fr\\\/en\\\/#website\",\"url\":\"http:\\\/\\\/www.edel.fr\\\/en\\\/\",\"name\":\"Edel\",\"description\":\"Pi\u00e8ce d\u00e9tach\u00e9e de Tracteur Agricole\",\"publisher\":{\"@id\":\"http:\\\/\\\/www.edel.fr\\\/en\\\/#organization\"},\"potentialAction\":[{\"@type\":\"SearchAction\",\"target\":{\"@type\":\"EntryPoint\",\"urlTemplate\":\"http:\\\/\\\/www.edel.fr\\\/en\\\/?s={search_term_string}\"},\"query-input\":{\"@type\":\"PropertyValueSpecification\",\"valueRequired\":true,\"valueName\":\"search_term_string\"}}],\"inLanguage\":\"en-US\"},{\"@type\":\"Organization\",\"@id\":\"http:\\\/\\\/www.edel.fr\\\/en\\\/#organization\",\"name\":\"Edel\",\"url\":\"http:\\\/\\\/www.edel.fr\\\/en\\\/\",\"logo\":{\"@type\":\"ImageObject\",\"inLanguage\":\"en-US\",\"@id\":\"http:\\\/\\\/www.edel.fr\\\/en\\\/#\\\/schema\\\/logo\\\/image\\\/\",\"url\":\"https:\\\/\\\/www.edel.fr\\\/uploads\\\/2018\\\/11\\\/logo-edel.png\",\"contentUrl\":\"https:\\\/\\\/www.edel.fr\\\/uploads\\\/2018\\\/11\\\/logo-edel.png\",\"width\":257,\"height\":68,\"caption\":\"Edel\"},\"image\":{\"@id\":\"http:\\\/\\\/www.edel.fr\\\/en\\\/#\\\/schema\\\/logo\\\/image\\\/\"}}]}<\/script>\n<!-- \/ Yoast SEO plugin. -->","yoast_head_json":{"title":"Embrayage G250 Case IH 353 383 423 430 436 439 MB 25 - Edel","description":"M\u00e9canisme Case IH - G250, Manitou - 353 383 423 430 436 439 453 4RM 25 IH 2520 IH 2525 IH 2530 S MB20 MB24 MB25 MB30 RM 250 - \u2300250","robots":{"index":"index","follow":"follow","max-snippet":"max-snippet:-1","max-image-preview":"max-image-preview:large","max-video-preview":"max-video-preview:-1"},"canonical":"https:\/\/edel.fr\/produit\/mecanisme-case-ih-g250-manitou-353-383-423-430-436-mb25\/","og_locale":"en_US","og_type":"article","og_title":"Embrayage G250 Case IH 353 383 423 430 436 439 MB 25 - Edel","og_description":"M\u00e9canisme Case IH - G250, Manitou - 353 383 423 430 436 439 453 4RM 25 IH 2520 IH 2525 IH 2530 S MB20 MB24 MB25 MB30 RM 250 - \u2300250","og_url":"https:\/\/edel.fr\/produit\/mecanisme-case-ih-g250-manitou-353-383-423-430-436-mb25\/","og_site_name":"Edel","article_modified_time":"2026-04-01T20:13:07+00:00","og_image":[{"width":1512,"height":1587,"url":"https:\/\/edel.fr\/uploads\/2020\/12\/meca.jpg","type":"image\/jpeg"}],"twitter_card":"summary_large_image","twitter_misc":{"Est. reading time":"1 minute"},"schema":{"@context":"https:\/\/schema.org","@graph":[{"@type":"WebPage","@id":"https:\/\/edel.fr\/produit\/mecanisme-case-ih-g250-manitou-353-383-423-430-436-mb25\/","url":"https:\/\/edel.fr\/produit\/mecanisme-case-ih-g250-manitou-353-383-423-430-436-mb25\/","name":"Embrayage G250 Case IH 353 383 423 430 436 439 MB 25 - Edel","isPartOf":{"@id":"http:\/\/www.edel.fr\/en\/#website"},"primaryImageOfPage":{"@id":"https:\/\/edel.fr\/produit\/mecanisme-case-ih-g250-manitou-353-383-423-430-436-mb25\/#primaryimage"},"image":{"@id":"https:\/\/edel.fr\/produit\/mecanisme-case-ih-g250-manitou-353-383-423-430-436-mb25\/#primaryimage"},"thumbnailUrl":"http:\/\/www.edel.fr\/uploads\/2020\/12\/meca.jpg","datePublished":"2020-12-15T15:28:40+00:00","dateModified":"2026-04-01T20:13:07+00:00","description":"M\u00e9canisme Case IH - G250, Manitou - 353 383 423 430 436 439 453 4RM 25 IH 2520 IH 2525 IH 2530 S MB20 MB24 MB25 MB30 RM 250 - \u2300250","breadcrumb":{"@id":"https:\/\/edel.fr\/produit\/mecanisme-case-ih-g250-manitou-353-383-423-430-436-mb25\/#breadcrumb"},"inLanguage":"en-US","potentialAction":[{"@type":"ReadAction","target":["https:\/\/edel.fr\/produit\/mecanisme-case-ih-g250-manitou-353-383-423-430-436-mb25\/"]}]},{"@type":"ImageObject","inLanguage":"en-US","@id":"https:\/\/edel.fr\/produit\/mecanisme-case-ih-g250-manitou-353-383-423-430-436-mb25\/#primaryimage","url":"http:\/\/www.edel.fr\/uploads\/2020\/12\/meca.jpg","contentUrl":"http:\/\/www.edel.fr\/uploads\/2020\/12\/meca.jpg","width":1512,"height":1587,"caption":"M\u00e9canisme Case IH - G250, Manitou - 353 383 423 430 436 MB25"},{"@type":"BreadcrumbList","@id":"https:\/\/edel.fr\/produit\/mecanisme-case-ih-g250-manitou-353-383-423-430-436-mb25\/#breadcrumb","itemListElement":[{"@type":"ListItem","position":1,"name":"Pi\u00e8ce Tracteur","item":"http:\/\/www.edel.fr\/en\/"},{"@type":"ListItem","position":2,"name":"Toutes nos pi\u00e8ces Tracteur","item":"https:\/\/edel.fr\/shop\/"},{"@type":"ListItem","position":3,"name":"Embrayage G250 Case IH 353 383 423 430 436 439 MB 25"}]},{"@type":"WebSite","@id":"http:\/\/www.edel.fr\/en\/#website","url":"http:\/\/www.edel.fr\/en\/","name":"Edel","description":"Pi\u00e8ce d\u00e9tach\u00e9e de Tracteur Agricole","publisher":{"@id":"http:\/\/www.edel.fr\/en\/#organization"},"potentialAction":[{"@type":"SearchAction","target":{"@type":"EntryPoint","urlTemplate":"http:\/\/www.edel.fr\/en\/?s={search_term_string}"},"query-input":{"@type":"PropertyValueSpecification","valueRequired":true,"valueName":"search_term_string"}}],"inLanguage":"en-US"},{"@type":"Organization","@id":"http:\/\/www.edel.fr\/en\/#organization","name":"Edel","url":"http:\/\/www.edel.fr\/en\/","logo":{"@type":"ImageObject","inLanguage":"en-US","@id":"http:\/\/www.edel.fr\/en\/#\/schema\/logo\/image\/","url":"https:\/\/www.edel.fr\/uploads\/2018\/11\/logo-edel.png","contentUrl":"https:\/\/www.edel.fr\/uploads\/2018\/11\/logo-edel.png","width":257,"height":68,"caption":"Edel"},"image":{"@id":"http:\/\/www.edel.fr\/en\/#\/schema\/logo\/image\/"}}]}},"_links":{"self":[{"href":"http:\/\/www.edel.fr\/en\/wp-json\/wp\/v2\/product\/9493","targetHints":{"allow":["GET"]}}],"collection":[{"href":"http:\/\/www.edel.fr\/en\/wp-json\/wp\/v2\/product"}],"about":[{"href":"http:\/\/www.edel.fr\/en\/wp-json\/wp\/v2\/types\/product"}],"version-history":[{"count":2,"href":"http:\/\/www.edel.fr\/en\/wp-json\/wp\/v2\/product\/9493\/revisions"}],"predecessor-version":[{"id":19612,"href":"http:\/\/www.edel.fr\/en\/wp-json\/wp\/v2\/product\/9493\/revisions\/19612"}],"wp:featuredmedia":[{"embeddable":true,"href":"http:\/\/www.edel.fr\/en\/wp-json\/wp\/v2\/media\/9495"}],"wp:attachment":[{"href":"http:\/\/www.edel.fr\/en\/wp-json\/wp\/v2\/media?parent=9493"}],"wp:term":[{"taxonomy":"product_brand","embeddable":true,"href":"http:\/\/www.edel.fr\/en\/wp-json\/wp\/v2\/product_brand?post=9493"},{"taxonomy":"product_cat","embeddable":true,"href":"http:\/\/www.edel.fr\/en\/wp-json\/wp\/v2\/product_cat?post=9493"},{"taxonomy":"product_tag","embeddable":true,"href":"http:\/\/www.edel.fr\/en\/wp-json\/wp\/v2\/product_tag?post=9493"},{"taxonomy":"tracteur","embeddable":true,"href":"http:\/\/www.edel.fr\/en\/wp-json\/wp\/v2\/tracteur?post=9493"}],"curies":[{"name":"wp","href":"https:\/\/api.w.org\/{rel}","templated":true}]}}