{"id":9482,"date":"2020-12-15T15:41:08","date_gmt":"2020-12-15T14:41:08","guid":{"rendered":"https:\/\/www.edel.fr\/?post_type=product&#038;p=9482"},"modified":"2025-11-19T11:41:41","modified_gmt":"2025-11-19T10:41:41","slug":"embrayage-khd-deutz-kit-complet-4-78-471-478-6-05-608-611","status":"publish","type":"product","link":"http:\/\/www.edel.fr\/en\/product\/embrayage-khd-deutz-kit-complet-4-78-471-478-6-05-608-611\/","title":{"rendered":"Embrayage KHD Deutz Kit Complet &#8211; DX471 DX478 DX6.05 DX608"},"content":{"rendered":"<div data-elementor-type=\"wp-post\" data-elementor-id=\"9482\" class=\"elementor elementor-9482\">\n\t\t\t\t\t\t<section class=\"elementor-section elementor-top-section elementor-element elementor-element-e28c671 elementor-section-boxed elementor-section-height-default elementor-section-height-default\" data-id=\"e28c671\" data-element_type=\"section\" data-e-type=\"section\">\n\t\t\t\t\t\t<div class=\"elementor-container elementor-column-gap-default\">\n\t\t\t\t\t<div class=\"elementor-column elementor-col-100 elementor-top-column elementor-element elementor-element-d5717f1\" data-id=\"d5717f1\" data-element_type=\"column\" data-e-type=\"column\">\n\t\t\t<div class=\"elementor-widget-wrap elementor-element-populated\">\n\t\t\t\t\t\t<div class=\"elementor-element elementor-element-d1d459c elementor-widget elementor-widget-heading\" data-id=\"d1d459c\" data-element_type=\"widget\" data-e-type=\"widget\" data-widget_type=\"heading.default\">\n\t\t\t\t<div class=\"elementor-widget-container\">\n\t\t\t\t\t<h2 class=\"elementor-heading-title elementor-size-default\">EMBRAYAGE KHD DEUTZ KIT COMPLET<br>M\u00c9CANISME SIMPLE, DISQUE AV. C\u00e9RAM\u00e9TALLIQUE, BUT\u00c9E ET ROULEMENT PILOTE<br>\u00d8 330 MM \u2013 22 CANNELURES<\/h2>\t\t\t\t<\/div>\n\t\t\t\t<\/div>\n\t\t\t\t\t<\/div>\n\t\t<\/div>\n\t\t\t\t\t<\/div>\n\t\t<\/section>\n\t\t\t\t<section class=\"elementor-section elementor-top-section elementor-element elementor-element-6aa3c62 elementor-section-boxed elementor-section-height-default elementor-section-height-default\" data-id=\"6aa3c62\" data-element_type=\"section\" data-e-type=\"section\">\n\t\t\t\t\t\t<div class=\"elementor-container elementor-column-gap-default\">\n\t\t\t\t\t<div class=\"elementor-column elementor-col-100 elementor-top-column elementor-element elementor-element-83c157f\" data-id=\"83c157f\" data-element_type=\"column\" data-e-type=\"column\">\n\t\t\t<div class=\"elementor-widget-wrap elementor-element-populated\">\n\t\t\t\t\t\t<div class=\"elementor-element elementor-element-98aad00 elementor-widget elementor-widget-heading\" data-id=\"98aad00\" data-element_type=\"widget\" data-e-type=\"widget\" data-widget_type=\"heading.default\">\n\t\t\t\t<div class=\"elementor-widget-container\">\n\t\t\t\t\t<h3 class=\"elementor-heading-title elementor-size-default\">Information du produit :<\/h3>\t\t\t\t<\/div>\n\t\t\t\t<\/div>\n\t\t\t\t\t<\/div>\n\t\t<\/div>\n\t\t\t\t\t<\/div>\n\t\t<\/section>\n\t\t\t\t<section class=\"elementor-section elementor-top-section elementor-element elementor-element-5d427453 elementor-section-boxed elementor-section-height-default elementor-section-height-default\" data-id=\"5d427453\" data-element_type=\"section\" data-e-type=\"section\">\n\t\t\t\t\t\t<div class=\"elementor-container elementor-column-gap-default\">\n\t\t\t\t\t<div class=\"elementor-column elementor-col-100 elementor-top-column elementor-element elementor-element-5dca6f15\" data-id=\"5dca6f15\" data-element_type=\"column\" data-e-type=\"column\">\n\t\t\t<div class=\"elementor-widget-wrap elementor-element-populated\">\n\t\t\t\t\t\t<div class=\"elementor-element elementor-element-274fa055 elementor-widget elementor-widget-text-editor\" data-id=\"274fa055\" data-element_type=\"widget\" data-e-type=\"widget\" data-widget_type=\"text-editor.default\">\n\t\t\t\t<div class=\"elementor-widget-container\">\n\t\t\t\t\t\t\t\t\t<p>Kit embrayage de la marque : KHD Deutz<\/p><div><p>KHD Deutz : DX4.78, DX471, DX478, DX6.05, DX608, DX611, DX621, DX628, DX631, DX638.<\/p><\/div><p>Le kit d\u2019embrayage tracteur agricole est compos\u00e9 d\u2019un m\u00e9canisme, d\u2019un ou deux disques, d\u2019une ou deux but\u00e9es et du roulement pilote. De plus le kit complet comprend la totalit\u00e9 des pi\u00e8ces \u00e0 changer en atelier. Cependant les pi\u00e8ces de rechange qui le composent sont rigoureusement s\u00e9lectionn\u00e9es pour leur qualit\u00e9 et leur fiabilit\u00e9.\u00a0<\/p><p>Toutefois choisir de remplacer une pi\u00e8ce au d\u00e9tail peut s\u2019av\u00e9rer \u00eatre moins avantageux que de remplacer un ensemble complet. Nos kits se distinguent par la qualit\u00e9 de nos but\u00e9es d\u2019embrayages et roulements pilotes. Une but\u00e9e adaptable qui grippe conduit irr\u00e9m\u00e9diablement \u00e0 la destruction du m\u00e9canisme.<\/p><p>Car pour le montage d\u2019un kit d\u2019embrayage agricole, les pi\u00e8ces p\u00e9riph\u00e9riques doivent proc\u00e9der \u00e0 un examen minutieux. Notamment, le volant moteur et les diff\u00e9rents joints spi.<\/p><p>En effet, pour le syst\u00e8me de commande, une vigilance particuli\u00e8re est \u00e0 porter au c\u00e2ble, a la tringlerie et au circuit hydraulique. En cas de doute, ces composants doivent absolument \u00eatre remis \u00e0 niveau pour permettre le parfait fonctionnement de l\u2019embrayage.<\/p><p>Bien s\u00fbr, pour plus de renseignements, n&rsquo;h\u00e9sitez pas \u00e0 nous consulter !<\/p>\t\t\t\t\t\t\t\t<\/div>\n\t\t\t\t<\/div>\n\t\t\t\t\t<\/div>\n\t\t<\/div>\n\t\t\t\t\t<\/div>\n\t\t<\/section>\n\t\t\t\t<\/div>","protected":false},"excerpt":{"rendered":"<p>EMBRAYAGE KHD DEUTZ KIT COMPLET M\u00c9CANISME SIMPLE, DISQUE AV. C\u00e9RAM\u00e9TALLIQUE, BUT\u00c9E ET ROULEMENT PILOTE \u00d8 330 MM \u2013 22 CANNELURES Information du produit : Kit embrayage de la marque : KHD Deutz KHD Deutz : DX4.78, DX471, DX478, DX6.05, DX608, DX611, DX621, DX628, DX631, DX638. Le kit d\u2019embrayage tracteur agricole est compos\u00e9 d\u2019un m\u00e9canisme, d\u2019un<br \/><a class=\"more-link\" href=\"http:\/\/www.edel.fr\/en\/product\/embrayage-khd-deutz-kit-complet-4-78-471-478-6-05-608-611\/\"><br \/>\n        Read More<span class=\"screen-reader-text\"> \u00ab\u00a0Embrayage KHD Deutz Kit Complet &#8211; DX471 DX478 DX6.05 DX608\u00a0\u00bb<\/span><\/a><\/p>","protected":false},"featured_media":9483,"template":"","meta":[],"product_brand":[],"product_cat":[1141,3960,119,120],"product_tag":[143,124],"tracteur":[],"class_list":{"0":"post-9482","1":"product","2":"type-product","3":"status-publish","4":"has-post-thumbnail","6":"product_cat-kits-dembrayage","7":"product_cat-khd-deutz","8":"product_cat-tracteurs-agricoles","9":"product_cat-transmissions","10":"product_tag-kits-dembrayage","11":"product_tag-transmissions","12":"product_shipping_class-142","13":"pa_fabriquant-kawe","14":"pa_marque-tracteur-khd-deutz","15":"pa_modele-tracteur-agro-star","16":"pa_type-2-dx4-78","17":"pa_type-2-dx471","18":"pa_type-2-dx478","19":"pa_type-2-dx6-05","20":"pa_type-2-dx608","21":"pa_type-2-dx611","22":"pa_type-2-dx621","23":"pa_type-2-dx628","24":"pa_type-2-dx631","25":"pa_type-2-dx638","26":"badges-style-2","28":"first","29":"instock","30":"taxable","31":"shipping-taxable","32":"purchasable","33":"product-type-simple"},"acf":[],"yoast_head":"<!-- This site is optimized with the Yoast SEO plugin v27.3 - https:\/\/yoast.com\/product\/yoast-seo-wordpress\/ -->\n<title>Embrayage KHD Deutz Kit Complet - DX471 DX478 DX6.05 DX608 - Edel<\/title>\n<meta name=\"description\" content=\"Embrayage KHD Deutz Kit - Disque AV. Cerametallique, but\u00e9e - \u00d8330 - 22 cannelures - DX4.78 DX471 DX478 DX6.05 DX608 DX611 DX621 DX628 DX631 DX638\" \/>\n<meta name=\"robots\" content=\"index, follow, max-snippet:-1, max-image-preview:large, max-video-preview:-1\" \/>\n<link rel=\"canonical\" href=\"https:\/\/edel.fr\/en\/product\/embrayage-khd-deutz-kit-complet-4-78-471-478-6-05-608-611\/\" \/>\n<meta property=\"og:locale\" content=\"en_US\" \/>\n<meta property=\"og:type\" content=\"article\" \/>\n<meta property=\"og:title\" content=\"Embrayage KHD Deutz Kit Complet - DX471 DX478 DX6.05 DX608 - Edel\" \/>\n<meta property=\"og:description\" content=\"Embrayage KHD Deutz Kit - Disque AV. Cerametallique, but\u00e9e - \u00d8330 - 22 cannelures - DX4.78 DX471 DX478 DX6.05 DX608 DX611 DX621 DX628 DX631 DX638\" \/>\n<meta property=\"og:url\" content=\"https:\/\/edel.fr\/en\/product\/embrayage-khd-deutz-kit-complet-4-78-471-478-6-05-608-611\/\" \/>\n<meta property=\"og:site_name\" content=\"Edel\" \/>\n<meta property=\"article:modified_time\" content=\"2025-11-19T10:41:41+00:00\" \/>\n<meta property=\"og:image\" content=\"https:\/\/edel.fr\/uploads\/2020\/12\/embr-khdeutz.jpg\" \/>\n\t<meta property=\"og:image:width\" content=\"1920\" \/>\n\t<meta property=\"og:image:height\" content=\"1440\" \/>\n\t<meta property=\"og:image:type\" content=\"image\/jpeg\" \/>\n<meta name=\"twitter:card\" content=\"summary_large_image\" \/>\n<meta name=\"twitter:label1\" content=\"Est. reading time\" \/>\n\t<meta name=\"twitter:data1\" content=\"2 minutes\" \/>\n<script type=\"application\/ld+json\" class=\"yoast-schema-graph\">{\"@context\":\"https:\\\/\\\/schema.org\",\"@graph\":[{\"@type\":\"WebPage\",\"@id\":\"https:\\\/\\\/edel.fr\\\/en\\\/product\\\/embrayage-khd-deutz-kit-complet-4-78-471-478-6-05-608-611\\\/\",\"url\":\"https:\\\/\\\/edel.fr\\\/en\\\/product\\\/embrayage-khd-deutz-kit-complet-4-78-471-478-6-05-608-611\\\/\",\"name\":\"Embrayage KHD Deutz Kit Complet - DX471 DX478 DX6.05 DX608 - Edel\",\"isPartOf\":{\"@id\":\"http:\\\/\\\/www.edel.fr\\\/en\\\/#website\"},\"primaryImageOfPage\":{\"@id\":\"https:\\\/\\\/edel.fr\\\/en\\\/product\\\/embrayage-khd-deutz-kit-complet-4-78-471-478-6-05-608-611\\\/#primaryimage\"},\"image\":{\"@id\":\"https:\\\/\\\/edel.fr\\\/en\\\/product\\\/embrayage-khd-deutz-kit-complet-4-78-471-478-6-05-608-611\\\/#primaryimage\"},\"thumbnailUrl\":\"http:\\\/\\\/www.edel.fr\\\/uploads\\\/2020\\\/12\\\/embr-khdeutz.jpg\",\"datePublished\":\"2020-12-15T14:41:08+00:00\",\"dateModified\":\"2025-11-19T10:41:41+00:00\",\"description\":\"Embrayage KHD Deutz Kit - Disque AV. Cerametallique, but\u00e9e - \u00d8330 - 22 cannelures - DX4.78 DX471 DX478 DX6.05 DX608 DX611 DX621 DX628 DX631 DX638\",\"breadcrumb\":{\"@id\":\"https:\\\/\\\/edel.fr\\\/en\\\/product\\\/embrayage-khd-deutz-kit-complet-4-78-471-478-6-05-608-611\\\/#breadcrumb\"},\"inLanguage\":\"en-US\",\"potentialAction\":[{\"@type\":\"ReadAction\",\"target\":[\"https:\\\/\\\/edel.fr\\\/en\\\/product\\\/embrayage-khd-deutz-kit-complet-4-78-471-478-6-05-608-611\\\/\"]}]},{\"@type\":\"ImageObject\",\"inLanguage\":\"en-US\",\"@id\":\"https:\\\/\\\/edel.fr\\\/en\\\/product\\\/embrayage-khd-deutz-kit-complet-4-78-471-478-6-05-608-611\\\/#primaryimage\",\"url\":\"http:\\\/\\\/www.edel.fr\\\/uploads\\\/2020\\\/12\\\/embr-khdeutz.jpg\",\"contentUrl\":\"http:\\\/\\\/www.edel.fr\\\/uploads\\\/2020\\\/12\\\/embr-khdeutz.jpg\",\"width\":1920,\"height\":1440,\"caption\":\"Kit Embrayage KHD Deutz Complet\"},{\"@type\":\"BreadcrumbList\",\"@id\":\"https:\\\/\\\/edel.fr\\\/en\\\/product\\\/embrayage-khd-deutz-kit-complet-4-78-471-478-6-05-608-611\\\/#breadcrumb\",\"itemListElement\":[{\"@type\":\"ListItem\",\"position\":1,\"name\":\"Pi\u00e8ce Tracteur\",\"item\":\"http:\\\/\\\/www.edel.fr\\\/en\\\/\"},{\"@type\":\"ListItem\",\"position\":2,\"name\":\"Toutes nos pi\u00e8ces Tracteur\",\"item\":\"https:\\\/\\\/edel.fr\\\/shop\\\/\"},{\"@type\":\"ListItem\",\"position\":3,\"name\":\"Embrayage KHD Deutz Kit Complet &#8211; DX471 DX478 DX6.05 DX608\"}]},{\"@type\":\"WebSite\",\"@id\":\"http:\\\/\\\/www.edel.fr\\\/en\\\/#website\",\"url\":\"http:\\\/\\\/www.edel.fr\\\/en\\\/\",\"name\":\"Edel\",\"description\":\"Pi\u00e8ce d\u00e9tach\u00e9e de Tracteur Agricole\",\"publisher\":{\"@id\":\"http:\\\/\\\/www.edel.fr\\\/en\\\/#organization\"},\"potentialAction\":[{\"@type\":\"SearchAction\",\"target\":{\"@type\":\"EntryPoint\",\"urlTemplate\":\"http:\\\/\\\/www.edel.fr\\\/en\\\/?s={search_term_string}\"},\"query-input\":{\"@type\":\"PropertyValueSpecification\",\"valueRequired\":true,\"valueName\":\"search_term_string\"}}],\"inLanguage\":\"en-US\"},{\"@type\":\"Organization\",\"@id\":\"http:\\\/\\\/www.edel.fr\\\/en\\\/#organization\",\"name\":\"Edel\",\"url\":\"http:\\\/\\\/www.edel.fr\\\/en\\\/\",\"logo\":{\"@type\":\"ImageObject\",\"inLanguage\":\"en-US\",\"@id\":\"http:\\\/\\\/www.edel.fr\\\/en\\\/#\\\/schema\\\/logo\\\/image\\\/\",\"url\":\"https:\\\/\\\/www.edel.fr\\\/uploads\\\/2018\\\/11\\\/logo-edel.png\",\"contentUrl\":\"https:\\\/\\\/www.edel.fr\\\/uploads\\\/2018\\\/11\\\/logo-edel.png\",\"width\":257,\"height\":68,\"caption\":\"Edel\"},\"image\":{\"@id\":\"http:\\\/\\\/www.edel.fr\\\/en\\\/#\\\/schema\\\/logo\\\/image\\\/\"}}]}<\/script>\n<!-- \/ Yoast SEO plugin. -->","yoast_head_json":{"title":"Embrayage KHD Deutz Kit Complet - DX471 DX478 DX6.05 DX608 - Edel","description":"Embrayage KHD Deutz Kit - Disque AV. Cerametallique, but\u00e9e - \u00d8330 - 22 cannelures - DX4.78 DX471 DX478 DX6.05 DX608 DX611 DX621 DX628 DX631 DX638","robots":{"index":"index","follow":"follow","max-snippet":"max-snippet:-1","max-image-preview":"max-image-preview:large","max-video-preview":"max-video-preview:-1"},"canonical":"https:\/\/edel.fr\/en\/product\/embrayage-khd-deutz-kit-complet-4-78-471-478-6-05-608-611\/","og_locale":"en_US","og_type":"article","og_title":"Embrayage KHD Deutz Kit Complet - DX471 DX478 DX6.05 DX608 - Edel","og_description":"Embrayage KHD Deutz Kit - Disque AV. Cerametallique, but\u00e9e - \u00d8330 - 22 cannelures - DX4.78 DX471 DX478 DX6.05 DX608 DX611 DX621 DX628 DX631 DX638","og_url":"https:\/\/edel.fr\/en\/product\/embrayage-khd-deutz-kit-complet-4-78-471-478-6-05-608-611\/","og_site_name":"Edel","article_modified_time":"2025-11-19T10:41:41+00:00","og_image":[{"width":1920,"height":1440,"url":"https:\/\/edel.fr\/uploads\/2020\/12\/embr-khdeutz.jpg","type":"image\/jpeg"}],"twitter_card":"summary_large_image","twitter_misc":{"Est. reading time":"2 minutes"},"schema":{"@context":"https:\/\/schema.org","@graph":[{"@type":"WebPage","@id":"https:\/\/edel.fr\/en\/product\/embrayage-khd-deutz-kit-complet-4-78-471-478-6-05-608-611\/","url":"https:\/\/edel.fr\/en\/product\/embrayage-khd-deutz-kit-complet-4-78-471-478-6-05-608-611\/","name":"Embrayage KHD Deutz Kit Complet - DX471 DX478 DX6.05 DX608 - Edel","isPartOf":{"@id":"http:\/\/www.edel.fr\/en\/#website"},"primaryImageOfPage":{"@id":"https:\/\/edel.fr\/en\/product\/embrayage-khd-deutz-kit-complet-4-78-471-478-6-05-608-611\/#primaryimage"},"image":{"@id":"https:\/\/edel.fr\/en\/product\/embrayage-khd-deutz-kit-complet-4-78-471-478-6-05-608-611\/#primaryimage"},"thumbnailUrl":"http:\/\/www.edel.fr\/uploads\/2020\/12\/embr-khdeutz.jpg","datePublished":"2020-12-15T14:41:08+00:00","dateModified":"2025-11-19T10:41:41+00:00","description":"Embrayage KHD Deutz Kit - Disque AV. Cerametallique, but\u00e9e - \u00d8330 - 22 cannelures - DX4.78 DX471 DX478 DX6.05 DX608 DX611 DX621 DX628 DX631 DX638","breadcrumb":{"@id":"https:\/\/edel.fr\/en\/product\/embrayage-khd-deutz-kit-complet-4-78-471-478-6-05-608-611\/#breadcrumb"},"inLanguage":"en-US","potentialAction":[{"@type":"ReadAction","target":["https:\/\/edel.fr\/en\/product\/embrayage-khd-deutz-kit-complet-4-78-471-478-6-05-608-611\/"]}]},{"@type":"ImageObject","inLanguage":"en-US","@id":"https:\/\/edel.fr\/en\/product\/embrayage-khd-deutz-kit-complet-4-78-471-478-6-05-608-611\/#primaryimage","url":"http:\/\/www.edel.fr\/uploads\/2020\/12\/embr-khdeutz.jpg","contentUrl":"http:\/\/www.edel.fr\/uploads\/2020\/12\/embr-khdeutz.jpg","width":1920,"height":1440,"caption":"Kit Embrayage KHD Deutz Complet"},{"@type":"BreadcrumbList","@id":"https:\/\/edel.fr\/en\/product\/embrayage-khd-deutz-kit-complet-4-78-471-478-6-05-608-611\/#breadcrumb","itemListElement":[{"@type":"ListItem","position":1,"name":"Pi\u00e8ce Tracteur","item":"http:\/\/www.edel.fr\/en\/"},{"@type":"ListItem","position":2,"name":"Toutes nos pi\u00e8ces Tracteur","item":"https:\/\/edel.fr\/shop\/"},{"@type":"ListItem","position":3,"name":"Embrayage KHD Deutz Kit Complet &#8211; DX471 DX478 DX6.05 DX608"}]},{"@type":"WebSite","@id":"http:\/\/www.edel.fr\/en\/#website","url":"http:\/\/www.edel.fr\/en\/","name":"Edel","description":"Pi\u00e8ce d\u00e9tach\u00e9e de Tracteur Agricole","publisher":{"@id":"http:\/\/www.edel.fr\/en\/#organization"},"potentialAction":[{"@type":"SearchAction","target":{"@type":"EntryPoint","urlTemplate":"http:\/\/www.edel.fr\/en\/?s={search_term_string}"},"query-input":{"@type":"PropertyValueSpecification","valueRequired":true,"valueName":"search_term_string"}}],"inLanguage":"en-US"},{"@type":"Organization","@id":"http:\/\/www.edel.fr\/en\/#organization","name":"Edel","url":"http:\/\/www.edel.fr\/en\/","logo":{"@type":"ImageObject","inLanguage":"en-US","@id":"http:\/\/www.edel.fr\/en\/#\/schema\/logo\/image\/","url":"https:\/\/www.edel.fr\/uploads\/2018\/11\/logo-edel.png","contentUrl":"https:\/\/www.edel.fr\/uploads\/2018\/11\/logo-edel.png","width":257,"height":68,"caption":"Edel"},"image":{"@id":"http:\/\/www.edel.fr\/en\/#\/schema\/logo\/image\/"}}]}},"_links":{"self":[{"href":"http:\/\/www.edel.fr\/en\/wp-json\/wp\/v2\/product\/9482","targetHints":{"allow":["GET"]}}],"collection":[{"href":"http:\/\/www.edel.fr\/en\/wp-json\/wp\/v2\/product"}],"about":[{"href":"http:\/\/www.edel.fr\/en\/wp-json\/wp\/v2\/types\/product"}],"version-history":[{"count":2,"href":"http:\/\/www.edel.fr\/en\/wp-json\/wp\/v2\/product\/9482\/revisions"}],"predecessor-version":[{"id":19483,"href":"http:\/\/www.edel.fr\/en\/wp-json\/wp\/v2\/product\/9482\/revisions\/19483"}],"wp:featuredmedia":[{"embeddable":true,"href":"http:\/\/www.edel.fr\/en\/wp-json\/wp\/v2\/media\/9483"}],"wp:attachment":[{"href":"http:\/\/www.edel.fr\/en\/wp-json\/wp\/v2\/media?parent=9482"}],"wp:term":[{"taxonomy":"product_brand","embeddable":true,"href":"http:\/\/www.edel.fr\/en\/wp-json\/wp\/v2\/product_brand?post=9482"},{"taxonomy":"product_cat","embeddable":true,"href":"http:\/\/www.edel.fr\/en\/wp-json\/wp\/v2\/product_cat?post=9482"},{"taxonomy":"product_tag","embeddable":true,"href":"http:\/\/www.edel.fr\/en\/wp-json\/wp\/v2\/product_tag?post=9482"},{"taxonomy":"tracteur","embeddable":true,"href":"http:\/\/www.edel.fr\/en\/wp-json\/wp\/v2\/tracteur?post=9482"}],"curies":[{"name":"wp","href":"https:\/\/api.w.org\/{rel}","templated":true}]}}