{"id":9309,"date":"2020-12-07T10:56:35","date_gmt":"2020-12-07T09:56:35","guid":{"rendered":"https:\/\/www.edel.fr\/?post_type=product&#038;p=9309"},"modified":"2026-02-15T22:47:10","modified_gmt":"2026-02-15T21:47:10","slug":"jeu-de-segments-de-pistons-fl-912-deutz-qualite-origine","status":"publish","type":"product","link":"http:\/\/www.edel.fr\/en\/product\/jeu-de-segments-de-pistons-fl-912-deutz-qualite-origine\/","title":{"rendered":"Jeu de segments de pistons FL 912 Deutz | Qualit\u00e9 origine"},"content":{"rendered":"<div data-elementor-type=\"wp-post\" data-elementor-id=\"9309\" class=\"elementor elementor-9309\">\n\t\t\t\t\t\t<section class=\"elementor-section elementor-top-section elementor-element elementor-element-6f74333e elementor-section-boxed elementor-section-height-default elementor-section-height-default\" data-id=\"6f74333e\" data-element_type=\"section\" data-e-type=\"section\">\n\t\t\t\t\t\t<div class=\"elementor-container elementor-column-gap-default\">\n\t\t\t\t\t<div class=\"elementor-column elementor-col-100 elementor-top-column elementor-element elementor-element-44f8bc59\" data-id=\"44f8bc59\" data-element_type=\"column\" data-e-type=\"column\">\n\t\t\t<div class=\"elementor-widget-wrap elementor-element-populated\">\n\t\t\t\t\t\t<div class=\"elementor-element elementor-element-39443275 elementor-widget elementor-widget-heading\" data-id=\"39443275\" data-element_type=\"widget\" data-e-type=\"widget\" data-widget_type=\"heading.default\">\n\t\t\t\t<div class=\"elementor-widget-container\">\n\t\t\t\t\t<h2 class=\"elementor-heading-title elementor-size-default\">Jeu de segments de pistons FL 912<\/h2>\t\t\t\t<\/div>\n\t\t\t\t<\/div>\n\t\t\t\t<div class=\"elementor-element elementor-element-5bdafdfa elementor-widget elementor-widget-heading\" data-id=\"5bdafdfa\" data-element_type=\"widget\" data-e-type=\"widget\" data-widget_type=\"heading.default\">\n\t\t\t\t<div class=\"elementor-widget-container\">\n\t\t\t\t\t<h3 class=\"elementor-heading-title elementor-size-default\">Information du produit :<\/h3>\t\t\t\t<\/div>\n\t\t\t\t<\/div>\n\t\t\t\t\t<\/div>\n\t\t<\/div>\n\t\t\t\t\t<\/div>\n\t\t<\/section>\n\t\t\t\t<section class=\"elementor-section elementor-top-section elementor-element elementor-element-290ca7d1 elementor-section-boxed elementor-section-height-default elementor-section-height-default\" data-id=\"290ca7d1\" data-element_type=\"section\" data-e-type=\"section\">\n\t\t\t\t\t\t<div class=\"elementor-container elementor-column-gap-default\">\n\t\t\t\t\t<div class=\"elementor-column elementor-col-100 elementor-top-column elementor-element elementor-element-773f35b7\" data-id=\"773f35b7\" data-element_type=\"column\" data-e-type=\"column\">\n\t\t\t<div class=\"elementor-widget-wrap elementor-element-populated\">\n\t\t\t\t\t\t<div class=\"elementor-element elementor-element-7774c225 elementor-widget elementor-widget-text-editor\" data-id=\"7774c225\" data-element_type=\"widget\" data-e-type=\"widget\" data-widget_type=\"text-editor.default\">\n\t\t\t\t<div class=\"elementor-widget-container\">\n\t\t\t\t\t\t\t\t\t<p>Qualit\u00e9 origine Goetz ou Reintz selon arrivage.<\/p><div>Type : 25.06, 28.07, 30.06, 36.07, 40.06, 40.07, 45.06, 45.07, 45.07C, 48.07, 48.07C, 50.06, 52.06, 52.07, <br \/>\u00a0 \u00a0 \u00a0 \u00a0 \u00a0 \u00a0 52.07C, 55.06, 60.06, 60.07, 60.07C, 62.06, 62.07, 62.07C, 65.07, 65.07C, 70.07, 72.06, 72.07, 75.06, <br \/>\u00a0 \u00a0 \u00a0 \u00a0 \u00a0 \u00a0 80.06, 90.06, AGROCOMPACT 3.30F-V, AGROCOMPACT 3.70F-V, AGROPRIMA 6.06, AGROXTRA 4.07, <br \/>\u00a0 \u00a0 \u00a0 \u00a0 \u00a0 \u00a0 AGROXTRA 6.07, DX110, DX3.10, DX3.30, DX3.60, DX3.65, DX3.70, DX4.10, DX6.05, DX6.10, DX85, DX90, <br \/>\u00a0 \u00a0 \u00a0 \u00a0 \u00a0 \u00a0 F2L912, F3L912, F4L912, F5L912, F6L912.<\/div><div><div>\u00a0<\/div><\/div>\t\t\t\t\t\t\t\t<\/div>\n\t\t\t\t<\/div>\n\t\t\t\t\t<\/div>\n\t\t<\/div>\n\t\t\t\t\t<\/div>\n\t\t<\/section>\n\t\t\t\t<\/div>","protected":false},"excerpt":{"rendered":"<p>Jeu de segments de pistons FL 912 Information du produit : Qualit\u00e9 origine Goetz ou Reintz selon arrivage. Type : 25.06, 28.07, 30.06, 36.07, 40.06, 40.07, 45.06, 45.07, 45.07C, 48.07, 48.07C, 50.06, 52.06, 52.07, 52.07C, 55.06, 60.06, 60.07, 60.07C, 62.06, 62.07, 62.07C, 65.07, 65.07C, 70.07, 72.06, 72.07, 75.06, 80.06, 90.06, AGROCOMPACT 3.30F-V, AGROCOMPACT 3.70F-V, AGROPRIMA<br \/><a class=\"more-link\" href=\"http:\/\/www.edel.fr\/en\/product\/jeu-de-segments-de-pistons-fl-912-deutz-qualite-origine\/\"><br \/>\n        Read More<span class=\"screen-reader-text\"> \u00ab\u00a0Jeu de segments de pistons FL 912 Deutz | Qualit\u00e9 origine\u00a0\u00bb<\/span><\/a><\/p>","protected":false},"featured_media":9310,"template":"","meta":[],"product_brand":[],"product_cat":[2538,153,119],"product_tag":[],"tracteur":[],"class_list":{"0":"post-9309","1":"product","2":"type-product","3":"status-publish","4":"has-post-thumbnail","6":"product_cat-segments","7":"product_cat-pieces-moteur","8":"product_cat-tracteurs-agricoles","9":"product_shipping_class-142","10":"pa_fabriquant-ks","11":"pa_marque-tracteur-khd-deutz","12":"pa_type-2-25-06","13":"pa_type-2-28-07","14":"pa_type-2-30-06","15":"pa_type-2-36-07","16":"pa_type-2-40-06","17":"pa_type-2-40-07","18":"pa_type-2-45-06","19":"pa_type-2-45-07","20":"pa_type-2-45-07c","21":"pa_type-2-48-07","22":"pa_type-2-48-07c","23":"pa_type-2-50-06","24":"pa_type-2-52-06","25":"pa_type-2-52-07","26":"pa_type-2-52-07c","27":"pa_type-2-55-06","28":"pa_type-2-60-06","29":"pa_type-2-60-07","30":"pa_type-2-60-07c","31":"pa_type-2-62-06","32":"pa_type-2-62-07","33":"pa_type-2-62-07c","34":"pa_type-2-65-07","35":"pa_type-2-65-07c","36":"pa_type-2-70-07","37":"pa_type-2-72-06","38":"pa_type-2-72-07","39":"pa_type-2-75-06","40":"pa_type-2-80-06","41":"pa_type-2-90-06","42":"pa_type-2-agrocompact-3-30f-v","43":"pa_type-2-agrocompact-3-70f-v","44":"pa_type-2-agroprima-6-06","45":"pa_type-2-agroxtra-4-07","46":"pa_type-2-agroxtra-6-07","47":"pa_type-2-dx110","48":"pa_type-2-dx3-10","49":"pa_type-2-dx3-30","50":"pa_type-2-dx3-60","51":"pa_type-2-dx3-65","52":"pa_type-2-dx3-70","53":"pa_type-2-dx4-10","54":"pa_type-2-dx6-05","55":"pa_type-2-dx6-10","56":"pa_type-2-dx85","57":"pa_type-2-dx90","58":"pa_type-2-f2l912","59":"pa_type-2-f3l912","60":"pa_type-2-f4l912","61":"pa_type-2-f5l912","62":"pa_type-2-f6l912","63":"badges-style-2","65":"first","66":"instock","67":"taxable","68":"shipping-taxable","69":"purchasable","70":"product-type-simple"},"acf":[],"yoast_head":"<!-- This site is optimized with the Yoast SEO plugin v27.3 - https:\/\/yoast.com\/product\/yoast-seo-wordpress\/ -->\n<title>Jeu de segments de pistons FL 912 Deutz | Qualit\u00e9 origine - Edel<\/title>\n<meta name=\"description\" content=\"Jeu de segments de pistons FL 912 - F2L912 F3L912 F4L912 F5L912 F6L912 25.06 30.06 40.06 50.06 60.06 80.06 DX110 DX3.10 DX85 DX90 - Deutz Qualit\u00e9 origine\" \/>\n<meta name=\"robots\" content=\"index, follow, max-snippet:-1, max-image-preview:large, max-video-preview:-1\" \/>\n<link rel=\"canonical\" href=\"https:\/\/edel.fr\/produit\/jeu-de-segments-de-pistons-fl-912-deutz-qualite-origine\/\" \/>\n<meta property=\"og:locale\" content=\"en_US\" \/>\n<meta property=\"og:type\" content=\"article\" \/>\n<meta property=\"og:title\" content=\"Jeu de segments de pistons FL 912 Deutz | Qualit\u00e9 origine - Edel\" \/>\n<meta property=\"og:description\" content=\"Jeu de segments de pistons FL 912 - F2L912 F3L912 F4L912 F5L912 F6L912 25.06 30.06 40.06 50.06 60.06 80.06 DX110 DX3.10 DX85 DX90 - Deutz Qualit\u00e9 origine\" \/>\n<meta property=\"og:url\" content=\"https:\/\/edel.fr\/produit\/jeu-de-segments-de-pistons-fl-912-deutz-qualite-origine\/\" \/>\n<meta property=\"og:site_name\" content=\"Edel\" \/>\n<meta property=\"article:modified_time\" content=\"2026-02-15T21:47:10+00:00\" \/>\n<meta property=\"og:image\" content=\"https:\/\/edel.fr\/uploads\/2020\/12\/segments.jpg\" \/>\n\t<meta property=\"og:image:width\" content=\"1920\" \/>\n\t<meta property=\"og:image:height\" content=\"904\" \/>\n\t<meta property=\"og:image:type\" content=\"image\/jpeg\" \/>\n<meta name=\"twitter:card\" content=\"summary_large_image\" \/>\n<meta name=\"twitter:label1\" content=\"Est. reading time\" \/>\n\t<meta name=\"twitter:data1\" content=\"1 minute\" \/>\n<script type=\"application\/ld+json\" class=\"yoast-schema-graph\">{\"@context\":\"https:\\\/\\\/schema.org\",\"@graph\":[{\"@type\":\"WebPage\",\"@id\":\"https:\\\/\\\/edel.fr\\\/produit\\\/jeu-de-segments-de-pistons-fl-912-deutz-qualite-origine\\\/\",\"url\":\"https:\\\/\\\/edel.fr\\\/produit\\\/jeu-de-segments-de-pistons-fl-912-deutz-qualite-origine\\\/\",\"name\":\"Jeu de segments de pistons FL 912 Deutz | Qualit\u00e9 origine - Edel\",\"isPartOf\":{\"@id\":\"https:\\\/\\\/www.edel.fr\\\/en\\\/#website\"},\"primaryImageOfPage\":{\"@id\":\"https:\\\/\\\/edel.fr\\\/produit\\\/jeu-de-segments-de-pistons-fl-912-deutz-qualite-origine\\\/#primaryimage\"},\"image\":{\"@id\":\"https:\\\/\\\/edel.fr\\\/produit\\\/jeu-de-segments-de-pistons-fl-912-deutz-qualite-origine\\\/#primaryimage\"},\"thumbnailUrl\":\"http:\\\/\\\/www.edel.fr\\\/uploads\\\/2020\\\/12\\\/segments.jpg\",\"datePublished\":\"2020-12-07T09:56:35+00:00\",\"dateModified\":\"2026-02-15T21:47:10+00:00\",\"description\":\"Jeu de segments de pistons FL 912 - F2L912 F3L912 F4L912 F5L912 F6L912 25.06 30.06 40.06 50.06 60.06 80.06 DX110 DX3.10 DX85 DX90 - Deutz Qualit\u00e9 origine\",\"breadcrumb\":{\"@id\":\"https:\\\/\\\/edel.fr\\\/produit\\\/jeu-de-segments-de-pistons-fl-912-deutz-qualite-origine\\\/#breadcrumb\"},\"inLanguage\":\"en-US\",\"potentialAction\":[{\"@type\":\"ReadAction\",\"target\":[\"https:\\\/\\\/edel.fr\\\/produit\\\/jeu-de-segments-de-pistons-fl-912-deutz-qualite-origine\\\/\"]}]},{\"@type\":\"ImageObject\",\"inLanguage\":\"en-US\",\"@id\":\"https:\\\/\\\/edel.fr\\\/produit\\\/jeu-de-segments-de-pistons-fl-912-deutz-qualite-origine\\\/#primaryimage\",\"url\":\"http:\\\/\\\/www.edel.fr\\\/uploads\\\/2020\\\/12\\\/segments.jpg\",\"contentUrl\":\"http:\\\/\\\/www.edel.fr\\\/uploads\\\/2020\\\/12\\\/segments.jpg\",\"width\":1920,\"height\":904,\"caption\":\"Jeu de segments de pistons FL 912 | Qualit\u00e9 origine\"},{\"@type\":\"BreadcrumbList\",\"@id\":\"https:\\\/\\\/edel.fr\\\/produit\\\/jeu-de-segments-de-pistons-fl-912-deutz-qualite-origine\\\/#breadcrumb\",\"itemListElement\":[{\"@type\":\"ListItem\",\"position\":1,\"name\":\"Pi\u00e8ce Tracteur\",\"item\":\"https:\\\/\\\/www.edel.fr\\\/en\\\/\"},{\"@type\":\"ListItem\",\"position\":2,\"name\":\"Toutes nos pi\u00e8ces Tracteur\",\"item\":\"https:\\\/\\\/edel.fr\\\/shop\\\/\"},{\"@type\":\"ListItem\",\"position\":3,\"name\":\"Jeu de segments de pistons FL 912 Deutz | Qualit\u00e9 origine\"}]},{\"@type\":\"WebSite\",\"@id\":\"https:\\\/\\\/www.edel.fr\\\/en\\\/#website\",\"url\":\"https:\\\/\\\/www.edel.fr\\\/en\\\/\",\"name\":\"Edel\",\"description\":\"Pi\u00e8ce d\u00e9tach\u00e9e de Tracteur Agricole\",\"publisher\":{\"@id\":\"https:\\\/\\\/www.edel.fr\\\/en\\\/#organization\"},\"potentialAction\":[{\"@type\":\"SearchAction\",\"target\":{\"@type\":\"EntryPoint\",\"urlTemplate\":\"https:\\\/\\\/www.edel.fr\\\/en\\\/?s={search_term_string}\"},\"query-input\":{\"@type\":\"PropertyValueSpecification\",\"valueRequired\":true,\"valueName\":\"search_term_string\"}}],\"inLanguage\":\"en-US\"},{\"@type\":\"Organization\",\"@id\":\"https:\\\/\\\/www.edel.fr\\\/en\\\/#organization\",\"name\":\"Edel\",\"url\":\"https:\\\/\\\/www.edel.fr\\\/en\\\/\",\"logo\":{\"@type\":\"ImageObject\",\"inLanguage\":\"en-US\",\"@id\":\"https:\\\/\\\/www.edel.fr\\\/en\\\/#\\\/schema\\\/logo\\\/image\\\/\",\"url\":\"https:\\\/\\\/www.edel.fr\\\/uploads\\\/2018\\\/11\\\/logo-edel.png\",\"contentUrl\":\"https:\\\/\\\/www.edel.fr\\\/uploads\\\/2018\\\/11\\\/logo-edel.png\",\"width\":257,\"height\":68,\"caption\":\"Edel\"},\"image\":{\"@id\":\"https:\\\/\\\/www.edel.fr\\\/en\\\/#\\\/schema\\\/logo\\\/image\\\/\"}}]}<\/script>\n<!-- \/ Yoast SEO plugin. -->","yoast_head_json":{"title":"Jeu de segments de pistons FL 912 Deutz | Qualit\u00e9 origine - Edel","description":"Jeu de segments de pistons FL 912 - F2L912 F3L912 F4L912 F5L912 F6L912 25.06 30.06 40.06 50.06 60.06 80.06 DX110 DX3.10 DX85 DX90 - Deutz Qualit\u00e9 origine","robots":{"index":"index","follow":"follow","max-snippet":"max-snippet:-1","max-image-preview":"max-image-preview:large","max-video-preview":"max-video-preview:-1"},"canonical":"https:\/\/edel.fr\/produit\/jeu-de-segments-de-pistons-fl-912-deutz-qualite-origine\/","og_locale":"en_US","og_type":"article","og_title":"Jeu de segments de pistons FL 912 Deutz | Qualit\u00e9 origine - Edel","og_description":"Jeu de segments de pistons FL 912 - F2L912 F3L912 F4L912 F5L912 F6L912 25.06 30.06 40.06 50.06 60.06 80.06 DX110 DX3.10 DX85 DX90 - Deutz Qualit\u00e9 origine","og_url":"https:\/\/edel.fr\/produit\/jeu-de-segments-de-pistons-fl-912-deutz-qualite-origine\/","og_site_name":"Edel","article_modified_time":"2026-02-15T21:47:10+00:00","og_image":[{"width":1920,"height":904,"url":"https:\/\/edel.fr\/uploads\/2020\/12\/segments.jpg","type":"image\/jpeg"}],"twitter_card":"summary_large_image","twitter_misc":{"Est. reading time":"1 minute"},"schema":{"@context":"https:\/\/schema.org","@graph":[{"@type":"WebPage","@id":"https:\/\/edel.fr\/produit\/jeu-de-segments-de-pistons-fl-912-deutz-qualite-origine\/","url":"https:\/\/edel.fr\/produit\/jeu-de-segments-de-pistons-fl-912-deutz-qualite-origine\/","name":"Jeu de segments de pistons FL 912 Deutz | Qualit\u00e9 origine - Edel","isPartOf":{"@id":"https:\/\/www.edel.fr\/en\/#website"},"primaryImageOfPage":{"@id":"https:\/\/edel.fr\/produit\/jeu-de-segments-de-pistons-fl-912-deutz-qualite-origine\/#primaryimage"},"image":{"@id":"https:\/\/edel.fr\/produit\/jeu-de-segments-de-pistons-fl-912-deutz-qualite-origine\/#primaryimage"},"thumbnailUrl":"http:\/\/www.edel.fr\/uploads\/2020\/12\/segments.jpg","datePublished":"2020-12-07T09:56:35+00:00","dateModified":"2026-02-15T21:47:10+00:00","description":"Jeu de segments de pistons FL 912 - F2L912 F3L912 F4L912 F5L912 F6L912 25.06 30.06 40.06 50.06 60.06 80.06 DX110 DX3.10 DX85 DX90 - Deutz Qualit\u00e9 origine","breadcrumb":{"@id":"https:\/\/edel.fr\/produit\/jeu-de-segments-de-pistons-fl-912-deutz-qualite-origine\/#breadcrumb"},"inLanguage":"en-US","potentialAction":[{"@type":"ReadAction","target":["https:\/\/edel.fr\/produit\/jeu-de-segments-de-pistons-fl-912-deutz-qualite-origine\/"]}]},{"@type":"ImageObject","inLanguage":"en-US","@id":"https:\/\/edel.fr\/produit\/jeu-de-segments-de-pistons-fl-912-deutz-qualite-origine\/#primaryimage","url":"http:\/\/www.edel.fr\/uploads\/2020\/12\/segments.jpg","contentUrl":"http:\/\/www.edel.fr\/uploads\/2020\/12\/segments.jpg","width":1920,"height":904,"caption":"Jeu de segments de pistons FL 912 | Qualit\u00e9 origine"},{"@type":"BreadcrumbList","@id":"https:\/\/edel.fr\/produit\/jeu-de-segments-de-pistons-fl-912-deutz-qualite-origine\/#breadcrumb","itemListElement":[{"@type":"ListItem","position":1,"name":"Pi\u00e8ce Tracteur","item":"https:\/\/www.edel.fr\/en\/"},{"@type":"ListItem","position":2,"name":"Toutes nos pi\u00e8ces Tracteur","item":"https:\/\/edel.fr\/shop\/"},{"@type":"ListItem","position":3,"name":"Jeu de segments de pistons FL 912 Deutz | Qualit\u00e9 origine"}]},{"@type":"WebSite","@id":"https:\/\/www.edel.fr\/en\/#website","url":"https:\/\/www.edel.fr\/en\/","name":"Edel","description":"Pi\u00e8ce d\u00e9tach\u00e9e de Tracteur Agricole","publisher":{"@id":"https:\/\/www.edel.fr\/en\/#organization"},"potentialAction":[{"@type":"SearchAction","target":{"@type":"EntryPoint","urlTemplate":"https:\/\/www.edel.fr\/en\/?s={search_term_string}"},"query-input":{"@type":"PropertyValueSpecification","valueRequired":true,"valueName":"search_term_string"}}],"inLanguage":"en-US"},{"@type":"Organization","@id":"https:\/\/www.edel.fr\/en\/#organization","name":"Edel","url":"https:\/\/www.edel.fr\/en\/","logo":{"@type":"ImageObject","inLanguage":"en-US","@id":"https:\/\/www.edel.fr\/en\/#\/schema\/logo\/image\/","url":"https:\/\/www.edel.fr\/uploads\/2018\/11\/logo-edel.png","contentUrl":"https:\/\/www.edel.fr\/uploads\/2018\/11\/logo-edel.png","width":257,"height":68,"caption":"Edel"},"image":{"@id":"https:\/\/www.edel.fr\/en\/#\/schema\/logo\/image\/"}}]}},"_links":{"self":[{"href":"http:\/\/www.edel.fr\/en\/wp-json\/wp\/v2\/product\/9309","targetHints":{"allow":["GET"]}}],"collection":[{"href":"http:\/\/www.edel.fr\/en\/wp-json\/wp\/v2\/product"}],"about":[{"href":"http:\/\/www.edel.fr\/en\/wp-json\/wp\/v2\/types\/product"}],"version-history":[{"count":2,"href":"http:\/\/www.edel.fr\/en\/wp-json\/wp\/v2\/product\/9309\/revisions"}],"predecessor-version":[{"id":19666,"href":"http:\/\/www.edel.fr\/en\/wp-json\/wp\/v2\/product\/9309\/revisions\/19666"}],"wp:featuredmedia":[{"embeddable":true,"href":"http:\/\/www.edel.fr\/en\/wp-json\/wp\/v2\/media\/9310"}],"wp:attachment":[{"href":"http:\/\/www.edel.fr\/en\/wp-json\/wp\/v2\/media?parent=9309"}],"wp:term":[{"taxonomy":"product_brand","embeddable":true,"href":"http:\/\/www.edel.fr\/en\/wp-json\/wp\/v2\/product_brand?post=9309"},{"taxonomy":"product_cat","embeddable":true,"href":"http:\/\/www.edel.fr\/en\/wp-json\/wp\/v2\/product_cat?post=9309"},{"taxonomy":"product_tag","embeddable":true,"href":"http:\/\/www.edel.fr\/en\/wp-json\/wp\/v2\/product_tag?post=9309"},{"taxonomy":"tracteur","embeddable":true,"href":"http:\/\/www.edel.fr\/en\/wp-json\/wp\/v2\/tracteur?post=9309"}],"curies":[{"name":"wp","href":"https:\/\/api.w.org\/{rel}","templated":true}]}}