{"id":8639,"date":"2020-11-23T13:55:23","date_gmt":"2020-11-23T12:55:23","guid":{"rendered":"https:\/\/www.edel.fr\/?post_type=product&#038;p=8639"},"modified":"2026-04-03T03:00:41","modified_gmt":"2026-04-03T01:00:41","slug":"volant-moteur-case-ih-avec-couronne-856-955-956-1055-1056","status":"publish","type":"product","link":"http:\/\/www.edel.fr\/en\/product\/volant-moteur-case-ih-avec-couronne-856-955-956-1055-1056\/","title":{"rendered":"Volant moteur Case IH avec couronne &#8211; 856 955 956 1055 1056"},"content":{"rendered":"<div data-elementor-type=\"wp-post\" data-elementor-id=\"8639\" class=\"elementor elementor-8639\">\n\t\t\t\t\t\t<section class=\"elementor-section elementor-top-section elementor-element elementor-element-66afed42 elementor-section-boxed elementor-section-height-default elementor-section-height-default\" data-id=\"66afed42\" data-element_type=\"section\" data-e-type=\"section\">\n\t\t\t\t\t\t<div class=\"elementor-container elementor-column-gap-default\">\n\t\t\t\t\t<div class=\"elementor-column elementor-col-100 elementor-top-column elementor-element elementor-element-45151cab\" data-id=\"45151cab\" data-element_type=\"column\" data-e-type=\"column\">\n\t\t\t<div class=\"elementor-widget-wrap elementor-element-populated\">\n\t\t\t\t\t\t<div class=\"elementor-element elementor-element-766ed9a3 elementor-widget elementor-widget-heading\" data-id=\"766ed9a3\" data-element_type=\"widget\" data-e-type=\"widget\" data-widget_type=\"heading.default\">\n\t\t\t\t<div class=\"elementor-widget-container\">\n\t\t\t\t\t<h2 class=\"elementor-heading-title elementor-size-default\">VOLANT MOTEUR Tracteur CASE IH - AVEC COURONNE<\/h2>\t\t\t\t<\/div>\n\t\t\t\t<\/div>\n\t\t\t\t<div class=\"elementor-element elementor-element-47e3c579 elementor-widget elementor-widget-heading\" data-id=\"47e3c579\" data-element_type=\"widget\" data-e-type=\"widget\" data-widget_type=\"heading.default\">\n\t\t\t\t<div class=\"elementor-widget-container\">\n\t\t\t\t\t<h3 class=\"elementor-heading-title elementor-size-default\">Information du produit :<\/h3>\t\t\t\t<\/div>\n\t\t\t\t<\/div>\n\t\t\t\t\t<\/div>\n\t\t<\/div>\n\t\t\t\t\t<\/div>\n\t\t<\/section>\n\t\t\t\t<section class=\"elementor-section elementor-top-section elementor-element elementor-element-16354c1a elementor-section-boxed elementor-section-height-default elementor-section-height-default\" data-id=\"16354c1a\" data-element_type=\"section\" data-e-type=\"section\">\n\t\t\t\t\t\t<div class=\"elementor-container elementor-column-gap-default\">\n\t\t\t\t\t<div class=\"elementor-column elementor-col-100 elementor-top-column elementor-element elementor-element-2bb0854e\" data-id=\"2bb0854e\" data-element_type=\"column\" data-e-type=\"column\">\n\t\t\t<div class=\"elementor-widget-wrap elementor-element-populated\">\n\t\t\t\t\t\t<div class=\"elementor-element elementor-element-1b196302 elementor-widget elementor-widget-text-editor\" data-id=\"1b196302\" data-element_type=\"widget\" data-e-type=\"widget\" data-widget_type=\"text-editor.default\">\n\t\t\t\t<div class=\"elementor-widget-container\">\n\t\t\t\t\t\t\t\t\t<p>IH 3218474R92<\/p>\n<p>Vous trouverez \u00e9galement le&nbsp;<a href=\"https:\/\/www.edel.fr\/en\/kit-complet-mecanisme-double-disque-av-cerametallique-2-butees-et-roulement-pilote-case-ih-o310-310-10-22-cannelures\/\" target=\"_blank\">kit embrayage complet<\/a>&nbsp;correspondant.<\/p>\n<p>Bien s\u00fbr, pour plus de renseignements, n&rsquo;h\u00e9sitez pas \u00e0 nous consulter !<\/p>\n<div>&nbsp;<\/div>\t\t\t\t\t\t\t\t<\/div>\n\t\t\t\t<\/div>\n\t\t\t\t\t<\/div>\n\t\t<\/div>\n\t\t\t\t\t<\/div>\n\t\t<\/section>\n\t\t\t\t<\/div>","protected":false},"excerpt":{"rendered":"<p>VOLANT MOTEUR Tracteur CASE IH &#8211; AVEC COURONNE Information du produit : IH 3218474R92 Vous trouverez \u00e9galement le\u00a0kit embrayage complet\u00a0correspondant. Bien s\u00fbr, pour plus de renseignements, n&rsquo;h\u00e9sitez pas \u00e0 nous consulter ! &nbsp;<\/p>","protected":false},"featured_media":9497,"template":"","meta":[],"product_brand":[],"product_cat":[119,120,128],"product_tag":[143,124],"tracteur":[],"class_list":{"0":"post-8639","1":"product","2":"type-product","3":"status-publish","4":"has-post-thumbnail","6":"product_cat-tracteurs-agricoles","7":"product_cat-transmissions","8":"product_cat-volants-moteurs","9":"product_tag-kits-dembrayage","10":"product_tag-transmissions","11":"product_shipping_class-142","12":"pa_marque-tracteur-case-ih","13":"pa_type-2-1267","14":"pa_type-2-1163","15":"pa_type-2-1264","16":"pa_type-2-856-xl","17":"pa_type-2-1173","18":"pa_type-2-1265","19":"badges-style-2","21":"first","22":"instock","23":"taxable","24":"shipping-taxable","25":"purchasable","26":"product-type-simple"},"acf":[],"yoast_head":"<!-- This site is optimized with the Yoast SEO plugin v27.3 - https:\/\/yoast.com\/product\/yoast-seo-wordpress\/ -->\n<title>Volant moteur Case IH avec couronne - 856 955 956 1055 1056 - Edel<\/title>\n<meta name=\"description\" content=\"Volant moteur Case IH avec couronne - Couronne - 856 955 956 1055 1056 856XL - 3218474R92 - Tracteur agricole\" \/>\n<meta name=\"robots\" content=\"index, follow, max-snippet:-1, max-image-preview:large, max-video-preview:-1\" \/>\n<link rel=\"canonical\" href=\"http:\/\/www.edel.fr\/en\/product\/volant-moteur-case-ih-avec-couronne-856-955-956-1055-1056\/\" \/>\n<meta property=\"og:locale\" content=\"en_US\" \/>\n<meta property=\"og:type\" content=\"article\" \/>\n<meta property=\"og:title\" content=\"Volant moteur Case IH avec couronne - 856 955 956 1055 1056 - Edel\" \/>\n<meta property=\"og:description\" content=\"Volant moteur Case IH avec couronne - Couronne - 856 955 956 1055 1056 856XL - 3218474R92 - Tracteur agricole\" \/>\n<meta property=\"og:url\" content=\"http:\/\/www.edel.fr\/en\/product\/volant-moteur-case-ih-avec-couronne-856-955-956-1055-1056\/\" \/>\n<meta property=\"og:site_name\" content=\"Edel\" \/>\n<meta property=\"article:modified_time\" content=\"2026-04-03T01:00:41+00:00\" \/>\n<meta property=\"og:image\" content=\"http:\/\/www.edel.fr\/uploads\/2020\/11\/volant-moteur-01E8281-1.jpg\" \/>\n\t<meta property=\"og:image:width\" content=\"1512\" \/>\n\t<meta property=\"og:image:height\" content=\"1581\" \/>\n\t<meta property=\"og:image:type\" content=\"image\/jpeg\" \/>\n<meta name=\"twitter:card\" content=\"summary_large_image\" \/>\n<meta name=\"twitter:label1\" content=\"Est. reading time\" \/>\n\t<meta name=\"twitter:data1\" content=\"1 minute\" \/>\n<script type=\"application\/ld+json\" class=\"yoast-schema-graph\">{\"@context\":\"https:\\\/\\\/schema.org\",\"@graph\":[{\"@type\":\"WebPage\",\"@id\":\"http:\\\/\\\/www.edel.fr\\\/produit\\\/volant-moteur-case-ih-avec-couronne-856-955-956-1055-1056\\\/\",\"url\":\"http:\\\/\\\/www.edel.fr\\\/produit\\\/volant-moteur-case-ih-avec-couronne-856-955-956-1055-1056\\\/\",\"name\":\"Volant moteur Case IH avec couronne - 856 955 956 1055 1056 - Edel\",\"isPartOf\":{\"@id\":\"http:\\\/\\\/www.edel.fr\\\/en\\\/#website\"},\"primaryImageOfPage\":{\"@id\":\"http:\\\/\\\/www.edel.fr\\\/produit\\\/volant-moteur-case-ih-avec-couronne-856-955-956-1055-1056\\\/#primaryimage\"},\"image\":{\"@id\":\"http:\\\/\\\/www.edel.fr\\\/produit\\\/volant-moteur-case-ih-avec-couronne-856-955-956-1055-1056\\\/#primaryimage\"},\"thumbnailUrl\":\"http:\\\/\\\/www.edel.fr\\\/uploads\\\/2020\\\/11\\\/volant-moteur-01E8281-1.jpg\",\"datePublished\":\"2020-11-23T12:55:23+00:00\",\"dateModified\":\"2026-04-03T01:00:41+00:00\",\"description\":\"Volant moteur Case IH avec couronne - Couronne - 856 955 956 1055 1056 856XL - 3218474R92 - Tracteur agricole\",\"breadcrumb\":{\"@id\":\"http:\\\/\\\/www.edel.fr\\\/produit\\\/volant-moteur-case-ih-avec-couronne-856-955-956-1055-1056\\\/#breadcrumb\"},\"inLanguage\":\"en-US\",\"potentialAction\":[{\"@type\":\"ReadAction\",\"target\":[\"http:\\\/\\\/www.edel.fr\\\/produit\\\/volant-moteur-case-ih-avec-couronne-856-955-956-1055-1056\\\/\"]}]},{\"@type\":\"ImageObject\",\"inLanguage\":\"en-US\",\"@id\":\"http:\\\/\\\/www.edel.fr\\\/produit\\\/volant-moteur-case-ih-avec-couronne-856-955-956-1055-1056\\\/#primaryimage\",\"url\":\"http:\\\/\\\/www.edel.fr\\\/uploads\\\/2020\\\/11\\\/volant-moteur-01E8281-1.jpg\",\"contentUrl\":\"http:\\\/\\\/www.edel.fr\\\/uploads\\\/2020\\\/11\\\/volant-moteur-01E8281-1.jpg\",\"width\":1512,\"height\":1581,\"caption\":\"Volant moteur Case IH avec couronne - 856 955 956 1055 1056\"},{\"@type\":\"BreadcrumbList\",\"@id\":\"http:\\\/\\\/www.edel.fr\\\/produit\\\/volant-moteur-case-ih-avec-couronne-856-955-956-1055-1056\\\/#breadcrumb\",\"itemListElement\":[{\"@type\":\"ListItem\",\"position\":1,\"name\":\"Pi\u00e8ce Tracteur\",\"item\":\"http:\\\/\\\/www.edel.fr\\\/en\\\/\"},{\"@type\":\"ListItem\",\"position\":2,\"name\":\"Toutes nos pi\u00e8ces Tracteur\",\"item\":\"https:\\\/\\\/edel.fr\\\/shop\\\/\"},{\"@type\":\"ListItem\",\"position\":3,\"name\":\"Volant moteur Case IH avec couronne &#8211; 856 955 956 1055 1056\"}]},{\"@type\":\"WebSite\",\"@id\":\"http:\\\/\\\/www.edel.fr\\\/en\\\/#website\",\"url\":\"http:\\\/\\\/www.edel.fr\\\/en\\\/\",\"name\":\"Edel\",\"description\":\"Pi\u00e8ce d\u00e9tach\u00e9e de Tracteur Agricole\",\"publisher\":{\"@id\":\"http:\\\/\\\/www.edel.fr\\\/en\\\/#organization\"},\"potentialAction\":[{\"@type\":\"SearchAction\",\"target\":{\"@type\":\"EntryPoint\",\"urlTemplate\":\"http:\\\/\\\/www.edel.fr\\\/en\\\/?s={search_term_string}\"},\"query-input\":{\"@type\":\"PropertyValueSpecification\",\"valueRequired\":true,\"valueName\":\"search_term_string\"}}],\"inLanguage\":\"en-US\"},{\"@type\":\"Organization\",\"@id\":\"http:\\\/\\\/www.edel.fr\\\/en\\\/#organization\",\"name\":\"Edel\",\"url\":\"http:\\\/\\\/www.edel.fr\\\/en\\\/\",\"logo\":{\"@type\":\"ImageObject\",\"inLanguage\":\"en-US\",\"@id\":\"http:\\\/\\\/www.edel.fr\\\/en\\\/#\\\/schema\\\/logo\\\/image\\\/\",\"url\":\"https:\\\/\\\/www.edel.fr\\\/uploads\\\/2018\\\/11\\\/logo-edel.png\",\"contentUrl\":\"https:\\\/\\\/www.edel.fr\\\/uploads\\\/2018\\\/11\\\/logo-edel.png\",\"width\":257,\"height\":68,\"caption\":\"Edel\"},\"image\":{\"@id\":\"http:\\\/\\\/www.edel.fr\\\/en\\\/#\\\/schema\\\/logo\\\/image\\\/\"}}]}<\/script>\n<!-- \/ Yoast SEO plugin. -->","yoast_head_json":{"title":"Volant moteur Case IH avec couronne - 856 955 956 1055 1056 - Edel","description":"Volant moteur Case IH avec couronne - Couronne - 856 955 956 1055 1056 856XL - 3218474R92 - Tracteur agricole","robots":{"index":"index","follow":"follow","max-snippet":"max-snippet:-1","max-image-preview":"max-image-preview:large","max-video-preview":"max-video-preview:-1"},"canonical":"http:\/\/www.edel.fr\/en\/product\/volant-moteur-case-ih-avec-couronne-856-955-956-1055-1056\/","og_locale":"en_US","og_type":"article","og_title":"Volant moteur Case IH avec couronne - 856 955 956 1055 1056 - Edel","og_description":"Volant moteur Case IH avec couronne - Couronne - 856 955 956 1055 1056 856XL - 3218474R92 - Tracteur agricole","og_url":"http:\/\/www.edel.fr\/en\/product\/volant-moteur-case-ih-avec-couronne-856-955-956-1055-1056\/","og_site_name":"Edel","article_modified_time":"2026-04-03T01:00:41+00:00","og_image":[{"width":1512,"height":1581,"url":"http:\/\/www.edel.fr\/uploads\/2020\/11\/volant-moteur-01E8281-1.jpg","type":"image\/jpeg"}],"twitter_card":"summary_large_image","twitter_misc":{"Est. reading time":"1 minute"},"schema":{"@context":"https:\/\/schema.org","@graph":[{"@type":"WebPage","@id":"http:\/\/www.edel.fr\/produit\/volant-moteur-case-ih-avec-couronne-856-955-956-1055-1056\/","url":"http:\/\/www.edel.fr\/produit\/volant-moteur-case-ih-avec-couronne-856-955-956-1055-1056\/","name":"Volant moteur Case IH avec couronne - 856 955 956 1055 1056 - Edel","isPartOf":{"@id":"http:\/\/www.edel.fr\/en\/#website"},"primaryImageOfPage":{"@id":"http:\/\/www.edel.fr\/produit\/volant-moteur-case-ih-avec-couronne-856-955-956-1055-1056\/#primaryimage"},"image":{"@id":"http:\/\/www.edel.fr\/produit\/volant-moteur-case-ih-avec-couronne-856-955-956-1055-1056\/#primaryimage"},"thumbnailUrl":"http:\/\/www.edel.fr\/uploads\/2020\/11\/volant-moteur-01E8281-1.jpg","datePublished":"2020-11-23T12:55:23+00:00","dateModified":"2026-04-03T01:00:41+00:00","description":"Volant moteur Case IH avec couronne - Couronne - 856 955 956 1055 1056 856XL - 3218474R92 - Tracteur agricole","breadcrumb":{"@id":"http:\/\/www.edel.fr\/produit\/volant-moteur-case-ih-avec-couronne-856-955-956-1055-1056\/#breadcrumb"},"inLanguage":"en-US","potentialAction":[{"@type":"ReadAction","target":["http:\/\/www.edel.fr\/produit\/volant-moteur-case-ih-avec-couronne-856-955-956-1055-1056\/"]}]},{"@type":"ImageObject","inLanguage":"en-US","@id":"http:\/\/www.edel.fr\/produit\/volant-moteur-case-ih-avec-couronne-856-955-956-1055-1056\/#primaryimage","url":"http:\/\/www.edel.fr\/uploads\/2020\/11\/volant-moteur-01E8281-1.jpg","contentUrl":"http:\/\/www.edel.fr\/uploads\/2020\/11\/volant-moteur-01E8281-1.jpg","width":1512,"height":1581,"caption":"Volant moteur Case IH avec couronne - 856 955 956 1055 1056"},{"@type":"BreadcrumbList","@id":"http:\/\/www.edel.fr\/produit\/volant-moteur-case-ih-avec-couronne-856-955-956-1055-1056\/#breadcrumb","itemListElement":[{"@type":"ListItem","position":1,"name":"Pi\u00e8ce Tracteur","item":"http:\/\/www.edel.fr\/en\/"},{"@type":"ListItem","position":2,"name":"Toutes nos pi\u00e8ces Tracteur","item":"https:\/\/edel.fr\/shop\/"},{"@type":"ListItem","position":3,"name":"Volant moteur Case IH avec couronne &#8211; 856 955 956 1055 1056"}]},{"@type":"WebSite","@id":"http:\/\/www.edel.fr\/en\/#website","url":"http:\/\/www.edel.fr\/en\/","name":"Edel","description":"Pi\u00e8ce d\u00e9tach\u00e9e de Tracteur Agricole","publisher":{"@id":"http:\/\/www.edel.fr\/en\/#organization"},"potentialAction":[{"@type":"SearchAction","target":{"@type":"EntryPoint","urlTemplate":"http:\/\/www.edel.fr\/en\/?s={search_term_string}"},"query-input":{"@type":"PropertyValueSpecification","valueRequired":true,"valueName":"search_term_string"}}],"inLanguage":"en-US"},{"@type":"Organization","@id":"http:\/\/www.edel.fr\/en\/#organization","name":"Edel","url":"http:\/\/www.edel.fr\/en\/","logo":{"@type":"ImageObject","inLanguage":"en-US","@id":"http:\/\/www.edel.fr\/en\/#\/schema\/logo\/image\/","url":"https:\/\/www.edel.fr\/uploads\/2018\/11\/logo-edel.png","contentUrl":"https:\/\/www.edel.fr\/uploads\/2018\/11\/logo-edel.png","width":257,"height":68,"caption":"Edel"},"image":{"@id":"http:\/\/www.edel.fr\/en\/#\/schema\/logo\/image\/"}}]}},"_links":{"self":[{"href":"http:\/\/www.edel.fr\/en\/wp-json\/wp\/v2\/product\/8639","targetHints":{"allow":["GET"]}}],"collection":[{"href":"http:\/\/www.edel.fr\/en\/wp-json\/wp\/v2\/product"}],"about":[{"href":"http:\/\/www.edel.fr\/en\/wp-json\/wp\/v2\/types\/product"}],"version-history":[{"count":2,"href":"http:\/\/www.edel.fr\/en\/wp-json\/wp\/v2\/product\/8639\/revisions"}],"predecessor-version":[{"id":16287,"href":"http:\/\/www.edel.fr\/en\/wp-json\/wp\/v2\/product\/8639\/revisions\/16287"}],"wp:featuredmedia":[{"embeddable":true,"href":"http:\/\/www.edel.fr\/en\/wp-json\/wp\/v2\/media\/9497"}],"wp:attachment":[{"href":"http:\/\/www.edel.fr\/en\/wp-json\/wp\/v2\/media?parent=8639"}],"wp:term":[{"taxonomy":"product_brand","embeddable":true,"href":"http:\/\/www.edel.fr\/en\/wp-json\/wp\/v2\/product_brand?post=8639"},{"taxonomy":"product_cat","embeddable":true,"href":"http:\/\/www.edel.fr\/en\/wp-json\/wp\/v2\/product_cat?post=8639"},{"taxonomy":"product_tag","embeddable":true,"href":"http:\/\/www.edel.fr\/en\/wp-json\/wp\/v2\/product_tag?post=8639"},{"taxonomy":"tracteur","embeddable":true,"href":"http:\/\/www.edel.fr\/en\/wp-json\/wp\/v2\/tracteur?post=8639"}],"curies":[{"name":"wp","href":"https:\/\/api.w.org\/{rel}","templated":true}]}}