{"id":7899,"date":"2020-10-29T14:50:53","date_gmt":"2020-10-29T13:50:53","guid":{"rendered":"https:\/\/www.edel.fr\/?post_type=product&#038;p=7899"},"modified":"2026-02-24T02:00:39","modified_gmt":"2026-02-24T01:00:39","slug":"pompe-hydraulique-khd-deutz-fendt-0510615317-dx330-9006","status":"publish","type":"product","link":"http:\/\/www.edel.fr\/en\/product\/pompe-hydraulique-khd-deutz-fendt-0510615317-dx330-9006\/","title":{"rendered":"Pompe Hydraulique KHD Deutz, Fendt : 0510615317 &#8211; Tracteur"},"content":{"rendered":"<div data-elementor-type=\"wp-post\" data-elementor-id=\"7899\" class=\"elementor elementor-7899\">\n\t\t\t\t\t\t<section class=\"elementor-section elementor-top-section elementor-element elementor-element-3bf7d283 elementor-section-boxed elementor-section-height-default elementor-section-height-default\" data-id=\"3bf7d283\" data-element_type=\"section\" data-e-type=\"section\">\n\t\t\t\t\t\t<div class=\"elementor-container elementor-column-gap-default\">\n\t\t\t\t\t<div class=\"elementor-column elementor-col-100 elementor-top-column elementor-element elementor-element-36ad90ff\" data-id=\"36ad90ff\" data-element_type=\"column\" data-e-type=\"column\">\n\t\t\t<div class=\"elementor-widget-wrap elementor-element-populated\">\n\t\t\t\t\t\t<div class=\"elementor-element elementor-element-58bfad82 elementor-widget elementor-widget-heading\" data-id=\"58bfad82\" data-element_type=\"widget\" data-e-type=\"widget\" data-widget_type=\"heading.default\">\n\t\t\t\t<div class=\"elementor-widget-container\">\n\t\t\t\t\t<h2 class=\"elementor-heading-title elementor-size-default\">POMPE HYDRAULIQUE SIMPLE<\/h2>\t\t\t\t<\/div>\n\t\t\t\t<\/div>\n\t\t\t\t<div class=\"elementor-element elementor-element-36a9ac3b elementor-widget elementor-widget-heading\" data-id=\"36a9ac3b\" data-element_type=\"widget\" data-e-type=\"widget\" data-widget_type=\"heading.default\">\n\t\t\t\t<div class=\"elementor-widget-container\">\n\t\t\t\t\t<h3 class=\"elementor-heading-title elementor-size-default\">Information du produit :<\/h3>\t\t\t\t<\/div>\n\t\t\t\t<\/div>\n\t\t\t\t\t<\/div>\n\t\t<\/div>\n\t\t\t\t\t<\/div>\n\t\t<\/section>\n\t\t\t\t<section class=\"elementor-section elementor-top-section elementor-element elementor-element-290ca7d1 elementor-section-boxed elementor-section-height-default elementor-section-height-default\" data-id=\"290ca7d1\" data-element_type=\"section\" data-e-type=\"section\">\n\t\t\t\t\t\t<div class=\"elementor-container elementor-column-gap-default\">\n\t\t\t\t\t<div class=\"elementor-column elementor-col-100 elementor-top-column elementor-element elementor-element-773f35b7\" data-id=\"773f35b7\" data-element_type=\"column\" data-e-type=\"column\">\n\t\t\t<div class=\"elementor-widget-wrap elementor-element-populated\">\n\t\t\t\t\t\t<div class=\"elementor-element elementor-element-7774c225 elementor-widget elementor-widget-text-editor\" data-id=\"7774c225\" data-element_type=\"widget\" data-e-type=\"widget\" data-widget_type=\"text-editor.default\">\n\t\t\t\t<div class=\"elementor-widget-container\">\n\t\t\t\t\t\t\t\t\t<p>Marque origine Bosch Rexroth<\/p><ul><li><b>\u00c9quivalen<\/b><strong>t\u00a0\u00e0<\/strong> <strong>:<\/strong> <br \/>&#8211; 0510.512.304<br \/>&#8211; 0510.515.316<br \/>&#8211; 0510.515.317<br \/>&#8211; 0510.515.326<br \/>&#8211; 0510.515.333<br \/>&#8211; 0510.610.313<br \/>&#8211; 0510.615.317<br \/>&#8211; 0510.615.318<br \/>&#8211; 0510.615.326<br \/>&#8211; 0510.615.327<br \/>&#8211; 0510.610.333<br \/>&#8211; 0510.610.336<br \/>&#8211; 0510.615.318<br \/>&#8211; 0510.615.326<br \/>&#8211; 0510.615.327<br \/>&#8211; 0510.615.336<br \/>&#8211; 0510.615.338<br \/>-0510.515.320<br \/>&#8211; 434.53.63<br \/>&#8211; 0 7 008<br \/>&#8211; 0 8 001<br \/>&#8211; 0 8 002<br \/>&#8211; 4 627<br \/>&#8211; 14 CC Fahr 1080<\/li><\/ul><div><div>\u00a0<\/div><\/div>\t\t\t\t\t\t\t\t<\/div>\n\t\t\t\t<\/div>\n\t\t\t\t\t<\/div>\n\t\t<\/div>\n\t\t\t\t\t<\/div>\n\t\t<\/section>\n\t\t\t\t<\/div>","protected":false},"excerpt":{"rendered":"<p>POMPE HYDRAULIQUE SIMPLE Information du produit : Marque origine Bosch Rexroth \u00c9quivalent\u00a0\u00e0 : &#8211; 0510.512.304 &#8211; 0510.515.316 &#8211; 0510.515.317 &#8211; 0510.515.326 &#8211; 0510.515.333 &#8211; 0510.610.313 &#8211; 0510.615.317 &#8211; 0510.615.318 &#8211; 0510.615.326 &#8211; 0510.615.327 &#8211; 0510.610.333 &#8211; 0510.610.336 &#8211; 0510.615.318 &#8211; 0510.615.326 &#8211; 0510.615.327 &#8211; 0510.615.336 &#8211; 0510.615.338 -0510.515.320 &#8211; 434.53.63 &#8211; 0 7 008 &#8211;<br \/><a class=\"more-link\" href=\"http:\/\/www.edel.fr\/en\/product\/pompe-hydraulique-khd-deutz-fendt-0510615317-dx330-9006\/\"><br \/>\n        Read More<span class=\"screen-reader-text\"> \u00ab\u00a0Pompe Hydraulique KHD Deutz, Fendt : 0510615317 &#8211; Tracteur\u00a0\u00bb<\/span><\/a><\/p>","protected":false},"featured_media":7900,"template":"","meta":[],"product_brand":[],"product_cat":[155,3990,3987,167,119],"product_tag":[],"tracteur":[],"class_list":{"0":"post-7899","1":"product","2":"type-product","3":"status-publish","4":"has-post-thumbnail","6":"product_cat-hydraulique","7":"product_cat-pompe-hydraulique-deutz","8":"product_cat-pompe-hydraulique-fendt","9":"product_cat-pompes-hydrauliques","10":"product_cat-tracteurs-agricoles","11":"product_shipping_class-142","12":"pa_fabriquant-bosch","13":"pa_marque-tracteur-fendt","14":"pa_marque-tracteur-khd-deutz","15":"pa_type-2-2328","16":"pa_type-2-103-s","17":"pa_type-2-104-s","18":"pa_type-2-105-s","19":"pa_type-2-106-s","20":"pa_type-2-108-s","21":"pa_type-2-275s","22":"pa_type-2-304-ls","23":"pa_type-2-305ls","24":"pa_type-2-306-ls","25":"pa_type-2-308ls","26":"pa_type-2-600-ls","27":"pa_type-2-600-lsa","28":"pa_type-2-1229","29":"pa_type-2-1231","30":"pa_type-2-2311","31":"pa_type-2-1234","32":"pa_type-2-1235","33":"pa_type-2-2327","34":"pa_type-2-2772","35":"pa_type-2-d4006","36":"pa_type-2-d4007","37":"pa_type-2-d4506","38":"pa_type-2-d4507","39":"pa_type-2-d5006","40":"pa_type-2-d5206","41":"pa_type-2-d5506","42":"pa_type-2-d6005","43":"pa_type-2-d6006","44":"pa_type-2-d6206","45":"pa_type-2-d6806","46":"pa_type-2-d7006","47":"pa_type-2-dx-140","48":"pa_type-2-dx-160","49":"pa_type-2-dx-330","50":"pa_type-2-dx-350","51":"pa_type-2-dx-36","52":"pa_type-2-dx-370-2","53":"pa_type-2-dx-390","54":"pa_type-2-dx-50","55":"pa_type-2-dx-55","56":"pa_type-2-dx160","57":"pa_type-2-dx330","58":"pa_type-2-dx350","59":"pa_type-2-dx-370","60":"pa_type-2-dx710","61":"pa_type-2-fendt-203-p-1ere-serie","62":"pa_type-2-zetor-6245","63":"badges-style-2","65":"first","66":"instock","67":"taxable","68":"shipping-taxable","69":"purchasable","70":"product-type-simple"},"acf":[],"yoast_head":"<!-- This site is optimized with the Yoast SEO plugin v27.3 - https:\/\/yoast.com\/product\/yoast-seo-wordpress\/ -->\n<title>Pompe Hydraulique KHD Deutz, Fendt : 0510615317 - Tracteur - Edel<\/title>\n<meta name=\"description\" content=\"Pompe Hydraulique KHD Deutz, Fendt - 10006 103 S 104 S 105 S 106 S 108 S 275S 304 LS 305L 306 LS 308LS 600 LS 6507 7207 7807 8006 D4007 D4507 D5006 DX140\" \/>\n<meta name=\"robots\" content=\"index, follow, max-snippet:-1, max-image-preview:large, max-video-preview:-1\" \/>\n<link rel=\"canonical\" href=\"http:\/\/edel.fr\/produit\/pompe-hydraulique-khd-deutz-fendt-0510615317-dx330-9006\/\" \/>\n<meta property=\"og:locale\" content=\"en_US\" \/>\n<meta property=\"og:type\" content=\"article\" \/>\n<meta property=\"og:title\" content=\"Pompe Hydraulique KHD Deutz, Fendt : 0510615317 - Tracteur - Edel\" \/>\n<meta property=\"og:description\" content=\"Pompe Hydraulique KHD Deutz, Fendt - 10006 103 S 104 S 105 S 106 S 108 S 275S 304 LS 305L 306 LS 308LS 600 LS 6507 7207 7807 8006 D4007 D4507 D5006 DX140\" \/>\n<meta property=\"og:url\" content=\"http:\/\/edel.fr\/produit\/pompe-hydraulique-khd-deutz-fendt-0510615317-dx330-9006\/\" \/>\n<meta property=\"og:site_name\" content=\"Edel\" \/>\n<meta property=\"article:modified_time\" content=\"2026-02-24T01:00:39+00:00\" \/>\n<meta property=\"og:image\" content=\"http:\/\/edel.fr\/uploads\/2020\/10\/pompe-615317.jpg\" \/>\n\t<meta property=\"og:image:width\" content=\"1512\" \/>\n\t<meta property=\"og:image:height\" content=\"1512\" \/>\n\t<meta property=\"og:image:type\" content=\"image\/jpeg\" \/>\n<meta name=\"twitter:card\" content=\"summary_large_image\" \/>\n<meta name=\"twitter:label1\" content=\"Est. reading time\" \/>\n\t<meta name=\"twitter:data1\" content=\"1 minute\" \/>\n<script type=\"application\/ld+json\" class=\"yoast-schema-graph\">{\"@context\":\"https:\\\/\\\/schema.org\",\"@graph\":[{\"@type\":\"WebPage\",\"@id\":\"http:\\\/\\\/edel.fr\\\/produit\\\/pompe-hydraulique-khd-deutz-fendt-0510615317-dx330-9006\\\/\",\"url\":\"http:\\\/\\\/edel.fr\\\/produit\\\/pompe-hydraulique-khd-deutz-fendt-0510615317-dx330-9006\\\/\",\"name\":\"Pompe Hydraulique KHD Deutz, Fendt : 0510615317 - Tracteur - Edel\",\"isPartOf\":{\"@id\":\"https:\\\/\\\/www.edel.fr\\\/en\\\/#website\"},\"primaryImageOfPage\":{\"@id\":\"http:\\\/\\\/edel.fr\\\/produit\\\/pompe-hydraulique-khd-deutz-fendt-0510615317-dx330-9006\\\/#primaryimage\"},\"image\":{\"@id\":\"http:\\\/\\\/edel.fr\\\/produit\\\/pompe-hydraulique-khd-deutz-fendt-0510615317-dx330-9006\\\/#primaryimage\"},\"thumbnailUrl\":\"http:\\\/\\\/www.edel.fr\\\/uploads\\\/2020\\\/10\\\/pompe-615317.jpg\",\"datePublished\":\"2020-10-29T13:50:53+00:00\",\"dateModified\":\"2026-02-24T01:00:39+00:00\",\"description\":\"Pompe Hydraulique KHD Deutz, Fendt - 10006 103 S 104 S 105 S 106 S 108 S 275S 304 LS 305L 306 LS 308LS 600 LS 6507 7207 7807 8006 D4007 D4507 D5006 DX140\",\"breadcrumb\":{\"@id\":\"http:\\\/\\\/edel.fr\\\/produit\\\/pompe-hydraulique-khd-deutz-fendt-0510615317-dx330-9006\\\/#breadcrumb\"},\"inLanguage\":\"en-US\",\"potentialAction\":[{\"@type\":\"ReadAction\",\"target\":[\"http:\\\/\\\/edel.fr\\\/produit\\\/pompe-hydraulique-khd-deutz-fendt-0510615317-dx330-9006\\\/\"]}]},{\"@type\":\"ImageObject\",\"inLanguage\":\"en-US\",\"@id\":\"http:\\\/\\\/edel.fr\\\/produit\\\/pompe-hydraulique-khd-deutz-fendt-0510615317-dx330-9006\\\/#primaryimage\",\"url\":\"http:\\\/\\\/www.edel.fr\\\/uploads\\\/2020\\\/10\\\/pompe-615317.jpg\",\"contentUrl\":\"http:\\\/\\\/www.edel.fr\\\/uploads\\\/2020\\\/10\\\/pompe-615317.jpg\",\"width\":1512,\"height\":1512,\"caption\":\"Pompe Hydraulique KHD Deutz, Fendt 0510615317\"},{\"@type\":\"BreadcrumbList\",\"@id\":\"http:\\\/\\\/edel.fr\\\/produit\\\/pompe-hydraulique-khd-deutz-fendt-0510615317-dx330-9006\\\/#breadcrumb\",\"itemListElement\":[{\"@type\":\"ListItem\",\"position\":1,\"name\":\"Pi\u00e8ce Tracteur\",\"item\":\"https:\\\/\\\/www.edel.fr\\\/en\\\/\"},{\"@type\":\"ListItem\",\"position\":2,\"name\":\"Toutes nos pi\u00e8ces Tracteur\",\"item\":\"https:\\\/\\\/edel.fr\\\/shop\\\/\"},{\"@type\":\"ListItem\",\"position\":3,\"name\":\"Pompe Hydraulique KHD Deutz, Fendt : 0510615317 &#8211; Tracteur\"}]},{\"@type\":\"WebSite\",\"@id\":\"https:\\\/\\\/www.edel.fr\\\/en\\\/#website\",\"url\":\"https:\\\/\\\/www.edel.fr\\\/en\\\/\",\"name\":\"Edel\",\"description\":\"Pi\u00e8ce d\u00e9tach\u00e9e de Tracteur Agricole\",\"publisher\":{\"@id\":\"https:\\\/\\\/www.edel.fr\\\/en\\\/#organization\"},\"potentialAction\":[{\"@type\":\"SearchAction\",\"target\":{\"@type\":\"EntryPoint\",\"urlTemplate\":\"https:\\\/\\\/www.edel.fr\\\/en\\\/?s={search_term_string}\"},\"query-input\":{\"@type\":\"PropertyValueSpecification\",\"valueRequired\":true,\"valueName\":\"search_term_string\"}}],\"inLanguage\":\"en-US\"},{\"@type\":\"Organization\",\"@id\":\"https:\\\/\\\/www.edel.fr\\\/en\\\/#organization\",\"name\":\"Edel\",\"url\":\"https:\\\/\\\/www.edel.fr\\\/en\\\/\",\"logo\":{\"@type\":\"ImageObject\",\"inLanguage\":\"en-US\",\"@id\":\"https:\\\/\\\/www.edel.fr\\\/en\\\/#\\\/schema\\\/logo\\\/image\\\/\",\"url\":\"https:\\\/\\\/www.edel.fr\\\/uploads\\\/2018\\\/11\\\/logo-edel.png\",\"contentUrl\":\"https:\\\/\\\/www.edel.fr\\\/uploads\\\/2018\\\/11\\\/logo-edel.png\",\"width\":257,\"height\":68,\"caption\":\"Edel\"},\"image\":{\"@id\":\"https:\\\/\\\/www.edel.fr\\\/en\\\/#\\\/schema\\\/logo\\\/image\\\/\"}}]}<\/script>\n<!-- \/ Yoast SEO plugin. -->","yoast_head_json":{"title":"Pompe Hydraulique KHD Deutz, Fendt : 0510615317 - Tracteur - Edel","description":"Pompe Hydraulique KHD Deutz, Fendt - 10006 103 S 104 S 105 S 106 S 108 S 275S 304 LS 305L 306 LS 308LS 600 LS 6507 7207 7807 8006 D4007 D4507 D5006 DX140","robots":{"index":"index","follow":"follow","max-snippet":"max-snippet:-1","max-image-preview":"max-image-preview:large","max-video-preview":"max-video-preview:-1"},"canonical":"http:\/\/edel.fr\/produit\/pompe-hydraulique-khd-deutz-fendt-0510615317-dx330-9006\/","og_locale":"en_US","og_type":"article","og_title":"Pompe Hydraulique KHD Deutz, Fendt : 0510615317 - Tracteur - Edel","og_description":"Pompe Hydraulique KHD Deutz, Fendt - 10006 103 S 104 S 105 S 106 S 108 S 275S 304 LS 305L 306 LS 308LS 600 LS 6507 7207 7807 8006 D4007 D4507 D5006 DX140","og_url":"http:\/\/edel.fr\/produit\/pompe-hydraulique-khd-deutz-fendt-0510615317-dx330-9006\/","og_site_name":"Edel","article_modified_time":"2026-02-24T01:00:39+00:00","og_image":[{"width":1512,"height":1512,"url":"http:\/\/edel.fr\/uploads\/2020\/10\/pompe-615317.jpg","type":"image\/jpeg"}],"twitter_card":"summary_large_image","twitter_misc":{"Est. reading time":"1 minute"},"schema":{"@context":"https:\/\/schema.org","@graph":[{"@type":"WebPage","@id":"http:\/\/edel.fr\/produit\/pompe-hydraulique-khd-deutz-fendt-0510615317-dx330-9006\/","url":"http:\/\/edel.fr\/produit\/pompe-hydraulique-khd-deutz-fendt-0510615317-dx330-9006\/","name":"Pompe Hydraulique KHD Deutz, Fendt : 0510615317 - Tracteur - Edel","isPartOf":{"@id":"https:\/\/www.edel.fr\/en\/#website"},"primaryImageOfPage":{"@id":"http:\/\/edel.fr\/produit\/pompe-hydraulique-khd-deutz-fendt-0510615317-dx330-9006\/#primaryimage"},"image":{"@id":"http:\/\/edel.fr\/produit\/pompe-hydraulique-khd-deutz-fendt-0510615317-dx330-9006\/#primaryimage"},"thumbnailUrl":"http:\/\/www.edel.fr\/uploads\/2020\/10\/pompe-615317.jpg","datePublished":"2020-10-29T13:50:53+00:00","dateModified":"2026-02-24T01:00:39+00:00","description":"Pompe Hydraulique KHD Deutz, Fendt - 10006 103 S 104 S 105 S 106 S 108 S 275S 304 LS 305L 306 LS 308LS 600 LS 6507 7207 7807 8006 D4007 D4507 D5006 DX140","breadcrumb":{"@id":"http:\/\/edel.fr\/produit\/pompe-hydraulique-khd-deutz-fendt-0510615317-dx330-9006\/#breadcrumb"},"inLanguage":"en-US","potentialAction":[{"@type":"ReadAction","target":["http:\/\/edel.fr\/produit\/pompe-hydraulique-khd-deutz-fendt-0510615317-dx330-9006\/"]}]},{"@type":"ImageObject","inLanguage":"en-US","@id":"http:\/\/edel.fr\/produit\/pompe-hydraulique-khd-deutz-fendt-0510615317-dx330-9006\/#primaryimage","url":"http:\/\/www.edel.fr\/uploads\/2020\/10\/pompe-615317.jpg","contentUrl":"http:\/\/www.edel.fr\/uploads\/2020\/10\/pompe-615317.jpg","width":1512,"height":1512,"caption":"Pompe Hydraulique KHD Deutz, Fendt 0510615317"},{"@type":"BreadcrumbList","@id":"http:\/\/edel.fr\/produit\/pompe-hydraulique-khd-deutz-fendt-0510615317-dx330-9006\/#breadcrumb","itemListElement":[{"@type":"ListItem","position":1,"name":"Pi\u00e8ce Tracteur","item":"https:\/\/www.edel.fr\/en\/"},{"@type":"ListItem","position":2,"name":"Toutes nos pi\u00e8ces Tracteur","item":"https:\/\/edel.fr\/shop\/"},{"@type":"ListItem","position":3,"name":"Pompe Hydraulique KHD Deutz, Fendt : 0510615317 &#8211; Tracteur"}]},{"@type":"WebSite","@id":"https:\/\/www.edel.fr\/en\/#website","url":"https:\/\/www.edel.fr\/en\/","name":"Edel","description":"Pi\u00e8ce d\u00e9tach\u00e9e de Tracteur Agricole","publisher":{"@id":"https:\/\/www.edel.fr\/en\/#organization"},"potentialAction":[{"@type":"SearchAction","target":{"@type":"EntryPoint","urlTemplate":"https:\/\/www.edel.fr\/en\/?s={search_term_string}"},"query-input":{"@type":"PropertyValueSpecification","valueRequired":true,"valueName":"search_term_string"}}],"inLanguage":"en-US"},{"@type":"Organization","@id":"https:\/\/www.edel.fr\/en\/#organization","name":"Edel","url":"https:\/\/www.edel.fr\/en\/","logo":{"@type":"ImageObject","inLanguage":"en-US","@id":"https:\/\/www.edel.fr\/en\/#\/schema\/logo\/image\/","url":"https:\/\/www.edel.fr\/uploads\/2018\/11\/logo-edel.png","contentUrl":"https:\/\/www.edel.fr\/uploads\/2018\/11\/logo-edel.png","width":257,"height":68,"caption":"Edel"},"image":{"@id":"https:\/\/www.edel.fr\/en\/#\/schema\/logo\/image\/"}}]}},"_links":{"self":[{"href":"http:\/\/www.edel.fr\/en\/wp-json\/wp\/v2\/product\/7899","targetHints":{"allow":["GET"]}}],"collection":[{"href":"http:\/\/www.edel.fr\/en\/wp-json\/wp\/v2\/product"}],"about":[{"href":"http:\/\/www.edel.fr\/en\/wp-json\/wp\/v2\/types\/product"}],"version-history":[{"count":2,"href":"http:\/\/www.edel.fr\/en\/wp-json\/wp\/v2\/product\/7899\/revisions"}],"predecessor-version":[{"id":13580,"href":"http:\/\/www.edel.fr\/en\/wp-json\/wp\/v2\/product\/7899\/revisions\/13580"}],"wp:featuredmedia":[{"embeddable":true,"href":"http:\/\/www.edel.fr\/en\/wp-json\/wp\/v2\/media\/7900"}],"wp:attachment":[{"href":"http:\/\/www.edel.fr\/en\/wp-json\/wp\/v2\/media?parent=7899"}],"wp:term":[{"taxonomy":"product_brand","embeddable":true,"href":"http:\/\/www.edel.fr\/en\/wp-json\/wp\/v2\/product_brand?post=7899"},{"taxonomy":"product_cat","embeddable":true,"href":"http:\/\/www.edel.fr\/en\/wp-json\/wp\/v2\/product_cat?post=7899"},{"taxonomy":"product_tag","embeddable":true,"href":"http:\/\/www.edel.fr\/en\/wp-json\/wp\/v2\/product_tag?post=7899"},{"taxonomy":"tracteur","embeddable":true,"href":"http:\/\/www.edel.fr\/en\/wp-json\/wp\/v2\/tracteur?post=7899"}],"curies":[{"name":"wp","href":"https:\/\/api.w.org\/{rel}","templated":true}]}}