{"id":7868,"date":"2020-10-29T11:23:52","date_gmt":"2020-10-29T10:23:52","guid":{"rendered":"https:\/\/www.edel.fr\/?post_type=product&#038;p=7868"},"modified":"2025-11-05T21:07:39","modified_gmt":"2025-11-05T20:07:39","slug":"pompe-hydraulique-fendt-john-deere-khd-deutz-0510515310","status":"publish","type":"product","link":"http:\/\/www.edel.fr\/en\/product\/pompe-hydraulique-fendt-john-deere-khd-deutz-0510515310\/","title":{"rendered":"Pompe Hydraulique Tracteur Fendt, John Deere, KHD : 0510515310"},"content":{"rendered":"<div data-elementor-type=\"wp-post\" data-elementor-id=\"7868\" class=\"elementor elementor-7868\">\n\t\t\t\t\t\t<section class=\"elementor-section elementor-top-section elementor-element elementor-element-5cb15da7 elementor-section-boxed elementor-section-height-default elementor-section-height-default\" data-id=\"5cb15da7\" data-element_type=\"section\" data-e-type=\"section\">\n\t\t\t\t\t\t<div class=\"elementor-container elementor-column-gap-default\">\n\t\t\t\t\t<div class=\"elementor-column elementor-col-100 elementor-top-column elementor-element elementor-element-f607a8c\" data-id=\"f607a8c\" data-element_type=\"column\" data-e-type=\"column\">\n\t\t\t<div class=\"elementor-widget-wrap elementor-element-populated\">\n\t\t\t\t\t\t<div class=\"elementor-element elementor-element-6ceae7fa elementor-widget elementor-widget-heading\" data-id=\"6ceae7fa\" data-element_type=\"widget\" data-e-type=\"widget\" data-widget_type=\"heading.default\">\n\t\t\t\t<div class=\"elementor-widget-container\">\n\t\t\t\t\t<h2 class=\"elementor-heading-title elementor-size-default\">POMPE HYDRAULIQUE SIMPLE<\/h2>\t\t\t\t<\/div>\n\t\t\t\t<\/div>\n\t\t\t\t<div class=\"elementor-element elementor-element-554d9f93 elementor-widget elementor-widget-heading\" data-id=\"554d9f93\" data-element_type=\"widget\" data-e-type=\"widget\" data-widget_type=\"heading.default\">\n\t\t\t\t<div class=\"elementor-widget-container\">\n\t\t\t\t\t<h3 class=\"elementor-heading-title elementor-size-default\">Information du produit :<\/h3>\t\t\t\t<\/div>\n\t\t\t\t<\/div>\n\t\t\t\t\t<\/div>\n\t\t<\/div>\n\t\t\t\t\t<\/div>\n\t\t<\/section>\n\t\t\t\t<section class=\"elementor-section elementor-top-section elementor-element elementor-element-290ca7d1 elementor-section-boxed elementor-section-height-default elementor-section-height-default\" data-id=\"290ca7d1\" data-element_type=\"section\" data-e-type=\"section\">\n\t\t\t\t\t\t<div class=\"elementor-container elementor-column-gap-default\">\n\t\t\t\t\t<div class=\"elementor-column elementor-col-100 elementor-top-column elementor-element elementor-element-773f35b7\" data-id=\"773f35b7\" data-element_type=\"column\" data-e-type=\"column\">\n\t\t\t<div class=\"elementor-widget-wrap elementor-element-populated\">\n\t\t\t\t\t\t<div class=\"elementor-element elementor-element-7774c225 elementor-widget elementor-widget-text-editor\" data-id=\"7774c225\" data-element_type=\"widget\" data-e-type=\"widget\" data-widget_type=\"text-editor.default\">\n\t\t\t\t<div class=\"elementor-widget-container\">\n\t\t\t\t\t\t\t\t\t<p>Marque origine Bosch Rexroth<\/p><div><div>\u00a0<\/div><\/div>\t\t\t\t\t\t\t\t<\/div>\n\t\t\t\t<\/div>\n\t\t\t\t\t<\/div>\n\t\t<\/div>\n\t\t\t\t\t<\/div>\n\t\t<\/section>\n\t\t\t\t<\/div>","protected":false},"excerpt":{"rendered":"<p>POMPE HYDRAULIQUE SIMPLE Information du produit : Marque origine Bosch Rexroth<\/p>","protected":false},"featured_media":7869,"template":"","meta":[],"product_brand":[],"product_cat":[155,3990,3987,3989,167,119],"product_tag":[],"tracteur":[],"class_list":{"0":"post-7868","1":"product","2":"type-product","3":"status-publish","4":"has-post-thumbnail","6":"product_cat-hydraulique","7":"product_cat-pompe-hydraulique-deutz","8":"product_cat-pompe-hydraulique-fendt","9":"product_cat-pompe-hydraulique-john-deere","10":"product_cat-pompes-hydrauliques","11":"product_cat-tracteurs-agricoles","12":"product_shipping_class-142","13":"pa_fabriquant-bosch","14":"pa_marque-tracteur-fendt","15":"pa_marque-tracteur-john-deere","16":"pa_marque-tracteur-khd-deutz","17":"pa_modele-tracteur-vignerons","18":"badges-style-2","20":"first","21":"outofstock","22":"taxable","23":"shipping-taxable","24":"purchasable","25":"product-type-simple"},"acf":[],"yoast_head":"<!-- This site is optimized with the Yoast SEO plugin v27.3 - https:\/\/yoast.com\/product\/yoast-seo-wordpress\/ -->\n<title>Pompe Hydraulique Tracteur Fendt, John Deere, KHD : 0510515310 - Edel<\/title>\n<meta name=\"description\" content=\"Pompe Hydraulique Tracteur Fendt, John Deere, KHD Deutz - 0510515310 - Vignerons - Pompe hydraulique simple - Bosch - Schantzlin - 2.6 Kg\" \/>\n<meta name=\"robots\" content=\"index, follow, max-snippet:-1, max-image-preview:large, max-video-preview:-1\" \/>\n<link rel=\"canonical\" href=\"https:\/\/edel.fr\/produit\/pompe-hydraulique-fendt-john-deere-khd-deutz-0510515310\/\" \/>\n<meta property=\"og:locale\" content=\"en_US\" \/>\n<meta property=\"og:type\" content=\"article\" \/>\n<meta property=\"og:title\" content=\"Pompe Hydraulique Tracteur Fendt, John Deere, KHD : 0510515310 - Edel\" \/>\n<meta property=\"og:description\" content=\"Pompe Hydraulique Tracteur Fendt, John Deere, KHD Deutz - 0510515310 - Vignerons - Pompe hydraulique simple - Bosch - Schantzlin - 2.6 Kg\" \/>\n<meta property=\"og:url\" content=\"https:\/\/edel.fr\/produit\/pompe-hydraulique-fendt-john-deere-khd-deutz-0510515310\/\" \/>\n<meta property=\"og:site_name\" content=\"Edel\" \/>\n<meta property=\"article:modified_time\" content=\"2025-11-05T20:07:39+00:00\" \/>\n<meta property=\"og:image\" content=\"https:\/\/edel.fr\/uploads\/2020\/10\/pompe-515310.jpg\" \/>\n\t<meta property=\"og:image:width\" content=\"1512\" \/>\n\t<meta property=\"og:image:height\" content=\"1384\" \/>\n\t<meta property=\"og:image:type\" content=\"image\/jpeg\" \/>\n<meta name=\"twitter:card\" content=\"summary_large_image\" \/>\n<meta name=\"twitter:label1\" content=\"Est. reading time\" \/>\n\t<meta name=\"twitter:data1\" content=\"1 minute\" \/>\n<script type=\"application\/ld+json\" class=\"yoast-schema-graph\">{\"@context\":\"https:\\\/\\\/schema.org\",\"@graph\":[{\"@type\":\"WebPage\",\"@id\":\"https:\\\/\\\/edel.fr\\\/produit\\\/pompe-hydraulique-fendt-john-deere-khd-deutz-0510515310\\\/\",\"url\":\"https:\\\/\\\/edel.fr\\\/produit\\\/pompe-hydraulique-fendt-john-deere-khd-deutz-0510515310\\\/\",\"name\":\"Pompe Hydraulique Tracteur Fendt, John Deere, KHD : 0510515310 - Edel\",\"isPartOf\":{\"@id\":\"https:\\\/\\\/www.edel.fr\\\/en\\\/#website\"},\"primaryImageOfPage\":{\"@id\":\"https:\\\/\\\/edel.fr\\\/produit\\\/pompe-hydraulique-fendt-john-deere-khd-deutz-0510515310\\\/#primaryimage\"},\"image\":{\"@id\":\"https:\\\/\\\/edel.fr\\\/produit\\\/pompe-hydraulique-fendt-john-deere-khd-deutz-0510515310\\\/#primaryimage\"},\"thumbnailUrl\":\"http:\\\/\\\/www.edel.fr\\\/uploads\\\/2020\\\/10\\\/pompe-515310.jpg\",\"datePublished\":\"2020-10-29T10:23:52+00:00\",\"dateModified\":\"2025-11-05T20:07:39+00:00\",\"description\":\"Pompe Hydraulique Tracteur Fendt, John Deere, KHD Deutz - 0510515310 - Vignerons - Pompe hydraulique simple - Bosch - Schantzlin - 2.6 Kg\",\"breadcrumb\":{\"@id\":\"https:\\\/\\\/edel.fr\\\/produit\\\/pompe-hydraulique-fendt-john-deere-khd-deutz-0510515310\\\/#breadcrumb\"},\"inLanguage\":\"en-US\",\"potentialAction\":[{\"@type\":\"ReadAction\",\"target\":[\"https:\\\/\\\/edel.fr\\\/produit\\\/pompe-hydraulique-fendt-john-deere-khd-deutz-0510515310\\\/\"]}]},{\"@type\":\"ImageObject\",\"inLanguage\":\"en-US\",\"@id\":\"https:\\\/\\\/edel.fr\\\/produit\\\/pompe-hydraulique-fendt-john-deere-khd-deutz-0510515310\\\/#primaryimage\",\"url\":\"http:\\\/\\\/www.edel.fr\\\/uploads\\\/2020\\\/10\\\/pompe-515310.jpg\",\"contentUrl\":\"http:\\\/\\\/www.edel.fr\\\/uploads\\\/2020\\\/10\\\/pompe-515310.jpg\",\"width\":1512,\"height\":1384,\"caption\":\"Pompe Hydraulique Fendt\"},{\"@type\":\"BreadcrumbList\",\"@id\":\"https:\\\/\\\/edel.fr\\\/produit\\\/pompe-hydraulique-fendt-john-deere-khd-deutz-0510515310\\\/#breadcrumb\",\"itemListElement\":[{\"@type\":\"ListItem\",\"position\":1,\"name\":\"Pi\u00e8ce Tracteur\",\"item\":\"https:\\\/\\\/www.edel.fr\\\/en\\\/\"},{\"@type\":\"ListItem\",\"position\":2,\"name\":\"Toutes nos pi\u00e8ces Tracteur\",\"item\":\"https:\\\/\\\/edel.fr\\\/shop\\\/\"},{\"@type\":\"ListItem\",\"position\":3,\"name\":\"Pompe Hydraulique Tracteur Fendt, John Deere, KHD : 0510515310\"}]},{\"@type\":\"WebSite\",\"@id\":\"https:\\\/\\\/www.edel.fr\\\/en\\\/#website\",\"url\":\"https:\\\/\\\/www.edel.fr\\\/en\\\/\",\"name\":\"Edel\",\"description\":\"Pi\u00e8ce d\u00e9tach\u00e9e de Tracteur Agricole\",\"publisher\":{\"@id\":\"https:\\\/\\\/www.edel.fr\\\/en\\\/#organization\"},\"potentialAction\":[{\"@type\":\"SearchAction\",\"target\":{\"@type\":\"EntryPoint\",\"urlTemplate\":\"https:\\\/\\\/www.edel.fr\\\/en\\\/?s={search_term_string}\"},\"query-input\":{\"@type\":\"PropertyValueSpecification\",\"valueRequired\":true,\"valueName\":\"search_term_string\"}}],\"inLanguage\":\"en-US\"},{\"@type\":\"Organization\",\"@id\":\"https:\\\/\\\/www.edel.fr\\\/en\\\/#organization\",\"name\":\"Edel\",\"url\":\"https:\\\/\\\/www.edel.fr\\\/en\\\/\",\"logo\":{\"@type\":\"ImageObject\",\"inLanguage\":\"en-US\",\"@id\":\"https:\\\/\\\/www.edel.fr\\\/en\\\/#\\\/schema\\\/logo\\\/image\\\/\",\"url\":\"https:\\\/\\\/www.edel.fr\\\/uploads\\\/2018\\\/11\\\/logo-edel.png\",\"contentUrl\":\"https:\\\/\\\/www.edel.fr\\\/uploads\\\/2018\\\/11\\\/logo-edel.png\",\"width\":257,\"height\":68,\"caption\":\"Edel\"},\"image\":{\"@id\":\"https:\\\/\\\/www.edel.fr\\\/en\\\/#\\\/schema\\\/logo\\\/image\\\/\"}}]}<\/script>\n<!-- \/ Yoast SEO plugin. -->","yoast_head_json":{"title":"Pompe Hydraulique Tracteur Fendt, John Deere, KHD : 0510515310 - Edel","description":"Pompe Hydraulique Tracteur Fendt, John Deere, KHD Deutz - 0510515310 - Vignerons - Pompe hydraulique simple - Bosch - Schantzlin - 2.6 Kg","robots":{"index":"index","follow":"follow","max-snippet":"max-snippet:-1","max-image-preview":"max-image-preview:large","max-video-preview":"max-video-preview:-1"},"canonical":"https:\/\/edel.fr\/produit\/pompe-hydraulique-fendt-john-deere-khd-deutz-0510515310\/","og_locale":"en_US","og_type":"article","og_title":"Pompe Hydraulique Tracteur Fendt, John Deere, KHD : 0510515310 - Edel","og_description":"Pompe Hydraulique Tracteur Fendt, John Deere, KHD Deutz - 0510515310 - Vignerons - Pompe hydraulique simple - Bosch - Schantzlin - 2.6 Kg","og_url":"https:\/\/edel.fr\/produit\/pompe-hydraulique-fendt-john-deere-khd-deutz-0510515310\/","og_site_name":"Edel","article_modified_time":"2025-11-05T20:07:39+00:00","og_image":[{"width":1512,"height":1384,"url":"https:\/\/edel.fr\/uploads\/2020\/10\/pompe-515310.jpg","type":"image\/jpeg"}],"twitter_card":"summary_large_image","twitter_misc":{"Est. reading time":"1 minute"},"schema":{"@context":"https:\/\/schema.org","@graph":[{"@type":"WebPage","@id":"https:\/\/edel.fr\/produit\/pompe-hydraulique-fendt-john-deere-khd-deutz-0510515310\/","url":"https:\/\/edel.fr\/produit\/pompe-hydraulique-fendt-john-deere-khd-deutz-0510515310\/","name":"Pompe Hydraulique Tracteur Fendt, John Deere, KHD : 0510515310 - Edel","isPartOf":{"@id":"https:\/\/www.edel.fr\/en\/#website"},"primaryImageOfPage":{"@id":"https:\/\/edel.fr\/produit\/pompe-hydraulique-fendt-john-deere-khd-deutz-0510515310\/#primaryimage"},"image":{"@id":"https:\/\/edel.fr\/produit\/pompe-hydraulique-fendt-john-deere-khd-deutz-0510515310\/#primaryimage"},"thumbnailUrl":"http:\/\/www.edel.fr\/uploads\/2020\/10\/pompe-515310.jpg","datePublished":"2020-10-29T10:23:52+00:00","dateModified":"2025-11-05T20:07:39+00:00","description":"Pompe Hydraulique Tracteur Fendt, John Deere, KHD Deutz - 0510515310 - Vignerons - Pompe hydraulique simple - Bosch - Schantzlin - 2.6 Kg","breadcrumb":{"@id":"https:\/\/edel.fr\/produit\/pompe-hydraulique-fendt-john-deere-khd-deutz-0510515310\/#breadcrumb"},"inLanguage":"en-US","potentialAction":[{"@type":"ReadAction","target":["https:\/\/edel.fr\/produit\/pompe-hydraulique-fendt-john-deere-khd-deutz-0510515310\/"]}]},{"@type":"ImageObject","inLanguage":"en-US","@id":"https:\/\/edel.fr\/produit\/pompe-hydraulique-fendt-john-deere-khd-deutz-0510515310\/#primaryimage","url":"http:\/\/www.edel.fr\/uploads\/2020\/10\/pompe-515310.jpg","contentUrl":"http:\/\/www.edel.fr\/uploads\/2020\/10\/pompe-515310.jpg","width":1512,"height":1384,"caption":"Pompe Hydraulique Fendt"},{"@type":"BreadcrumbList","@id":"https:\/\/edel.fr\/produit\/pompe-hydraulique-fendt-john-deere-khd-deutz-0510515310\/#breadcrumb","itemListElement":[{"@type":"ListItem","position":1,"name":"Pi\u00e8ce Tracteur","item":"https:\/\/www.edel.fr\/en\/"},{"@type":"ListItem","position":2,"name":"Toutes nos pi\u00e8ces Tracteur","item":"https:\/\/edel.fr\/shop\/"},{"@type":"ListItem","position":3,"name":"Pompe Hydraulique Tracteur Fendt, John Deere, KHD : 0510515310"}]},{"@type":"WebSite","@id":"https:\/\/www.edel.fr\/en\/#website","url":"https:\/\/www.edel.fr\/en\/","name":"Edel","description":"Pi\u00e8ce d\u00e9tach\u00e9e de Tracteur Agricole","publisher":{"@id":"https:\/\/www.edel.fr\/en\/#organization"},"potentialAction":[{"@type":"SearchAction","target":{"@type":"EntryPoint","urlTemplate":"https:\/\/www.edel.fr\/en\/?s={search_term_string}"},"query-input":{"@type":"PropertyValueSpecification","valueRequired":true,"valueName":"search_term_string"}}],"inLanguage":"en-US"},{"@type":"Organization","@id":"https:\/\/www.edel.fr\/en\/#organization","name":"Edel","url":"https:\/\/www.edel.fr\/en\/","logo":{"@type":"ImageObject","inLanguage":"en-US","@id":"https:\/\/www.edel.fr\/en\/#\/schema\/logo\/image\/","url":"https:\/\/www.edel.fr\/uploads\/2018\/11\/logo-edel.png","contentUrl":"https:\/\/www.edel.fr\/uploads\/2018\/11\/logo-edel.png","width":257,"height":68,"caption":"Edel"},"image":{"@id":"https:\/\/www.edel.fr\/en\/#\/schema\/logo\/image\/"}}]}},"_links":{"self":[{"href":"http:\/\/www.edel.fr\/en\/wp-json\/wp\/v2\/product\/7868","targetHints":{"allow":["GET"]}}],"collection":[{"href":"http:\/\/www.edel.fr\/en\/wp-json\/wp\/v2\/product"}],"about":[{"href":"http:\/\/www.edel.fr\/en\/wp-json\/wp\/v2\/types\/product"}],"version-history":[{"count":2,"href":"http:\/\/www.edel.fr\/en\/wp-json\/wp\/v2\/product\/7868\/revisions"}],"predecessor-version":[{"id":13592,"href":"http:\/\/www.edel.fr\/en\/wp-json\/wp\/v2\/product\/7868\/revisions\/13592"}],"wp:featuredmedia":[{"embeddable":true,"href":"http:\/\/www.edel.fr\/en\/wp-json\/wp\/v2\/media\/7869"}],"wp:attachment":[{"href":"http:\/\/www.edel.fr\/en\/wp-json\/wp\/v2\/media?parent=7868"}],"wp:term":[{"taxonomy":"product_brand","embeddable":true,"href":"http:\/\/www.edel.fr\/en\/wp-json\/wp\/v2\/product_brand?post=7868"},{"taxonomy":"product_cat","embeddable":true,"href":"http:\/\/www.edel.fr\/en\/wp-json\/wp\/v2\/product_cat?post=7868"},{"taxonomy":"product_tag","embeddable":true,"href":"http:\/\/www.edel.fr\/en\/wp-json\/wp\/v2\/product_tag?post=7868"},{"taxonomy":"tracteur","embeddable":true,"href":"http:\/\/www.edel.fr\/en\/wp-json\/wp\/v2\/tracteur?post=7868"}],"curies":[{"name":"wp","href":"https:\/\/api.w.org\/{rel}","templated":true}]}}