{"id":7446,"date":"2020-10-20T10:47:06","date_gmt":"2020-10-20T08:47:06","guid":{"rendered":"https:\/\/www.edel.fr\/?post_type=product&#038;p=7446"},"modified":"2026-04-01T03:00:27","modified_gmt":"2026-04-01T01:00:27","slug":"ensemble-mwm-d227-35-mm","status":"publish","type":"product","link":"http:\/\/www.edel.fr\/en\/product\/ensemble-mwm-d227-35-mm\/","title":{"rendered":"Ensemble origine KS Moteur MWM D227 axe 35mm Tracteur Agricole"},"content":{"rendered":"<div data-elementor-type=\"wp-post\" data-elementor-id=\"7446\" class=\"elementor elementor-7446\">\n\t\t\t\t\t\t<section class=\"elementor-section elementor-top-section elementor-element elementor-element-6d901af9 elementor-section-boxed elementor-section-height-default elementor-section-height-default\" data-id=\"6d901af9\" data-element_type=\"section\" data-e-type=\"section\">\n\t\t\t\t\t\t<div class=\"elementor-container elementor-column-gap-default\">\n\t\t\t\t\t<div class=\"elementor-column elementor-col-100 elementor-top-column elementor-element elementor-element-1af70d2b\" data-id=\"1af70d2b\" data-element_type=\"column\" data-e-type=\"column\">\n\t\t\t<div class=\"elementor-widget-wrap elementor-element-populated\">\n\t\t\t\t\t\t<div class=\"elementor-element elementor-element-73383ab2 elementor-widget elementor-widget-heading\" data-id=\"73383ab2\" data-element_type=\"widget\" data-e-type=\"widget\" data-widget_type=\"heading.default\">\n\t\t\t\t<div class=\"elementor-widget-container\">\n\t\t\t\t\t<h2 class=\"elementor-heading-title elementor-size-default\">ENSEMBLE MWM D 227\/35 Mm<\/h2>\t\t\t\t<\/div>\n\t\t\t\t<\/div>\n\t\t\t\t<div class=\"elementor-element elementor-element-41899f63 elementor-widget elementor-widget-heading\" data-id=\"41899f63\" data-element_type=\"widget\" data-e-type=\"widget\" data-widget_type=\"heading.default\">\n\t\t\t\t<div class=\"elementor-widget-container\">\n\t\t\t\t\t<h3 class=\"elementor-heading-title elementor-size-default\">Information du produit :<\/h3>\t\t\t\t<\/div>\n\t\t\t\t<\/div>\n\t\t\t\t\t<\/div>\n\t\t<\/div>\n\t\t\t\t\t<\/div>\n\t\t<\/section>\n\t\t\t\t<section class=\"elementor-section elementor-top-section elementor-element elementor-element-290ca7d1 elementor-section-boxed elementor-section-height-default elementor-section-height-default\" data-id=\"290ca7d1\" data-element_type=\"section\" data-e-type=\"section\">\n\t\t\t\t\t\t<div class=\"elementor-container elementor-column-gap-default\">\n\t\t\t\t\t<div class=\"elementor-column elementor-col-100 elementor-top-column elementor-element elementor-element-773f35b7\" data-id=\"773f35b7\" data-element_type=\"column\" data-e-type=\"column\">\n\t\t\t<div class=\"elementor-widget-wrap elementor-element-populated\">\n\t\t\t\t\t\t<div class=\"elementor-element elementor-element-7774c225 elementor-widget elementor-widget-text-editor\" data-id=\"7774c225\" data-element_type=\"widget\" data-e-type=\"widget\" data-widget_type=\"text-editor.default\">\n\t\t\t\t<div class=\"elementor-widget-container\">\n\t\t\t\t\t\t\t\t\t<div>Cylindr\u00e9e compl\u00e8te, avec axe de piston 35 Mm.<\/div><div>Qualit\u00e9 origine Germany. Marque KS ou MAHLE.<\/div><div>\u00a0<\/div><div>** ATTENTION, existe aussi la\u00a0<a href=\"https:\/\/www.edel.fr\/en\/ensemble-mwm-d227-32-mm\/\">variante avec axe de piston 32 Mm<\/a>\u00a0**<\/div>\t\t\t\t\t\t\t\t<\/div>\n\t\t\t\t<\/div>\n\t\t\t\t\t<\/div>\n\t\t<\/div>\n\t\t\t\t\t<\/div>\n\t\t<\/section>\n\t\t\t\t<\/div>","protected":false},"excerpt":{"rendered":"<p>ENSEMBLE MWM D 227\/35 Mm Information du produit : Cylindr\u00e9e compl\u00e8te, avec axe de piston 35 Mm.Qualit\u00e9 origine Germany. Marque KS ou MAHLE.\u00a0** ATTENTION, existe aussi la\u00a0variante avec axe de piston 32 Mm\u00a0**<\/p>","protected":false},"featured_media":7447,"template":"","meta":[],"product_brand":[],"product_cat":[2500,153,119],"product_tag":[],"tracteur":[],"class_list":{"0":"post-7446","1":"product","2":"type-product","3":"status-publish","4":"has-post-thumbnail","6":"product_cat-ensemble-chemise-piston-segments","7":"product_cat-pieces-moteur","8":"product_cat-tracteurs-agricoles","9":"product_shipping_class-142","10":"pa_fabriquant-ks","11":"pa_marque-moteur-moteur-mwm","12":"pa_qualite-origine","13":"pa_type-moteur-d227","14":"badges-style-2","16":"first","17":"instock","18":"taxable","19":"shipping-taxable","20":"purchasable","21":"product-type-simple"},"acf":[],"yoast_head":"<!-- This site is optimized with the Yoast SEO plugin v27.3 - https:\/\/yoast.com\/product\/yoast-seo-wordpress\/ -->\n<title>Ensemble origine KS Moteur MWM D227 axe 35mm Tracteur Agricole - Edel<\/title>\n<meta name=\"description\" content=\"Ensemble MWM D227 - Cylindr\u00e9e compl\u00e8te, avec axe de piston 35 Mm - 106.14, 113.14, 305 LS, 600, 610 LS, 610LSA, 651, 652, 681, 891\/4 - Tracteur Agricole\" \/>\n<meta name=\"robots\" content=\"index, follow, max-snippet:-1, max-image-preview:large, max-video-preview:-1\" \/>\n<link rel=\"canonical\" href=\"http:\/\/edel.fr\/en\/product\/ensemble-mwm-d227-35-mm\/\" \/>\n<meta property=\"og:locale\" content=\"en_US\" \/>\n<meta property=\"og:type\" content=\"article\" \/>\n<meta property=\"og:title\" content=\"Ensemble origine KS Moteur MWM D227 axe 35mm Tracteur Agricole - Edel\" \/>\n<meta property=\"og:description\" content=\"Ensemble MWM D227 - Cylindr\u00e9e compl\u00e8te, avec axe de piston 35 Mm - 106.14, 113.14, 305 LS, 600, 610 LS, 610LSA, 651, 652, 681, 891\/4 - Tracteur Agricole\" \/>\n<meta property=\"og:url\" content=\"http:\/\/edel.fr\/en\/product\/ensemble-mwm-d227-35-mm\/\" \/>\n<meta property=\"og:site_name\" content=\"Edel\" \/>\n<meta property=\"article:modified_time\" content=\"2026-04-01T01:00:27+00:00\" \/>\n<meta property=\"og:image\" content=\"http:\/\/edel.fr\/uploads\/2020\/10\/ensemble-d227-35.jpg\" \/>\n\t<meta property=\"og:image:width\" content=\"1512\" \/>\n\t<meta property=\"og:image:height\" content=\"1551\" \/>\n\t<meta property=\"og:image:type\" content=\"image\/jpeg\" \/>\n<meta name=\"twitter:card\" content=\"summary_large_image\" \/>\n<meta name=\"twitter:label1\" content=\"Est. reading time\" \/>\n\t<meta name=\"twitter:data1\" content=\"1 minute\" \/>\n<script type=\"application\/ld+json\" class=\"yoast-schema-graph\">{\"@context\":\"https:\\\/\\\/schema.org\",\"@graph\":[{\"@type\":\"WebPage\",\"@id\":\"http:\\\/\\\/edel.fr\\\/en\\\/product\\\/ensemble-mwm-d227-35-mm\\\/\",\"url\":\"http:\\\/\\\/edel.fr\\\/en\\\/product\\\/ensemble-mwm-d227-35-mm\\\/\",\"name\":\"Ensemble origine KS Moteur MWM D227 axe 35mm Tracteur Agricole - Edel\",\"isPartOf\":{\"@id\":\"https:\\\/\\\/www.edel.fr\\\/en\\\/#website\"},\"primaryImageOfPage\":{\"@id\":\"http:\\\/\\\/edel.fr\\\/en\\\/product\\\/ensemble-mwm-d227-35-mm\\\/#primaryimage\"},\"image\":{\"@id\":\"http:\\\/\\\/edel.fr\\\/en\\\/product\\\/ensemble-mwm-d227-35-mm\\\/#primaryimage\"},\"thumbnailUrl\":\"http:\\\/\\\/www.edel.fr\\\/uploads\\\/2020\\\/10\\\/ensemble-d227-35.jpg\",\"datePublished\":\"2020-10-20T08:47:06+00:00\",\"dateModified\":\"2026-04-01T01:00:27+00:00\",\"description\":\"Ensemble MWM D227 - Cylindr\u00e9e compl\u00e8te, avec axe de piston 35 Mm - 106.14, 113.14, 305 LS, 600, 610 LS, 610LSA, 651, 652, 681, 891\\\/4 - Tracteur Agricole\",\"breadcrumb\":{\"@id\":\"http:\\\/\\\/edel.fr\\\/en\\\/product\\\/ensemble-mwm-d227-35-mm\\\/#breadcrumb\"},\"inLanguage\":\"en-US\",\"potentialAction\":[{\"@type\":\"ReadAction\",\"target\":[\"http:\\\/\\\/edel.fr\\\/en\\\/product\\\/ensemble-mwm-d227-35-mm\\\/\"]}]},{\"@type\":\"ImageObject\",\"inLanguage\":\"en-US\",\"@id\":\"http:\\\/\\\/edel.fr\\\/en\\\/product\\\/ensemble-mwm-d227-35-mm\\\/#primaryimage\",\"url\":\"http:\\\/\\\/www.edel.fr\\\/uploads\\\/2020\\\/10\\\/ensemble-d227-35.jpg\",\"contentUrl\":\"http:\\\/\\\/www.edel.fr\\\/uploads\\\/2020\\\/10\\\/ensemble-d227-35.jpg\",\"width\":1512,\"height\":1551,\"caption\":\"Ensemble MWM D227 - 35 Mm - Pi\u00e8ces moteur Tracteur Agricole\"},{\"@type\":\"BreadcrumbList\",\"@id\":\"http:\\\/\\\/edel.fr\\\/en\\\/product\\\/ensemble-mwm-d227-35-mm\\\/#breadcrumb\",\"itemListElement\":[{\"@type\":\"ListItem\",\"position\":1,\"name\":\"Pi\u00e8ce Tracteur\",\"item\":\"https:\\\/\\\/www.edel.fr\\\/en\\\/\"},{\"@type\":\"ListItem\",\"position\":2,\"name\":\"Toutes nos pi\u00e8ces Tracteur\",\"item\":\"https:\\\/\\\/edel.fr\\\/shop\\\/\"},{\"@type\":\"ListItem\",\"position\":3,\"name\":\"Ensemble origine KS Moteur MWM D227 axe 35mm Tracteur Agricole\"}]},{\"@type\":\"WebSite\",\"@id\":\"https:\\\/\\\/www.edel.fr\\\/en\\\/#website\",\"url\":\"https:\\\/\\\/www.edel.fr\\\/en\\\/\",\"name\":\"Edel\",\"description\":\"Pi\u00e8ce d\u00e9tach\u00e9e de Tracteur Agricole\",\"publisher\":{\"@id\":\"https:\\\/\\\/www.edel.fr\\\/en\\\/#organization\"},\"potentialAction\":[{\"@type\":\"SearchAction\",\"target\":{\"@type\":\"EntryPoint\",\"urlTemplate\":\"https:\\\/\\\/www.edel.fr\\\/en\\\/?s={search_term_string}\"},\"query-input\":{\"@type\":\"PropertyValueSpecification\",\"valueRequired\":true,\"valueName\":\"search_term_string\"}}],\"inLanguage\":\"en-US\"},{\"@type\":\"Organization\",\"@id\":\"https:\\\/\\\/www.edel.fr\\\/en\\\/#organization\",\"name\":\"Edel\",\"url\":\"https:\\\/\\\/www.edel.fr\\\/en\\\/\",\"logo\":{\"@type\":\"ImageObject\",\"inLanguage\":\"en-US\",\"@id\":\"https:\\\/\\\/www.edel.fr\\\/en\\\/#\\\/schema\\\/logo\\\/image\\\/\",\"url\":\"https:\\\/\\\/www.edel.fr\\\/uploads\\\/2018\\\/11\\\/logo-edel.png\",\"contentUrl\":\"https:\\\/\\\/www.edel.fr\\\/uploads\\\/2018\\\/11\\\/logo-edel.png\",\"width\":257,\"height\":68,\"caption\":\"Edel\"},\"image\":{\"@id\":\"https:\\\/\\\/www.edel.fr\\\/en\\\/#\\\/schema\\\/logo\\\/image\\\/\"}}]}<\/script>\n<!-- \/ Yoast SEO plugin. -->","yoast_head_json":{"title":"Ensemble origine KS Moteur MWM D227 axe 35mm Tracteur Agricole - Edel","description":"Ensemble MWM D227 - Cylindr\u00e9e compl\u00e8te, avec axe de piston 35 Mm - 106.14, 113.14, 305 LS, 600, 610 LS, 610LSA, 651, 652, 681, 891\/4 - Tracteur Agricole","robots":{"index":"index","follow":"follow","max-snippet":"max-snippet:-1","max-image-preview":"max-image-preview:large","max-video-preview":"max-video-preview:-1"},"canonical":"http:\/\/edel.fr\/en\/product\/ensemble-mwm-d227-35-mm\/","og_locale":"en_US","og_type":"article","og_title":"Ensemble origine KS Moteur MWM D227 axe 35mm Tracteur Agricole - Edel","og_description":"Ensemble MWM D227 - Cylindr\u00e9e compl\u00e8te, avec axe de piston 35 Mm - 106.14, 113.14, 305 LS, 600, 610 LS, 610LSA, 651, 652, 681, 891\/4 - Tracteur Agricole","og_url":"http:\/\/edel.fr\/en\/product\/ensemble-mwm-d227-35-mm\/","og_site_name":"Edel","article_modified_time":"2026-04-01T01:00:27+00:00","og_image":[{"width":1512,"height":1551,"url":"http:\/\/edel.fr\/uploads\/2020\/10\/ensemble-d227-35.jpg","type":"image\/jpeg"}],"twitter_card":"summary_large_image","twitter_misc":{"Est. reading time":"1 minute"},"schema":{"@context":"https:\/\/schema.org","@graph":[{"@type":"WebPage","@id":"http:\/\/edel.fr\/en\/product\/ensemble-mwm-d227-35-mm\/","url":"http:\/\/edel.fr\/en\/product\/ensemble-mwm-d227-35-mm\/","name":"Ensemble origine KS Moteur MWM D227 axe 35mm Tracteur Agricole - Edel","isPartOf":{"@id":"https:\/\/www.edel.fr\/en\/#website"},"primaryImageOfPage":{"@id":"http:\/\/edel.fr\/en\/product\/ensemble-mwm-d227-35-mm\/#primaryimage"},"image":{"@id":"http:\/\/edel.fr\/en\/product\/ensemble-mwm-d227-35-mm\/#primaryimage"},"thumbnailUrl":"http:\/\/www.edel.fr\/uploads\/2020\/10\/ensemble-d227-35.jpg","datePublished":"2020-10-20T08:47:06+00:00","dateModified":"2026-04-01T01:00:27+00:00","description":"Ensemble MWM D227 - Cylindr\u00e9e compl\u00e8te, avec axe de piston 35 Mm - 106.14, 113.14, 305 LS, 600, 610 LS, 610LSA, 651, 652, 681, 891\/4 - Tracteur Agricole","breadcrumb":{"@id":"http:\/\/edel.fr\/en\/product\/ensemble-mwm-d227-35-mm\/#breadcrumb"},"inLanguage":"en-US","potentialAction":[{"@type":"ReadAction","target":["http:\/\/edel.fr\/en\/product\/ensemble-mwm-d227-35-mm\/"]}]},{"@type":"ImageObject","inLanguage":"en-US","@id":"http:\/\/edel.fr\/en\/product\/ensemble-mwm-d227-35-mm\/#primaryimage","url":"http:\/\/www.edel.fr\/uploads\/2020\/10\/ensemble-d227-35.jpg","contentUrl":"http:\/\/www.edel.fr\/uploads\/2020\/10\/ensemble-d227-35.jpg","width":1512,"height":1551,"caption":"Ensemble MWM D227 - 35 Mm - Pi\u00e8ces moteur Tracteur Agricole"},{"@type":"BreadcrumbList","@id":"http:\/\/edel.fr\/en\/product\/ensemble-mwm-d227-35-mm\/#breadcrumb","itemListElement":[{"@type":"ListItem","position":1,"name":"Pi\u00e8ce Tracteur","item":"https:\/\/www.edel.fr\/en\/"},{"@type":"ListItem","position":2,"name":"Toutes nos pi\u00e8ces Tracteur","item":"https:\/\/edel.fr\/shop\/"},{"@type":"ListItem","position":3,"name":"Ensemble origine KS Moteur MWM D227 axe 35mm Tracteur Agricole"}]},{"@type":"WebSite","@id":"https:\/\/www.edel.fr\/en\/#website","url":"https:\/\/www.edel.fr\/en\/","name":"Edel","description":"Pi\u00e8ce d\u00e9tach\u00e9e de Tracteur Agricole","publisher":{"@id":"https:\/\/www.edel.fr\/en\/#organization"},"potentialAction":[{"@type":"SearchAction","target":{"@type":"EntryPoint","urlTemplate":"https:\/\/www.edel.fr\/en\/?s={search_term_string}"},"query-input":{"@type":"PropertyValueSpecification","valueRequired":true,"valueName":"search_term_string"}}],"inLanguage":"en-US"},{"@type":"Organization","@id":"https:\/\/www.edel.fr\/en\/#organization","name":"Edel","url":"https:\/\/www.edel.fr\/en\/","logo":{"@type":"ImageObject","inLanguage":"en-US","@id":"https:\/\/www.edel.fr\/en\/#\/schema\/logo\/image\/","url":"https:\/\/www.edel.fr\/uploads\/2018\/11\/logo-edel.png","contentUrl":"https:\/\/www.edel.fr\/uploads\/2018\/11\/logo-edel.png","width":257,"height":68,"caption":"Edel"},"image":{"@id":"https:\/\/www.edel.fr\/en\/#\/schema\/logo\/image\/"}}]}},"_links":{"self":[{"href":"http:\/\/www.edel.fr\/en\/wp-json\/wp\/v2\/product\/7446","targetHints":{"allow":["GET"]}}],"collection":[{"href":"http:\/\/www.edel.fr\/en\/wp-json\/wp\/v2\/product"}],"about":[{"href":"http:\/\/www.edel.fr\/en\/wp-json\/wp\/v2\/types\/product"}],"version-history":[{"count":3,"href":"http:\/\/www.edel.fr\/en\/wp-json\/wp\/v2\/product\/7446\/revisions"}],"predecessor-version":[{"id":19966,"href":"http:\/\/www.edel.fr\/en\/wp-json\/wp\/v2\/product\/7446\/revisions\/19966"}],"wp:featuredmedia":[{"embeddable":true,"href":"http:\/\/www.edel.fr\/en\/wp-json\/wp\/v2\/media\/7447"}],"wp:attachment":[{"href":"http:\/\/www.edel.fr\/en\/wp-json\/wp\/v2\/media?parent=7446"}],"wp:term":[{"taxonomy":"product_brand","embeddable":true,"href":"http:\/\/www.edel.fr\/en\/wp-json\/wp\/v2\/product_brand?post=7446"},{"taxonomy":"product_cat","embeddable":true,"href":"http:\/\/www.edel.fr\/en\/wp-json\/wp\/v2\/product_cat?post=7446"},{"taxonomy":"product_tag","embeddable":true,"href":"http:\/\/www.edel.fr\/en\/wp-json\/wp\/v2\/product_tag?post=7446"},{"taxonomy":"tracteur","embeddable":true,"href":"http:\/\/www.edel.fr\/en\/wp-json\/wp\/v2\/tracteur?post=7446"}],"curies":[{"name":"wp","href":"https:\/\/api.w.org\/{rel}","templated":true}]}}