{"id":7398,"date":"2020-10-19T15:34:28","date_gmt":"2020-10-19T13:34:28","guid":{"rendered":"https:\/\/www.edel.fr\/?post_type=product&#038;p=7398"},"modified":"2026-04-02T03:00:37","modified_gmt":"2026-04-02T01:00:37","slug":"soupape-admission-mwm-td226","status":"publish","type":"product","link":"http:\/\/www.edel.fr\/en\/product\/soupape-admission-mwm-td226\/","title":{"rendered":"Soupape admission MWM TD226 &#8211; Pi\u00e8ces moteur Tracteur Agricole"},"content":{"rendered":"<div data-elementor-type=\"wp-post\" data-elementor-id=\"7398\" class=\"elementor elementor-7398\">\n\t\t\t\t\t\t<section class=\"elementor-section elementor-top-section elementor-element elementor-element-6505c74e elementor-section-boxed elementor-section-height-default elementor-section-height-default\" data-id=\"6505c74e\" data-element_type=\"section\" data-e-type=\"section\">\n\t\t\t\t\t\t<div class=\"elementor-container elementor-column-gap-default\">\n\t\t\t\t\t<div class=\"elementor-column elementor-col-100 elementor-top-column elementor-element elementor-element-78a9e605\" data-id=\"78a9e605\" data-element_type=\"column\" data-e-type=\"column\">\n\t\t\t<div class=\"elementor-widget-wrap elementor-element-populated\">\n\t\t\t\t\t\t<div class=\"elementor-element elementor-element-1bf2bad9 elementor-widget elementor-widget-heading\" data-id=\"1bf2bad9\" data-element_type=\"widget\" data-e-type=\"widget\" data-widget_type=\"heading.default\">\n\t\t\t\t<div class=\"elementor-widget-container\">\n\t\t\t\t\t<h2 class=\"elementor-heading-title elementor-size-default\">SOUPAPE ADMISSION MWM<\/h2>\t\t\t\t<\/div>\n\t\t\t\t<\/div>\n\t\t\t\t<div class=\"elementor-element elementor-element-542affe7 elementor-widget elementor-widget-heading\" data-id=\"542affe7\" data-element_type=\"widget\" data-e-type=\"widget\" data-widget_type=\"heading.default\">\n\t\t\t\t<div class=\"elementor-widget-container\">\n\t\t\t\t\t<h3 class=\"elementor-heading-title elementor-size-default\">Information du produit :<\/h3>\t\t\t\t<\/div>\n\t\t\t\t<\/div>\n\t\t\t\t\t<\/div>\n\t\t<\/div>\n\t\t\t\t\t<\/div>\n\t\t<\/section>\n\t\t\t\t<section class=\"elementor-section elementor-top-section elementor-element elementor-element-290ca7d1 elementor-section-boxed elementor-section-height-default elementor-section-height-default\" data-id=\"290ca7d1\" data-element_type=\"section\" data-e-type=\"section\">\n\t\t\t\t\t\t<div class=\"elementor-container elementor-column-gap-default\">\n\t\t\t\t\t<div class=\"elementor-column elementor-col-100 elementor-top-column elementor-element elementor-element-773f35b7\" data-id=\"773f35b7\" data-element_type=\"column\" data-e-type=\"column\">\n\t\t\t<div class=\"elementor-widget-wrap elementor-element-populated\">\n\t\t\t\t\t\t<div class=\"elementor-element elementor-element-7774c225 elementor-widget elementor-widget-text-editor\" data-id=\"7774c225\" data-element_type=\"widget\" data-e-type=\"widget\" data-widget_type=\"text-editor.default\">\n\t\t\t\t<div class=\"elementor-widget-container\">\n\t\t\t\t\t\t\t\t\t<div>Pour moteur TD226.<\/div><div>Qualit\u00e9 origine.<\/div><div>\u00a0<\/div><div>** Attention, ne convient pas pour moteur TD226<u style=\"font-weight: bold\">B<\/u><span style=\"font-weight: bold\">\u00a0<\/span>**<\/div>\t\t\t\t\t\t\t\t<\/div>\n\t\t\t\t<\/div>\n\t\t\t\t\t<\/div>\n\t\t<\/div>\n\t\t\t\t\t<\/div>\n\t\t<\/section>\n\t\t\t\t<\/div>","protected":false},"excerpt":{"rendered":"<p>SOUPAPE ADMISSION MWM Information du produit : Pour moteur TD226.Qualit\u00e9 origine.\u00a0** Attention, ne convient pas pour moteur TD226B\u00a0**<\/p>","protected":false},"featured_media":7399,"template":"","meta":[],"product_brand":[],"product_cat":[153,209,119],"product_tag":[],"tracteur":[],"class_list":{"0":"post-7398","1":"product","2":"type-product","3":"status-publish","4":"has-post-thumbnail","6":"product_cat-pieces-moteur","7":"product_cat-soupapes","8":"product_cat-tracteurs-agricoles","9":"product_shipping_class-142","10":"pa_fabriquant-ks","11":"pa_marque-moteur-moteur-mwm","12":"pa_qualite-origine","13":"pa_type-moteur-td226","14":"badges-style-2","16":"first","17":"instock","18":"taxable","19":"shipping-taxable","20":"purchasable","21":"product-type-simple"},"acf":[],"yoast_head":"<!-- This site is optimized with the Yoast SEO plugin v27.3 - https:\/\/yoast.com\/product\/yoast-seo-wordpress\/ -->\n<title>Soupape admission MWM TD226 - Pi\u00e8ces moteur Tracteur Agricole - Edel<\/title>\n<meta name=\"description\" content=\"Soupape admission MWM TD226 - 103.12, 103.14, 133.14, 145, 145 TX, 309, 309 LSA, 310, 310 LSA, 612 LSA, 614 LSA, 615 - Tracteur Agricole\" \/>\n<meta name=\"robots\" content=\"index, follow, max-snippet:-1, max-image-preview:large, max-video-preview:-1\" \/>\n<link rel=\"canonical\" href=\"https:\/\/www.edel.fr\/en\/product\/soupape-admission-mwm-td226\/\" \/>\n<meta property=\"og:locale\" content=\"en_US\" \/>\n<meta property=\"og:type\" content=\"article\" \/>\n<meta property=\"og:title\" content=\"Soupape admission MWM TD226 - Pi\u00e8ces moteur Tracteur Agricole - Edel\" \/>\n<meta property=\"og:description\" content=\"Soupape admission MWM TD226 - 103.12, 103.14, 133.14, 145, 145 TX, 309, 309 LSA, 310, 310 LSA, 612 LSA, 614 LSA, 615 - Tracteur Agricole\" \/>\n<meta property=\"og:url\" content=\"https:\/\/www.edel.fr\/en\/product\/soupape-admission-mwm-td226\/\" \/>\n<meta property=\"og:site_name\" content=\"Edel\" \/>\n<meta property=\"article:modified_time\" content=\"2026-04-02T01:00:37+00:00\" \/>\n<meta property=\"og:image\" content=\"https:\/\/www.edel.fr\/uploads\/2020\/10\/soupape-adm-d226t.jpg\" \/>\n\t<meta property=\"og:image:width\" content=\"1512\" \/>\n\t<meta property=\"og:image:height\" content=\"1615\" \/>\n\t<meta property=\"og:image:type\" content=\"image\/jpeg\" \/>\n<meta name=\"twitter:card\" content=\"summary_large_image\" \/>\n<meta name=\"twitter:label1\" content=\"Est. reading time\" \/>\n\t<meta name=\"twitter:data1\" content=\"1 minute\" \/>\n<script type=\"application\/ld+json\" class=\"yoast-schema-graph\">{\"@context\":\"https:\\\/\\\/schema.org\",\"@graph\":[{\"@type\":\"WebPage\",\"@id\":\"https:\\\/\\\/www.edel.fr\\\/en\\\/product\\\/soupape-admission-mwm-td226\\\/\",\"url\":\"https:\\\/\\\/www.edel.fr\\\/en\\\/product\\\/soupape-admission-mwm-td226\\\/\",\"name\":\"Soupape admission MWM TD226 - Pi\u00e8ces moteur Tracteur Agricole - Edel\",\"isPartOf\":{\"@id\":\"https:\\\/\\\/www.edel.fr\\\/en\\\/#website\"},\"primaryImageOfPage\":{\"@id\":\"https:\\\/\\\/www.edel.fr\\\/en\\\/product\\\/soupape-admission-mwm-td226\\\/#primaryimage\"},\"image\":{\"@id\":\"https:\\\/\\\/www.edel.fr\\\/en\\\/product\\\/soupape-admission-mwm-td226\\\/#primaryimage\"},\"thumbnailUrl\":\"http:\\\/\\\/www.edel.fr\\\/uploads\\\/2020\\\/10\\\/soupape-adm-d226t.jpg\",\"datePublished\":\"2020-10-19T13:34:28+00:00\",\"dateModified\":\"2026-04-02T01:00:37+00:00\",\"description\":\"Soupape admission MWM TD226 - 103.12, 103.14, 133.14, 145, 145 TX, 309, 309 LSA, 310, 310 LSA, 612 LSA, 614 LSA, 615 - Tracteur Agricole\",\"breadcrumb\":{\"@id\":\"https:\\\/\\\/www.edel.fr\\\/en\\\/product\\\/soupape-admission-mwm-td226\\\/#breadcrumb\"},\"inLanguage\":\"en-US\",\"potentialAction\":[{\"@type\":\"ReadAction\",\"target\":[\"https:\\\/\\\/www.edel.fr\\\/en\\\/product\\\/soupape-admission-mwm-td226\\\/\"]}]},{\"@type\":\"ImageObject\",\"inLanguage\":\"en-US\",\"@id\":\"https:\\\/\\\/www.edel.fr\\\/en\\\/product\\\/soupape-admission-mwm-td226\\\/#primaryimage\",\"url\":\"http:\\\/\\\/www.edel.fr\\\/uploads\\\/2020\\\/10\\\/soupape-adm-d226t.jpg\",\"contentUrl\":\"http:\\\/\\\/www.edel.fr\\\/uploads\\\/2020\\\/10\\\/soupape-adm-d226t.jpg\",\"width\":1512,\"height\":1615,\"caption\":\"Soupape admission MWM TD226 - Pi\u00e8ces moteur Tracteur Agricole\"},{\"@type\":\"BreadcrumbList\",\"@id\":\"https:\\\/\\\/www.edel.fr\\\/en\\\/product\\\/soupape-admission-mwm-td226\\\/#breadcrumb\",\"itemListElement\":[{\"@type\":\"ListItem\",\"position\":1,\"name\":\"Pi\u00e8ce Tracteur\",\"item\":\"https:\\\/\\\/www.edel.fr\\\/en\\\/\"},{\"@type\":\"ListItem\",\"position\":2,\"name\":\"Toutes nos pi\u00e8ces Tracteur\",\"item\":\"https:\\\/\\\/edel.fr\\\/shop\\\/\"},{\"@type\":\"ListItem\",\"position\":3,\"name\":\"Soupape admission MWM TD226 &#8211; Pi\u00e8ces moteur Tracteur Agricole\"}]},{\"@type\":\"WebSite\",\"@id\":\"https:\\\/\\\/www.edel.fr\\\/en\\\/#website\",\"url\":\"https:\\\/\\\/www.edel.fr\\\/en\\\/\",\"name\":\"Edel\",\"description\":\"Pi\u00e8ce d\u00e9tach\u00e9e de Tracteur Agricole\",\"publisher\":{\"@id\":\"https:\\\/\\\/www.edel.fr\\\/en\\\/#organization\"},\"potentialAction\":[{\"@type\":\"SearchAction\",\"target\":{\"@type\":\"EntryPoint\",\"urlTemplate\":\"https:\\\/\\\/www.edel.fr\\\/en\\\/?s={search_term_string}\"},\"query-input\":{\"@type\":\"PropertyValueSpecification\",\"valueRequired\":true,\"valueName\":\"search_term_string\"}}],\"inLanguage\":\"en-US\"},{\"@type\":\"Organization\",\"@id\":\"https:\\\/\\\/www.edel.fr\\\/en\\\/#organization\",\"name\":\"Edel\",\"url\":\"https:\\\/\\\/www.edel.fr\\\/en\\\/\",\"logo\":{\"@type\":\"ImageObject\",\"inLanguage\":\"en-US\",\"@id\":\"https:\\\/\\\/www.edel.fr\\\/en\\\/#\\\/schema\\\/logo\\\/image\\\/\",\"url\":\"https:\\\/\\\/www.edel.fr\\\/uploads\\\/2018\\\/11\\\/logo-edel.png\",\"contentUrl\":\"https:\\\/\\\/www.edel.fr\\\/uploads\\\/2018\\\/11\\\/logo-edel.png\",\"width\":257,\"height\":68,\"caption\":\"Edel\"},\"image\":{\"@id\":\"https:\\\/\\\/www.edel.fr\\\/en\\\/#\\\/schema\\\/logo\\\/image\\\/\"}}]}<\/script>\n<!-- \/ Yoast SEO plugin. -->","yoast_head_json":{"title":"Soupape admission MWM TD226 - Pi\u00e8ces moteur Tracteur Agricole - Edel","description":"Soupape admission MWM TD226 - 103.12, 103.14, 133.14, 145, 145 TX, 309, 309 LSA, 310, 310 LSA, 612 LSA, 614 LSA, 615 - Tracteur Agricole","robots":{"index":"index","follow":"follow","max-snippet":"max-snippet:-1","max-image-preview":"max-image-preview:large","max-video-preview":"max-video-preview:-1"},"canonical":"https:\/\/www.edel.fr\/en\/product\/soupape-admission-mwm-td226\/","og_locale":"en_US","og_type":"article","og_title":"Soupape admission MWM TD226 - Pi\u00e8ces moteur Tracteur Agricole - Edel","og_description":"Soupape admission MWM TD226 - 103.12, 103.14, 133.14, 145, 145 TX, 309, 309 LSA, 310, 310 LSA, 612 LSA, 614 LSA, 615 - Tracteur Agricole","og_url":"https:\/\/www.edel.fr\/en\/product\/soupape-admission-mwm-td226\/","og_site_name":"Edel","article_modified_time":"2026-04-02T01:00:37+00:00","og_image":[{"width":1512,"height":1615,"url":"https:\/\/www.edel.fr\/uploads\/2020\/10\/soupape-adm-d226t.jpg","type":"image\/jpeg"}],"twitter_card":"summary_large_image","twitter_misc":{"Est. reading time":"1 minute"},"schema":{"@context":"https:\/\/schema.org","@graph":[{"@type":"WebPage","@id":"https:\/\/www.edel.fr\/en\/product\/soupape-admission-mwm-td226\/","url":"https:\/\/www.edel.fr\/en\/product\/soupape-admission-mwm-td226\/","name":"Soupape admission MWM TD226 - Pi\u00e8ces moteur Tracteur Agricole - Edel","isPartOf":{"@id":"https:\/\/www.edel.fr\/en\/#website"},"primaryImageOfPage":{"@id":"https:\/\/www.edel.fr\/en\/product\/soupape-admission-mwm-td226\/#primaryimage"},"image":{"@id":"https:\/\/www.edel.fr\/en\/product\/soupape-admission-mwm-td226\/#primaryimage"},"thumbnailUrl":"http:\/\/www.edel.fr\/uploads\/2020\/10\/soupape-adm-d226t.jpg","datePublished":"2020-10-19T13:34:28+00:00","dateModified":"2026-04-02T01:00:37+00:00","description":"Soupape admission MWM TD226 - 103.12, 103.14, 133.14, 145, 145 TX, 309, 309 LSA, 310, 310 LSA, 612 LSA, 614 LSA, 615 - Tracteur Agricole","breadcrumb":{"@id":"https:\/\/www.edel.fr\/en\/product\/soupape-admission-mwm-td226\/#breadcrumb"},"inLanguage":"en-US","potentialAction":[{"@type":"ReadAction","target":["https:\/\/www.edel.fr\/en\/product\/soupape-admission-mwm-td226\/"]}]},{"@type":"ImageObject","inLanguage":"en-US","@id":"https:\/\/www.edel.fr\/en\/product\/soupape-admission-mwm-td226\/#primaryimage","url":"http:\/\/www.edel.fr\/uploads\/2020\/10\/soupape-adm-d226t.jpg","contentUrl":"http:\/\/www.edel.fr\/uploads\/2020\/10\/soupape-adm-d226t.jpg","width":1512,"height":1615,"caption":"Soupape admission MWM TD226 - Pi\u00e8ces moteur Tracteur Agricole"},{"@type":"BreadcrumbList","@id":"https:\/\/www.edel.fr\/en\/product\/soupape-admission-mwm-td226\/#breadcrumb","itemListElement":[{"@type":"ListItem","position":1,"name":"Pi\u00e8ce Tracteur","item":"https:\/\/www.edel.fr\/en\/"},{"@type":"ListItem","position":2,"name":"Toutes nos pi\u00e8ces Tracteur","item":"https:\/\/edel.fr\/shop\/"},{"@type":"ListItem","position":3,"name":"Soupape admission MWM TD226 &#8211; Pi\u00e8ces moteur Tracteur Agricole"}]},{"@type":"WebSite","@id":"https:\/\/www.edel.fr\/en\/#website","url":"https:\/\/www.edel.fr\/en\/","name":"Edel","description":"Pi\u00e8ce d\u00e9tach\u00e9e de Tracteur Agricole","publisher":{"@id":"https:\/\/www.edel.fr\/en\/#organization"},"potentialAction":[{"@type":"SearchAction","target":{"@type":"EntryPoint","urlTemplate":"https:\/\/www.edel.fr\/en\/?s={search_term_string}"},"query-input":{"@type":"PropertyValueSpecification","valueRequired":true,"valueName":"search_term_string"}}],"inLanguage":"en-US"},{"@type":"Organization","@id":"https:\/\/www.edel.fr\/en\/#organization","name":"Edel","url":"https:\/\/www.edel.fr\/en\/","logo":{"@type":"ImageObject","inLanguage":"en-US","@id":"https:\/\/www.edel.fr\/en\/#\/schema\/logo\/image\/","url":"https:\/\/www.edel.fr\/uploads\/2018\/11\/logo-edel.png","contentUrl":"https:\/\/www.edel.fr\/uploads\/2018\/11\/logo-edel.png","width":257,"height":68,"caption":"Edel"},"image":{"@id":"https:\/\/www.edel.fr\/en\/#\/schema\/logo\/image\/"}}]}},"_links":{"self":[{"href":"http:\/\/www.edel.fr\/en\/wp-json\/wp\/v2\/product\/7398","targetHints":{"allow":["GET"]}}],"collection":[{"href":"http:\/\/www.edel.fr\/en\/wp-json\/wp\/v2\/product"}],"about":[{"href":"http:\/\/www.edel.fr\/en\/wp-json\/wp\/v2\/types\/product"}],"version-history":[{"count":2,"href":"http:\/\/www.edel.fr\/en\/wp-json\/wp\/v2\/product\/7398\/revisions"}],"predecessor-version":[{"id":17864,"href":"http:\/\/www.edel.fr\/en\/wp-json\/wp\/v2\/product\/7398\/revisions\/17864"}],"wp:featuredmedia":[{"embeddable":true,"href":"http:\/\/www.edel.fr\/en\/wp-json\/wp\/v2\/media\/7399"}],"wp:attachment":[{"href":"http:\/\/www.edel.fr\/en\/wp-json\/wp\/v2\/media?parent=7398"}],"wp:term":[{"taxonomy":"product_brand","embeddable":true,"href":"http:\/\/www.edel.fr\/en\/wp-json\/wp\/v2\/product_brand?post=7398"},{"taxonomy":"product_cat","embeddable":true,"href":"http:\/\/www.edel.fr\/en\/wp-json\/wp\/v2\/product_cat?post=7398"},{"taxonomy":"product_tag","embeddable":true,"href":"http:\/\/www.edel.fr\/en\/wp-json\/wp\/v2\/product_tag?post=7398"},{"taxonomy":"tracteur","embeddable":true,"href":"http:\/\/www.edel.fr\/en\/wp-json\/wp\/v2\/tracteur?post=7398"}],"curies":[{"name":"wp","href":"https:\/\/api.w.org\/{rel}","templated":true}]}}