{"id":7382,"date":"2020-10-14T16:02:56","date_gmt":"2020-10-14T14:02:56","guid":{"rendered":"https:\/\/www.edel.fr\/?post_type=product&#038;p=7382"},"modified":"2026-03-31T03:00:45","modified_gmt":"2026-03-31T01:00:45","slug":"ensemble-mwm-d226-35-mm","status":"publish","type":"product","link":"http:\/\/www.edel.fr\/en\/product\/ensemble-mwm-d226-35-mm\/","title":{"rendered":"Ensemble origine KS Moteur MWM D226 axe 35mm Tracteur Agricole"},"content":{"rendered":"<div data-elementor-type=\"wp-post\" data-elementor-id=\"7382\" class=\"elementor elementor-7382\">\n\t\t\t\t\t\t<section class=\"elementor-section elementor-top-section elementor-element elementor-element-4107364a elementor-section-boxed elementor-section-height-default elementor-section-height-default\" data-id=\"4107364a\" data-element_type=\"section\" data-e-type=\"section\">\n\t\t\t\t\t\t<div class=\"elementor-container elementor-column-gap-default\">\n\t\t\t\t\t<div class=\"elementor-column elementor-col-100 elementor-top-column elementor-element elementor-element-35eda61\" data-id=\"35eda61\" data-element_type=\"column\" data-e-type=\"column\">\n\t\t\t<div class=\"elementor-widget-wrap elementor-element-populated\">\n\t\t\t\t\t\t<div class=\"elementor-element elementor-element-2970bf85 elementor-widget elementor-widget-heading\" data-id=\"2970bf85\" data-element_type=\"widget\" data-e-type=\"widget\" data-widget_type=\"heading.default\">\n\t\t\t\t<div class=\"elementor-widget-container\">\n\t\t\t\t\t<h2 class=\"elementor-heading-title elementor-size-default\">ENSEMBLE MWM D 226\/35 Mm<\/h2>\t\t\t\t<\/div>\n\t\t\t\t<\/div>\n\t\t\t\t<div class=\"elementor-element elementor-element-603ceca6 elementor-widget elementor-widget-heading\" data-id=\"603ceca6\" data-element_type=\"widget\" data-e-type=\"widget\" data-widget_type=\"heading.default\">\n\t\t\t\t<div class=\"elementor-widget-container\">\n\t\t\t\t\t<h3 class=\"elementor-heading-title elementor-size-default\">Information du produit :<\/h3>\t\t\t\t<\/div>\n\t\t\t\t<\/div>\n\t\t\t\t\t<\/div>\n\t\t<\/div>\n\t\t\t\t\t<\/div>\n\t\t<\/section>\n\t\t\t\t<section class=\"elementor-section elementor-top-section elementor-element elementor-element-290ca7d1 elementor-section-boxed elementor-section-height-default elementor-section-height-default\" data-id=\"290ca7d1\" data-element_type=\"section\" data-e-type=\"section\">\n\t\t\t\t\t\t<div class=\"elementor-container elementor-column-gap-default\">\n\t\t\t\t\t<div class=\"elementor-column elementor-col-100 elementor-top-column elementor-element elementor-element-773f35b7\" data-id=\"773f35b7\" data-element_type=\"column\" data-e-type=\"column\">\n\t\t\t<div class=\"elementor-widget-wrap elementor-element-populated\">\n\t\t\t\t\t\t<div class=\"elementor-element elementor-element-7774c225 elementor-widget elementor-widget-text-editor\" data-id=\"7774c225\" data-element_type=\"widget\" data-e-type=\"widget\" data-widget_type=\"text-editor.default\">\n\t\t\t\t<div class=\"elementor-widget-container\">\n\t\t\t\t\t\t\t\t\t<div>Cylindr\u00e9e compl\u00e8te, avec axe de piston 35 Mm.<\/div><div>Qualit\u00e9 origine Germany. Marque KS ou MAHLE.<\/div><div>\u00a0<\/div><div>** ATTENTION, existe aussi la\u00a0<a href=\"https:\/\/www.edel.fr\/en\/?post_type=product&amp;p=7385&amp;preview=true\">variante avec axe de piston 32 Mm<\/a>\u00a0**<\/div>\t\t\t\t\t\t\t\t<\/div>\n\t\t\t\t<\/div>\n\t\t\t\t\t<\/div>\n\t\t<\/div>\n\t\t\t\t\t<\/div>\n\t\t<\/section>\n\t\t\t\t<\/div>","protected":false},"excerpt":{"rendered":"<p>ENSEMBLE MWM D 226\/35 Mm Information du produit : Cylindr\u00e9e compl\u00e8te, avec axe de piston 35 Mm.Qualit\u00e9 origine Germany. Marque KS ou MAHLE.\u00a0** ATTENTION, existe aussi la\u00a0variante avec axe de piston 32 Mm\u00a0**<\/p>","protected":false},"featured_media":7383,"template":"","meta":[],"product_brand":[],"product_cat":[2500,153,119],"product_tag":[],"tracteur":[],"class_list":{"0":"post-7382","1":"product","2":"type-product","3":"status-publish","4":"has-post-thumbnail","6":"product_cat-ensemble-chemise-piston-segments","7":"product_cat-pieces-moteur","8":"product_cat-tracteurs-agricoles","9":"product_shipping_class-142","10":"pa_fabriquant-ks","11":"pa_marque-moteur-moteur-mwm","12":"pa_qualite-origine","13":"pa_type-moteur-d226","14":"badges-style-2","16":"first","17":"instock","18":"taxable","19":"shipping-taxable","20":"purchasable","21":"product-type-simple"},"acf":[],"yoast_head":"<!-- This site is optimized with the Yoast SEO plugin v27.3 - https:\/\/yoast.com\/product\/yoast-seo-wordpress\/ -->\n<title>Ensemble origine KS Moteur MWM D226 axe 35mm Tracteur Agricole - Edel<\/title>\n<meta name=\"description\" content=\"Ensemble MWM D226 - Cylindr\u00e9e compl\u00e8te, avec axe de piston 35 Mm - 103 S 103.54, 106 S, 106.54, 110.14, 110.54, 133.14, 133.54, 303, 304, 306, 306LSA, 308LS\" \/>\n<meta name=\"robots\" content=\"index, follow, max-snippet:-1, max-image-preview:large, max-video-preview:-1\" \/>\n<link rel=\"canonical\" href=\"https:\/\/edel.fr\/produit\/ensemble-mwm-d226-35-mm\/\" \/>\n<meta property=\"og:locale\" content=\"en_US\" \/>\n<meta property=\"og:type\" content=\"article\" \/>\n<meta property=\"og:title\" content=\"Ensemble origine KS Moteur MWM D226 axe 35mm Tracteur Agricole - Edel\" \/>\n<meta property=\"og:description\" content=\"Ensemble MWM D226 - Cylindr\u00e9e compl\u00e8te, avec axe de piston 35 Mm - 103 S 103.54, 106 S, 106.54, 110.14, 110.54, 133.14, 133.54, 303, 304, 306, 306LSA, 308LS\" \/>\n<meta property=\"og:url\" content=\"https:\/\/edel.fr\/produit\/ensemble-mwm-d226-35-mm\/\" \/>\n<meta property=\"og:site_name\" content=\"Edel\" \/>\n<meta property=\"article:modified_time\" content=\"2026-03-31T01:00:45+00:00\" \/>\n<meta property=\"og:image\" content=\"https:\/\/edel.fr\/uploads\/2020\/10\/ensemble_d226-35mm.jpg\" \/>\n\t<meta property=\"og:image:width\" content=\"1512\" \/>\n\t<meta property=\"og:image:height\" content=\"1603\" \/>\n\t<meta property=\"og:image:type\" content=\"image\/jpeg\" \/>\n<meta name=\"twitter:card\" content=\"summary_large_image\" \/>\n<meta name=\"twitter:label1\" content=\"Est. reading time\" \/>\n\t<meta name=\"twitter:data1\" content=\"1 minute\" \/>\n<script type=\"application\/ld+json\" class=\"yoast-schema-graph\">{\"@context\":\"https:\\\/\\\/schema.org\",\"@graph\":[{\"@type\":\"WebPage\",\"@id\":\"https:\\\/\\\/edel.fr\\\/produit\\\/ensemble-mwm-d226-35-mm\\\/\",\"url\":\"https:\\\/\\\/edel.fr\\\/produit\\\/ensemble-mwm-d226-35-mm\\\/\",\"name\":\"Ensemble origine KS Moteur MWM D226 axe 35mm Tracteur Agricole - Edel\",\"isPartOf\":{\"@id\":\"https:\\\/\\\/www.edel.fr\\\/en\\\/#website\"},\"primaryImageOfPage\":{\"@id\":\"https:\\\/\\\/edel.fr\\\/produit\\\/ensemble-mwm-d226-35-mm\\\/#primaryimage\"},\"image\":{\"@id\":\"https:\\\/\\\/edel.fr\\\/produit\\\/ensemble-mwm-d226-35-mm\\\/#primaryimage\"},\"thumbnailUrl\":\"http:\\\/\\\/www.edel.fr\\\/uploads\\\/2020\\\/10\\\/ensemble_d226-35mm.jpg\",\"datePublished\":\"2020-10-14T14:02:56+00:00\",\"dateModified\":\"2026-03-31T01:00:45+00:00\",\"description\":\"Ensemble MWM D226 - Cylindr\u00e9e compl\u00e8te, avec axe de piston 35 Mm - 103 S 103.54, 106 S, 106.54, 110.14, 110.54, 133.14, 133.54, 303, 304, 306, 306LSA, 308LS\",\"breadcrumb\":{\"@id\":\"https:\\\/\\\/edel.fr\\\/produit\\\/ensemble-mwm-d226-35-mm\\\/#breadcrumb\"},\"inLanguage\":\"en-US\",\"potentialAction\":[{\"@type\":\"ReadAction\",\"target\":[\"https:\\\/\\\/edel.fr\\\/produit\\\/ensemble-mwm-d226-35-mm\\\/\"]}]},{\"@type\":\"ImageObject\",\"inLanguage\":\"en-US\",\"@id\":\"https:\\\/\\\/edel.fr\\\/produit\\\/ensemble-mwm-d226-35-mm\\\/#primaryimage\",\"url\":\"http:\\\/\\\/www.edel.fr\\\/uploads\\\/2020\\\/10\\\/ensemble_d226-35mm.jpg\",\"contentUrl\":\"http:\\\/\\\/www.edel.fr\\\/uploads\\\/2020\\\/10\\\/ensemble_d226-35mm.jpg\",\"width\":1512,\"height\":1603,\"caption\":\"Ensemble MWM D226 - 35 Mm - Chemise Piston Segments\"},{\"@type\":\"BreadcrumbList\",\"@id\":\"https:\\\/\\\/edel.fr\\\/produit\\\/ensemble-mwm-d226-35-mm\\\/#breadcrumb\",\"itemListElement\":[{\"@type\":\"ListItem\",\"position\":1,\"name\":\"Pi\u00e8ce Tracteur\",\"item\":\"https:\\\/\\\/www.edel.fr\\\/en\\\/\"},{\"@type\":\"ListItem\",\"position\":2,\"name\":\"Toutes nos pi\u00e8ces Tracteur\",\"item\":\"https:\\\/\\\/edel.fr\\\/shop\\\/\"},{\"@type\":\"ListItem\",\"position\":3,\"name\":\"Ensemble origine KS Moteur MWM D226 axe 35mm Tracteur Agricole\"}]},{\"@type\":\"WebSite\",\"@id\":\"https:\\\/\\\/www.edel.fr\\\/en\\\/#website\",\"url\":\"https:\\\/\\\/www.edel.fr\\\/en\\\/\",\"name\":\"Edel\",\"description\":\"Pi\u00e8ce d\u00e9tach\u00e9e de Tracteur Agricole\",\"publisher\":{\"@id\":\"https:\\\/\\\/www.edel.fr\\\/en\\\/#organization\"},\"potentialAction\":[{\"@type\":\"SearchAction\",\"target\":{\"@type\":\"EntryPoint\",\"urlTemplate\":\"https:\\\/\\\/www.edel.fr\\\/en\\\/?s={search_term_string}\"},\"query-input\":{\"@type\":\"PropertyValueSpecification\",\"valueRequired\":true,\"valueName\":\"search_term_string\"}}],\"inLanguage\":\"en-US\"},{\"@type\":\"Organization\",\"@id\":\"https:\\\/\\\/www.edel.fr\\\/en\\\/#organization\",\"name\":\"Edel\",\"url\":\"https:\\\/\\\/www.edel.fr\\\/en\\\/\",\"logo\":{\"@type\":\"ImageObject\",\"inLanguage\":\"en-US\",\"@id\":\"https:\\\/\\\/www.edel.fr\\\/en\\\/#\\\/schema\\\/logo\\\/image\\\/\",\"url\":\"https:\\\/\\\/www.edel.fr\\\/uploads\\\/2018\\\/11\\\/logo-edel.png\",\"contentUrl\":\"https:\\\/\\\/www.edel.fr\\\/uploads\\\/2018\\\/11\\\/logo-edel.png\",\"width\":257,\"height\":68,\"caption\":\"Edel\"},\"image\":{\"@id\":\"https:\\\/\\\/www.edel.fr\\\/en\\\/#\\\/schema\\\/logo\\\/image\\\/\"}}]}<\/script>\n<!-- \/ Yoast SEO plugin. -->","yoast_head_json":{"title":"Ensemble origine KS Moteur MWM D226 axe 35mm Tracteur Agricole - Edel","description":"Ensemble MWM D226 - Cylindr\u00e9e compl\u00e8te, avec axe de piston 35 Mm - 103 S 103.54, 106 S, 106.54, 110.14, 110.54, 133.14, 133.54, 303, 304, 306, 306LSA, 308LS","robots":{"index":"index","follow":"follow","max-snippet":"max-snippet:-1","max-image-preview":"max-image-preview:large","max-video-preview":"max-video-preview:-1"},"canonical":"https:\/\/edel.fr\/produit\/ensemble-mwm-d226-35-mm\/","og_locale":"en_US","og_type":"article","og_title":"Ensemble origine KS Moteur MWM D226 axe 35mm Tracteur Agricole - Edel","og_description":"Ensemble MWM D226 - Cylindr\u00e9e compl\u00e8te, avec axe de piston 35 Mm - 103 S 103.54, 106 S, 106.54, 110.14, 110.54, 133.14, 133.54, 303, 304, 306, 306LSA, 308LS","og_url":"https:\/\/edel.fr\/produit\/ensemble-mwm-d226-35-mm\/","og_site_name":"Edel","article_modified_time":"2026-03-31T01:00:45+00:00","og_image":[{"width":1512,"height":1603,"url":"https:\/\/edel.fr\/uploads\/2020\/10\/ensemble_d226-35mm.jpg","type":"image\/jpeg"}],"twitter_card":"summary_large_image","twitter_misc":{"Est. reading time":"1 minute"},"schema":{"@context":"https:\/\/schema.org","@graph":[{"@type":"WebPage","@id":"https:\/\/edel.fr\/produit\/ensemble-mwm-d226-35-mm\/","url":"https:\/\/edel.fr\/produit\/ensemble-mwm-d226-35-mm\/","name":"Ensemble origine KS Moteur MWM D226 axe 35mm Tracteur Agricole - Edel","isPartOf":{"@id":"https:\/\/www.edel.fr\/en\/#website"},"primaryImageOfPage":{"@id":"https:\/\/edel.fr\/produit\/ensemble-mwm-d226-35-mm\/#primaryimage"},"image":{"@id":"https:\/\/edel.fr\/produit\/ensemble-mwm-d226-35-mm\/#primaryimage"},"thumbnailUrl":"http:\/\/www.edel.fr\/uploads\/2020\/10\/ensemble_d226-35mm.jpg","datePublished":"2020-10-14T14:02:56+00:00","dateModified":"2026-03-31T01:00:45+00:00","description":"Ensemble MWM D226 - Cylindr\u00e9e compl\u00e8te, avec axe de piston 35 Mm - 103 S 103.54, 106 S, 106.54, 110.14, 110.54, 133.14, 133.54, 303, 304, 306, 306LSA, 308LS","breadcrumb":{"@id":"https:\/\/edel.fr\/produit\/ensemble-mwm-d226-35-mm\/#breadcrumb"},"inLanguage":"en-US","potentialAction":[{"@type":"ReadAction","target":["https:\/\/edel.fr\/produit\/ensemble-mwm-d226-35-mm\/"]}]},{"@type":"ImageObject","inLanguage":"en-US","@id":"https:\/\/edel.fr\/produit\/ensemble-mwm-d226-35-mm\/#primaryimage","url":"http:\/\/www.edel.fr\/uploads\/2020\/10\/ensemble_d226-35mm.jpg","contentUrl":"http:\/\/www.edel.fr\/uploads\/2020\/10\/ensemble_d226-35mm.jpg","width":1512,"height":1603,"caption":"Ensemble MWM D226 - 35 Mm - Chemise Piston Segments"},{"@type":"BreadcrumbList","@id":"https:\/\/edel.fr\/produit\/ensemble-mwm-d226-35-mm\/#breadcrumb","itemListElement":[{"@type":"ListItem","position":1,"name":"Pi\u00e8ce Tracteur","item":"https:\/\/www.edel.fr\/en\/"},{"@type":"ListItem","position":2,"name":"Toutes nos pi\u00e8ces Tracteur","item":"https:\/\/edel.fr\/shop\/"},{"@type":"ListItem","position":3,"name":"Ensemble origine KS Moteur MWM D226 axe 35mm Tracteur Agricole"}]},{"@type":"WebSite","@id":"https:\/\/www.edel.fr\/en\/#website","url":"https:\/\/www.edel.fr\/en\/","name":"Edel","description":"Pi\u00e8ce d\u00e9tach\u00e9e de Tracteur Agricole","publisher":{"@id":"https:\/\/www.edel.fr\/en\/#organization"},"potentialAction":[{"@type":"SearchAction","target":{"@type":"EntryPoint","urlTemplate":"https:\/\/www.edel.fr\/en\/?s={search_term_string}"},"query-input":{"@type":"PropertyValueSpecification","valueRequired":true,"valueName":"search_term_string"}}],"inLanguage":"en-US"},{"@type":"Organization","@id":"https:\/\/www.edel.fr\/en\/#organization","name":"Edel","url":"https:\/\/www.edel.fr\/en\/","logo":{"@type":"ImageObject","inLanguage":"en-US","@id":"https:\/\/www.edel.fr\/en\/#\/schema\/logo\/image\/","url":"https:\/\/www.edel.fr\/uploads\/2018\/11\/logo-edel.png","contentUrl":"https:\/\/www.edel.fr\/uploads\/2018\/11\/logo-edel.png","width":257,"height":68,"caption":"Edel"},"image":{"@id":"https:\/\/www.edel.fr\/en\/#\/schema\/logo\/image\/"}}]}},"_links":{"self":[{"href":"http:\/\/www.edel.fr\/en\/wp-json\/wp\/v2\/product\/7382","targetHints":{"allow":["GET"]}}],"collection":[{"href":"http:\/\/www.edel.fr\/en\/wp-json\/wp\/v2\/product"}],"about":[{"href":"http:\/\/www.edel.fr\/en\/wp-json\/wp\/v2\/types\/product"}],"version-history":[{"count":2,"href":"http:\/\/www.edel.fr\/en\/wp-json\/wp\/v2\/product\/7382\/revisions"}],"predecessor-version":[{"id":19972,"href":"http:\/\/www.edel.fr\/en\/wp-json\/wp\/v2\/product\/7382\/revisions\/19972"}],"wp:featuredmedia":[{"embeddable":true,"href":"http:\/\/www.edel.fr\/en\/wp-json\/wp\/v2\/media\/7383"}],"wp:attachment":[{"href":"http:\/\/www.edel.fr\/en\/wp-json\/wp\/v2\/media?parent=7382"}],"wp:term":[{"taxonomy":"product_brand","embeddable":true,"href":"http:\/\/www.edel.fr\/en\/wp-json\/wp\/v2\/product_brand?post=7382"},{"taxonomy":"product_cat","embeddable":true,"href":"http:\/\/www.edel.fr\/en\/wp-json\/wp\/v2\/product_cat?post=7382"},{"taxonomy":"product_tag","embeddable":true,"href":"http:\/\/www.edel.fr\/en\/wp-json\/wp\/v2\/product_tag?post=7382"},{"taxonomy":"tracteur","embeddable":true,"href":"http:\/\/www.edel.fr\/en\/wp-json\/wp\/v2\/tracteur?post=7382"}],"curies":[{"name":"wp","href":"https:\/\/api.w.org\/{rel}","templated":true}]}}