{"id":7091,"date":"2020-10-06T09:12:35","date_gmt":"2020-10-06T07:12:35","guid":{"rendered":"https:\/\/www.edel.fr\/?post_type=product&#038;p=7091"},"modified":"2026-04-01T15:51:32","modified_gmt":"2026-04-01T13:51:32","slug":"ensemble-912-chemise-piston-segments","status":"publish","type":"product","link":"http:\/\/www.edel.fr\/en\/product\/ensemble-912-chemise-piston-segments\/","title":{"rendered":"Ensemble cylindr\u00e9e origine KS Moteur MWM AKD 112 Tracteur Agricole"},"content":{"rendered":"<div data-elementor-type=\"wp-post\" data-elementor-id=\"7091\" class=\"elementor elementor-7091\">\n\t\t\t\t\t\t<section class=\"elementor-section elementor-top-section elementor-element elementor-element-36deee2e elementor-section-boxed elementor-section-height-default elementor-section-height-default\" data-id=\"36deee2e\" data-element_type=\"section\" data-e-type=\"section\">\n\t\t\t\t\t\t<div class=\"elementor-container elementor-column-gap-default\">\n\t\t\t\t\t<div class=\"elementor-column elementor-col-100 elementor-top-column elementor-element elementor-element-4c685fab\" data-id=\"4c685fab\" data-element_type=\"column\" data-e-type=\"column\">\n\t\t\t<div class=\"elementor-widget-wrap elementor-element-populated\">\n\t\t\t\t\t\t<div class=\"elementor-element elementor-element-d9d576f elementor-widget elementor-widget-heading\" data-id=\"d9d576f\" data-element_type=\"widget\" data-e-type=\"widget\" data-widget_type=\"heading.default\">\n\t\t\t\t<div class=\"elementor-widget-container\">\n\t\t\t\t\t<h2 class=\"elementor-heading-title elementor-size-default\">ENSEMBLE MWM AKD 112 - Cylindre Chemise Piston Segments Tracteur Agricole<\/h2>\t\t\t\t<\/div>\n\t\t\t\t<\/div>\n\t\t\t\t<div class=\"elementor-element elementor-element-3fba2d43 elementor-widget elementor-widget-heading\" data-id=\"3fba2d43\" data-element_type=\"widget\" data-e-type=\"widget\" data-widget_type=\"heading.default\">\n\t\t\t\t<div class=\"elementor-widget-container\">\n\t\t\t\t\t<h3 class=\"elementor-heading-title elementor-size-default\">Information du produit :<\/h3>\t\t\t\t<\/div>\n\t\t\t\t<\/div>\n\t\t\t\t\t<\/div>\n\t\t<\/div>\n\t\t\t\t\t<\/div>\n\t\t<\/section>\n\t\t\t\t<section class=\"elementor-section elementor-top-section elementor-element elementor-element-290ca7d1 elementor-section-boxed elementor-section-height-default elementor-section-height-default\" data-id=\"290ca7d1\" data-element_type=\"section\" data-e-type=\"section\">\n\t\t\t\t\t\t<div class=\"elementor-container elementor-column-gap-default\">\n\t\t\t\t\t<div class=\"elementor-column elementor-col-100 elementor-top-column elementor-element elementor-element-773f35b7\" data-id=\"773f35b7\" data-element_type=\"column\" data-e-type=\"column\">\n\t\t\t<div class=\"elementor-widget-wrap elementor-element-populated\">\n\t\t\t\t\t\t<div class=\"elementor-element elementor-element-7774c225 elementor-widget elementor-widget-text-editor\" data-id=\"7774c225\" data-element_type=\"widget\" data-e-type=\"widget\" data-widget_type=\"text-editor.default\">\n\t\t\t\t<div class=\"elementor-widget-container\">\n\t\t\t\t\t\t\t\t\t<div>L\u2019ensemble chemise\/piston\/segments, sont des pi\u00e8ces fondamentales du moteur thermique. Elles assurent le bon d\u00e9roulement de la combustion interne, ainsi que l\u2019exploitation de cette derni\u00e8re.<\/div><div>\u00a0<\/div><div>Edel Shop vous propose une cylindr\u00e9e compl\u00e8te, chemise, piston, segments pour moteur MWM AKD 112.<\/div><div>Qualit\u00e9 origine Germany, marque KS ou MAHLE.<\/div><p>Al\u00e9sage STD 98mm.<\/p><p>Type : D22, D35, N70, N72, Super3, Super6.<\/p>\t\t\t\t\t\t\t\t<\/div>\n\t\t\t\t<\/div>\n\t\t\t\t\t<\/div>\n\t\t<\/div>\n\t\t\t\t\t<\/div>\n\t\t<\/section>\n\t\t\t\t<\/div>","protected":false},"excerpt":{"rendered":"<p>ENSEMBLE MWM AKD 112 &#8211; Cylindre Chemise Piston Segments Tracteur Agricole Information du produit : L\u2019ensemble chemise\/piston\/segments, sont des pi\u00e8ces fondamentales du moteur thermique. Elles assurent le bon d\u00e9roulement de la combustion interne, ainsi que l\u2019exploitation de cette derni\u00e8re.\u00a0Edel Shop vous propose une cylindr\u00e9e compl\u00e8te, chemise, piston, segments pour moteur MWM AKD 112.Qualit\u00e9 origine Germany,<br \/><a class=\"more-link\" href=\"http:\/\/www.edel.fr\/en\/product\/ensemble-912-chemise-piston-segments\/\"><br \/>\n        Read More<span class=\"screen-reader-text\"> \u00ab\u00a0Ensemble cylindr\u00e9e origine KS Moteur MWM AKD 112 Tracteur Agricole\u00a0\u00bb<\/span><\/a><\/p>","protected":false},"featured_media":7285,"template":"","meta":[],"product_brand":[],"product_cat":[2500,153,119],"product_tag":[],"tracteur":[],"class_list":{"0":"post-7091","1":"product","2":"type-product","3":"status-publish","4":"has-post-thumbnail","6":"product_cat-ensemble-chemise-piston-segments","7":"product_cat-pieces-moteur","8":"product_cat-tracteurs-agricoles","9":"product_shipping_class-142","10":"pa_fabriquant-ks","11":"pa_marque-moteur-moteur-mwm","12":"pa_qualite-origine","13":"pa_type-moteur-akd112","14":"badges-style-2","16":"first","17":"instock","18":"taxable","19":"shipping-taxable","20":"purchasable","21":"product-type-simple"},"acf":[],"yoast_head":"<!-- This site is optimized with the Yoast SEO plugin v27.3 - https:\/\/yoast.com\/product\/yoast-seo-wordpress\/ -->\n<title>Ensemble cylindr\u00e9e origine KS Moteur MWM AKD 112 Tracteur Agricole - Edel<\/title>\n<meta name=\"robots\" content=\"index, follow, max-snippet:-1, max-image-preview:large, max-video-preview:-1\" \/>\n<link rel=\"canonical\" href=\"http:\/\/edel.fr\/produit\/ensemble-912-chemise-piston-segments\/\" \/>\n<meta property=\"og:locale\" content=\"en_US\" \/>\n<meta property=\"og:type\" content=\"article\" \/>\n<meta property=\"og:title\" content=\"Ensemble cylindr\u00e9e origine KS Moteur MWM AKD 112 Tracteur Agricole - Edel\" \/>\n<meta property=\"og:description\" content=\"ENSEMBLE MWM AKD 112 &#8211; Cylindre Chemise Piston Segments Tracteur Agricole Information du produit : L\u2019ensemble chemise\/piston\/segments, sont des pi\u00e8ces fondamentales du moteur thermique. Elles assurent le bon d\u00e9roulement de la combustion interne, ainsi que l\u2019exploitation de cette derni\u00e8re.\u00a0Edel Shop vous propose une cylindr\u00e9e compl\u00e8te, chemise, piston, segments pour moteur MWM AKD 112.Qualit\u00e9 origine Germany,     Read More &quot;Ensemble cylindr\u00e9e origine KS Moteur MWM AKD 112 Tracteur Agricole&quot;\" \/>\n<meta property=\"og:url\" content=\"http:\/\/edel.fr\/produit\/ensemble-912-chemise-piston-segments\/\" \/>\n<meta property=\"og:site_name\" content=\"Edel\" \/>\n<meta property=\"article:modified_time\" content=\"2026-04-01T13:51:32+00:00\" \/>\n<meta property=\"og:image\" content=\"http:\/\/edel.fr\/uploads\/2020\/10\/Ensemble-AKD-112-1.jpg\" \/>\n\t<meta property=\"og:image:width\" content=\"1512\" \/>\n\t<meta property=\"og:image:height\" content=\"1752\" \/>\n\t<meta property=\"og:image:type\" content=\"image\/jpeg\" \/>\n<meta name=\"twitter:card\" content=\"summary_large_image\" \/>\n<meta name=\"twitter:label1\" content=\"Est. reading time\" \/>\n\t<meta name=\"twitter:data1\" content=\"1 minute\" \/>\n<script type=\"application\/ld+json\" class=\"yoast-schema-graph\">{\"@context\":\"https:\\\/\\\/schema.org\",\"@graph\":[{\"@type\":\"WebPage\",\"@id\":\"http:\\\/\\\/edel.fr\\\/produit\\\/ensemble-912-chemise-piston-segments\\\/\",\"url\":\"http:\\\/\\\/edel.fr\\\/produit\\\/ensemble-912-chemise-piston-segments\\\/\",\"name\":\"Ensemble cylindr\u00e9e origine KS Moteur MWM AKD 112 Tracteur Agricole - Edel\",\"isPartOf\":{\"@id\":\"http:\\\/\\\/www.edel.fr\\\/en\\\/#website\"},\"primaryImageOfPage\":{\"@id\":\"http:\\\/\\\/edel.fr\\\/produit\\\/ensemble-912-chemise-piston-segments\\\/#primaryimage\"},\"image\":{\"@id\":\"http:\\\/\\\/edel.fr\\\/produit\\\/ensemble-912-chemise-piston-segments\\\/#primaryimage\"},\"thumbnailUrl\":\"http:\\\/\\\/www.edel.fr\\\/uploads\\\/2020\\\/10\\\/Ensemble-AKD-112-1.jpg\",\"datePublished\":\"2020-10-06T07:12:35+00:00\",\"dateModified\":\"2026-04-01T13:51:32+00:00\",\"breadcrumb\":{\"@id\":\"http:\\\/\\\/edel.fr\\\/produit\\\/ensemble-912-chemise-piston-segments\\\/#breadcrumb\"},\"inLanguage\":\"en-US\",\"potentialAction\":[{\"@type\":\"ReadAction\",\"target\":[\"http:\\\/\\\/edel.fr\\\/produit\\\/ensemble-912-chemise-piston-segments\\\/\"]}]},{\"@type\":\"ImageObject\",\"inLanguage\":\"en-US\",\"@id\":\"http:\\\/\\\/edel.fr\\\/produit\\\/ensemble-912-chemise-piston-segments\\\/#primaryimage\",\"url\":\"http:\\\/\\\/www.edel.fr\\\/uploads\\\/2020\\\/10\\\/Ensemble-AKD-112-1.jpg\",\"contentUrl\":\"http:\\\/\\\/www.edel.fr\\\/uploads\\\/2020\\\/10\\\/Ensemble-AKD-112-1.jpg\",\"width\":1512,\"height\":1752},{\"@type\":\"BreadcrumbList\",\"@id\":\"http:\\\/\\\/edel.fr\\\/produit\\\/ensemble-912-chemise-piston-segments\\\/#breadcrumb\",\"itemListElement\":[{\"@type\":\"ListItem\",\"position\":1,\"name\":\"Pi\u00e8ce Tracteur\",\"item\":\"http:\\\/\\\/www.edel.fr\\\/en\\\/\"},{\"@type\":\"ListItem\",\"position\":2,\"name\":\"Toutes nos pi\u00e8ces Tracteur\",\"item\":\"https:\\\/\\\/edel.fr\\\/shop\\\/\"},{\"@type\":\"ListItem\",\"position\":3,\"name\":\"Ensemble cylindr\u00e9e origine KS Moteur MWM AKD 112 Tracteur Agricole\"}]},{\"@type\":\"WebSite\",\"@id\":\"http:\\\/\\\/www.edel.fr\\\/en\\\/#website\",\"url\":\"http:\\\/\\\/www.edel.fr\\\/en\\\/\",\"name\":\"Edel\",\"description\":\"Pi\u00e8ce d\u00e9tach\u00e9e de Tracteur Agricole\",\"publisher\":{\"@id\":\"http:\\\/\\\/www.edel.fr\\\/en\\\/#organization\"},\"potentialAction\":[{\"@type\":\"SearchAction\",\"target\":{\"@type\":\"EntryPoint\",\"urlTemplate\":\"http:\\\/\\\/www.edel.fr\\\/en\\\/?s={search_term_string}\"},\"query-input\":{\"@type\":\"PropertyValueSpecification\",\"valueRequired\":true,\"valueName\":\"search_term_string\"}}],\"inLanguage\":\"en-US\"},{\"@type\":\"Organization\",\"@id\":\"http:\\\/\\\/www.edel.fr\\\/en\\\/#organization\",\"name\":\"Edel\",\"url\":\"http:\\\/\\\/www.edel.fr\\\/en\\\/\",\"logo\":{\"@type\":\"ImageObject\",\"inLanguage\":\"en-US\",\"@id\":\"http:\\\/\\\/www.edel.fr\\\/en\\\/#\\\/schema\\\/logo\\\/image\\\/\",\"url\":\"https:\\\/\\\/www.edel.fr\\\/uploads\\\/2018\\\/11\\\/logo-edel.png\",\"contentUrl\":\"https:\\\/\\\/www.edel.fr\\\/uploads\\\/2018\\\/11\\\/logo-edel.png\",\"width\":257,\"height\":68,\"caption\":\"Edel\"},\"image\":{\"@id\":\"http:\\\/\\\/www.edel.fr\\\/en\\\/#\\\/schema\\\/logo\\\/image\\\/\"}}]}<\/script>\n<!-- \/ Yoast SEO plugin. -->","yoast_head_json":{"title":"Ensemble cylindr\u00e9e origine KS Moteur MWM AKD 112 Tracteur Agricole - Edel","robots":{"index":"index","follow":"follow","max-snippet":"max-snippet:-1","max-image-preview":"max-image-preview:large","max-video-preview":"max-video-preview:-1"},"canonical":"http:\/\/edel.fr\/produit\/ensemble-912-chemise-piston-segments\/","og_locale":"en_US","og_type":"article","og_title":"Ensemble cylindr\u00e9e origine KS Moteur MWM AKD 112 Tracteur Agricole - Edel","og_description":"ENSEMBLE MWM AKD 112 &#8211; Cylindre Chemise Piston Segments Tracteur Agricole Information du produit : L\u2019ensemble chemise\/piston\/segments, sont des pi\u00e8ces fondamentales du moteur thermique. Elles assurent le bon d\u00e9roulement de la combustion interne, ainsi que l\u2019exploitation de cette derni\u00e8re.\u00a0Edel Shop vous propose une cylindr\u00e9e compl\u00e8te, chemise, piston, segments pour moteur MWM AKD 112.Qualit\u00e9 origine Germany,     Read More \"Ensemble cylindr\u00e9e origine KS Moteur MWM AKD 112 Tracteur Agricole\"","og_url":"http:\/\/edel.fr\/produit\/ensemble-912-chemise-piston-segments\/","og_site_name":"Edel","article_modified_time":"2026-04-01T13:51:32+00:00","og_image":[{"width":1512,"height":1752,"url":"http:\/\/edel.fr\/uploads\/2020\/10\/Ensemble-AKD-112-1.jpg","type":"image\/jpeg"}],"twitter_card":"summary_large_image","twitter_misc":{"Est. reading time":"1 minute"},"schema":{"@context":"https:\/\/schema.org","@graph":[{"@type":"WebPage","@id":"http:\/\/edel.fr\/produit\/ensemble-912-chemise-piston-segments\/","url":"http:\/\/edel.fr\/produit\/ensemble-912-chemise-piston-segments\/","name":"Ensemble cylindr\u00e9e origine KS Moteur MWM AKD 112 Tracteur Agricole - Edel","isPartOf":{"@id":"http:\/\/www.edel.fr\/en\/#website"},"primaryImageOfPage":{"@id":"http:\/\/edel.fr\/produit\/ensemble-912-chemise-piston-segments\/#primaryimage"},"image":{"@id":"http:\/\/edel.fr\/produit\/ensemble-912-chemise-piston-segments\/#primaryimage"},"thumbnailUrl":"http:\/\/www.edel.fr\/uploads\/2020\/10\/Ensemble-AKD-112-1.jpg","datePublished":"2020-10-06T07:12:35+00:00","dateModified":"2026-04-01T13:51:32+00:00","breadcrumb":{"@id":"http:\/\/edel.fr\/produit\/ensemble-912-chemise-piston-segments\/#breadcrumb"},"inLanguage":"en-US","potentialAction":[{"@type":"ReadAction","target":["http:\/\/edel.fr\/produit\/ensemble-912-chemise-piston-segments\/"]}]},{"@type":"ImageObject","inLanguage":"en-US","@id":"http:\/\/edel.fr\/produit\/ensemble-912-chemise-piston-segments\/#primaryimage","url":"http:\/\/www.edel.fr\/uploads\/2020\/10\/Ensemble-AKD-112-1.jpg","contentUrl":"http:\/\/www.edel.fr\/uploads\/2020\/10\/Ensemble-AKD-112-1.jpg","width":1512,"height":1752},{"@type":"BreadcrumbList","@id":"http:\/\/edel.fr\/produit\/ensemble-912-chemise-piston-segments\/#breadcrumb","itemListElement":[{"@type":"ListItem","position":1,"name":"Pi\u00e8ce Tracteur","item":"http:\/\/www.edel.fr\/en\/"},{"@type":"ListItem","position":2,"name":"Toutes nos pi\u00e8ces Tracteur","item":"https:\/\/edel.fr\/shop\/"},{"@type":"ListItem","position":3,"name":"Ensemble cylindr\u00e9e origine KS Moteur MWM AKD 112 Tracteur Agricole"}]},{"@type":"WebSite","@id":"http:\/\/www.edel.fr\/en\/#website","url":"http:\/\/www.edel.fr\/en\/","name":"Edel","description":"Pi\u00e8ce d\u00e9tach\u00e9e de Tracteur Agricole","publisher":{"@id":"http:\/\/www.edel.fr\/en\/#organization"},"potentialAction":[{"@type":"SearchAction","target":{"@type":"EntryPoint","urlTemplate":"http:\/\/www.edel.fr\/en\/?s={search_term_string}"},"query-input":{"@type":"PropertyValueSpecification","valueRequired":true,"valueName":"search_term_string"}}],"inLanguage":"en-US"},{"@type":"Organization","@id":"http:\/\/www.edel.fr\/en\/#organization","name":"Edel","url":"http:\/\/www.edel.fr\/en\/","logo":{"@type":"ImageObject","inLanguage":"en-US","@id":"http:\/\/www.edel.fr\/en\/#\/schema\/logo\/image\/","url":"https:\/\/www.edel.fr\/uploads\/2018\/11\/logo-edel.png","contentUrl":"https:\/\/www.edel.fr\/uploads\/2018\/11\/logo-edel.png","width":257,"height":68,"caption":"Edel"},"image":{"@id":"http:\/\/www.edel.fr\/en\/#\/schema\/logo\/image\/"}}]}},"_links":{"self":[{"href":"http:\/\/www.edel.fr\/en\/wp-json\/wp\/v2\/product\/7091","targetHints":{"allow":["GET"]}}],"collection":[{"href":"http:\/\/www.edel.fr\/en\/wp-json\/wp\/v2\/product"}],"about":[{"href":"http:\/\/www.edel.fr\/en\/wp-json\/wp\/v2\/types\/product"}],"version-history":[{"count":2,"href":"http:\/\/www.edel.fr\/en\/wp-json\/wp\/v2\/product\/7091\/revisions"}],"predecessor-version":[{"id":19977,"href":"http:\/\/www.edel.fr\/en\/wp-json\/wp\/v2\/product\/7091\/revisions\/19977"}],"wp:featuredmedia":[{"embeddable":true,"href":"http:\/\/www.edel.fr\/en\/wp-json\/wp\/v2\/media\/7285"}],"wp:attachment":[{"href":"http:\/\/www.edel.fr\/en\/wp-json\/wp\/v2\/media?parent=7091"}],"wp:term":[{"taxonomy":"product_brand","embeddable":true,"href":"http:\/\/www.edel.fr\/en\/wp-json\/wp\/v2\/product_brand?post=7091"},{"taxonomy":"product_cat","embeddable":true,"href":"http:\/\/www.edel.fr\/en\/wp-json\/wp\/v2\/product_cat?post=7091"},{"taxonomy":"product_tag","embeddable":true,"href":"http:\/\/www.edel.fr\/en\/wp-json\/wp\/v2\/product_tag?post=7091"},{"taxonomy":"tracteur","embeddable":true,"href":"http:\/\/www.edel.fr\/en\/wp-json\/wp\/v2\/tracteur?post=7091"}],"curies":[{"name":"wp","href":"https:\/\/api.w.org\/{rel}","templated":true}]}}