{"id":7041,"date":"2020-09-16T16:07:59","date_gmt":"2020-09-16T14:07:59","guid":{"rendered":"https:\/\/www.edel.fr\/?post_type=product&#038;p=7041"},"modified":"2026-03-27T02:01:00","modified_gmt":"2026-03-27T01:01:00","slug":"butee-dembrayage-renault-112-x-70-x-28","status":"publish","type":"product","link":"http:\/\/www.edel.fr\/en\/product\/butee-dembrayage-renault-112-x-70-x-28\/","title":{"rendered":"But\u00e9e d&#8217;embrayage 112x70x28, Renault &#8211; Tracteur Agricole"},"content":{"rendered":"<h4>BUT\u00c9E D\u2019EMBRAYAGE RENAULT<\/h4>\n<p><strong>112x70x28<\/strong><\/p>\n<p>\u00d8 int\u00e9rieur 70<br \/>\n\u00d8 ext\u00e9rieur 112<br \/>\n\u00c9paisseur 28<\/p>","protected":false},"excerpt":{"rendered":"<p>BUT\u00c9E D\u2019EMBRAYAGE RENAULT 112x70x28 \u00d8 int\u00e9rieur 70 \u00d8 ext\u00e9rieur 112 \u00c9paisseur 28<\/p>","protected":false},"featured_media":10777,"template":"","meta":[],"product_brand":[],"product_cat":[4082,127,119,120],"product_tag":[2496],"tracteur":[],"class_list":{"0":"post-7041","1":"product","2":"type-product","3":"status-publish","4":"has-post-thumbnail","6":"product_cat-butee-dembrayage-renault-claas","7":"product_cat-butees-embrayage","8":"product_cat-tracteurs-agricoles","9":"product_cat-transmissions","10":"product_tag-butee-dembrayage","11":"product_shipping_class-142","12":"pa_diametre-exterieur-4470","13":"pa_diametre-interieur-4471","14":"pa_epaisseur-4472","15":"pa_marque-tracteur-renault-claas","16":"pa_modele-tracteur-renault-anciens","17":"pa_type-2-d22","18":"pa_type-2-d30","19":"pa_type-2-d35","20":"pa_type-2-super3","21":"pa_type-2-super5","22":"pa_type-2-super6","23":"pa_type-2-super7","24":"pa_type-butee-roulement","25":"badges-style-2","27":"first","28":"instock","29":"taxable","30":"shipping-taxable","31":"purchasable","32":"product-type-simple"},"acf":[],"yoast_head":"<!-- This site is optimized with the Yoast SEO plugin v27.3 - https:\/\/yoast.com\/product\/yoast-seo-wordpress\/ -->\n<title>But\u00e9e d&#039;embrayage 112x70x28, Renault - Tracteur Agricole - Edel<\/title>\n<meta name=\"description\" content=\"But\u00e9e d&#039;embrayage 112x70x28, Renault - Pi\u00e8ces d\u00e9tach\u00e9es Tracteur Agricole - Nous vous proposons des pi\u00e8ces de qualit\u00e9 origine.\" \/>\n<meta name=\"robots\" content=\"index, follow, max-snippet:-1, max-image-preview:large, max-video-preview:-1\" \/>\n<link rel=\"canonical\" href=\"http:\/\/www.edel.fr\/en\/product\/butee-dembrayage-renault-112-x-70-x-28\/\" \/>\n<meta property=\"og:locale\" content=\"en_US\" \/>\n<meta property=\"og:type\" content=\"article\" \/>\n<meta property=\"og:title\" content=\"But\u00e9e d&#039;embrayage 112x70x28, Renault - Tracteur Agricole - Edel\" \/>\n<meta property=\"og:description\" content=\"But\u00e9e d&#039;embrayage 112x70x28, Renault - Pi\u00e8ces d\u00e9tach\u00e9es Tracteur Agricole - Nous vous proposons des pi\u00e8ces de qualit\u00e9 origine.\" \/>\n<meta property=\"og:url\" content=\"http:\/\/www.edel.fr\/en\/product\/butee-dembrayage-renault-112-x-70-x-28\/\" \/>\n<meta property=\"og:site_name\" content=\"Edel\" \/>\n<meta property=\"article:modified_time\" content=\"2026-03-27T01:01:00+00:00\" \/>\n<meta property=\"og:image\" content=\"http:\/\/www.edel.fr\/uploads\/2021\/03\/20307880.jpg\" \/>\n\t<meta property=\"og:image:width\" content=\"1512\" \/>\n\t<meta property=\"og:image:height\" content=\"1561\" \/>\n\t<meta property=\"og:image:type\" content=\"image\/jpeg\" \/>\n<meta name=\"twitter:card\" content=\"summary_large_image\" \/>\n<meta name=\"twitter:label1\" content=\"Est. reading time\" \/>\n\t<meta name=\"twitter:data1\" content=\"1 minute\" \/>\n<script type=\"application\/ld+json\" class=\"yoast-schema-graph\">{\"@context\":\"https:\\\/\\\/schema.org\",\"@graph\":[{\"@type\":\"WebPage\",\"@id\":\"http:\\\/\\\/www.edel.fr\\\/produit\\\/butee-dembrayage-renault-112-x-70-x-28\\\/\",\"url\":\"http:\\\/\\\/www.edel.fr\\\/produit\\\/butee-dembrayage-renault-112-x-70-x-28\\\/\",\"name\":\"But\u00e9e d'embrayage 112x70x28, Renault - Tracteur Agricole - Edel\",\"isPartOf\":{\"@id\":\"https:\\\/\\\/www.edel.fr\\\/en\\\/#website\"},\"primaryImageOfPage\":{\"@id\":\"http:\\\/\\\/www.edel.fr\\\/produit\\\/butee-dembrayage-renault-112-x-70-x-28\\\/#primaryimage\"},\"image\":{\"@id\":\"http:\\\/\\\/www.edel.fr\\\/produit\\\/butee-dembrayage-renault-112-x-70-x-28\\\/#primaryimage\"},\"thumbnailUrl\":\"http:\\\/\\\/www.edel.fr\\\/uploads\\\/2021\\\/03\\\/20307880.jpg\",\"datePublished\":\"2020-09-16T14:07:59+00:00\",\"dateModified\":\"2026-03-27T01:01:00+00:00\",\"description\":\"But\u00e9e d'embrayage 112x70x28, Renault - Pi\u00e8ces d\u00e9tach\u00e9es Tracteur Agricole - Nous vous proposons des pi\u00e8ces de qualit\u00e9 origine.\",\"breadcrumb\":{\"@id\":\"http:\\\/\\\/www.edel.fr\\\/produit\\\/butee-dembrayage-renault-112-x-70-x-28\\\/#breadcrumb\"},\"inLanguage\":\"en-US\",\"potentialAction\":[{\"@type\":\"ReadAction\",\"target\":[\"http:\\\/\\\/www.edel.fr\\\/produit\\\/butee-dembrayage-renault-112-x-70-x-28\\\/\"]}]},{\"@type\":\"ImageObject\",\"inLanguage\":\"en-US\",\"@id\":\"http:\\\/\\\/www.edel.fr\\\/produit\\\/butee-dembrayage-renault-112-x-70-x-28\\\/#primaryimage\",\"url\":\"http:\\\/\\\/www.edel.fr\\\/uploads\\\/2021\\\/03\\\/20307880.jpg\",\"contentUrl\":\"http:\\\/\\\/www.edel.fr\\\/uploads\\\/2021\\\/03\\\/20307880.jpg\",\"width\":1512,\"height\":1561,\"caption\":\"But\u00e9e d'embrayage 112x70x28, Renault - Tracteur Agricole\"},{\"@type\":\"BreadcrumbList\",\"@id\":\"http:\\\/\\\/www.edel.fr\\\/produit\\\/butee-dembrayage-renault-112-x-70-x-28\\\/#breadcrumb\",\"itemListElement\":[{\"@type\":\"ListItem\",\"position\":1,\"name\":\"Pi\u00e8ce Tracteur\",\"item\":\"https:\\\/\\\/www.edel.fr\\\/en\\\/\"},{\"@type\":\"ListItem\",\"position\":2,\"name\":\"Toutes nos pi\u00e8ces Tracteur\",\"item\":\"https:\\\/\\\/edel.fr\\\/shop\\\/\"},{\"@type\":\"ListItem\",\"position\":3,\"name\":\"But\u00e9e d&#8217;embrayage 112x70x28, Renault &#8211; Tracteur Agricole\"}]},{\"@type\":\"WebSite\",\"@id\":\"https:\\\/\\\/www.edel.fr\\\/en\\\/#website\",\"url\":\"https:\\\/\\\/www.edel.fr\\\/en\\\/\",\"name\":\"Edel\",\"description\":\"Pi\u00e8ce d\u00e9tach\u00e9e de Tracteur Agricole\",\"publisher\":{\"@id\":\"https:\\\/\\\/www.edel.fr\\\/en\\\/#organization\"},\"potentialAction\":[{\"@type\":\"SearchAction\",\"target\":{\"@type\":\"EntryPoint\",\"urlTemplate\":\"https:\\\/\\\/www.edel.fr\\\/en\\\/?s={search_term_string}\"},\"query-input\":{\"@type\":\"PropertyValueSpecification\",\"valueRequired\":true,\"valueName\":\"search_term_string\"}}],\"inLanguage\":\"en-US\"},{\"@type\":\"Organization\",\"@id\":\"https:\\\/\\\/www.edel.fr\\\/en\\\/#organization\",\"name\":\"Edel\",\"url\":\"https:\\\/\\\/www.edel.fr\\\/en\\\/\",\"logo\":{\"@type\":\"ImageObject\",\"inLanguage\":\"en-US\",\"@id\":\"https:\\\/\\\/www.edel.fr\\\/en\\\/#\\\/schema\\\/logo\\\/image\\\/\",\"url\":\"https:\\\/\\\/www.edel.fr\\\/uploads\\\/2018\\\/11\\\/logo-edel.png\",\"contentUrl\":\"https:\\\/\\\/www.edel.fr\\\/uploads\\\/2018\\\/11\\\/logo-edel.png\",\"width\":257,\"height\":68,\"caption\":\"Edel\"},\"image\":{\"@id\":\"https:\\\/\\\/www.edel.fr\\\/en\\\/#\\\/schema\\\/logo\\\/image\\\/\"}}]}<\/script>\n<!-- \/ Yoast SEO plugin. -->","yoast_head_json":{"title":"But\u00e9e d'embrayage 112x70x28, Renault - Tracteur Agricole - Edel","description":"But\u00e9e d'embrayage 112x70x28, Renault - Pi\u00e8ces d\u00e9tach\u00e9es Tracteur Agricole - Nous vous proposons des pi\u00e8ces de qualit\u00e9 origine.","robots":{"index":"index","follow":"follow","max-snippet":"max-snippet:-1","max-image-preview":"max-image-preview:large","max-video-preview":"max-video-preview:-1"},"canonical":"http:\/\/www.edel.fr\/en\/product\/butee-dembrayage-renault-112-x-70-x-28\/","og_locale":"en_US","og_type":"article","og_title":"But\u00e9e d'embrayage 112x70x28, Renault - Tracteur Agricole - Edel","og_description":"But\u00e9e d'embrayage 112x70x28, Renault - Pi\u00e8ces d\u00e9tach\u00e9es Tracteur Agricole - Nous vous proposons des pi\u00e8ces de qualit\u00e9 origine.","og_url":"http:\/\/www.edel.fr\/en\/product\/butee-dembrayage-renault-112-x-70-x-28\/","og_site_name":"Edel","article_modified_time":"2026-03-27T01:01:00+00:00","og_image":[{"width":1512,"height":1561,"url":"http:\/\/www.edel.fr\/uploads\/2021\/03\/20307880.jpg","type":"image\/jpeg"}],"twitter_card":"summary_large_image","twitter_misc":{"Est. reading time":"1 minute"},"schema":{"@context":"https:\/\/schema.org","@graph":[{"@type":"WebPage","@id":"http:\/\/www.edel.fr\/produit\/butee-dembrayage-renault-112-x-70-x-28\/","url":"http:\/\/www.edel.fr\/produit\/butee-dembrayage-renault-112-x-70-x-28\/","name":"But\u00e9e d'embrayage 112x70x28, Renault - Tracteur Agricole - Edel","isPartOf":{"@id":"https:\/\/www.edel.fr\/en\/#website"},"primaryImageOfPage":{"@id":"http:\/\/www.edel.fr\/produit\/butee-dembrayage-renault-112-x-70-x-28\/#primaryimage"},"image":{"@id":"http:\/\/www.edel.fr\/produit\/butee-dembrayage-renault-112-x-70-x-28\/#primaryimage"},"thumbnailUrl":"http:\/\/www.edel.fr\/uploads\/2021\/03\/20307880.jpg","datePublished":"2020-09-16T14:07:59+00:00","dateModified":"2026-03-27T01:01:00+00:00","description":"But\u00e9e d'embrayage 112x70x28, Renault - Pi\u00e8ces d\u00e9tach\u00e9es Tracteur Agricole - Nous vous proposons des pi\u00e8ces de qualit\u00e9 origine.","breadcrumb":{"@id":"http:\/\/www.edel.fr\/produit\/butee-dembrayage-renault-112-x-70-x-28\/#breadcrumb"},"inLanguage":"en-US","potentialAction":[{"@type":"ReadAction","target":["http:\/\/www.edel.fr\/produit\/butee-dembrayage-renault-112-x-70-x-28\/"]}]},{"@type":"ImageObject","inLanguage":"en-US","@id":"http:\/\/www.edel.fr\/produit\/butee-dembrayage-renault-112-x-70-x-28\/#primaryimage","url":"http:\/\/www.edel.fr\/uploads\/2021\/03\/20307880.jpg","contentUrl":"http:\/\/www.edel.fr\/uploads\/2021\/03\/20307880.jpg","width":1512,"height":1561,"caption":"But\u00e9e d'embrayage 112x70x28, Renault - Tracteur Agricole"},{"@type":"BreadcrumbList","@id":"http:\/\/www.edel.fr\/produit\/butee-dembrayage-renault-112-x-70-x-28\/#breadcrumb","itemListElement":[{"@type":"ListItem","position":1,"name":"Pi\u00e8ce Tracteur","item":"https:\/\/www.edel.fr\/en\/"},{"@type":"ListItem","position":2,"name":"Toutes nos pi\u00e8ces Tracteur","item":"https:\/\/edel.fr\/shop\/"},{"@type":"ListItem","position":3,"name":"But\u00e9e d&#8217;embrayage 112x70x28, Renault &#8211; Tracteur Agricole"}]},{"@type":"WebSite","@id":"https:\/\/www.edel.fr\/en\/#website","url":"https:\/\/www.edel.fr\/en\/","name":"Edel","description":"Pi\u00e8ce d\u00e9tach\u00e9e de Tracteur Agricole","publisher":{"@id":"https:\/\/www.edel.fr\/en\/#organization"},"potentialAction":[{"@type":"SearchAction","target":{"@type":"EntryPoint","urlTemplate":"https:\/\/www.edel.fr\/en\/?s={search_term_string}"},"query-input":{"@type":"PropertyValueSpecification","valueRequired":true,"valueName":"search_term_string"}}],"inLanguage":"en-US"},{"@type":"Organization","@id":"https:\/\/www.edel.fr\/en\/#organization","name":"Edel","url":"https:\/\/www.edel.fr\/en\/","logo":{"@type":"ImageObject","inLanguage":"en-US","@id":"https:\/\/www.edel.fr\/en\/#\/schema\/logo\/image\/","url":"https:\/\/www.edel.fr\/uploads\/2018\/11\/logo-edel.png","contentUrl":"https:\/\/www.edel.fr\/uploads\/2018\/11\/logo-edel.png","width":257,"height":68,"caption":"Edel"},"image":{"@id":"https:\/\/www.edel.fr\/en\/#\/schema\/logo\/image\/"}}]}},"_links":{"self":[{"href":"http:\/\/www.edel.fr\/en\/wp-json\/wp\/v2\/product\/7041","targetHints":{"allow":["GET"]}}],"collection":[{"href":"http:\/\/www.edel.fr\/en\/wp-json\/wp\/v2\/product"}],"about":[{"href":"http:\/\/www.edel.fr\/en\/wp-json\/wp\/v2\/types\/product"}],"version-history":[{"count":3,"href":"http:\/\/www.edel.fr\/en\/wp-json\/wp\/v2\/product\/7041\/revisions"}],"predecessor-version":[{"id":10802,"href":"http:\/\/www.edel.fr\/en\/wp-json\/wp\/v2\/product\/7041\/revisions\/10802"}],"wp:featuredmedia":[{"embeddable":true,"href":"http:\/\/www.edel.fr\/en\/wp-json\/wp\/v2\/media\/10777"}],"wp:attachment":[{"href":"http:\/\/www.edel.fr\/en\/wp-json\/wp\/v2\/media?parent=7041"}],"wp:term":[{"taxonomy":"product_brand","embeddable":true,"href":"http:\/\/www.edel.fr\/en\/wp-json\/wp\/v2\/product_brand?post=7041"},{"taxonomy":"product_cat","embeddable":true,"href":"http:\/\/www.edel.fr\/en\/wp-json\/wp\/v2\/product_cat?post=7041"},{"taxonomy":"product_tag","embeddable":true,"href":"http:\/\/www.edel.fr\/en\/wp-json\/wp\/v2\/product_tag?post=7041"},{"taxonomy":"tracteur","embeddable":true,"href":"http:\/\/www.edel.fr\/en\/wp-json\/wp\/v2\/tracteur?post=7041"}],"curies":[{"name":"wp","href":"https:\/\/api.w.org\/{rel}","templated":true}]}}