{"id":5966,"date":"2019-03-11T09:24:43","date_gmt":"2019-03-11T08:24:43","guid":{"rendered":"http:\/\/edel.stephanie.ct.webcd.lan\/shop\/kit-complet-mecanisme-double-disque-av-cerametallique-et-butee-complete-fiat-new-holland-o310-310-16-11-cannelures\/"},"modified":"2026-03-24T02:00:20","modified_gmt":"2026-03-24T01:00:20","slug":"kit-complet-mecanisme-double-disque-av-cerametallique-et-butee-complete-fiat-new-holland-o310-310-16-11-cannelures","status":"publish","type":"product","link":"http:\/\/www.edel.fr\/en\/product\/kit-complet-mecanisme-double-disque-av-cerametallique-et-butee-complete-fiat-new-holland-o310-310-16-11-cannelures\/","title":{"rendered":"Embrayage Fiat New Holland Kit Complet &#8211; 1000 640 750 800 850"},"content":{"rendered":"<div data-elementor-type=\"wp-post\" data-elementor-id=\"5966\" class=\"elementor elementor-5966\">\n\t\t\t\t\t\t<section class=\"elementor-section elementor-top-section elementor-element elementor-element-96485a3 elementor-section-boxed elementor-section-height-default elementor-section-height-default\" data-id=\"96485a3\" data-element_type=\"section\" data-e-type=\"section\">\n\t\t\t\t\t\t<div class=\"elementor-container elementor-column-gap-default\">\n\t\t\t\t\t<div class=\"elementor-column elementor-col-100 elementor-top-column elementor-element elementor-element-ac56c5b\" data-id=\"ac56c5b\" data-element_type=\"column\" data-e-type=\"column\">\n\t\t\t<div class=\"elementor-widget-wrap elementor-element-populated\">\n\t\t\t\t\t\t<div class=\"elementor-element elementor-element-57b969b elementor-widget elementor-widget-heading\" data-id=\"57b969b\" data-element_type=\"widget\" data-e-type=\"widget\" data-widget_type=\"heading.default\">\n\t\t\t\t<div class=\"elementor-widget-container\">\n\t\t\t\t\t<h2 class=\"elementor-heading-title elementor-size-default\">KIT COMPLET M\u00c9CANISME DOUBLE, DISQUE AV. C\u00c9RAM\u00c9TALLIQUE ET BUT\u00c9E COMPL\u00c8TE \u00d8310\/310 \u2013 16\/11 CANNELURES<\/h2>\t\t\t\t<\/div>\n\t\t\t\t<\/div>\n\t\t\t\t\t<\/div>\n\t\t<\/div>\n\t\t\t\t\t<\/div>\n\t\t<\/section>\n\t\t\t\t<section class=\"elementor-section elementor-top-section elementor-element elementor-element-b4bb6f9 elementor-section-boxed elementor-section-height-default elementor-section-height-default\" data-id=\"b4bb6f9\" data-element_type=\"section\" data-e-type=\"section\">\n\t\t\t\t\t\t<div class=\"elementor-container elementor-column-gap-default\">\n\t\t\t\t\t<div class=\"elementor-column elementor-col-100 elementor-top-column elementor-element elementor-element-17078b9\" data-id=\"17078b9\" data-element_type=\"column\" data-e-type=\"column\">\n\t\t\t<div class=\"elementor-widget-wrap elementor-element-populated\">\n\t\t\t\t\t\t<div class=\"elementor-element elementor-element-e741ad3 elementor-widget elementor-widget-heading\" data-id=\"e741ad3\" data-element_type=\"widget\" data-e-type=\"widget\" data-widget_type=\"heading.default\">\n\t\t\t\t<div class=\"elementor-widget-container\">\n\t\t\t\t\t<h3 class=\"elementor-heading-title elementor-size-default\">Information du produit : <\/h3>\t\t\t\t<\/div>\n\t\t\t\t<\/div>\n\t\t\t\t\t<\/div>\n\t\t<\/div>\n\t\t\t\t\t<\/div>\n\t\t<\/section>\n\t\t\t\t<section class=\"elementor-section elementor-top-section elementor-element elementor-element-61e2220f elementor-section-boxed elementor-section-height-default elementor-section-height-default\" data-id=\"61e2220f\" data-element_type=\"section\" data-e-type=\"section\">\n\t\t\t\t\t\t<div class=\"elementor-container elementor-column-gap-default\">\n\t\t\t\t\t<div class=\"elementor-column elementor-col-100 elementor-top-column elementor-element elementor-element-2e20083c\" data-id=\"2e20083c\" data-element_type=\"column\" data-e-type=\"column\">\n\t\t\t<div class=\"elementor-widget-wrap elementor-element-populated\">\n\t\t\t\t\t\t<div class=\"elementor-element elementor-element-3c9b031a elementor-widget elementor-widget-text-editor\" data-id=\"3c9b031a\" data-element_type=\"widget\" data-e-type=\"widget\" data-widget_type=\"text-editor.default\">\n\t\t\t\t<div class=\"elementor-widget-container\">\n\t\t\t\t\t\t\t\t\t<p>Fiat &#8211; Someca : 1000, 640, 650, 750, 800, 850, 900, 940.<\/p><div><p>N\u2019oubliez pas le roulement pilote <a href=\"https:\/\/www.edel.fr\/en\/roulement-pilote-fag-6304-2rs-20-x-52-x-15-tracteur-agricole\/\" target=\"_blank\" rel=\"noopener\">RP 17.<\/a><\/p><\/div><p>Le kit d\u2019embrayage tracteur agricole est compos\u00e9 d\u2019un m\u00e9canisme, d\u2019un ou deux disques, d\u2019une ou deux but\u00e9es et du roulement pilote. De plus le kit complet comprend la totalit\u00e9 des pi\u00e8ces \u00e0 changer en atelier. Cependant les pi\u00e8ces de rechange qui le composent sont rigoureusement s\u00e9lectionn\u00e9es pour leur qualit\u00e9 et leur fiabilit\u00e9.\u00a0<\/p><p>Toutefois choisir de remplacer une pi\u00e8ce au d\u00e9tail peut s\u2019av\u00e9rer \u00eatre moins avantageux que de remplacer un ensemble complet. Nos kits se distinguent par la qualit\u00e9 de nos but\u00e9es d\u2019embrayages et roulements pilotes. Une but\u00e9e adaptable qui grippe conduit irr\u00e9m\u00e9diablement \u00e0 la destruction du m\u00e9canisme.<\/p><p>Car pour le montage d\u2019un kit d\u2019embrayage agricole, les pi\u00e8ces p\u00e9riph\u00e9riques doivent proc\u00e9der \u00e0 un examen minutieux. Notamment, le volant moteur et les diff\u00e9rents joints spi.<\/p><p>En effet, pour le syst\u00e8me de commande, une vigilance particuli\u00e8re est \u00e0 porter au c\u00e2ble, a la tringlerie et au circuit hydraulique. En cas de doute, ces composants doivent absolument \u00eatre remis \u00e0 niveau pour permettre le parfait fonctionnement de l\u2019embrayage.<\/p><p>Bien s\u00fbr, pour plus de renseignements, n&rsquo;h\u00e9sitez pas \u00e0 nous consulter !<\/p>\t\t\t\t\t\t\t\t<\/div>\n\t\t\t\t<\/div>\n\t\t\t\t\t<\/div>\n\t\t<\/div>\n\t\t\t\t\t<\/div>\n\t\t<\/section>\n\t\t\t\t<\/div>","protected":false},"excerpt":{"rendered":"<p>KIT COMPLET M\u00c9CANISME DOUBLE, DISQUE AV. C\u00c9RAM\u00c9TALLIQUE ET BUT\u00c9E COMPL\u00c8TE \u00d8310\/310 \u2013 16\/11 CANNELURES Information du produit : Fiat &#8211; Someca : 1000, 640, 650, 750, 800, 850, 900, 940. N\u2019oubliez pas le roulement pilote RP 17. Le kit d\u2019embrayage tracteur agricole est compos\u00e9 d\u2019un m\u00e9canisme, d\u2019un ou deux disques, d\u2019une ou deux but\u00e9es et<br \/><a class=\"more-link\" href=\"http:\/\/www.edel.fr\/en\/product\/kit-complet-mecanisme-double-disque-av-cerametallique-et-butee-complete-fiat-new-holland-o310-310-16-11-cannelures\/\"><br \/>\n        Read More<span class=\"screen-reader-text\"> \u00ab\u00a0Embrayage Fiat New Holland Kit Complet &#8211; 1000 640 750 800 850\u00a0\u00bb<\/span><\/a><\/p>","protected":false},"featured_media":4169,"template":"","meta":[],"product_brand":[],"product_cat":[1141,3956,119,120],"product_tag":[143,124],"tracteur":[],"class_list":{"0":"post-5966","1":"product","2":"type-product","3":"status-publish","4":"has-post-thumbnail","6":"product_cat-kits-dembrayage","7":"product_cat-fiat-new-holland","8":"product_cat-tracteurs-agricoles","9":"product_cat-transmissions","10":"product_tag-kits-dembrayage","11":"product_tag-transmissions","12":"product_shipping_class-142","13":"pa_fabriquant-valeo","14":"pa_marque-tracteur-fiat-new-holland","15":"pa_type-2-1150","16":"pa_type-2-1147","17":"pa_type-2-1586","18":"pa_type-2-1149","19":"pa_type-2-1888","20":"pa_type-2-1632","21":"pa_type-2-1745","22":"pa_type-2-2479","23":"badges-style-2","25":"first","26":"instock","27":"taxable","28":"shipping-taxable","29":"purchasable","30":"product-type-simple"},"acf":[],"yoast_head":"<!-- This site is optimized with the Yoast SEO plugin v27.3 - https:\/\/yoast.com\/product\/yoast-seo-wordpress\/ -->\n<title>Embrayage Fiat New Holland Kit Complet - 1000 640 750 800 850 - Edel<\/title>\n<meta name=\"description\" content=\"Embrayage Fiat New Holland - M\u00e9canisme double, disque AV. C\u00e9ram\u00e9tallique et but\u00e9e compl\u00e8te - \u00d8310\/310 - 16\/11 Cannelures - 1000 640 650 750 800 850 900 940\" \/>\n<meta name=\"robots\" content=\"index, follow, max-snippet:-1, max-image-preview:large, max-video-preview:-1\" \/>\n<link rel=\"canonical\" href=\"https:\/\/edel.fr\/produit\/kit-complet-mecanisme-double-disque-av-cerametallique-et-butee-complete-fiat-new-holland-o310-310-16-11-cannelures\/\" \/>\n<meta property=\"og:locale\" content=\"en_US\" \/>\n<meta property=\"og:type\" content=\"article\" \/>\n<meta property=\"og:title\" content=\"Embrayage Fiat New Holland Kit Complet - 1000 640 750 800 850 - Edel\" \/>\n<meta property=\"og:description\" content=\"Embrayage Fiat New Holland - M\u00e9canisme double, disque AV. C\u00e9ram\u00e9tallique et but\u00e9e compl\u00e8te - \u00d8310\/310 - 16\/11 Cannelures - 1000 640 650 750 800 850 900 940\" \/>\n<meta property=\"og:url\" content=\"https:\/\/edel.fr\/produit\/kit-complet-mecanisme-double-disque-av-cerametallique-et-butee-complete-fiat-new-holland-o310-310-16-11-cannelures\/\" \/>\n<meta property=\"og:site_name\" content=\"Edel\" \/>\n<meta property=\"article:modified_time\" content=\"2026-03-24T01:00:20+00:00\" \/>\n<meta property=\"og:image\" content=\"https:\/\/edel.fr\/uploads\/2018\/11\/K14.jpg\" \/>\n\t<meta property=\"og:image:width\" content=\"1920\" \/>\n\t<meta property=\"og:image:height\" content=\"1920\" \/>\n\t<meta property=\"og:image:type\" content=\"image\/jpeg\" \/>\n<meta name=\"twitter:card\" content=\"summary_large_image\" \/>\n<meta name=\"twitter:label1\" content=\"Est. reading time\" \/>\n\t<meta name=\"twitter:data1\" content=\"2 minutes\" \/>\n<script type=\"application\/ld+json\" class=\"yoast-schema-graph\">{\"@context\":\"https:\\\/\\\/schema.org\",\"@graph\":[{\"@type\":\"WebPage\",\"@id\":\"https:\\\/\\\/edel.fr\\\/produit\\\/kit-complet-mecanisme-double-disque-av-cerametallique-et-butee-complete-fiat-new-holland-o310-310-16-11-cannelures\\\/\",\"url\":\"https:\\\/\\\/edel.fr\\\/produit\\\/kit-complet-mecanisme-double-disque-av-cerametallique-et-butee-complete-fiat-new-holland-o310-310-16-11-cannelures\\\/\",\"name\":\"Embrayage Fiat New Holland Kit Complet - 1000 640 750 800 850 - Edel\",\"isPartOf\":{\"@id\":\"http:\\\/\\\/www.edel.fr\\\/en\\\/#website\"},\"primaryImageOfPage\":{\"@id\":\"https:\\\/\\\/edel.fr\\\/produit\\\/kit-complet-mecanisme-double-disque-av-cerametallique-et-butee-complete-fiat-new-holland-o310-310-16-11-cannelures\\\/#primaryimage\"},\"image\":{\"@id\":\"https:\\\/\\\/edel.fr\\\/produit\\\/kit-complet-mecanisme-double-disque-av-cerametallique-et-butee-complete-fiat-new-holland-o310-310-16-11-cannelures\\\/#primaryimage\"},\"thumbnailUrl\":\"http:\\\/\\\/www.edel.fr\\\/uploads\\\/2018\\\/11\\\/K14.jpg\",\"datePublished\":\"2019-03-11T08:24:43+00:00\",\"dateModified\":\"2026-03-24T01:00:20+00:00\",\"description\":\"Embrayage Fiat New Holland - M\u00e9canisme double, disque AV. C\u00e9ram\u00e9tallique et but\u00e9e compl\u00e8te - \u00d8310\\\/310 - 16\\\/11 Cannelures - 1000 640 650 750 800 850 900 940\",\"breadcrumb\":{\"@id\":\"https:\\\/\\\/edel.fr\\\/produit\\\/kit-complet-mecanisme-double-disque-av-cerametallique-et-butee-complete-fiat-new-holland-o310-310-16-11-cannelures\\\/#breadcrumb\"},\"inLanguage\":\"en-US\",\"potentialAction\":[{\"@type\":\"ReadAction\",\"target\":[\"https:\\\/\\\/edel.fr\\\/produit\\\/kit-complet-mecanisme-double-disque-av-cerametallique-et-butee-complete-fiat-new-holland-o310-310-16-11-cannelures\\\/\"]}]},{\"@type\":\"ImageObject\",\"inLanguage\":\"en-US\",\"@id\":\"https:\\\/\\\/edel.fr\\\/produit\\\/kit-complet-mecanisme-double-disque-av-cerametallique-et-butee-complete-fiat-new-holland-o310-310-16-11-cannelures\\\/#primaryimage\",\"url\":\"http:\\\/\\\/www.edel.fr\\\/uploads\\\/2018\\\/11\\\/K14.jpg\",\"contentUrl\":\"http:\\\/\\\/www.edel.fr\\\/uploads\\\/2018\\\/11\\\/K14.jpg\",\"width\":1920,\"height\":1920,\"caption\":\"Embrayage Fiat New Holland Kit Complet - 1000 650 750 800 850\"},{\"@type\":\"BreadcrumbList\",\"@id\":\"https:\\\/\\\/edel.fr\\\/produit\\\/kit-complet-mecanisme-double-disque-av-cerametallique-et-butee-complete-fiat-new-holland-o310-310-16-11-cannelures\\\/#breadcrumb\",\"itemListElement\":[{\"@type\":\"ListItem\",\"position\":1,\"name\":\"Pi\u00e8ce Tracteur\",\"item\":\"http:\\\/\\\/www.edel.fr\\\/en\\\/\"},{\"@type\":\"ListItem\",\"position\":2,\"name\":\"Toutes nos pi\u00e8ces Tracteur\",\"item\":\"https:\\\/\\\/edel.fr\\\/shop\\\/\"},{\"@type\":\"ListItem\",\"position\":3,\"name\":\"Embrayage Fiat New Holland Kit Complet &#8211; 1000 640 750 800 850\"}]},{\"@type\":\"WebSite\",\"@id\":\"http:\\\/\\\/www.edel.fr\\\/en\\\/#website\",\"url\":\"http:\\\/\\\/www.edel.fr\\\/en\\\/\",\"name\":\"Edel\",\"description\":\"Pi\u00e8ce d\u00e9tach\u00e9e de Tracteur Agricole\",\"publisher\":{\"@id\":\"http:\\\/\\\/www.edel.fr\\\/en\\\/#organization\"},\"potentialAction\":[{\"@type\":\"SearchAction\",\"target\":{\"@type\":\"EntryPoint\",\"urlTemplate\":\"http:\\\/\\\/www.edel.fr\\\/en\\\/?s={search_term_string}\"},\"query-input\":{\"@type\":\"PropertyValueSpecification\",\"valueRequired\":true,\"valueName\":\"search_term_string\"}}],\"inLanguage\":\"en-US\"},{\"@type\":\"Organization\",\"@id\":\"http:\\\/\\\/www.edel.fr\\\/en\\\/#organization\",\"name\":\"Edel\",\"url\":\"http:\\\/\\\/www.edel.fr\\\/en\\\/\",\"logo\":{\"@type\":\"ImageObject\",\"inLanguage\":\"en-US\",\"@id\":\"http:\\\/\\\/www.edel.fr\\\/en\\\/#\\\/schema\\\/logo\\\/image\\\/\",\"url\":\"https:\\\/\\\/www.edel.fr\\\/uploads\\\/2018\\\/11\\\/logo-edel.png\",\"contentUrl\":\"https:\\\/\\\/www.edel.fr\\\/uploads\\\/2018\\\/11\\\/logo-edel.png\",\"width\":257,\"height\":68,\"caption\":\"Edel\"},\"image\":{\"@id\":\"http:\\\/\\\/www.edel.fr\\\/en\\\/#\\\/schema\\\/logo\\\/image\\\/\"}}]}<\/script>\n<!-- \/ Yoast SEO plugin. -->","yoast_head_json":{"title":"Embrayage Fiat New Holland Kit Complet - 1000 640 750 800 850 - Edel","description":"Embrayage Fiat New Holland - M\u00e9canisme double, disque AV. C\u00e9ram\u00e9tallique et but\u00e9e compl\u00e8te - \u00d8310\/310 - 16\/11 Cannelures - 1000 640 650 750 800 850 900 940","robots":{"index":"index","follow":"follow","max-snippet":"max-snippet:-1","max-image-preview":"max-image-preview:large","max-video-preview":"max-video-preview:-1"},"canonical":"https:\/\/edel.fr\/produit\/kit-complet-mecanisme-double-disque-av-cerametallique-et-butee-complete-fiat-new-holland-o310-310-16-11-cannelures\/","og_locale":"en_US","og_type":"article","og_title":"Embrayage Fiat New Holland Kit Complet - 1000 640 750 800 850 - Edel","og_description":"Embrayage Fiat New Holland - M\u00e9canisme double, disque AV. C\u00e9ram\u00e9tallique et but\u00e9e compl\u00e8te - \u00d8310\/310 - 16\/11 Cannelures - 1000 640 650 750 800 850 900 940","og_url":"https:\/\/edel.fr\/produit\/kit-complet-mecanisme-double-disque-av-cerametallique-et-butee-complete-fiat-new-holland-o310-310-16-11-cannelures\/","og_site_name":"Edel","article_modified_time":"2026-03-24T01:00:20+00:00","og_image":[{"width":1920,"height":1920,"url":"https:\/\/edel.fr\/uploads\/2018\/11\/K14.jpg","type":"image\/jpeg"}],"twitter_card":"summary_large_image","twitter_misc":{"Est. reading time":"2 minutes"},"schema":{"@context":"https:\/\/schema.org","@graph":[{"@type":"WebPage","@id":"https:\/\/edel.fr\/produit\/kit-complet-mecanisme-double-disque-av-cerametallique-et-butee-complete-fiat-new-holland-o310-310-16-11-cannelures\/","url":"https:\/\/edel.fr\/produit\/kit-complet-mecanisme-double-disque-av-cerametallique-et-butee-complete-fiat-new-holland-o310-310-16-11-cannelures\/","name":"Embrayage Fiat New Holland Kit Complet - 1000 640 750 800 850 - Edel","isPartOf":{"@id":"http:\/\/www.edel.fr\/en\/#website"},"primaryImageOfPage":{"@id":"https:\/\/edel.fr\/produit\/kit-complet-mecanisme-double-disque-av-cerametallique-et-butee-complete-fiat-new-holland-o310-310-16-11-cannelures\/#primaryimage"},"image":{"@id":"https:\/\/edel.fr\/produit\/kit-complet-mecanisme-double-disque-av-cerametallique-et-butee-complete-fiat-new-holland-o310-310-16-11-cannelures\/#primaryimage"},"thumbnailUrl":"http:\/\/www.edel.fr\/uploads\/2018\/11\/K14.jpg","datePublished":"2019-03-11T08:24:43+00:00","dateModified":"2026-03-24T01:00:20+00:00","description":"Embrayage Fiat New Holland - M\u00e9canisme double, disque AV. C\u00e9ram\u00e9tallique et but\u00e9e compl\u00e8te - \u00d8310\/310 - 16\/11 Cannelures - 1000 640 650 750 800 850 900 940","breadcrumb":{"@id":"https:\/\/edel.fr\/produit\/kit-complet-mecanisme-double-disque-av-cerametallique-et-butee-complete-fiat-new-holland-o310-310-16-11-cannelures\/#breadcrumb"},"inLanguage":"en-US","potentialAction":[{"@type":"ReadAction","target":["https:\/\/edel.fr\/produit\/kit-complet-mecanisme-double-disque-av-cerametallique-et-butee-complete-fiat-new-holland-o310-310-16-11-cannelures\/"]}]},{"@type":"ImageObject","inLanguage":"en-US","@id":"https:\/\/edel.fr\/produit\/kit-complet-mecanisme-double-disque-av-cerametallique-et-butee-complete-fiat-new-holland-o310-310-16-11-cannelures\/#primaryimage","url":"http:\/\/www.edel.fr\/uploads\/2018\/11\/K14.jpg","contentUrl":"http:\/\/www.edel.fr\/uploads\/2018\/11\/K14.jpg","width":1920,"height":1920,"caption":"Embrayage Fiat New Holland Kit Complet - 1000 650 750 800 850"},{"@type":"BreadcrumbList","@id":"https:\/\/edel.fr\/produit\/kit-complet-mecanisme-double-disque-av-cerametallique-et-butee-complete-fiat-new-holland-o310-310-16-11-cannelures\/#breadcrumb","itemListElement":[{"@type":"ListItem","position":1,"name":"Pi\u00e8ce Tracteur","item":"http:\/\/www.edel.fr\/en\/"},{"@type":"ListItem","position":2,"name":"Toutes nos pi\u00e8ces Tracteur","item":"https:\/\/edel.fr\/shop\/"},{"@type":"ListItem","position":3,"name":"Embrayage Fiat New Holland Kit Complet &#8211; 1000 640 750 800 850"}]},{"@type":"WebSite","@id":"http:\/\/www.edel.fr\/en\/#website","url":"http:\/\/www.edel.fr\/en\/","name":"Edel","description":"Pi\u00e8ce d\u00e9tach\u00e9e de Tracteur Agricole","publisher":{"@id":"http:\/\/www.edel.fr\/en\/#organization"},"potentialAction":[{"@type":"SearchAction","target":{"@type":"EntryPoint","urlTemplate":"http:\/\/www.edel.fr\/en\/?s={search_term_string}"},"query-input":{"@type":"PropertyValueSpecification","valueRequired":true,"valueName":"search_term_string"}}],"inLanguage":"en-US"},{"@type":"Organization","@id":"http:\/\/www.edel.fr\/en\/#organization","name":"Edel","url":"http:\/\/www.edel.fr\/en\/","logo":{"@type":"ImageObject","inLanguage":"en-US","@id":"http:\/\/www.edel.fr\/en\/#\/schema\/logo\/image\/","url":"https:\/\/www.edel.fr\/uploads\/2018\/11\/logo-edel.png","contentUrl":"https:\/\/www.edel.fr\/uploads\/2018\/11\/logo-edel.png","width":257,"height":68,"caption":"Edel"},"image":{"@id":"http:\/\/www.edel.fr\/en\/#\/schema\/logo\/image\/"}}]}},"_links":{"self":[{"href":"http:\/\/www.edel.fr\/en\/wp-json\/wp\/v2\/product\/5966","targetHints":{"allow":["GET"]}}],"collection":[{"href":"http:\/\/www.edel.fr\/en\/wp-json\/wp\/v2\/product"}],"about":[{"href":"http:\/\/www.edel.fr\/en\/wp-json\/wp\/v2\/types\/product"}],"version-history":[{"count":2,"href":"http:\/\/www.edel.fr\/en\/wp-json\/wp\/v2\/product\/5966\/revisions"}],"predecessor-version":[{"id":14378,"href":"http:\/\/www.edel.fr\/en\/wp-json\/wp\/v2\/product\/5966\/revisions\/14378"}],"wp:featuredmedia":[{"embeddable":true,"href":"http:\/\/www.edel.fr\/en\/wp-json\/wp\/v2\/media\/4169"}],"wp:attachment":[{"href":"http:\/\/www.edel.fr\/en\/wp-json\/wp\/v2\/media?parent=5966"}],"wp:term":[{"taxonomy":"product_brand","embeddable":true,"href":"http:\/\/www.edel.fr\/en\/wp-json\/wp\/v2\/product_brand?post=5966"},{"taxonomy":"product_cat","embeddable":true,"href":"http:\/\/www.edel.fr\/en\/wp-json\/wp\/v2\/product_cat?post=5966"},{"taxonomy":"product_tag","embeddable":true,"href":"http:\/\/www.edel.fr\/en\/wp-json\/wp\/v2\/product_tag?post=5966"},{"taxonomy":"tracteur","embeddable":true,"href":"http:\/\/www.edel.fr\/en\/wp-json\/wp\/v2\/tracteur?post=5966"}],"curies":[{"name":"wp","href":"https:\/\/api.w.org\/{rel}","templated":true}]}}