{"id":5897,"date":"2019-03-11T09:24:17","date_gmt":"2019-03-11T08:24:17","guid":{"rendered":"http:\/\/edel.stephanie.ct.webcd.lan\/shop\/demarreur-case-ihsteyrvalmetzetor-volt-kw-12-30-11-dentsvolt-kw-12-30-11-dentsvolt-kw-12-30-11-dentsvolt-kw-12-30-11-dents\/"},"modified":"2026-03-03T02:00:28","modified_gmt":"2026-03-03T01:00:28","slug":"demarreur-case-ihsteyrvalmetzetor-volt-kw-12-30-11-dents","status":"publish","type":"product","link":"http:\/\/www.edel.fr\/en\/product\/demarreur-case-ihsteyrvalmetzetor-volt-kw-12-30-11-dents\/","title":{"rendered":"D\u00e9marreur Case Ih, Steyr, Valmet, Zetor &#8211; 12 Volt \/ 3,0 Kw, 11 Dents"},"content":{"rendered":"<div data-elementor-type=\"wp-post\" data-elementor-id=\"5897\" class=\"elementor elementor-5897\">\n\t\t\t\t\t\t<section class=\"elementor-section elementor-top-section elementor-element elementor-element-7811a2b6 elementor-section-boxed elementor-section-height-default elementor-section-height-default\" data-id=\"7811a2b6\" data-element_type=\"section\" data-e-type=\"section\">\n\t\t\t\t\t\t<div class=\"elementor-container elementor-column-gap-default\">\n\t\t\t\t\t<div class=\"elementor-column elementor-col-100 elementor-top-column elementor-element elementor-element-175df9de\" data-id=\"175df9de\" data-element_type=\"column\" data-e-type=\"column\">\n\t\t\t<div class=\"elementor-widget-wrap elementor-element-populated\">\n\t\t\t\t\t\t<div class=\"elementor-element elementor-element-5f0179cc elementor-widget elementor-widget-heading\" data-id=\"5f0179cc\" data-element_type=\"widget\" data-e-type=\"widget\" data-widget_type=\"heading.default\">\n\t\t\t\t<div class=\"elementor-widget-container\">\n\t\t\t\t\t<h2 class=\"elementor-heading-title elementor-size-default\">D\u00e9marreur Case Ih, Steyr, Valmet, Zetor<\/h2>\t\t\t\t<\/div>\n\t\t\t\t<\/div>\n\t\t\t\t<div class=\"elementor-element elementor-element-c7f1815 elementor-widget elementor-widget-heading\" data-id=\"c7f1815\" data-element_type=\"widget\" data-e-type=\"widget\" data-widget_type=\"heading.default\">\n\t\t\t\t<div class=\"elementor-widget-container\">\n\t\t\t\t\t<h3 class=\"elementor-heading-title elementor-size-default\">Information du produit :<\/h3>\t\t\t\t<\/div>\n\t\t\t\t<\/div>\n\t\t\t\t\t<\/div>\n\t\t<\/div>\n\t\t\t\t\t<\/div>\n\t\t<\/section>\n\t\t\t\t<section class=\"elementor-section elementor-top-section elementor-element elementor-element-704ac3c0 elementor-section-boxed elementor-section-height-default elementor-section-height-default\" data-id=\"704ac3c0\" data-element_type=\"section\" data-e-type=\"section\">\n\t\t\t\t\t\t<div class=\"elementor-container elementor-column-gap-default\">\n\t\t\t\t\t<div class=\"elementor-column elementor-col-100 elementor-top-column elementor-element elementor-element-124f4e70\" data-id=\"124f4e70\" data-element_type=\"column\" data-e-type=\"column\">\n\t\t\t<div class=\"elementor-widget-wrap elementor-element-populated\">\n\t\t\t\t\t\t<div class=\"elementor-element elementor-element-10e66e15 elementor-widget elementor-widget-text-editor\" data-id=\"10e66e15\" data-element_type=\"widget\" data-e-type=\"widget\" data-widget_type=\"text-editor.default\">\n\t\t\t\t<div class=\"elementor-widget-container\">\n\t\t\t\t\t\t\t\t\t<p><strong>12 Volt \/ 3,0 Kw, 11 Dents<\/strong><\/p><p>Le d\u00e9marreur de votre tracteur est indispensable, le tracteur ne pourra pas d\u00e9marrer correctement si le d\u00e9marreur n&rsquo;est pas fonctionnel. Il se pr\u00e9sente sous la forme d\u2019un petit moteur \u00e9lectrique, rattach\u00e9 au volant moteur. Il est directement aliment\u00e9 par la batterie et il a pour r\u00f4le de mettre en marche le moteur\u00a0de votre tracteur.<\/p><p>Pour trouver le bon <strong>d\u00e9marreur tracteur<\/strong> qui s\u2019adaptera au mieux \u00e0 votre engin agricole, il est \u00e9galement pr\u00e9f\u00e9rable de se r\u00e9f\u00e9rer \u00e0 sa r\u00e9f\u00e9rence d\u2019origine. Elle est en g\u00e9n\u00e9ral inscrite sur le d\u00e9marreur. Sans cette r\u00e9f\u00e9rence, il faudra vous appuyer sur la marque et le mod\u00e8le de votre <strong>tracteur agricole.<\/strong><\/p><p>Avant le d\u00e9montage de votre d\u00e9marreur, nous vous conseillons d&rsquo;abord de d\u00e9brancher votre batterie. Mais aussi de rep\u00e9rer les diff\u00e9rents branchements d\u2019alimentation du d\u00e9marreur.<\/p><p>Pour choisir son <strong>d\u00e9marreur de tracteur<\/strong>, il faut choisir entre les d\u00e9marreurs classiques ou les <strong>d\u00e9marreurs avec r\u00e9ducteur droit ou d\u00e9cal\u00e9.<\/strong><\/p><p>Il est possible de changer le d\u00e9marreur classique par un <strong>d\u00e9marreur avec r\u00e9ducteur.<\/strong> Par exemple, sur un <strong>tracteur ancien<\/strong>, cela lui simplifiera consid\u00e9rablement son d\u00e9marrage.<\/p><p>C\u2019est pourquoi nous vous proposons une pi\u00e8ce de marque\u00a0<a href=\"https:\/\/www.edel.fr\/en\/constructeur\/mahle\/\">Mahle<\/a>\u00a0\/\u00a0<a href=\"https:\/\/www.edel.fr\/en\/constructeur\/letrika\/\">Letrika<\/a>\u00a0reconnue pour sa fiabilit\u00e9.<\/p><p>D\u00e9marreur Case Ih, Steyr, Valmet, Zetor : 1102, 1112, 3340, 350, 3511, 3545, 355, 360, 365, 38050, 4011, 4341, 4500, 4511, 455, 465, 4712, 4718, 502, 505, 542, 5511, 5545, 565, 5745, 600, 6000, 604, 605, 6100, 6250, 6300, 6400, 6511, 6518, 6600, 6745, 6748, 6750, 6800, 6850, 700, 7011, 702, 705, 712, 7210, 7215, 800, 802, 803, 805, 8150, 8200, 8400, 8450, 8500, 8550, 8650, 900, 902, 912, 9125, 9135, 915, CS100, CS110, CS120, CS150, CS75, CS86, CS94, CVX130, CVX150, CVX170, Ursus 323.<\/p><p><strong>R\u00e9f\u00e9rences constructeur\u00a0<\/strong><\/p><p>AGCO : C000900060010<\/p><p>BOSCH : 0001359047, 0001359124, 0001367032, 0001367067,0986013690, 0986013691.<\/p><p>CARGO : 114254<\/p><p>CLAAS : 6005706615<\/p><p>HELLA : 8EA 730 174-001, 8EA 737 089-001, CS 604, CS 944.<\/p><p>LESTER : 17258, 18480, 19740.<\/p><p>LUCAS : 26 284, 26 342, LRS00147, LRS00926.<\/p><p>MAGNETI MARELLI : 632 275 12, 632 275 87A, MSN 190.<\/p><p>MAGNETON : 443 115 144 722, 9144 722.<\/p><p>MASSEY-FERGUSON : 8353 315 92<\/p><p>PRESTOLITE : 20500147<\/p><p>SPAREX : 35992<\/p><p>VALTRA (VALMET) : VPF7008<\/p><p>ZETOR : 6918.5771, 933258, 976111, 976116, 976117.<\/p><p>Edel vous propose \u00e9galement une large gamme de d\u00e9marreur pour des applications sp\u00e9cifiques, et de diff\u00e9rentes marques.<\/p><p>Donc, pour plus de renseignements, n\u2019h\u00e9sitez pas \u00e0 nous consulter !<\/p>\t\t\t\t\t\t\t\t<\/div>\n\t\t\t\t<\/div>\n\t\t\t\t\t<\/div>\n\t\t<\/div>\n\t\t\t\t\t<\/div>\n\t\t<\/section>\n\t\t\t\t<\/div>","protected":false},"excerpt":{"rendered":"<p>D\u00e9marreur Case Ih, Steyr, Valmet, Zetor Information du produit : 12 Volt \/ 3,0 Kw, 11 Dents Le d\u00e9marreur de votre tracteur est indispensable, le tracteur ne pourra pas d\u00e9marrer correctement si le d\u00e9marreur n&rsquo;est pas fonctionnel. Il se pr\u00e9sente sous la forme d\u2019un petit moteur \u00e9lectrique, rattach\u00e9 au volant moteur. Il est directement aliment\u00e9<br \/><a class=\"more-link\" href=\"http:\/\/www.edel.fr\/en\/product\/demarreur-case-ihsteyrvalmetzetor-volt-kw-12-30-11-dents\/\"><br \/>\n        Read More<span class=\"screen-reader-text\"> \u00ab\u00a0D\u00e9marreur Case Ih, Steyr, Valmet, Zetor &#8211; 12 Volt \/ 3,0 Kw, 11 Dents\u00a0\u00bb<\/span><\/a><\/p>","protected":false},"featured_media":17353,"template":"","meta":[],"product_brand":[],"product_cat":[3994,4012,165,4014,4015,154,119],"product_tag":[2460,180],"tracteur":[],"class_list":{"0":"post-5897","1":"product","2":"type-product","3":"status-publish","4":"has-post-thumbnail","6":"product_cat-demarreur-case-ih","7":"product_cat-demarreur-steyr","8":"product_cat-demarreurs","9":"product_cat-demarreur-valmet","10":"product_cat-demarreur-zetor","11":"product_cat-electricite","12":"product_cat-tracteurs-agricoles","13":"product_tag-demarreurs","14":"product_tag-electricite","15":"product_shipping_class-142","16":"pa_fabriquant-mahle","17":"pa_marque-tracteur-case-ih","18":"pa_marque-tracteur-steyr","19":"pa_marque-tracteur-valtra-valmet","20":"pa_marque-tracteur-zetor","21":"pa_modele-tracteur-cs","22":"pa_modele-tracteur-cvx","23":"pa_modele-tracteur-ursus","24":"pa_type-2-1893","25":"pa_type-2-1894","26":"pa_type-2-1901","27":"pa_type-2-1919","28":"pa_type-2-1902","29":"pa_type-2-1903","30":"pa_type-2-1883","31":"pa_type-2-1310","32":"pa_type-2-1311","33":"pa_type-2-1898","34":"pa_type-2-1904","35":"pa_type-2-1404","36":"pa_type-2-1895","37":"pa_type-2-1905","38":"pa_type-2-1631","39":"pa_type-2-1342","40":"pa_type-2-1906","41":"pa_type-2-1907","42":"pa_type-2-1884","43":"pa_type-2-1343","44":"pa_type-2-1885","45":"pa_type-2-1908","46":"pa_type-2-1909","47":"pa_type-2-1432","48":"pa_type-2-1910","49":"pa_type-2-1740","50":"pa_type-2-1828","51":"pa_type-2-1886","52":"pa_type-2-1344","53":"pa_type-2-1568","54":"pa_type-2-1614","55":"pa_type-2-1570","56":"pa_type-2-1571","57":"pa_type-2-1911","58":"pa_type-2-1912","59":"pa_type-2-1615","60":"pa_type-2-1913","61":"pa_type-2-1914","62":"pa_type-2-1896","63":"pa_type-2-1573","64":"pa_type-2-1897","65":"pa_type-2-1536","66":"pa_type-2-1915","67":"pa_type-2-1887","68":"pa_type-2-1345","69":"pa_type-2-1741","70":"pa_type-2-1916","71":"pa_type-2-1917","72":"pa_type-2-1888","73":"pa_type-2-1889","74":"pa_type-2-1890","75":"pa_type-2-1346","76":"pa_type-2-1617","77":"pa_type-2-1722","78":"pa_type-2-1618","79":"pa_type-2-1619","80":"pa_type-2-1899","81":"pa_type-2-1364","82":"pa_type-2-1900","83":"pa_type-2-1745","84":"pa_type-2-1891","85":"pa_type-2-1892","86":"pa_type-2-1794","87":"pa_type-2-1882","88":"pa_type-2-1881","89":"pa_type-2-cs100","90":"pa_type-2-cs110","91":"pa_type-2-cs120","92":"pa_type-2-cs150","93":"pa_type-2-cs75","94":"pa_type-2-cs86","95":"pa_type-2-cs94","96":"pa_type-2-cvx130","97":"pa_type-2-cvx150","98":"pa_type-2-cvx170","99":"pa_type-2-ursus-323","100":"badges-style-2","102":"first","103":"instock","104":"taxable","105":"shipping-taxable","106":"purchasable","107":"product-type-simple"},"acf":[],"yoast_head":"<!-- This site is optimized with the Yoast SEO plugin v27.3 - https:\/\/yoast.com\/product\/yoast-seo-wordpress\/ -->\n<title>D\u00e9marreur Case Ih, Steyr, Valmet, Zetor - 12 Volt \/ 3,0 Kw, 11 Dents - Edel<\/title>\n<meta name=\"description\" content=\"D\u00e9marreur Case Ih, Steyr, Valmet, Zetor - 12 Volt \/ 3,0 Kw, 11 Dents - 1102 1112 3340 350 3511 3545 355 360 365 38050 4011 4341 4500 4511 455 465 4712 502\" \/>\n<meta name=\"robots\" content=\"index, follow, max-snippet:-1, max-image-preview:large, max-video-preview:-1\" \/>\n<link rel=\"canonical\" href=\"https:\/\/edel.fr\/produit\/demarreur-case-ihsteyrvalmetzetor-volt-kw-12-30-11-dents\/\" \/>\n<meta property=\"og:locale\" content=\"en_US\" \/>\n<meta property=\"og:type\" content=\"article\" \/>\n<meta property=\"og:title\" content=\"D\u00e9marreur Case Ih, Steyr, Valmet, Zetor - 12 Volt \/ 3,0 Kw, 11 Dents - Edel\" \/>\n<meta property=\"og:description\" content=\"D\u00e9marreur Case Ih, Steyr, Valmet, Zetor - 12 Volt \/ 3,0 Kw, 11 Dents - 1102 1112 3340 350 3511 3545 355 360 365 38050 4011 4341 4500 4511 455 465 4712 502\" \/>\n<meta property=\"og:url\" content=\"https:\/\/edel.fr\/produit\/demarreur-case-ihsteyrvalmetzetor-volt-kw-12-30-11-dents\/\" \/>\n<meta property=\"og:site_name\" content=\"Edel\" \/>\n<meta property=\"article:modified_time\" content=\"2026-03-03T01:00:28+00:00\" \/>\n<meta property=\"og:image\" content=\"https:\/\/edel.fr\/uploads\/2019\/03\/D2-1.jpg\" \/>\n\t<meta property=\"og:image:width\" content=\"1920\" \/>\n\t<meta property=\"og:image:height\" content=\"1280\" \/>\n\t<meta property=\"og:image:type\" content=\"image\/jpeg\" \/>\n<meta name=\"twitter:card\" content=\"summary_large_image\" \/>\n<meta name=\"twitter:label1\" content=\"Est. reading time\" \/>\n\t<meta name=\"twitter:data1\" content=\"2 minutes\" \/>\n<script type=\"application\/ld+json\" class=\"yoast-schema-graph\">{\"@context\":\"https:\\\/\\\/schema.org\",\"@graph\":[{\"@type\":\"WebPage\",\"@id\":\"https:\\\/\\\/edel.fr\\\/produit\\\/demarreur-case-ihsteyrvalmetzetor-volt-kw-12-30-11-dents\\\/\",\"url\":\"https:\\\/\\\/edel.fr\\\/produit\\\/demarreur-case-ihsteyrvalmetzetor-volt-kw-12-30-11-dents\\\/\",\"name\":\"D\u00e9marreur Case Ih, Steyr, Valmet, Zetor - 12 Volt \\\/ 3,0 Kw, 11 Dents - Edel\",\"isPartOf\":{\"@id\":\"http:\\\/\\\/www.edel.fr\\\/en\\\/#website\"},\"primaryImageOfPage\":{\"@id\":\"https:\\\/\\\/edel.fr\\\/produit\\\/demarreur-case-ihsteyrvalmetzetor-volt-kw-12-30-11-dents\\\/#primaryimage\"},\"image\":{\"@id\":\"https:\\\/\\\/edel.fr\\\/produit\\\/demarreur-case-ihsteyrvalmetzetor-volt-kw-12-30-11-dents\\\/#primaryimage\"},\"thumbnailUrl\":\"http:\\\/\\\/www.edel.fr\\\/uploads\\\/2019\\\/03\\\/D2-1.jpg\",\"datePublished\":\"2019-03-11T08:24:17+00:00\",\"dateModified\":\"2026-03-03T01:00:28+00:00\",\"description\":\"D\u00e9marreur Case Ih, Steyr, Valmet, Zetor - 12 Volt \\\/ 3,0 Kw, 11 Dents - 1102 1112 3340 350 3511 3545 355 360 365 38050 4011 4341 4500 4511 455 465 4712 502\",\"breadcrumb\":{\"@id\":\"https:\\\/\\\/edel.fr\\\/produit\\\/demarreur-case-ihsteyrvalmetzetor-volt-kw-12-30-11-dents\\\/#breadcrumb\"},\"inLanguage\":\"en-US\",\"potentialAction\":[{\"@type\":\"ReadAction\",\"target\":[\"https:\\\/\\\/edel.fr\\\/produit\\\/demarreur-case-ihsteyrvalmetzetor-volt-kw-12-30-11-dents\\\/\"]}]},{\"@type\":\"ImageObject\",\"inLanguage\":\"en-US\",\"@id\":\"https:\\\/\\\/edel.fr\\\/produit\\\/demarreur-case-ihsteyrvalmetzetor-volt-kw-12-30-11-dents\\\/#primaryimage\",\"url\":\"http:\\\/\\\/www.edel.fr\\\/uploads\\\/2019\\\/03\\\/D2-1.jpg\",\"contentUrl\":\"http:\\\/\\\/www.edel.fr\\\/uploads\\\/2019\\\/03\\\/D2-1.jpg\",\"width\":1920,\"height\":1280,\"caption\":\"D\u00e9marreur Case Ih, Steyr, Valmet, Zetor - 12 Volt \\\/ 3,0 Kw, 11 Dents\"},{\"@type\":\"BreadcrumbList\",\"@id\":\"https:\\\/\\\/edel.fr\\\/produit\\\/demarreur-case-ihsteyrvalmetzetor-volt-kw-12-30-11-dents\\\/#breadcrumb\",\"itemListElement\":[{\"@type\":\"ListItem\",\"position\":1,\"name\":\"Pi\u00e8ce Tracteur\",\"item\":\"http:\\\/\\\/www.edel.fr\\\/en\\\/\"},{\"@type\":\"ListItem\",\"position\":2,\"name\":\"Toutes nos pi\u00e8ces Tracteur\",\"item\":\"https:\\\/\\\/edel.fr\\\/shop\\\/\"},{\"@type\":\"ListItem\",\"position\":3,\"name\":\"D\u00e9marreur Case Ih, Steyr, Valmet, Zetor &#8211; 12 Volt \\\/ 3,0 Kw, 11 Dents\"}]},{\"@type\":\"WebSite\",\"@id\":\"http:\\\/\\\/www.edel.fr\\\/en\\\/#website\",\"url\":\"http:\\\/\\\/www.edel.fr\\\/en\\\/\",\"name\":\"Edel\",\"description\":\"Pi\u00e8ce d\u00e9tach\u00e9e de Tracteur Agricole\",\"publisher\":{\"@id\":\"http:\\\/\\\/www.edel.fr\\\/en\\\/#organization\"},\"potentialAction\":[{\"@type\":\"SearchAction\",\"target\":{\"@type\":\"EntryPoint\",\"urlTemplate\":\"http:\\\/\\\/www.edel.fr\\\/en\\\/?s={search_term_string}\"},\"query-input\":{\"@type\":\"PropertyValueSpecification\",\"valueRequired\":true,\"valueName\":\"search_term_string\"}}],\"inLanguage\":\"en-US\"},{\"@type\":\"Organization\",\"@id\":\"http:\\\/\\\/www.edel.fr\\\/en\\\/#organization\",\"name\":\"Edel\",\"url\":\"http:\\\/\\\/www.edel.fr\\\/en\\\/\",\"logo\":{\"@type\":\"ImageObject\",\"inLanguage\":\"en-US\",\"@id\":\"http:\\\/\\\/www.edel.fr\\\/en\\\/#\\\/schema\\\/logo\\\/image\\\/\",\"url\":\"https:\\\/\\\/www.edel.fr\\\/uploads\\\/2018\\\/11\\\/logo-edel.png\",\"contentUrl\":\"https:\\\/\\\/www.edel.fr\\\/uploads\\\/2018\\\/11\\\/logo-edel.png\",\"width\":257,\"height\":68,\"caption\":\"Edel\"},\"image\":{\"@id\":\"http:\\\/\\\/www.edel.fr\\\/en\\\/#\\\/schema\\\/logo\\\/image\\\/\"}}]}<\/script>\n<!-- \/ Yoast SEO plugin. -->","yoast_head_json":{"title":"D\u00e9marreur Case Ih, Steyr, Valmet, Zetor - 12 Volt \/ 3,0 Kw, 11 Dents - Edel","description":"D\u00e9marreur Case Ih, Steyr, Valmet, Zetor - 12 Volt \/ 3,0 Kw, 11 Dents - 1102 1112 3340 350 3511 3545 355 360 365 38050 4011 4341 4500 4511 455 465 4712 502","robots":{"index":"index","follow":"follow","max-snippet":"max-snippet:-1","max-image-preview":"max-image-preview:large","max-video-preview":"max-video-preview:-1"},"canonical":"https:\/\/edel.fr\/produit\/demarreur-case-ihsteyrvalmetzetor-volt-kw-12-30-11-dents\/","og_locale":"en_US","og_type":"article","og_title":"D\u00e9marreur Case Ih, Steyr, Valmet, Zetor - 12 Volt \/ 3,0 Kw, 11 Dents - Edel","og_description":"D\u00e9marreur Case Ih, Steyr, Valmet, Zetor - 12 Volt \/ 3,0 Kw, 11 Dents - 1102 1112 3340 350 3511 3545 355 360 365 38050 4011 4341 4500 4511 455 465 4712 502","og_url":"https:\/\/edel.fr\/produit\/demarreur-case-ihsteyrvalmetzetor-volt-kw-12-30-11-dents\/","og_site_name":"Edel","article_modified_time":"2026-03-03T01:00:28+00:00","og_image":[{"width":1920,"height":1280,"url":"https:\/\/edel.fr\/uploads\/2019\/03\/D2-1.jpg","type":"image\/jpeg"}],"twitter_card":"summary_large_image","twitter_misc":{"Est. reading time":"2 minutes"},"schema":{"@context":"https:\/\/schema.org","@graph":[{"@type":"WebPage","@id":"https:\/\/edel.fr\/produit\/demarreur-case-ihsteyrvalmetzetor-volt-kw-12-30-11-dents\/","url":"https:\/\/edel.fr\/produit\/demarreur-case-ihsteyrvalmetzetor-volt-kw-12-30-11-dents\/","name":"D\u00e9marreur Case Ih, Steyr, Valmet, Zetor - 12 Volt \/ 3,0 Kw, 11 Dents - Edel","isPartOf":{"@id":"http:\/\/www.edel.fr\/en\/#website"},"primaryImageOfPage":{"@id":"https:\/\/edel.fr\/produit\/demarreur-case-ihsteyrvalmetzetor-volt-kw-12-30-11-dents\/#primaryimage"},"image":{"@id":"https:\/\/edel.fr\/produit\/demarreur-case-ihsteyrvalmetzetor-volt-kw-12-30-11-dents\/#primaryimage"},"thumbnailUrl":"http:\/\/www.edel.fr\/uploads\/2019\/03\/D2-1.jpg","datePublished":"2019-03-11T08:24:17+00:00","dateModified":"2026-03-03T01:00:28+00:00","description":"D\u00e9marreur Case Ih, Steyr, Valmet, Zetor - 12 Volt \/ 3,0 Kw, 11 Dents - 1102 1112 3340 350 3511 3545 355 360 365 38050 4011 4341 4500 4511 455 465 4712 502","breadcrumb":{"@id":"https:\/\/edel.fr\/produit\/demarreur-case-ihsteyrvalmetzetor-volt-kw-12-30-11-dents\/#breadcrumb"},"inLanguage":"en-US","potentialAction":[{"@type":"ReadAction","target":["https:\/\/edel.fr\/produit\/demarreur-case-ihsteyrvalmetzetor-volt-kw-12-30-11-dents\/"]}]},{"@type":"ImageObject","inLanguage":"en-US","@id":"https:\/\/edel.fr\/produit\/demarreur-case-ihsteyrvalmetzetor-volt-kw-12-30-11-dents\/#primaryimage","url":"http:\/\/www.edel.fr\/uploads\/2019\/03\/D2-1.jpg","contentUrl":"http:\/\/www.edel.fr\/uploads\/2019\/03\/D2-1.jpg","width":1920,"height":1280,"caption":"D\u00e9marreur Case Ih, Steyr, Valmet, Zetor - 12 Volt \/ 3,0 Kw, 11 Dents"},{"@type":"BreadcrumbList","@id":"https:\/\/edel.fr\/produit\/demarreur-case-ihsteyrvalmetzetor-volt-kw-12-30-11-dents\/#breadcrumb","itemListElement":[{"@type":"ListItem","position":1,"name":"Pi\u00e8ce Tracteur","item":"http:\/\/www.edel.fr\/en\/"},{"@type":"ListItem","position":2,"name":"Toutes nos pi\u00e8ces Tracteur","item":"https:\/\/edel.fr\/shop\/"},{"@type":"ListItem","position":3,"name":"D\u00e9marreur Case Ih, Steyr, Valmet, Zetor &#8211; 12 Volt \/ 3,0 Kw, 11 Dents"}]},{"@type":"WebSite","@id":"http:\/\/www.edel.fr\/en\/#website","url":"http:\/\/www.edel.fr\/en\/","name":"Edel","description":"Pi\u00e8ce d\u00e9tach\u00e9e de Tracteur Agricole","publisher":{"@id":"http:\/\/www.edel.fr\/en\/#organization"},"potentialAction":[{"@type":"SearchAction","target":{"@type":"EntryPoint","urlTemplate":"http:\/\/www.edel.fr\/en\/?s={search_term_string}"},"query-input":{"@type":"PropertyValueSpecification","valueRequired":true,"valueName":"search_term_string"}}],"inLanguage":"en-US"},{"@type":"Organization","@id":"http:\/\/www.edel.fr\/en\/#organization","name":"Edel","url":"http:\/\/www.edel.fr\/en\/","logo":{"@type":"ImageObject","inLanguage":"en-US","@id":"http:\/\/www.edel.fr\/en\/#\/schema\/logo\/image\/","url":"https:\/\/www.edel.fr\/uploads\/2018\/11\/logo-edel.png","contentUrl":"https:\/\/www.edel.fr\/uploads\/2018\/11\/logo-edel.png","width":257,"height":68,"caption":"Edel"},"image":{"@id":"http:\/\/www.edel.fr\/en\/#\/schema\/logo\/image\/"}}]}},"_links":{"self":[{"href":"http:\/\/www.edel.fr\/en\/wp-json\/wp\/v2\/product\/5897","targetHints":{"allow":["GET"]}}],"collection":[{"href":"http:\/\/www.edel.fr\/en\/wp-json\/wp\/v2\/product"}],"about":[{"href":"http:\/\/www.edel.fr\/en\/wp-json\/wp\/v2\/types\/product"}],"version-history":[{"count":2,"href":"http:\/\/www.edel.fr\/en\/wp-json\/wp\/v2\/product\/5897\/revisions"}],"predecessor-version":[{"id":15096,"href":"http:\/\/www.edel.fr\/en\/wp-json\/wp\/v2\/product\/5897\/revisions\/15096"}],"wp:featuredmedia":[{"embeddable":true,"href":"http:\/\/www.edel.fr\/en\/wp-json\/wp\/v2\/media\/17353"}],"wp:attachment":[{"href":"http:\/\/www.edel.fr\/en\/wp-json\/wp\/v2\/media?parent=5897"}],"wp:term":[{"taxonomy":"product_brand","embeddable":true,"href":"http:\/\/www.edel.fr\/en\/wp-json\/wp\/v2\/product_brand?post=5897"},{"taxonomy":"product_cat","embeddable":true,"href":"http:\/\/www.edel.fr\/en\/wp-json\/wp\/v2\/product_cat?post=5897"},{"taxonomy":"product_tag","embeddable":true,"href":"http:\/\/www.edel.fr\/en\/wp-json\/wp\/v2\/product_tag?post=5897"},{"taxonomy":"tracteur","embeddable":true,"href":"http:\/\/www.edel.fr\/en\/wp-json\/wp\/v2\/tracteur?post=5897"}],"curies":[{"name":"wp","href":"https:\/\/api.w.org\/{rel}","templated":true}]}}