{"id":5895,"date":"2019-03-11T09:24:17","date_gmt":"2019-03-11T08:24:17","guid":{"rendered":"http:\/\/edel.stephanie.ct.webcd.lan\/shop\/alternateur-case-ih-volt-ampere-14-95\/"},"modified":"2026-03-20T02:00:08","modified_gmt":"2026-03-20T01:00:08","slug":"alternateur-case-ih-volt-ampere-14-95","status":"publish","type":"product","link":"http:\/\/www.edel.fr\/en\/product\/alternateur-case-ih-volt-ampere-14-95\/","title":{"rendered":"Alternateur &#8211; Case Ih 14 Volt\/Amp\u00e8re 95 | 5120 5140 MX150 MX90"},"content":{"rendered":"<div data-elementor-type=\"wp-post\" data-elementor-id=\"5895\" class=\"elementor elementor-5895\">\n\t\t\t\t\t\t<section class=\"elementor-section elementor-top-section elementor-element elementor-element-3ea6b78d elementor-section-boxed elementor-section-height-default elementor-section-height-default\" data-id=\"3ea6b78d\" data-element_type=\"section\" data-e-type=\"section\">\n\t\t\t\t\t\t<div class=\"elementor-container elementor-column-gap-default\">\n\t\t\t\t\t<div class=\"elementor-column elementor-col-100 elementor-top-column elementor-element elementor-element-2c86b38a\" data-id=\"2c86b38a\" data-element_type=\"column\" data-e-type=\"column\">\n\t\t\t<div class=\"elementor-widget-wrap elementor-element-populated\">\n\t\t\t\t\t\t<div class=\"elementor-element elementor-element-5a2a5673 elementor-widget elementor-widget-heading\" data-id=\"5a2a5673\" data-element_type=\"widget\" data-e-type=\"widget\" data-widget_type=\"heading.default\">\n\t\t\t\t<div class=\"elementor-widget-container\">\n\t\t\t\t\t<h2 class=\"elementor-heading-title elementor-size-default\">Alternateur Tracteur - Case IH - 14 Volt\/Amp\u00e8re 95<\/h2>\t\t\t\t<\/div>\n\t\t\t\t<\/div>\n\t\t\t\t<div class=\"elementor-element elementor-element-4ea5d5e9 elementor-widget elementor-widget-heading\" data-id=\"4ea5d5e9\" data-element_type=\"widget\" data-e-type=\"widget\" data-widget_type=\"heading.default\">\n\t\t\t\t<div class=\"elementor-widget-container\">\n\t\t\t\t\t<h3 class=\"elementor-heading-title elementor-size-default\">Information du produit :<\/h3>\t\t\t\t<\/div>\n\t\t\t\t<\/div>\n\t\t\t\t\t<\/div>\n\t\t<\/div>\n\t\t\t\t\t<\/div>\n\t\t<\/section>\n\t\t\t\t<section class=\"elementor-section elementor-top-section elementor-element elementor-element-53925f56 elementor-section-boxed elementor-section-height-default elementor-section-height-default\" data-id=\"53925f56\" data-element_type=\"section\" data-e-type=\"section\">\n\t\t\t\t\t\t<div class=\"elementor-container elementor-column-gap-default\">\n\t\t\t\t\t<div class=\"elementor-column elementor-col-100 elementor-top-column elementor-element elementor-element-410e4abe\" data-id=\"410e4abe\" data-element_type=\"column\" data-e-type=\"column\">\n\t\t\t<div class=\"elementor-widget-wrap elementor-element-populated\">\n\t\t\t\t\t\t<div class=\"elementor-element elementor-element-7980f293 elementor-widget elementor-widget-text-editor\" data-id=\"7980f293\" data-element_type=\"widget\" data-e-type=\"widget\" data-widget_type=\"text-editor.default\">\n\t\t\t\t<div class=\"elementor-widget-container\">\n\t\t\t\t\t\t\t\t\t<p>Votre alternateur g\u00e9n\u00e8re de l\u2019\u00e9nergie \u00e9lectrique en convertissant l&rsquo;\u00e9nergie cin\u00e9tique. Cette \u00e9nergie est stock\u00e9e par la batterie et consomm\u00e9e par les diff\u00e9rents organes \u00e9lectriques et \u00e9lectroniques.<\/p><p>C&rsquo;est pourquoi nous vous proposons une pi\u00e8ce de marque <a href=\"https:\/\/www.edel.fr\/en\/constructeur\/mahle\/\">Mahle<\/a> \/ <a href=\"https:\/\/www.edel.fr\/en\/constructeur\/letrika\/\">Letrika<\/a> reconnue pour sa fiabilit\u00e9. Cet alternateur\u00a0est aussi compatible avec les tracteurs et les moissonneuses-batteuses \u00e9quip\u00e9s de moteurs Cummins Case.<\/p><p>Alternateur Case IH : 5120, 5140, MX150, MX90.<\/p><p><strong>R\u00e9f\u00e9rences constructeur\u00a0<\/strong><\/p><p>BOMAG : 31701264<\/p><p>BOSCH : 0120484011, 0120484050, 0986040280, 9120060041, F005A00024, AL 9942 X, AL 9971 N.<\/p><p>CASE : 2852185, A 187 623.<\/p><p>CATERPILLAR : 9X 0341, PX0341.<\/p><p>CNH \/ FIAT AGRI : 162000090295, 87745604.<\/p><p>CUMMINS : 3 282 554<\/p><p>FORD NEW HOLLAND : 30 456 0A1, 70 071 62 18.<\/p><p>IVECO : 504060771<\/p><p>JOHN DEERE : AH137883, AT175194, AT220394, RE535653, SE501342, TY24485, TY6750.<\/p><p>LESTER : 12145, 12159.<\/p><p>LUCAS : LRA02731<\/p><p>MAGNETON : 9515 110, 9515 112.<\/p><p>McCORMICK : 701820A1<\/p><p>NEW HOLLAND : 865 462 57<\/p><p>STEYR : 142 000 090 1951, 162 000 090 2951.<\/p><p>WAI : 12145N<\/p><p>Edel vous propose \u00e9galement une large gamme d&rsquo;alternateurs et d\u00e9marreurs pour des applications sp\u00e9cifiques, et de diff\u00e9rentes marques.<\/p><p>Donc, pour plus de renseignements, n&rsquo;h\u00e9sitez pas \u00e0 nous consulter !<\/p>\t\t\t\t\t\t\t\t<\/div>\n\t\t\t\t<\/div>\n\t\t\t\t\t<\/div>\n\t\t<\/div>\n\t\t\t\t\t<\/div>\n\t\t<\/section>\n\t\t\t\t<\/div>","protected":false},"excerpt":{"rendered":"<p>Alternateur Tracteur &#8211; Case IH &#8211; 14 Volt\/Amp\u00e8re 95 Information du produit : Votre alternateur g\u00e9n\u00e8re de l\u2019\u00e9nergie \u00e9lectrique en convertissant l&rsquo;\u00e9nergie cin\u00e9tique. Cette \u00e9nergie est stock\u00e9e par la batterie et consomm\u00e9e par les diff\u00e9rents organes \u00e9lectriques et \u00e9lectroniques. C&rsquo;est pourquoi nous vous proposons une pi\u00e8ce de marque Mahle \/ Letrika reconnue pour sa fiabilit\u00e9.<br \/><a class=\"more-link\" href=\"http:\/\/www.edel.fr\/en\/product\/alternateur-case-ih-volt-ampere-14-95\/\"><br \/>\n        Read More<span class=\"screen-reader-text\"> \u00ab\u00a0Alternateur &#8211; Case Ih 14 Volt\/Amp\u00e8re 95 | 5120 5140 MX150 MX90\u00a0\u00bb<\/span><\/a><\/p>","protected":false},"featured_media":5631,"template":"","meta":[],"product_brand":[],"product_cat":[4016,164,154,119],"product_tag":[2459,180],"tracteur":[],"class_list":{"0":"post-5895","1":"product","2":"type-product","3":"status-publish","4":"has-post-thumbnail","6":"product_cat-alternateur-case-ih","7":"product_cat-alternateurs","8":"product_cat-electricite","9":"product_cat-tracteurs-agricoles","10":"product_tag-alternateurs","11":"product_tag-electricite","12":"product_shipping_class-142","13":"pa_fabriquant-mahle","14":"pa_marque-tracteur-case-ih","15":"pa_modele-tracteur-mx","16":"pa_type-2-1871","17":"pa_type-2-1872","18":"pa_type-2-mx150","19":"pa_type-2-mx90","20":"badges-style-2","22":"first","23":"instock","24":"taxable","25":"shipping-taxable","26":"purchasable","27":"product-type-simple"},"acf":[],"yoast_head":"<!-- This site is optimized with the Yoast SEO plugin v27.3 - https:\/\/yoast.com\/product\/yoast-seo-wordpress\/ -->\n<title>Alternateur - Case Ih 14 Volt\/Amp\u00e8re 95 | 5120 5140 MX150 MX90 - Edel<\/title>\n<meta name=\"description\" content=\"Alternateur - Case Ih Volt\/Amp\u00e8re 14\/95 | 5120 5140 MX150 MX90 | Nous vous proposons une pi\u00e8ce qui est reconnue pour sa fiabilit\u00e9.\" \/>\n<meta name=\"robots\" content=\"index, follow, max-snippet:-1, max-image-preview:large, max-video-preview:-1\" \/>\n<link rel=\"canonical\" href=\"https:\/\/edel.fr\/produit\/alternateur-case-ih-volt-ampere-14-95\/\" \/>\n<meta property=\"og:locale\" content=\"en_US\" \/>\n<meta property=\"og:type\" content=\"article\" \/>\n<meta property=\"og:title\" content=\"Alternateur - Case Ih 14 Volt\/Amp\u00e8re 95 | 5120 5140 MX150 MX90 - Edel\" \/>\n<meta property=\"og:description\" content=\"Alternateur - Case Ih Volt\/Amp\u00e8re 14\/95 | 5120 5140 MX150 MX90 | Nous vous proposons une pi\u00e8ce qui est reconnue pour sa fiabilit\u00e9.\" \/>\n<meta property=\"og:url\" content=\"https:\/\/edel.fr\/produit\/alternateur-case-ih-volt-ampere-14-95\/\" \/>\n<meta property=\"og:site_name\" content=\"Edel\" \/>\n<meta property=\"article:modified_time\" content=\"2026-03-20T01:00:08+00:00\" \/>\n<meta property=\"og:image\" content=\"https:\/\/edel.fr\/uploads\/2019\/03\/A51.jpg\" \/>\n\t<meta property=\"og:image:width\" content=\"1920\" \/>\n\t<meta property=\"og:image:height\" content=\"1217\" \/>\n\t<meta property=\"og:image:type\" content=\"image\/jpeg\" \/>\n<meta name=\"twitter:card\" content=\"summary_large_image\" \/>\n<meta name=\"twitter:label1\" content=\"Est. reading time\" \/>\n\t<meta name=\"twitter:data1\" content=\"1 minute\" \/>\n<script type=\"application\/ld+json\" class=\"yoast-schema-graph\">{\"@context\":\"https:\\\/\\\/schema.org\",\"@graph\":[{\"@type\":\"WebPage\",\"@id\":\"https:\\\/\\\/edel.fr\\\/produit\\\/alternateur-case-ih-volt-ampere-14-95\\\/\",\"url\":\"https:\\\/\\\/edel.fr\\\/produit\\\/alternateur-case-ih-volt-ampere-14-95\\\/\",\"name\":\"Alternateur - Case Ih 14 Volt\\\/Amp\u00e8re 95 | 5120 5140 MX150 MX90 - Edel\",\"isPartOf\":{\"@id\":\"https:\\\/\\\/www.edel.fr\\\/en\\\/#website\"},\"primaryImageOfPage\":{\"@id\":\"https:\\\/\\\/edel.fr\\\/produit\\\/alternateur-case-ih-volt-ampere-14-95\\\/#primaryimage\"},\"image\":{\"@id\":\"https:\\\/\\\/edel.fr\\\/produit\\\/alternateur-case-ih-volt-ampere-14-95\\\/#primaryimage\"},\"thumbnailUrl\":\"http:\\\/\\\/www.edel.fr\\\/uploads\\\/2019\\\/03\\\/A51.jpg\",\"datePublished\":\"2019-03-11T08:24:17+00:00\",\"dateModified\":\"2026-03-20T01:00:08+00:00\",\"description\":\"Alternateur - Case Ih Volt\\\/Amp\u00e8re 14\\\/95 | 5120 5140 MX150 MX90 | Nous vous proposons une pi\u00e8ce qui est reconnue pour sa fiabilit\u00e9.\",\"breadcrumb\":{\"@id\":\"https:\\\/\\\/edel.fr\\\/produit\\\/alternateur-case-ih-volt-ampere-14-95\\\/#breadcrumb\"},\"inLanguage\":\"en-US\",\"potentialAction\":[{\"@type\":\"ReadAction\",\"target\":[\"https:\\\/\\\/edel.fr\\\/produit\\\/alternateur-case-ih-volt-ampere-14-95\\\/\"]}]},{\"@type\":\"ImageObject\",\"inLanguage\":\"en-US\",\"@id\":\"https:\\\/\\\/edel.fr\\\/produit\\\/alternateur-case-ih-volt-ampere-14-95\\\/#primaryimage\",\"url\":\"http:\\\/\\\/www.edel.fr\\\/uploads\\\/2019\\\/03\\\/A51.jpg\",\"contentUrl\":\"http:\\\/\\\/www.edel.fr\\\/uploads\\\/2019\\\/03\\\/A51.jpg\",\"width\":1920,\"height\":1217,\"caption\":\"Alternateur - Case Ih Volt\\\/Amp\u00e8re 14\\\/95 | 5120 5140 MX150 MX90\"},{\"@type\":\"BreadcrumbList\",\"@id\":\"https:\\\/\\\/edel.fr\\\/produit\\\/alternateur-case-ih-volt-ampere-14-95\\\/#breadcrumb\",\"itemListElement\":[{\"@type\":\"ListItem\",\"position\":1,\"name\":\"Pi\u00e8ce Tracteur\",\"item\":\"https:\\\/\\\/www.edel.fr\\\/en\\\/\"},{\"@type\":\"ListItem\",\"position\":2,\"name\":\"Toutes nos pi\u00e8ces Tracteur\",\"item\":\"https:\\\/\\\/edel.fr\\\/shop\\\/\"},{\"@type\":\"ListItem\",\"position\":3,\"name\":\"Alternateur &#8211; Case Ih 14 Volt\\\/Amp\u00e8re 95 | 5120 5140 MX150 MX90\"}]},{\"@type\":\"WebSite\",\"@id\":\"https:\\\/\\\/www.edel.fr\\\/en\\\/#website\",\"url\":\"https:\\\/\\\/www.edel.fr\\\/en\\\/\",\"name\":\"Edel\",\"description\":\"Pi\u00e8ce d\u00e9tach\u00e9e de Tracteur Agricole\",\"publisher\":{\"@id\":\"https:\\\/\\\/www.edel.fr\\\/en\\\/#organization\"},\"potentialAction\":[{\"@type\":\"SearchAction\",\"target\":{\"@type\":\"EntryPoint\",\"urlTemplate\":\"https:\\\/\\\/www.edel.fr\\\/en\\\/?s={search_term_string}\"},\"query-input\":{\"@type\":\"PropertyValueSpecification\",\"valueRequired\":true,\"valueName\":\"search_term_string\"}}],\"inLanguage\":\"en-US\"},{\"@type\":\"Organization\",\"@id\":\"https:\\\/\\\/www.edel.fr\\\/en\\\/#organization\",\"name\":\"Edel\",\"url\":\"https:\\\/\\\/www.edel.fr\\\/en\\\/\",\"logo\":{\"@type\":\"ImageObject\",\"inLanguage\":\"en-US\",\"@id\":\"https:\\\/\\\/www.edel.fr\\\/en\\\/#\\\/schema\\\/logo\\\/image\\\/\",\"url\":\"https:\\\/\\\/www.edel.fr\\\/uploads\\\/2018\\\/11\\\/logo-edel.png\",\"contentUrl\":\"https:\\\/\\\/www.edel.fr\\\/uploads\\\/2018\\\/11\\\/logo-edel.png\",\"width\":257,\"height\":68,\"caption\":\"Edel\"},\"image\":{\"@id\":\"https:\\\/\\\/www.edel.fr\\\/en\\\/#\\\/schema\\\/logo\\\/image\\\/\"}}]}<\/script>\n<!-- \/ Yoast SEO plugin. -->","yoast_head_json":{"title":"Alternateur - Case Ih 14 Volt\/Amp\u00e8re 95 | 5120 5140 MX150 MX90 - Edel","description":"Alternateur - Case Ih Volt\/Amp\u00e8re 14\/95 | 5120 5140 MX150 MX90 | Nous vous proposons une pi\u00e8ce qui est reconnue pour sa fiabilit\u00e9.","robots":{"index":"index","follow":"follow","max-snippet":"max-snippet:-1","max-image-preview":"max-image-preview:large","max-video-preview":"max-video-preview:-1"},"canonical":"https:\/\/edel.fr\/produit\/alternateur-case-ih-volt-ampere-14-95\/","og_locale":"en_US","og_type":"article","og_title":"Alternateur - Case Ih 14 Volt\/Amp\u00e8re 95 | 5120 5140 MX150 MX90 - Edel","og_description":"Alternateur - Case Ih Volt\/Amp\u00e8re 14\/95 | 5120 5140 MX150 MX90 | Nous vous proposons une pi\u00e8ce qui est reconnue pour sa fiabilit\u00e9.","og_url":"https:\/\/edel.fr\/produit\/alternateur-case-ih-volt-ampere-14-95\/","og_site_name":"Edel","article_modified_time":"2026-03-20T01:00:08+00:00","og_image":[{"width":1920,"height":1217,"url":"https:\/\/edel.fr\/uploads\/2019\/03\/A51.jpg","type":"image\/jpeg"}],"twitter_card":"summary_large_image","twitter_misc":{"Est. reading time":"1 minute"},"schema":{"@context":"https:\/\/schema.org","@graph":[{"@type":"WebPage","@id":"https:\/\/edel.fr\/produit\/alternateur-case-ih-volt-ampere-14-95\/","url":"https:\/\/edel.fr\/produit\/alternateur-case-ih-volt-ampere-14-95\/","name":"Alternateur - Case Ih 14 Volt\/Amp\u00e8re 95 | 5120 5140 MX150 MX90 - Edel","isPartOf":{"@id":"https:\/\/www.edel.fr\/en\/#website"},"primaryImageOfPage":{"@id":"https:\/\/edel.fr\/produit\/alternateur-case-ih-volt-ampere-14-95\/#primaryimage"},"image":{"@id":"https:\/\/edel.fr\/produit\/alternateur-case-ih-volt-ampere-14-95\/#primaryimage"},"thumbnailUrl":"http:\/\/www.edel.fr\/uploads\/2019\/03\/A51.jpg","datePublished":"2019-03-11T08:24:17+00:00","dateModified":"2026-03-20T01:00:08+00:00","description":"Alternateur - Case Ih Volt\/Amp\u00e8re 14\/95 | 5120 5140 MX150 MX90 | Nous vous proposons une pi\u00e8ce qui est reconnue pour sa fiabilit\u00e9.","breadcrumb":{"@id":"https:\/\/edel.fr\/produit\/alternateur-case-ih-volt-ampere-14-95\/#breadcrumb"},"inLanguage":"en-US","potentialAction":[{"@type":"ReadAction","target":["https:\/\/edel.fr\/produit\/alternateur-case-ih-volt-ampere-14-95\/"]}]},{"@type":"ImageObject","inLanguage":"en-US","@id":"https:\/\/edel.fr\/produit\/alternateur-case-ih-volt-ampere-14-95\/#primaryimage","url":"http:\/\/www.edel.fr\/uploads\/2019\/03\/A51.jpg","contentUrl":"http:\/\/www.edel.fr\/uploads\/2019\/03\/A51.jpg","width":1920,"height":1217,"caption":"Alternateur - Case Ih Volt\/Amp\u00e8re 14\/95 | 5120 5140 MX150 MX90"},{"@type":"BreadcrumbList","@id":"https:\/\/edel.fr\/produit\/alternateur-case-ih-volt-ampere-14-95\/#breadcrumb","itemListElement":[{"@type":"ListItem","position":1,"name":"Pi\u00e8ce Tracteur","item":"https:\/\/www.edel.fr\/en\/"},{"@type":"ListItem","position":2,"name":"Toutes nos pi\u00e8ces Tracteur","item":"https:\/\/edel.fr\/shop\/"},{"@type":"ListItem","position":3,"name":"Alternateur &#8211; Case Ih 14 Volt\/Amp\u00e8re 95 | 5120 5140 MX150 MX90"}]},{"@type":"WebSite","@id":"https:\/\/www.edel.fr\/en\/#website","url":"https:\/\/www.edel.fr\/en\/","name":"Edel","description":"Pi\u00e8ce d\u00e9tach\u00e9e de Tracteur Agricole","publisher":{"@id":"https:\/\/www.edel.fr\/en\/#organization"},"potentialAction":[{"@type":"SearchAction","target":{"@type":"EntryPoint","urlTemplate":"https:\/\/www.edel.fr\/en\/?s={search_term_string}"},"query-input":{"@type":"PropertyValueSpecification","valueRequired":true,"valueName":"search_term_string"}}],"inLanguage":"en-US"},{"@type":"Organization","@id":"https:\/\/www.edel.fr\/en\/#organization","name":"Edel","url":"https:\/\/www.edel.fr\/en\/","logo":{"@type":"ImageObject","inLanguage":"en-US","@id":"https:\/\/www.edel.fr\/en\/#\/schema\/logo\/image\/","url":"https:\/\/www.edel.fr\/uploads\/2018\/11\/logo-edel.png","contentUrl":"https:\/\/www.edel.fr\/uploads\/2018\/11\/logo-edel.png","width":257,"height":68,"caption":"Edel"},"image":{"@id":"https:\/\/www.edel.fr\/en\/#\/schema\/logo\/image\/"}}]}},"_links":{"self":[{"href":"http:\/\/www.edel.fr\/en\/wp-json\/wp\/v2\/product\/5895","targetHints":{"allow":["GET"]}}],"collection":[{"href":"http:\/\/www.edel.fr\/en\/wp-json\/wp\/v2\/product"}],"about":[{"href":"http:\/\/www.edel.fr\/en\/wp-json\/wp\/v2\/types\/product"}],"version-history":[{"count":2,"href":"http:\/\/www.edel.fr\/en\/wp-json\/wp\/v2\/product\/5895\/revisions"}],"predecessor-version":[{"id":15125,"href":"http:\/\/www.edel.fr\/en\/wp-json\/wp\/v2\/product\/5895\/revisions\/15125"}],"wp:featuredmedia":[{"embeddable":true,"href":"http:\/\/www.edel.fr\/en\/wp-json\/wp\/v2\/media\/5631"}],"wp:attachment":[{"href":"http:\/\/www.edel.fr\/en\/wp-json\/wp\/v2\/media?parent=5895"}],"wp:term":[{"taxonomy":"product_brand","embeddable":true,"href":"http:\/\/www.edel.fr\/en\/wp-json\/wp\/v2\/product_brand?post=5895"},{"taxonomy":"product_cat","embeddable":true,"href":"http:\/\/www.edel.fr\/en\/wp-json\/wp\/v2\/product_cat?post=5895"},{"taxonomy":"product_tag","embeddable":true,"href":"http:\/\/www.edel.fr\/en\/wp-json\/wp\/v2\/product_tag?post=5895"},{"taxonomy":"tracteur","embeddable":true,"href":"http:\/\/www.edel.fr\/en\/wp-json\/wp\/v2\/tracteur?post=5895"}],"curies":[{"name":"wp","href":"https:\/\/api.w.org\/{rel}","templated":true}]}}