{"id":5855,"date":"2019-03-11T09:24:02","date_gmt":"2019-03-11T08:24:02","guid":{"rendered":"http:\/\/edel.stephanie.ct.webcd.lan\/shop\/alternateur-case-ihfendt-volt-ampere-14-33-tendeur-a-droite\/"},"modified":"2026-04-03T03:01:02","modified_gmt":"2026-04-03T01:01:02","slug":"alternateur-case-ihfendt-volt-ampere-14-33-tendeur-a-droite","status":"publish","type":"product","link":"http:\/\/www.edel.fr\/en\/product\/alternateur-case-ihfendt-volt-ampere-14-33-tendeur-a-droite\/","title":{"rendered":"Alternateur Case Ih &#8211; Fendt | 14 Volt \/ 33 Amp\u00e8re, Tendeur \u00e0 droite"},"content":{"rendered":"<div data-elementor-type=\"wp-post\" data-elementor-id=\"5855\" class=\"elementor elementor-5855\">\n\t\t\t\t\t\t<section class=\"elementor-section elementor-top-section elementor-element elementor-element-6bfae799 elementor-section-boxed elementor-section-height-default elementor-section-height-default\" data-id=\"6bfae799\" data-element_type=\"section\" data-e-type=\"section\">\n\t\t\t\t\t\t<div class=\"elementor-container elementor-column-gap-default\">\n\t\t\t\t\t<div class=\"elementor-column elementor-col-100 elementor-top-column elementor-element elementor-element-5ef525e\" data-id=\"5ef525e\" data-element_type=\"column\" data-e-type=\"column\">\n\t\t\t<div class=\"elementor-widget-wrap elementor-element-populated\">\n\t\t\t\t\t\t<div class=\"elementor-element elementor-element-41fc6a3e elementor-widget elementor-widget-heading\" data-id=\"41fc6a3e\" data-element_type=\"widget\" data-e-type=\"widget\" data-widget_type=\"heading.default\">\n\t\t\t\t<div class=\"elementor-widget-container\">\n\t\t\t\t\t<h2 class=\"elementor-heading-title elementor-size-default\">Alternateur Case Ih - Fendt | 14 Volt \/ 33 Amp\u00e8re, Tendeur \u00e0 droite<\/h2>\t\t\t\t<\/div>\n\t\t\t\t<\/div>\n\t\t\t\t<div class=\"elementor-element elementor-element-5cc9b69 elementor-widget elementor-widget-heading\" data-id=\"5cc9b69\" data-element_type=\"widget\" data-e-type=\"widget\" data-widget_type=\"heading.default\">\n\t\t\t\t<div class=\"elementor-widget-container\">\n\t\t\t\t\t<h3 class=\"elementor-heading-title elementor-size-default\">Information du produit :<\/h3>\t\t\t\t<\/div>\n\t\t\t\t<\/div>\n\t\t\t\t\t<\/div>\n\t\t<\/div>\n\t\t\t\t\t<\/div>\n\t\t<\/section>\n\t\t\t\t<section class=\"elementor-section elementor-top-section elementor-element elementor-element-3fcf0fad elementor-section-boxed elementor-section-height-default elementor-section-height-default\" data-id=\"3fcf0fad\" data-element_type=\"section\" data-e-type=\"section\">\n\t\t\t\t\t\t<div class=\"elementor-container elementor-column-gap-default\">\n\t\t\t\t\t<div class=\"elementor-column elementor-col-100 elementor-top-column elementor-element elementor-element-69f8bcac\" data-id=\"69f8bcac\" data-element_type=\"column\" data-e-type=\"column\">\n\t\t\t<div class=\"elementor-widget-wrap elementor-element-populated\">\n\t\t\t\t\t\t<div class=\"elementor-element elementor-element-3d94b87f elementor-widget elementor-widget-text-editor\" data-id=\"3d94b87f\" data-element_type=\"widget\" data-e-type=\"widget\" data-widget_type=\"text-editor.default\">\n\t\t\t\t<div class=\"elementor-widget-container\">\n\t\t\t\t\t\t\t\t\t<p>Votre alternateur g\u00e9n\u00e8re de l\u2019\u00e9nergie \u00e9lectrique en convertissant l&rsquo;\u00e9nergie cin\u00e9tique. Cette \u00e9nergie est stock\u00e9e par la batterie et consomm\u00e9e par les diff\u00e9rents organes \u00e9lectriques et \u00e9lectroniques.<\/p><p>C&rsquo;est pourquoi nous vous proposons une pi\u00e8ce de marque <a href=\"https:\/\/www.edel.fr\/en\/constructeur\/mahle\/\">Mahle<\/a> \/ <a href=\"https:\/\/www.edel.fr\/en\/constructeur\/letrika\/\">Letrika<\/a> reconnue pour sa fiabilit\u00e9.<\/p><p>Alternateur Case Ih, Fendt : 104, 105, 423, 433 533, 615, 633, 740, 833.<\/p><p><strong>R\u00e9f\u00e9rences du constructeur :<\/strong><\/p><p>AGCO : C000900010110<\/p><p>BOSCH : 0120339536, 0986030140.<\/p><p>CASE : 3218 577 EX, 3218 577 R91.<\/p><p>CLAAS : 6005706654<\/p><p>CNH \/ FIAT AGRI : B506371<\/p><p>DELCO REMY : DRA0140<\/p><p>DEUTZ AG (KHD) : 1215 3766, 1215 3766.<\/p><p>FENDT : X 830 060 010<\/p><p>HELLA : 8EL 725 899-001, CA 616 IR.<\/p><p>LESTER : 14951<\/p><p>LUCAS : LRA00611<\/p><p>MAGNETI MARELLI : MAR 837<\/p><p>MWM-DIESEL : 6 0571 01 0 0130<\/p><p>NIKKO : 3218 577 EX, 3218 577 R91.<\/p><p>SPAREX : 36157<\/p><p>STEINBOCK : 026205, 4570459.<\/p><p>ZETTELMEYER : 43731945<\/p><p>Edel vous propose \u00e9galement une large gamme d&rsquo;alternateurs et d\u00e9marreurs pour des applications sp\u00e9cifiques, et de diff\u00e9rentes marques.<\/p><p>Donc, pour plus de renseignements, n&rsquo;h\u00e9sitez pas \u00e0 nous consulter !<\/p>\t\t\t\t\t\t\t\t<\/div>\n\t\t\t\t<\/div>\n\t\t\t\t\t<\/div>\n\t\t<\/div>\n\t\t\t\t\t<\/div>\n\t\t<\/section>\n\t\t\t\t<\/div>","protected":false},"excerpt":{"rendered":"<p>Alternateur Case Ih &#8211; Fendt | 14 Volt \/ 33 Amp\u00e8re, Tendeur \u00e0 droite Information du produit : Votre alternateur g\u00e9n\u00e8re de l\u2019\u00e9nergie \u00e9lectrique en convertissant l&rsquo;\u00e9nergie cin\u00e9tique. Cette \u00e9nergie est stock\u00e9e par la batterie et consomm\u00e9e par les diff\u00e9rents organes \u00e9lectriques et \u00e9lectroniques. C&rsquo;est pourquoi nous vous proposons une pi\u00e8ce de marque Mahle \/<br \/><a class=\"more-link\" href=\"http:\/\/www.edel.fr\/en\/product\/alternateur-case-ihfendt-volt-ampere-14-33-tendeur-a-droite\/\"><br \/>\n        Read More<span class=\"screen-reader-text\"> \u00ab\u00a0Alternateur Case Ih &#8211; Fendt | 14 Volt \/ 33 Amp\u00e8re, Tendeur \u00e0 droite\u00a0\u00bb<\/span><\/a><\/p>","protected":false},"featured_media":5597,"template":"","meta":[],"product_brand":[],"product_cat":[4016,4018,164,154,119],"product_tag":[2459,180],"tracteur":[],"class_list":{"0":"post-5855","1":"product","2":"type-product","3":"status-publish","4":"has-post-thumbnail","6":"product_cat-alternateur-case-ih","7":"product_cat-alternateur-fendt","8":"product_cat-alternateurs","9":"product_cat-electricite","10":"product_cat-tracteurs-agricoles","11":"product_tag-alternateurs","12":"product_tag-electricite","13":"product_shipping_class-142","14":"pa_fabriquant-mahle","15":"pa_marque-tracteur-case-ih","16":"pa_marque-tracteur-fendt","17":"pa_type-2-1425","18":"pa_type-2-1426","19":"pa_type-2-1421","20":"pa_type-2-433-533","21":"pa_type-2-1427","22":"pa_type-2-1423","23":"pa_type-2-1148","24":"pa_type-2-1424","25":"badges-style-2","27":"first","28":"instock","29":"taxable","30":"shipping-taxable","31":"purchasable","32":"product-type-simple"},"acf":[],"yoast_head":"<!-- This site is optimized with the Yoast SEO plugin v27.3 - https:\/\/yoast.com\/product\/yoast-seo-wordpress\/ -->\n<title>Alternateur Case Ih - Fendt | 14 Volt \/ 33 Amp\u00e8re, Tendeur \u00e0 droite - Edel<\/title>\n<meta name=\"description\" content=\"Alternateur Case Ih - Fendt | 14 Volt \/ 33 Amp\u00e8re, Tendeur \u00e0 droite - 104 105 423 433 533 615 633 740 833 - Tracteur Agricole\" \/>\n<meta name=\"robots\" content=\"index, follow, max-snippet:-1, max-image-preview:large, max-video-preview:-1\" \/>\n<link rel=\"canonical\" href=\"https:\/\/edel.fr\/produit\/alternateur-case-ihfendt-volt-ampere-14-33-tendeur-a-droite\/\" \/>\n<meta property=\"og:locale\" content=\"en_US\" \/>\n<meta property=\"og:type\" content=\"article\" \/>\n<meta property=\"og:title\" content=\"Alternateur Case Ih - Fendt | 14 Volt \/ 33 Amp\u00e8re, Tendeur \u00e0 droite - Edel\" \/>\n<meta property=\"og:description\" content=\"Alternateur Case Ih - Fendt | 14 Volt \/ 33 Amp\u00e8re, Tendeur \u00e0 droite - 104 105 423 433 533 615 633 740 833 - Tracteur Agricole\" \/>\n<meta property=\"og:url\" content=\"https:\/\/edel.fr\/produit\/alternateur-case-ihfendt-volt-ampere-14-33-tendeur-a-droite\/\" \/>\n<meta property=\"og:site_name\" content=\"Edel\" \/>\n<meta property=\"article:modified_time\" content=\"2026-04-03T01:01:02+00:00\" \/>\n<meta property=\"og:image\" content=\"https:\/\/edel.fr\/uploads\/2019\/03\/A14.jpg\" \/>\n\t<meta property=\"og:image:width\" content=\"1920\" \/>\n\t<meta property=\"og:image:height\" content=\"1280\" \/>\n\t<meta property=\"og:image:type\" content=\"image\/jpeg\" \/>\n<meta name=\"twitter:card\" content=\"summary_large_image\" \/>\n<meta name=\"twitter:label1\" content=\"Est. reading time\" \/>\n\t<meta name=\"twitter:data1\" content=\"1 minute\" \/>\n<script type=\"application\/ld+json\" class=\"yoast-schema-graph\">{\"@context\":\"https:\\\/\\\/schema.org\",\"@graph\":[{\"@type\":\"WebPage\",\"@id\":\"https:\\\/\\\/edel.fr\\\/produit\\\/alternateur-case-ihfendt-volt-ampere-14-33-tendeur-a-droite\\\/\",\"url\":\"https:\\\/\\\/edel.fr\\\/produit\\\/alternateur-case-ihfendt-volt-ampere-14-33-tendeur-a-droite\\\/\",\"name\":\"Alternateur Case Ih - Fendt | 14 Volt \\\/ 33 Amp\u00e8re, Tendeur \u00e0 droite - Edel\",\"isPartOf\":{\"@id\":\"https:\\\/\\\/www.edel.fr\\\/en\\\/#website\"},\"primaryImageOfPage\":{\"@id\":\"https:\\\/\\\/edel.fr\\\/produit\\\/alternateur-case-ihfendt-volt-ampere-14-33-tendeur-a-droite\\\/#primaryimage\"},\"image\":{\"@id\":\"https:\\\/\\\/edel.fr\\\/produit\\\/alternateur-case-ihfendt-volt-ampere-14-33-tendeur-a-droite\\\/#primaryimage\"},\"thumbnailUrl\":\"http:\\\/\\\/www.edel.fr\\\/uploads\\\/2019\\\/03\\\/A14.jpg\",\"datePublished\":\"2019-03-11T08:24:02+00:00\",\"dateModified\":\"2026-04-03T01:01:02+00:00\",\"description\":\"Alternateur Case Ih - Fendt | 14 Volt \\\/ 33 Amp\u00e8re, Tendeur \u00e0 droite - 104 105 423 433 533 615 633 740 833 - Tracteur Agricole\",\"breadcrumb\":{\"@id\":\"https:\\\/\\\/edel.fr\\\/produit\\\/alternateur-case-ihfendt-volt-ampere-14-33-tendeur-a-droite\\\/#breadcrumb\"},\"inLanguage\":\"en-US\",\"potentialAction\":[{\"@type\":\"ReadAction\",\"target\":[\"https:\\\/\\\/edel.fr\\\/produit\\\/alternateur-case-ihfendt-volt-ampere-14-33-tendeur-a-droite\\\/\"]}]},{\"@type\":\"ImageObject\",\"inLanguage\":\"en-US\",\"@id\":\"https:\\\/\\\/edel.fr\\\/produit\\\/alternateur-case-ihfendt-volt-ampere-14-33-tendeur-a-droite\\\/#primaryimage\",\"url\":\"http:\\\/\\\/www.edel.fr\\\/uploads\\\/2019\\\/03\\\/A14.jpg\",\"contentUrl\":\"http:\\\/\\\/www.edel.fr\\\/uploads\\\/2019\\\/03\\\/A14.jpg\",\"width\":1920,\"height\":1280,\"caption\":\"Alternateur Case Ih - Fendt | 14 Volt \\\/ 33 Amp\u00e8re, Tendeur \u00e0 droite\"},{\"@type\":\"BreadcrumbList\",\"@id\":\"https:\\\/\\\/edel.fr\\\/produit\\\/alternateur-case-ihfendt-volt-ampere-14-33-tendeur-a-droite\\\/#breadcrumb\",\"itemListElement\":[{\"@type\":\"ListItem\",\"position\":1,\"name\":\"Pi\u00e8ce Tracteur\",\"item\":\"https:\\\/\\\/www.edel.fr\\\/en\\\/\"},{\"@type\":\"ListItem\",\"position\":2,\"name\":\"Toutes nos pi\u00e8ces Tracteur\",\"item\":\"https:\\\/\\\/edel.fr\\\/shop\\\/\"},{\"@type\":\"ListItem\",\"position\":3,\"name\":\"Alternateur Case Ih &#8211; Fendt | 14 Volt \\\/ 33 Amp\u00e8re, Tendeur \u00e0 droite\"}]},{\"@type\":\"WebSite\",\"@id\":\"https:\\\/\\\/www.edel.fr\\\/en\\\/#website\",\"url\":\"https:\\\/\\\/www.edel.fr\\\/en\\\/\",\"name\":\"Edel\",\"description\":\"Pi\u00e8ce d\u00e9tach\u00e9e de Tracteur Agricole\",\"publisher\":{\"@id\":\"https:\\\/\\\/www.edel.fr\\\/en\\\/#organization\"},\"potentialAction\":[{\"@type\":\"SearchAction\",\"target\":{\"@type\":\"EntryPoint\",\"urlTemplate\":\"https:\\\/\\\/www.edel.fr\\\/en\\\/?s={search_term_string}\"},\"query-input\":{\"@type\":\"PropertyValueSpecification\",\"valueRequired\":true,\"valueName\":\"search_term_string\"}}],\"inLanguage\":\"en-US\"},{\"@type\":\"Organization\",\"@id\":\"https:\\\/\\\/www.edel.fr\\\/en\\\/#organization\",\"name\":\"Edel\",\"url\":\"https:\\\/\\\/www.edel.fr\\\/en\\\/\",\"logo\":{\"@type\":\"ImageObject\",\"inLanguage\":\"en-US\",\"@id\":\"https:\\\/\\\/www.edel.fr\\\/en\\\/#\\\/schema\\\/logo\\\/image\\\/\",\"url\":\"https:\\\/\\\/www.edel.fr\\\/uploads\\\/2018\\\/11\\\/logo-edel.png\",\"contentUrl\":\"https:\\\/\\\/www.edel.fr\\\/uploads\\\/2018\\\/11\\\/logo-edel.png\",\"width\":257,\"height\":68,\"caption\":\"Edel\"},\"image\":{\"@id\":\"https:\\\/\\\/www.edel.fr\\\/en\\\/#\\\/schema\\\/logo\\\/image\\\/\"}}]}<\/script>\n<!-- \/ Yoast SEO plugin. -->","yoast_head_json":{"title":"Alternateur Case Ih - Fendt | 14 Volt \/ 33 Amp\u00e8re, Tendeur \u00e0 droite - Edel","description":"Alternateur Case Ih - Fendt | 14 Volt \/ 33 Amp\u00e8re, Tendeur \u00e0 droite - 104 105 423 433 533 615 633 740 833 - Tracteur Agricole","robots":{"index":"index","follow":"follow","max-snippet":"max-snippet:-1","max-image-preview":"max-image-preview:large","max-video-preview":"max-video-preview:-1"},"canonical":"https:\/\/edel.fr\/produit\/alternateur-case-ihfendt-volt-ampere-14-33-tendeur-a-droite\/","og_locale":"en_US","og_type":"article","og_title":"Alternateur Case Ih - Fendt | 14 Volt \/ 33 Amp\u00e8re, Tendeur \u00e0 droite - Edel","og_description":"Alternateur Case Ih - Fendt | 14 Volt \/ 33 Amp\u00e8re, Tendeur \u00e0 droite - 104 105 423 433 533 615 633 740 833 - Tracteur Agricole","og_url":"https:\/\/edel.fr\/produit\/alternateur-case-ihfendt-volt-ampere-14-33-tendeur-a-droite\/","og_site_name":"Edel","article_modified_time":"2026-04-03T01:01:02+00:00","og_image":[{"width":1920,"height":1280,"url":"https:\/\/edel.fr\/uploads\/2019\/03\/A14.jpg","type":"image\/jpeg"}],"twitter_card":"summary_large_image","twitter_misc":{"Est. reading time":"1 minute"},"schema":{"@context":"https:\/\/schema.org","@graph":[{"@type":"WebPage","@id":"https:\/\/edel.fr\/produit\/alternateur-case-ihfendt-volt-ampere-14-33-tendeur-a-droite\/","url":"https:\/\/edel.fr\/produit\/alternateur-case-ihfendt-volt-ampere-14-33-tendeur-a-droite\/","name":"Alternateur Case Ih - Fendt | 14 Volt \/ 33 Amp\u00e8re, Tendeur \u00e0 droite - Edel","isPartOf":{"@id":"https:\/\/www.edel.fr\/en\/#website"},"primaryImageOfPage":{"@id":"https:\/\/edel.fr\/produit\/alternateur-case-ihfendt-volt-ampere-14-33-tendeur-a-droite\/#primaryimage"},"image":{"@id":"https:\/\/edel.fr\/produit\/alternateur-case-ihfendt-volt-ampere-14-33-tendeur-a-droite\/#primaryimage"},"thumbnailUrl":"http:\/\/www.edel.fr\/uploads\/2019\/03\/A14.jpg","datePublished":"2019-03-11T08:24:02+00:00","dateModified":"2026-04-03T01:01:02+00:00","description":"Alternateur Case Ih - Fendt | 14 Volt \/ 33 Amp\u00e8re, Tendeur \u00e0 droite - 104 105 423 433 533 615 633 740 833 - Tracteur Agricole","breadcrumb":{"@id":"https:\/\/edel.fr\/produit\/alternateur-case-ihfendt-volt-ampere-14-33-tendeur-a-droite\/#breadcrumb"},"inLanguage":"en-US","potentialAction":[{"@type":"ReadAction","target":["https:\/\/edel.fr\/produit\/alternateur-case-ihfendt-volt-ampere-14-33-tendeur-a-droite\/"]}]},{"@type":"ImageObject","inLanguage":"en-US","@id":"https:\/\/edel.fr\/produit\/alternateur-case-ihfendt-volt-ampere-14-33-tendeur-a-droite\/#primaryimage","url":"http:\/\/www.edel.fr\/uploads\/2019\/03\/A14.jpg","contentUrl":"http:\/\/www.edel.fr\/uploads\/2019\/03\/A14.jpg","width":1920,"height":1280,"caption":"Alternateur Case Ih - Fendt | 14 Volt \/ 33 Amp\u00e8re, Tendeur \u00e0 droite"},{"@type":"BreadcrumbList","@id":"https:\/\/edel.fr\/produit\/alternateur-case-ihfendt-volt-ampere-14-33-tendeur-a-droite\/#breadcrumb","itemListElement":[{"@type":"ListItem","position":1,"name":"Pi\u00e8ce Tracteur","item":"https:\/\/www.edel.fr\/en\/"},{"@type":"ListItem","position":2,"name":"Toutes nos pi\u00e8ces Tracteur","item":"https:\/\/edel.fr\/shop\/"},{"@type":"ListItem","position":3,"name":"Alternateur Case Ih &#8211; Fendt | 14 Volt \/ 33 Amp\u00e8re, Tendeur \u00e0 droite"}]},{"@type":"WebSite","@id":"https:\/\/www.edel.fr\/en\/#website","url":"https:\/\/www.edel.fr\/en\/","name":"Edel","description":"Pi\u00e8ce d\u00e9tach\u00e9e de Tracteur Agricole","publisher":{"@id":"https:\/\/www.edel.fr\/en\/#organization"},"potentialAction":[{"@type":"SearchAction","target":{"@type":"EntryPoint","urlTemplate":"https:\/\/www.edel.fr\/en\/?s={search_term_string}"},"query-input":{"@type":"PropertyValueSpecification","valueRequired":true,"valueName":"search_term_string"}}],"inLanguage":"en-US"},{"@type":"Organization","@id":"https:\/\/www.edel.fr\/en\/#organization","name":"Edel","url":"https:\/\/www.edel.fr\/en\/","logo":{"@type":"ImageObject","inLanguage":"en-US","@id":"https:\/\/www.edel.fr\/en\/#\/schema\/logo\/image\/","url":"https:\/\/www.edel.fr\/uploads\/2018\/11\/logo-edel.png","contentUrl":"https:\/\/www.edel.fr\/uploads\/2018\/11\/logo-edel.png","width":257,"height":68,"caption":"Edel"},"image":{"@id":"https:\/\/www.edel.fr\/en\/#\/schema\/logo\/image\/"}}]}},"_links":{"self":[{"href":"http:\/\/www.edel.fr\/en\/wp-json\/wp\/v2\/product\/5855","targetHints":{"allow":["GET"]}}],"collection":[{"href":"http:\/\/www.edel.fr\/en\/wp-json\/wp\/v2\/product"}],"about":[{"href":"http:\/\/www.edel.fr\/en\/wp-json\/wp\/v2\/types\/product"}],"version-history":[{"count":2,"href":"http:\/\/www.edel.fr\/en\/wp-json\/wp\/v2\/product\/5855\/revisions"}],"predecessor-version":[{"id":15135,"href":"http:\/\/www.edel.fr\/en\/wp-json\/wp\/v2\/product\/5855\/revisions\/15135"}],"wp:featuredmedia":[{"embeddable":true,"href":"http:\/\/www.edel.fr\/en\/wp-json\/wp\/v2\/media\/5597"}],"wp:attachment":[{"href":"http:\/\/www.edel.fr\/en\/wp-json\/wp\/v2\/media?parent=5855"}],"wp:term":[{"taxonomy":"product_brand","embeddable":true,"href":"http:\/\/www.edel.fr\/en\/wp-json\/wp\/v2\/product_brand?post=5855"},{"taxonomy":"product_cat","embeddable":true,"href":"http:\/\/www.edel.fr\/en\/wp-json\/wp\/v2\/product_cat?post=5855"},{"taxonomy":"product_tag","embeddable":true,"href":"http:\/\/www.edel.fr\/en\/wp-json\/wp\/v2\/product_tag?post=5855"},{"taxonomy":"tracteur","embeddable":true,"href":"http:\/\/www.edel.fr\/en\/wp-json\/wp\/v2\/tracteur?post=5855"}],"curies":[{"name":"wp","href":"https:\/\/api.w.org\/{rel}","templated":true}]}}