{"id":5850,"date":"2019-03-11T09:24:02","date_gmt":"2019-03-11T08:24:02","guid":{"rendered":"http:\/\/edel.stephanie.ct.webcd.lan\/shop\/alternateur-david-brownford-new-hollandlandinimanitoumassey-fergusonrenault-claas-volt-ampere-14-55volt-ampere-14-55-tendeurs-gauchevolt-ampere-14-55-tendeurs-gauche-moteur-bd-154volt-amp\/"},"modified":"2026-02-27T19:54:50","modified_gmt":"2026-02-27T18:54:50","slug":"alternateur-david-brownford-new-hollandlandinimanitoumassey-fergusonrenault-claas-volt-ampere-14-55volt-ampere-14-55-tendeurs-gauchemoteur-bd-154moteur-perkins","status":"publish","type":"product","link":"http:\/\/www.edel.fr\/en\/product\/alternateur-david-brownford-new-hollandlandinimanitoumassey-fergusonrenault-claas-volt-ampere-14-55volt-ampere-14-55-tendeurs-gauchemoteur-bd-154moteur-perkins\/","title":{"rendered":"Alternateur &#8211; David Brown,Ford New Holland,Landini,Manitou,Massey Ferguson,Renault Claas &#8211; Volt\/Amp\u00e8re 14\/55,Volt\/Amp\u00e8re 14\/55 Tendeurs gauche,Moteur BD 154,Moteur Perkins"},"content":{"rendered":"<p>Votre alternateur g\u00e9n\u00e8re de l\u2019\u00e9nergie \u00e9lectrique\u00a0en convertissant l&rsquo;\u00e9nergie cin\u00e9tique transmise par le fonctionnement du moteur en \u00e9lectricit\u00e9 utilisable par la batterie. Cette \u00e9nergie est stock\u00e9e par la batterie et consomm\u00e9e par les diff\u00e9rents organes \u00e9lectriques et \u00e9lectroniques. Nous vous proposons une pi\u00e8ce de marque Mahle \/ Letrika reconnue pour sa fiabilit\u00e9.<\/p>","protected":false},"excerpt":{"rendered":"<p>Votre alternateur g\u00e9n\u00e8re de l\u2019\u00e9nergie \u00e9lectrique\u00a0en convertissant l&rsquo;\u00e9nergie cin\u00e9tique transmise par le fonctionnement du moteur en \u00e9lectricit\u00e9 utilisable par la batterie. Cette \u00e9nergie est stock\u00e9e par la batterie et consomm\u00e9e par les diff\u00e9rents organes \u00e9lectriques et \u00e9lectroniques. Nous vous proposons une pi\u00e8ce de marque Mahle \/ Letrika reconnue pour sa fiabilit\u00e9.<\/p>","protected":false},"featured_media":5593,"template":"","meta":[],"product_brand":[],"product_cat":[4017,4020,4025,4028,4029,4032,164,154,119],"product_tag":[2459,180],"tracteur":[],"class_list":{"0":"post-5850","1":"product","2":"type-product","3":"status-publish","4":"has-post-thumbnail","6":"product_cat-alternateur-david-brown","7":"product_cat-alternateur-ford-new-holland","8":"product_cat-alternateur-landini","9":"product_cat-alternateur-manitou","10":"product_cat-alternateur-massey-ferguson","11":"product_cat-alternateur-renault-claas","12":"product_cat-alternateurs","13":"product_cat-electricite","14":"product_cat-tracteurs-agricoles","15":"product_tag-alternateurs","16":"product_tag-electricite","17":"product_shipping_class-142","18":"pa_fabriquant-mahle","19":"pa_marque-tracteur-david-brown","20":"pa_marque-tracteur-ford-new-holland","21":"pa_marque-tracteur-landini","22":"pa_marque-tracteur-manitou","23":"pa_marque-tracteur-massey-ferguson","24":"pa_marque-tracteur-renault-claas","25":"pa_modele-tracteur-anciens","26":"pa_modele-tracteur-ceres","27":"pa_modele-tracteur-mf","28":"pa_modele-tracteur-serie-80","29":"pa_type-2-1366","30":"pa_type-2-1367","31":"pa_type-2-1359","32":"pa_type-2-1368","33":"pa_type-2-1360","34":"pa_type-2-1361","35":"pa_type-2-1371","36":"pa_type-2-1372","37":"pa_type-2-1373","38":"pa_type-2-1374","39":"pa_type-2-1349","40":"pa_type-2-1350","41":"pa_type-2-1375","42":"pa_type-2-1376","43":"pa_type-2-1377","44":"pa_type-2-1378","45":"pa_type-2-1379","46":"pa_type-2-1351","47":"pa_type-2-1352","48":"pa_type-2-1381","49":"pa_type-2-58-34","50":"pa_type-2-1382","51":"pa_type-2-1362","52":"pa_type-2-1353","53":"pa_type-2-695-db","54":"pa_type-2-70-34","55":"pa_type-2-1383","56":"pa_type-2-1384","57":"pa_type-2-7012-34","58":"pa_type-2-1385","59":"pa_type-2-1355","60":"pa_type-2-1363","61":"pa_type-2-1356","62":"pa_type-2-8012-34","63":"pa_type-2-1364","64":"pa_type-2-1172","65":"pa_type-2-1357","66":"pa_type-2-1365","67":"pa_type-2-1358","68":"pa_type-2-ceres-75","69":"pa_type-2-mb21c","70":"pa_type-2-mf-50-chargeur","71":"pa_type-2-mf1114","72":"badges-style-2","74":"first","75":"instock","76":"taxable","77":"shipping-taxable","78":"purchasable","79":"product-type-simple"},"acf":[],"yoast_head":"<!-- This site is optimized with the Yoast SEO plugin v27.3 - https:\/\/yoast.com\/product\/yoast-seo-wordpress\/ -->\n<title>Alternateur - David Brown,Ford New Holland,Landini,Manitou,Massey Ferguson,Renault Claas - Volt\/Amp\u00e8re 14\/55,Volt\/Amp\u00e8re 14\/55 Tendeurs gauche,Moteur BD 154,Moteur Perkins - Edel<\/title>\n<meta name=\"robots\" content=\"index, follow, max-snippet:-1, max-image-preview:large, max-video-preview:-1\" \/>\n<link rel=\"canonical\" href=\"http:\/\/www.edel.fr\/en\/product\/alternateur-david-brownford-new-hollandlandinimanitoumassey-fergusonrenault-claas-volt-ampere-14-55volt-ampere-14-55-tendeurs-gauchemoteur-bd-154moteur-perkins\/\" \/>\n<meta property=\"og:locale\" content=\"en_US\" \/>\n<meta property=\"og:type\" content=\"article\" \/>\n<meta property=\"og:title\" content=\"Alternateur - David Brown,Ford New Holland,Landini,Manitou,Massey Ferguson,Renault Claas - Volt\/Amp\u00e8re 14\/55,Volt\/Amp\u00e8re 14\/55 Tendeurs gauche,Moteur BD 154,Moteur Perkins - Edel\" \/>\n<meta property=\"og:description\" content=\"Votre alternateur g\u00e9n\u00e8re de l\u2019\u00e9nergie \u00e9lectrique\u00a0en convertissant l&rsquo;\u00e9nergie cin\u00e9tique transmise par le fonctionnement du moteur en \u00e9lectricit\u00e9 utilisable par la batterie. Cette \u00e9nergie est stock\u00e9e par la batterie et consomm\u00e9e par les diff\u00e9rents organes \u00e9lectriques et \u00e9lectroniques. Nous vous proposons une pi\u00e8ce de marque Mahle \/ Letrika reconnue pour sa fiabilit\u00e9.\" \/>\n<meta property=\"og:url\" content=\"http:\/\/www.edel.fr\/en\/product\/alternateur-david-brownford-new-hollandlandinimanitoumassey-fergusonrenault-claas-volt-ampere-14-55volt-ampere-14-55-tendeurs-gauchemoteur-bd-154moteur-perkins\/\" \/>\n<meta property=\"og:site_name\" content=\"Edel\" \/>\n<meta property=\"article:modified_time\" content=\"2026-02-27T18:54:50+00:00\" \/>\n<meta property=\"og:image\" content=\"http:\/\/www.edel.fr\/uploads\/2019\/03\/A09.jpg\" \/>\n\t<meta property=\"og:image:width\" content=\"1920\" \/>\n\t<meta property=\"og:image:height\" content=\"1279\" \/>\n\t<meta property=\"og:image:type\" content=\"image\/jpeg\" \/>\n<meta name=\"twitter:card\" content=\"summary_large_image\" \/>\n<meta name=\"twitter:label1\" content=\"Est. reading time\" \/>\n\t<meta name=\"twitter:data1\" content=\"1 minute\" \/>\n<script type=\"application\/ld+json\" class=\"yoast-schema-graph\">{\"@context\":\"https:\\\/\\\/schema.org\",\"@graph\":[{\"@type\":\"WebPage\",\"@id\":\"http:\\\/\\\/www.edel.fr\\\/en\\\/product\\\/alternateur-david-brownford-new-hollandlandinimanitoumassey-fergusonrenault-claas-volt-ampere-14-55volt-ampere-14-55-tendeurs-gauchemoteur-bd-154moteur-perkins\\\/\",\"url\":\"http:\\\/\\\/www.edel.fr\\\/en\\\/product\\\/alternateur-david-brownford-new-hollandlandinimanitoumassey-fergusonrenault-claas-volt-ampere-14-55volt-ampere-14-55-tendeurs-gauchemoteur-bd-154moteur-perkins\\\/\",\"name\":\"Alternateur - David Brown,Ford New Holland,Landini,Manitou,Massey Ferguson,Renault Claas - Volt\\\/Amp\u00e8re 14\\\/55,Volt\\\/Amp\u00e8re 14\\\/55 Tendeurs gauche,Moteur BD 154,Moteur Perkins - Edel\",\"isPartOf\":{\"@id\":\"https:\\\/\\\/www.edel.fr\\\/en\\\/#website\"},\"primaryImageOfPage\":{\"@id\":\"http:\\\/\\\/www.edel.fr\\\/en\\\/product\\\/alternateur-david-brownford-new-hollandlandinimanitoumassey-fergusonrenault-claas-volt-ampere-14-55volt-ampere-14-55-tendeurs-gauchemoteur-bd-154moteur-perkins\\\/#primaryimage\"},\"image\":{\"@id\":\"http:\\\/\\\/www.edel.fr\\\/en\\\/product\\\/alternateur-david-brownford-new-hollandlandinimanitoumassey-fergusonrenault-claas-volt-ampere-14-55volt-ampere-14-55-tendeurs-gauchemoteur-bd-154moteur-perkins\\\/#primaryimage\"},\"thumbnailUrl\":\"http:\\\/\\\/www.edel.fr\\\/uploads\\\/2019\\\/03\\\/A09.jpg\",\"datePublished\":\"2019-03-11T08:24:02+00:00\",\"dateModified\":\"2026-02-27T18:54:50+00:00\",\"breadcrumb\":{\"@id\":\"http:\\\/\\\/www.edel.fr\\\/en\\\/product\\\/alternateur-david-brownford-new-hollandlandinimanitoumassey-fergusonrenault-claas-volt-ampere-14-55volt-ampere-14-55-tendeurs-gauchemoteur-bd-154moteur-perkins\\\/#breadcrumb\"},\"inLanguage\":\"en-US\",\"potentialAction\":[{\"@type\":\"ReadAction\",\"target\":[\"http:\\\/\\\/www.edel.fr\\\/en\\\/product\\\/alternateur-david-brownford-new-hollandlandinimanitoumassey-fergusonrenault-claas-volt-ampere-14-55volt-ampere-14-55-tendeurs-gauchemoteur-bd-154moteur-perkins\\\/\"]}]},{\"@type\":\"ImageObject\",\"inLanguage\":\"en-US\",\"@id\":\"http:\\\/\\\/www.edel.fr\\\/en\\\/product\\\/alternateur-david-brownford-new-hollandlandinimanitoumassey-fergusonrenault-claas-volt-ampere-14-55volt-ampere-14-55-tendeurs-gauchemoteur-bd-154moteur-perkins\\\/#primaryimage\",\"url\":\"http:\\\/\\\/www.edel.fr\\\/uploads\\\/2019\\\/03\\\/A09.jpg\",\"contentUrl\":\"http:\\\/\\\/www.edel.fr\\\/uploads\\\/2019\\\/03\\\/A09.jpg\",\"width\":1920,\"height\":1279},{\"@type\":\"BreadcrumbList\",\"@id\":\"http:\\\/\\\/www.edel.fr\\\/en\\\/product\\\/alternateur-david-brownford-new-hollandlandinimanitoumassey-fergusonrenault-claas-volt-ampere-14-55volt-ampere-14-55-tendeurs-gauchemoteur-bd-154moteur-perkins\\\/#breadcrumb\",\"itemListElement\":[{\"@type\":\"ListItem\",\"position\":1,\"name\":\"Pi\u00e8ce Tracteur\",\"item\":\"https:\\\/\\\/www.edel.fr\\\/en\\\/\"},{\"@type\":\"ListItem\",\"position\":2,\"name\":\"Toutes nos pi\u00e8ces Tracteur\",\"item\":\"https:\\\/\\\/edel.fr\\\/shop\\\/\"},{\"@type\":\"ListItem\",\"position\":3,\"name\":\"Alternateur &#8211; David Brown,Ford New Holland,Landini,Manitou,Massey Ferguson,Renault Claas &#8211; Volt\\\/Amp\u00e8re 14\\\/55,Volt\\\/Amp\u00e8re 14\\\/55 Tendeurs gauche,Moteur BD 154,Moteur Perkins\"}]},{\"@type\":\"WebSite\",\"@id\":\"https:\\\/\\\/www.edel.fr\\\/en\\\/#website\",\"url\":\"https:\\\/\\\/www.edel.fr\\\/en\\\/\",\"name\":\"Edel\",\"description\":\"Pi\u00e8ce d\u00e9tach\u00e9e de Tracteur Agricole\",\"publisher\":{\"@id\":\"https:\\\/\\\/www.edel.fr\\\/en\\\/#organization\"},\"potentialAction\":[{\"@type\":\"SearchAction\",\"target\":{\"@type\":\"EntryPoint\",\"urlTemplate\":\"https:\\\/\\\/www.edel.fr\\\/en\\\/?s={search_term_string}\"},\"query-input\":{\"@type\":\"PropertyValueSpecification\",\"valueRequired\":true,\"valueName\":\"search_term_string\"}}],\"inLanguage\":\"en-US\"},{\"@type\":\"Organization\",\"@id\":\"https:\\\/\\\/www.edel.fr\\\/en\\\/#organization\",\"name\":\"Edel\",\"url\":\"https:\\\/\\\/www.edel.fr\\\/en\\\/\",\"logo\":{\"@type\":\"ImageObject\",\"inLanguage\":\"en-US\",\"@id\":\"https:\\\/\\\/www.edel.fr\\\/en\\\/#\\\/schema\\\/logo\\\/image\\\/\",\"url\":\"https:\\\/\\\/www.edel.fr\\\/uploads\\\/2018\\\/11\\\/logo-edel.png\",\"contentUrl\":\"https:\\\/\\\/www.edel.fr\\\/uploads\\\/2018\\\/11\\\/logo-edel.png\",\"width\":257,\"height\":68,\"caption\":\"Edel\"},\"image\":{\"@id\":\"https:\\\/\\\/www.edel.fr\\\/en\\\/#\\\/schema\\\/logo\\\/image\\\/\"}}]}<\/script>\n<!-- \/ Yoast SEO plugin. -->","yoast_head_json":{"title":"Alternateur - David Brown,Ford New Holland,Landini,Manitou,Massey Ferguson,Renault Claas - Volt\/Amp\u00e8re 14\/55,Volt\/Amp\u00e8re 14\/55 Tendeurs gauche,Moteur BD 154,Moteur Perkins - Edel","robots":{"index":"index","follow":"follow","max-snippet":"max-snippet:-1","max-image-preview":"max-image-preview:large","max-video-preview":"max-video-preview:-1"},"canonical":"http:\/\/www.edel.fr\/en\/product\/alternateur-david-brownford-new-hollandlandinimanitoumassey-fergusonrenault-claas-volt-ampere-14-55volt-ampere-14-55-tendeurs-gauchemoteur-bd-154moteur-perkins\/","og_locale":"en_US","og_type":"article","og_title":"Alternateur - David Brown,Ford New Holland,Landini,Manitou,Massey Ferguson,Renault Claas - Volt\/Amp\u00e8re 14\/55,Volt\/Amp\u00e8re 14\/55 Tendeurs gauche,Moteur BD 154,Moteur Perkins - Edel","og_description":"Votre alternateur g\u00e9n\u00e8re de l\u2019\u00e9nergie \u00e9lectrique\u00a0en convertissant l&rsquo;\u00e9nergie cin\u00e9tique transmise par le fonctionnement du moteur en \u00e9lectricit\u00e9 utilisable par la batterie. Cette \u00e9nergie est stock\u00e9e par la batterie et consomm\u00e9e par les diff\u00e9rents organes \u00e9lectriques et \u00e9lectroniques. Nous vous proposons une pi\u00e8ce de marque Mahle \/ Letrika reconnue pour sa fiabilit\u00e9.","og_url":"http:\/\/www.edel.fr\/en\/product\/alternateur-david-brownford-new-hollandlandinimanitoumassey-fergusonrenault-claas-volt-ampere-14-55volt-ampere-14-55-tendeurs-gauchemoteur-bd-154moteur-perkins\/","og_site_name":"Edel","article_modified_time":"2026-02-27T18:54:50+00:00","og_image":[{"width":1920,"height":1279,"url":"http:\/\/www.edel.fr\/uploads\/2019\/03\/A09.jpg","type":"image\/jpeg"}],"twitter_card":"summary_large_image","twitter_misc":{"Est. reading time":"1 minute"},"schema":{"@context":"https:\/\/schema.org","@graph":[{"@type":"WebPage","@id":"http:\/\/www.edel.fr\/en\/product\/alternateur-david-brownford-new-hollandlandinimanitoumassey-fergusonrenault-claas-volt-ampere-14-55volt-ampere-14-55-tendeurs-gauchemoteur-bd-154moteur-perkins\/","url":"http:\/\/www.edel.fr\/en\/product\/alternateur-david-brownford-new-hollandlandinimanitoumassey-fergusonrenault-claas-volt-ampere-14-55volt-ampere-14-55-tendeurs-gauchemoteur-bd-154moteur-perkins\/","name":"Alternateur - David Brown,Ford New Holland,Landini,Manitou,Massey Ferguson,Renault Claas - Volt\/Amp\u00e8re 14\/55,Volt\/Amp\u00e8re 14\/55 Tendeurs gauche,Moteur BD 154,Moteur Perkins - Edel","isPartOf":{"@id":"https:\/\/www.edel.fr\/en\/#website"},"primaryImageOfPage":{"@id":"http:\/\/www.edel.fr\/en\/product\/alternateur-david-brownford-new-hollandlandinimanitoumassey-fergusonrenault-claas-volt-ampere-14-55volt-ampere-14-55-tendeurs-gauchemoteur-bd-154moteur-perkins\/#primaryimage"},"image":{"@id":"http:\/\/www.edel.fr\/en\/product\/alternateur-david-brownford-new-hollandlandinimanitoumassey-fergusonrenault-claas-volt-ampere-14-55volt-ampere-14-55-tendeurs-gauchemoteur-bd-154moteur-perkins\/#primaryimage"},"thumbnailUrl":"http:\/\/www.edel.fr\/uploads\/2019\/03\/A09.jpg","datePublished":"2019-03-11T08:24:02+00:00","dateModified":"2026-02-27T18:54:50+00:00","breadcrumb":{"@id":"http:\/\/www.edel.fr\/en\/product\/alternateur-david-brownford-new-hollandlandinimanitoumassey-fergusonrenault-claas-volt-ampere-14-55volt-ampere-14-55-tendeurs-gauchemoteur-bd-154moteur-perkins\/#breadcrumb"},"inLanguage":"en-US","potentialAction":[{"@type":"ReadAction","target":["http:\/\/www.edel.fr\/en\/product\/alternateur-david-brownford-new-hollandlandinimanitoumassey-fergusonrenault-claas-volt-ampere-14-55volt-ampere-14-55-tendeurs-gauchemoteur-bd-154moteur-perkins\/"]}]},{"@type":"ImageObject","inLanguage":"en-US","@id":"http:\/\/www.edel.fr\/en\/product\/alternateur-david-brownford-new-hollandlandinimanitoumassey-fergusonrenault-claas-volt-ampere-14-55volt-ampere-14-55-tendeurs-gauchemoteur-bd-154moteur-perkins\/#primaryimage","url":"http:\/\/www.edel.fr\/uploads\/2019\/03\/A09.jpg","contentUrl":"http:\/\/www.edel.fr\/uploads\/2019\/03\/A09.jpg","width":1920,"height":1279},{"@type":"BreadcrumbList","@id":"http:\/\/www.edel.fr\/en\/product\/alternateur-david-brownford-new-hollandlandinimanitoumassey-fergusonrenault-claas-volt-ampere-14-55volt-ampere-14-55-tendeurs-gauchemoteur-bd-154moteur-perkins\/#breadcrumb","itemListElement":[{"@type":"ListItem","position":1,"name":"Pi\u00e8ce Tracteur","item":"https:\/\/www.edel.fr\/en\/"},{"@type":"ListItem","position":2,"name":"Toutes nos pi\u00e8ces Tracteur","item":"https:\/\/edel.fr\/shop\/"},{"@type":"ListItem","position":3,"name":"Alternateur &#8211; David Brown,Ford New Holland,Landini,Manitou,Massey Ferguson,Renault Claas &#8211; Volt\/Amp\u00e8re 14\/55,Volt\/Amp\u00e8re 14\/55 Tendeurs gauche,Moteur BD 154,Moteur Perkins"}]},{"@type":"WebSite","@id":"https:\/\/www.edel.fr\/en\/#website","url":"https:\/\/www.edel.fr\/en\/","name":"Edel","description":"Pi\u00e8ce d\u00e9tach\u00e9e de Tracteur Agricole","publisher":{"@id":"https:\/\/www.edel.fr\/en\/#organization"},"potentialAction":[{"@type":"SearchAction","target":{"@type":"EntryPoint","urlTemplate":"https:\/\/www.edel.fr\/en\/?s={search_term_string}"},"query-input":{"@type":"PropertyValueSpecification","valueRequired":true,"valueName":"search_term_string"}}],"inLanguage":"en-US"},{"@type":"Organization","@id":"https:\/\/www.edel.fr\/en\/#organization","name":"Edel","url":"https:\/\/www.edel.fr\/en\/","logo":{"@type":"ImageObject","inLanguage":"en-US","@id":"https:\/\/www.edel.fr\/en\/#\/schema\/logo\/image\/","url":"https:\/\/www.edel.fr\/uploads\/2018\/11\/logo-edel.png","contentUrl":"https:\/\/www.edel.fr\/uploads\/2018\/11\/logo-edel.png","width":257,"height":68,"caption":"Edel"},"image":{"@id":"https:\/\/www.edel.fr\/en\/#\/schema\/logo\/image\/"}}]}},"_links":{"self":[{"href":"http:\/\/www.edel.fr\/en\/wp-json\/wp\/v2\/product\/5850","targetHints":{"allow":["GET"]}}],"collection":[{"href":"http:\/\/www.edel.fr\/en\/wp-json\/wp\/v2\/product"}],"about":[{"href":"http:\/\/www.edel.fr\/en\/wp-json\/wp\/v2\/types\/product"}],"version-history":[{"count":1,"href":"http:\/\/www.edel.fr\/en\/wp-json\/wp\/v2\/product\/5850\/revisions"}],"predecessor-version":[{"id":6080,"href":"http:\/\/www.edel.fr\/en\/wp-json\/wp\/v2\/product\/5850\/revisions\/6080"}],"wp:featuredmedia":[{"embeddable":true,"href":"http:\/\/www.edel.fr\/en\/wp-json\/wp\/v2\/media\/5593"}],"wp:attachment":[{"href":"http:\/\/www.edel.fr\/en\/wp-json\/wp\/v2\/media?parent=5850"}],"wp:term":[{"taxonomy":"product_brand","embeddable":true,"href":"http:\/\/www.edel.fr\/en\/wp-json\/wp\/v2\/product_brand?post=5850"},{"taxonomy":"product_cat","embeddable":true,"href":"http:\/\/www.edel.fr\/en\/wp-json\/wp\/v2\/product_cat?post=5850"},{"taxonomy":"product_tag","embeddable":true,"href":"http:\/\/www.edel.fr\/en\/wp-json\/wp\/v2\/product_tag?post=5850"},{"taxonomy":"tracteur","embeddable":true,"href":"http:\/\/www.edel.fr\/en\/wp-json\/wp\/v2\/tracteur?post=5850"}],"curies":[{"name":"wp","href":"https:\/\/api.w.org\/{rel}","templated":true}]}}