{"id":5847,"date":"2019-03-11T09:24:02","date_gmt":"2019-03-11T08:24:02","guid":{"rendered":"http:\/\/edel.stephanie.ct.webcd.lan\/shop\/alternateur-case-ihzetor-volt-ampere-14-55\/"},"modified":"2026-02-04T02:00:45","modified_gmt":"2026-02-04T01:00:45","slug":"alternateur-case-ihzetor-volt-ampere-14-55","status":"publish","type":"product","link":"http:\/\/www.edel.fr\/en\/product\/alternateur-case-ihzetor-volt-ampere-14-55\/","title":{"rendered":"Alternateur Case Ih &#8211; Zetor | 14 Volt \/ 55 Amp\u00e8re"},"content":{"rendered":"<div data-elementor-type=\"wp-post\" data-elementor-id=\"5847\" class=\"elementor elementor-5847\">\n\t\t\t\t\t\t<section class=\"elementor-section elementor-top-section elementor-element elementor-element-572b362f elementor-section-boxed elementor-section-height-default elementor-section-height-default\" data-id=\"572b362f\" data-element_type=\"section\" data-e-type=\"section\">\n\t\t\t\t\t\t<div class=\"elementor-container elementor-column-gap-default\">\n\t\t\t\t\t<div class=\"elementor-column elementor-col-100 elementor-top-column elementor-element elementor-element-9290502\" data-id=\"9290502\" data-element_type=\"column\" data-e-type=\"column\">\n\t\t\t<div class=\"elementor-widget-wrap elementor-element-populated\">\n\t\t\t\t\t\t<div class=\"elementor-element elementor-element-228c4601 elementor-widget elementor-widget-heading\" data-id=\"228c4601\" data-element_type=\"widget\" data-e-type=\"widget\" data-widget_type=\"heading.default\">\n\t\t\t\t<div class=\"elementor-widget-container\">\n\t\t\t\t\t<h2 class=\"elementor-heading-title elementor-size-default\">Alternateur Case Ih - Zetor | 14 Volt \/ 55 Amp\u00e8re<\/h2>\t\t\t\t<\/div>\n\t\t\t\t<\/div>\n\t\t\t\t<div class=\"elementor-element elementor-element-44586b8f elementor-widget elementor-widget-heading\" data-id=\"44586b8f\" data-element_type=\"widget\" data-e-type=\"widget\" data-widget_type=\"heading.default\">\n\t\t\t\t<div class=\"elementor-widget-container\">\n\t\t\t\t\t<h3 class=\"elementor-heading-title elementor-size-default\">Information du produit :<\/h3>\t\t\t\t<\/div>\n\t\t\t\t<\/div>\n\t\t\t\t\t<\/div>\n\t\t<\/div>\n\t\t\t\t\t<\/div>\n\t\t<\/section>\n\t\t\t\t<section class=\"elementor-section elementor-top-section elementor-element elementor-element-3f018a18 elementor-section-boxed elementor-section-height-default elementor-section-height-default\" data-id=\"3f018a18\" data-element_type=\"section\" data-e-type=\"section\">\n\t\t\t\t\t\t<div class=\"elementor-container elementor-column-gap-default\">\n\t\t\t\t\t<div class=\"elementor-column elementor-col-100 elementor-top-column elementor-element elementor-element-64ac8435\" data-id=\"64ac8435\" data-element_type=\"column\" data-e-type=\"column\">\n\t\t\t<div class=\"elementor-widget-wrap elementor-element-populated\">\n\t\t\t\t\t\t<div class=\"elementor-element elementor-element-6595db34 elementor-widget elementor-widget-text-editor\" data-id=\"6595db34\" data-element_type=\"widget\" data-e-type=\"widget\" data-widget_type=\"text-editor.default\">\n\t\t\t\t<div class=\"elementor-widget-container\">\n\t\t\t\t\t\t\t\t\t<p>Votre alternateur g\u00e9n\u00e8re de l\u2019\u00e9nergie \u00e9lectrique en convertissant l&rsquo;\u00e9nergie cin\u00e9tique. Cette \u00e9nergie est stock\u00e9e par la batterie et consomm\u00e9e par les diff\u00e9rents organes \u00e9lectriques et \u00e9lectroniques.<\/p><p>C&rsquo;est pourquoi nous vous proposons une pi\u00e8ce de marque <a href=\"https:\/\/www.edel.fr\/en\/constructeur\/mahle\/\">Mahle<\/a> \/ <a href=\"https:\/\/www.edel.fr\/en\/constructeur\/letrika\/\">Letrika<\/a> reconnue pour sa fiabilit\u00e9.<\/p><p>Alternateur Case Ih, Zetor : 1055, 1056, 1455, 5011, 5911, 6245, 6945, 7045, 7245, 7718, 8011, 8145, 856, 955, 956.<\/p><p><strong>R\u00e9f\u00e9rences du constructeur :<\/strong><\/p><p>AGCO : C000900010050<\/p><p>BMW : 12 31 1 352 708<\/p><p>BOSCH : 0120489533, 0120489534, 0986031070.<\/p><p>CLAAS : 6005719494<\/p><p>LESTER : 13101, 13113, 22208.<\/p><p>LUCAS : LRA00812<\/p><p>MAGNETI MARELLI : MAR 482<\/p><p>MOTOROLA : 9 AR 2984, 9 AR 5037 L.<\/p><p>VALEO : 432 872, 436 130, VA 138.<\/p><p>Edel vous propose \u00e9galement une large gamme d&rsquo;alternateurs et d\u00e9marreurs pour des applications sp\u00e9cifiques, et de diff\u00e9rentes marques.<\/p><p>Donc, pour plus de renseignements, n&rsquo;h\u00e9sitez pas \u00e0 nous consulter !<\/p>\t\t\t\t\t\t\t\t<\/div>\n\t\t\t\t<\/div>\n\t\t\t\t\t<\/div>\n\t\t<\/div>\n\t\t\t\t\t<\/div>\n\t\t<\/section>\n\t\t\t\t<\/div>","protected":false},"excerpt":{"rendered":"<p>Alternateur Case Ih &#8211; Zetor | 14 Volt \/ 55 Amp\u00e8re Information du produit : Votre alternateur g\u00e9n\u00e8re de l\u2019\u00e9nergie \u00e9lectrique en convertissant l&rsquo;\u00e9nergie cin\u00e9tique. Cette \u00e9nergie est stock\u00e9e par la batterie et consomm\u00e9e par les diff\u00e9rents organes \u00e9lectriques et \u00e9lectroniques. C&rsquo;est pourquoi nous vous proposons une pi\u00e8ce de marque Mahle \/ Letrika reconnue pour<br \/><a class=\"more-link\" href=\"http:\/\/www.edel.fr\/en\/product\/alternateur-case-ihzetor-volt-ampere-14-55\/\"><br \/>\n        Read More<span class=\"screen-reader-text\"> \u00ab\u00a0Alternateur Case Ih &#8211; Zetor | 14 Volt \/ 55 Amp\u00e8re\u00a0\u00bb<\/span><\/a><\/p>","protected":false},"featured_media":5590,"template":"","meta":[],"product_brand":[],"product_cat":[4016,164,4036,154,119],"product_tag":[2459,180],"tracteur":[],"class_list":{"0":"post-5847","1":"product","2":"type-product","3":"status-publish","4":"has-post-thumbnail","6":"product_cat-alternateur-case-ih","7":"product_cat-alternateurs","8":"product_cat-alternateur-zetor","9":"product_cat-electricite","10":"product_cat-tracteurs-agricoles","11":"product_tag-alternateurs","12":"product_tag-electricite","13":"product_shipping_class-142","14":"pa_fabriquant-mahle","15":"pa_marque-tracteur-case-ih","16":"pa_marque-tracteur-zetor","17":"pa_type-2-1267","18":"pa_type-2-1163","19":"pa_type-2-1266","20":"pa_type-2-1255","21":"pa_type-2-1256","22":"pa_type-2-1257","23":"pa_type-2-1258","24":"pa_type-2-1259","25":"pa_type-2-1260","26":"pa_type-2-1261","27":"pa_type-2-1262","28":"pa_type-2-1263","29":"pa_type-2-1264","30":"pa_type-2-1173","31":"pa_type-2-1265","32":"badges-style-2","34":"first","35":"instock","36":"taxable","37":"shipping-taxable","38":"purchasable","39":"product-type-simple"},"acf":[],"yoast_head":"<!-- This site is optimized with the Yoast SEO plugin v27.3 - https:\/\/yoast.com\/product\/yoast-seo-wordpress\/ -->\n<title>Alternateur Case Ih - Zetor | 14 Volt \/ 55 Amp\u00e8re - Edel<\/title>\n<meta name=\"description\" content=\"Alternateur Case Ih - Zetor | 14 Volt \/ 55 Amp\u00e8re | 1055 1056 1455 5011 5911 6245 6945 7045 7245 7718 8011 8145 856 955 956\" \/>\n<meta name=\"robots\" content=\"index, follow, max-snippet:-1, max-image-preview:large, max-video-preview:-1\" \/>\n<link rel=\"canonical\" href=\"http:\/\/edel.fr\/produit\/alternateur-case-ihzetor-volt-ampere-14-55\/\" \/>\n<meta property=\"og:locale\" content=\"en_US\" \/>\n<meta property=\"og:type\" content=\"article\" \/>\n<meta property=\"og:title\" content=\"Alternateur Case Ih - Zetor | 14 Volt \/ 55 Amp\u00e8re - Edel\" \/>\n<meta property=\"og:description\" content=\"Alternateur Case Ih - Zetor | 14 Volt \/ 55 Amp\u00e8re | 1055 1056 1455 5011 5911 6245 6945 7045 7245 7718 8011 8145 856 955 956\" \/>\n<meta property=\"og:url\" content=\"http:\/\/edel.fr\/produit\/alternateur-case-ihzetor-volt-ampere-14-55\/\" \/>\n<meta property=\"og:site_name\" content=\"Edel\" \/>\n<meta property=\"article:modified_time\" content=\"2026-02-04T01:00:45+00:00\" \/>\n<meta property=\"og:image\" content=\"http:\/\/edel.fr\/uploads\/2019\/03\/A06.jpg\" \/>\n\t<meta property=\"og:image:width\" content=\"1920\" \/>\n\t<meta property=\"og:image:height\" content=\"1239\" \/>\n\t<meta property=\"og:image:type\" content=\"image\/jpeg\" \/>\n<meta name=\"twitter:card\" content=\"summary_large_image\" \/>\n<meta name=\"twitter:label1\" content=\"Est. reading time\" \/>\n\t<meta name=\"twitter:data1\" content=\"1 minute\" \/>\n<script type=\"application\/ld+json\" class=\"yoast-schema-graph\">{\"@context\":\"https:\\\/\\\/schema.org\",\"@graph\":[{\"@type\":\"WebPage\",\"@id\":\"http:\\\/\\\/edel.fr\\\/produit\\\/alternateur-case-ihzetor-volt-ampere-14-55\\\/\",\"url\":\"http:\\\/\\\/edel.fr\\\/produit\\\/alternateur-case-ihzetor-volt-ampere-14-55\\\/\",\"name\":\"Alternateur Case Ih - Zetor | 14 Volt \\\/ 55 Amp\u00e8re - Edel\",\"isPartOf\":{\"@id\":\"https:\\\/\\\/www.edel.fr\\\/en\\\/#website\"},\"primaryImageOfPage\":{\"@id\":\"http:\\\/\\\/edel.fr\\\/produit\\\/alternateur-case-ihzetor-volt-ampere-14-55\\\/#primaryimage\"},\"image\":{\"@id\":\"http:\\\/\\\/edel.fr\\\/produit\\\/alternateur-case-ihzetor-volt-ampere-14-55\\\/#primaryimage\"},\"thumbnailUrl\":\"http:\\\/\\\/www.edel.fr\\\/uploads\\\/2019\\\/03\\\/A06.jpg\",\"datePublished\":\"2019-03-11T08:24:02+00:00\",\"dateModified\":\"2026-02-04T01:00:45+00:00\",\"description\":\"Alternateur Case Ih - Zetor | 14 Volt \\\/ 55 Amp\u00e8re | 1055 1056 1455 5011 5911 6245 6945 7045 7245 7718 8011 8145 856 955 956\",\"breadcrumb\":{\"@id\":\"http:\\\/\\\/edel.fr\\\/produit\\\/alternateur-case-ihzetor-volt-ampere-14-55\\\/#breadcrumb\"},\"inLanguage\":\"en-US\",\"potentialAction\":[{\"@type\":\"ReadAction\",\"target\":[\"http:\\\/\\\/edel.fr\\\/produit\\\/alternateur-case-ihzetor-volt-ampere-14-55\\\/\"]}]},{\"@type\":\"ImageObject\",\"inLanguage\":\"en-US\",\"@id\":\"http:\\\/\\\/edel.fr\\\/produit\\\/alternateur-case-ihzetor-volt-ampere-14-55\\\/#primaryimage\",\"url\":\"http:\\\/\\\/www.edel.fr\\\/uploads\\\/2019\\\/03\\\/A06.jpg\",\"contentUrl\":\"http:\\\/\\\/www.edel.fr\\\/uploads\\\/2019\\\/03\\\/A06.jpg\",\"width\":1920,\"height\":1239,\"caption\":\"Alternateur Case Ih \\\/ Zetor - 14 Volt \\\/ 55 Amp\u00e8re\"},{\"@type\":\"BreadcrumbList\",\"@id\":\"http:\\\/\\\/edel.fr\\\/produit\\\/alternateur-case-ihzetor-volt-ampere-14-55\\\/#breadcrumb\",\"itemListElement\":[{\"@type\":\"ListItem\",\"position\":1,\"name\":\"Pi\u00e8ce Tracteur\",\"item\":\"https:\\\/\\\/www.edel.fr\\\/en\\\/\"},{\"@type\":\"ListItem\",\"position\":2,\"name\":\"Toutes nos pi\u00e8ces Tracteur\",\"item\":\"https:\\\/\\\/edel.fr\\\/shop\\\/\"},{\"@type\":\"ListItem\",\"position\":3,\"name\":\"Alternateur Case Ih &#8211; Zetor | 14 Volt \\\/ 55 Amp\u00e8re\"}]},{\"@type\":\"WebSite\",\"@id\":\"https:\\\/\\\/www.edel.fr\\\/en\\\/#website\",\"url\":\"https:\\\/\\\/www.edel.fr\\\/en\\\/\",\"name\":\"Edel\",\"description\":\"Pi\u00e8ce d\u00e9tach\u00e9e de Tracteur Agricole\",\"publisher\":{\"@id\":\"https:\\\/\\\/www.edel.fr\\\/en\\\/#organization\"},\"potentialAction\":[{\"@type\":\"SearchAction\",\"target\":{\"@type\":\"EntryPoint\",\"urlTemplate\":\"https:\\\/\\\/www.edel.fr\\\/en\\\/?s={search_term_string}\"},\"query-input\":{\"@type\":\"PropertyValueSpecification\",\"valueRequired\":true,\"valueName\":\"search_term_string\"}}],\"inLanguage\":\"en-US\"},{\"@type\":\"Organization\",\"@id\":\"https:\\\/\\\/www.edel.fr\\\/en\\\/#organization\",\"name\":\"Edel\",\"url\":\"https:\\\/\\\/www.edel.fr\\\/en\\\/\",\"logo\":{\"@type\":\"ImageObject\",\"inLanguage\":\"en-US\",\"@id\":\"https:\\\/\\\/www.edel.fr\\\/en\\\/#\\\/schema\\\/logo\\\/image\\\/\",\"url\":\"https:\\\/\\\/www.edel.fr\\\/uploads\\\/2018\\\/11\\\/logo-edel.png\",\"contentUrl\":\"https:\\\/\\\/www.edel.fr\\\/uploads\\\/2018\\\/11\\\/logo-edel.png\",\"width\":257,\"height\":68,\"caption\":\"Edel\"},\"image\":{\"@id\":\"https:\\\/\\\/www.edel.fr\\\/en\\\/#\\\/schema\\\/logo\\\/image\\\/\"}}]}<\/script>\n<!-- \/ Yoast SEO plugin. -->","yoast_head_json":{"title":"Alternateur Case Ih - Zetor | 14 Volt \/ 55 Amp\u00e8re - Edel","description":"Alternateur Case Ih - Zetor | 14 Volt \/ 55 Amp\u00e8re | 1055 1056 1455 5011 5911 6245 6945 7045 7245 7718 8011 8145 856 955 956","robots":{"index":"index","follow":"follow","max-snippet":"max-snippet:-1","max-image-preview":"max-image-preview:large","max-video-preview":"max-video-preview:-1"},"canonical":"http:\/\/edel.fr\/produit\/alternateur-case-ihzetor-volt-ampere-14-55\/","og_locale":"en_US","og_type":"article","og_title":"Alternateur Case Ih - Zetor | 14 Volt \/ 55 Amp\u00e8re - Edel","og_description":"Alternateur Case Ih - Zetor | 14 Volt \/ 55 Amp\u00e8re | 1055 1056 1455 5011 5911 6245 6945 7045 7245 7718 8011 8145 856 955 956","og_url":"http:\/\/edel.fr\/produit\/alternateur-case-ihzetor-volt-ampere-14-55\/","og_site_name":"Edel","article_modified_time":"2026-02-04T01:00:45+00:00","og_image":[{"width":1920,"height":1239,"url":"http:\/\/edel.fr\/uploads\/2019\/03\/A06.jpg","type":"image\/jpeg"}],"twitter_card":"summary_large_image","twitter_misc":{"Est. reading time":"1 minute"},"schema":{"@context":"https:\/\/schema.org","@graph":[{"@type":"WebPage","@id":"http:\/\/edel.fr\/produit\/alternateur-case-ihzetor-volt-ampere-14-55\/","url":"http:\/\/edel.fr\/produit\/alternateur-case-ihzetor-volt-ampere-14-55\/","name":"Alternateur Case Ih - Zetor | 14 Volt \/ 55 Amp\u00e8re - Edel","isPartOf":{"@id":"https:\/\/www.edel.fr\/en\/#website"},"primaryImageOfPage":{"@id":"http:\/\/edel.fr\/produit\/alternateur-case-ihzetor-volt-ampere-14-55\/#primaryimage"},"image":{"@id":"http:\/\/edel.fr\/produit\/alternateur-case-ihzetor-volt-ampere-14-55\/#primaryimage"},"thumbnailUrl":"http:\/\/www.edel.fr\/uploads\/2019\/03\/A06.jpg","datePublished":"2019-03-11T08:24:02+00:00","dateModified":"2026-02-04T01:00:45+00:00","description":"Alternateur Case Ih - Zetor | 14 Volt \/ 55 Amp\u00e8re | 1055 1056 1455 5011 5911 6245 6945 7045 7245 7718 8011 8145 856 955 956","breadcrumb":{"@id":"http:\/\/edel.fr\/produit\/alternateur-case-ihzetor-volt-ampere-14-55\/#breadcrumb"},"inLanguage":"en-US","potentialAction":[{"@type":"ReadAction","target":["http:\/\/edel.fr\/produit\/alternateur-case-ihzetor-volt-ampere-14-55\/"]}]},{"@type":"ImageObject","inLanguage":"en-US","@id":"http:\/\/edel.fr\/produit\/alternateur-case-ihzetor-volt-ampere-14-55\/#primaryimage","url":"http:\/\/www.edel.fr\/uploads\/2019\/03\/A06.jpg","contentUrl":"http:\/\/www.edel.fr\/uploads\/2019\/03\/A06.jpg","width":1920,"height":1239,"caption":"Alternateur Case Ih \/ Zetor - 14 Volt \/ 55 Amp\u00e8re"},{"@type":"BreadcrumbList","@id":"http:\/\/edel.fr\/produit\/alternateur-case-ihzetor-volt-ampere-14-55\/#breadcrumb","itemListElement":[{"@type":"ListItem","position":1,"name":"Pi\u00e8ce Tracteur","item":"https:\/\/www.edel.fr\/en\/"},{"@type":"ListItem","position":2,"name":"Toutes nos pi\u00e8ces Tracteur","item":"https:\/\/edel.fr\/shop\/"},{"@type":"ListItem","position":3,"name":"Alternateur Case Ih &#8211; Zetor | 14 Volt \/ 55 Amp\u00e8re"}]},{"@type":"WebSite","@id":"https:\/\/www.edel.fr\/en\/#website","url":"https:\/\/www.edel.fr\/en\/","name":"Edel","description":"Pi\u00e8ce d\u00e9tach\u00e9e de Tracteur Agricole","publisher":{"@id":"https:\/\/www.edel.fr\/en\/#organization"},"potentialAction":[{"@type":"SearchAction","target":{"@type":"EntryPoint","urlTemplate":"https:\/\/www.edel.fr\/en\/?s={search_term_string}"},"query-input":{"@type":"PropertyValueSpecification","valueRequired":true,"valueName":"search_term_string"}}],"inLanguage":"en-US"},{"@type":"Organization","@id":"https:\/\/www.edel.fr\/en\/#organization","name":"Edel","url":"https:\/\/www.edel.fr\/en\/","logo":{"@type":"ImageObject","inLanguage":"en-US","@id":"https:\/\/www.edel.fr\/en\/#\/schema\/logo\/image\/","url":"https:\/\/www.edel.fr\/uploads\/2018\/11\/logo-edel.png","contentUrl":"https:\/\/www.edel.fr\/uploads\/2018\/11\/logo-edel.png","width":257,"height":68,"caption":"Edel"},"image":{"@id":"https:\/\/www.edel.fr\/en\/#\/schema\/logo\/image\/"}}]}},"_links":{"self":[{"href":"http:\/\/www.edel.fr\/en\/wp-json\/wp\/v2\/product\/5847","targetHints":{"allow":["GET"]}}],"collection":[{"href":"http:\/\/www.edel.fr\/en\/wp-json\/wp\/v2\/product"}],"about":[{"href":"http:\/\/www.edel.fr\/en\/wp-json\/wp\/v2\/types\/product"}],"version-history":[{"count":2,"href":"http:\/\/www.edel.fr\/en\/wp-json\/wp\/v2\/product\/5847\/revisions"}],"predecessor-version":[{"id":15139,"href":"http:\/\/www.edel.fr\/en\/wp-json\/wp\/v2\/product\/5847\/revisions\/15139"}],"wp:featuredmedia":[{"embeddable":true,"href":"http:\/\/www.edel.fr\/en\/wp-json\/wp\/v2\/media\/5590"}],"wp:attachment":[{"href":"http:\/\/www.edel.fr\/en\/wp-json\/wp\/v2\/media?parent=5847"}],"wp:term":[{"taxonomy":"product_brand","embeddable":true,"href":"http:\/\/www.edel.fr\/en\/wp-json\/wp\/v2\/product_brand?post=5847"},{"taxonomy":"product_cat","embeddable":true,"href":"http:\/\/www.edel.fr\/en\/wp-json\/wp\/v2\/product_cat?post=5847"},{"taxonomy":"product_tag","embeddable":true,"href":"http:\/\/www.edel.fr\/en\/wp-json\/wp\/v2\/product_tag?post=5847"},{"taxonomy":"tracteur","embeddable":true,"href":"http:\/\/www.edel.fr\/en\/wp-json\/wp\/v2\/tracteur?post=5847"}],"curies":[{"name":"wp","href":"https:\/\/api.w.org\/{rel}","templated":true}]}}