{"id":5843,"date":"2019-03-04T18:29:48","date_gmt":"2019-03-04T17:29:48","guid":{"rendered":"http:\/\/edel.stephanie.ct.webcd.lan\/shop\/alternateur-case-ihdeutzfendtlsh-lamborghini-same-hurlimannrenault-claassteyrzetor-volt-ampere-14-33-tendeur-a-gauche\/"},"modified":"2026-03-27T02:00:53","modified_gmt":"2026-03-27T01:00:53","slug":"alternateur-case-ihdeutzfendtlsh-lamborghini-same-hurlimannrenault-claassteyrzetor-volt-ampere-14-33-tendeur-a-gauche","status":"publish","type":"product","link":"http:\/\/www.edel.fr\/en\/product\/alternateur-case-ihdeutzfendtlsh-lamborghini-same-hurlimannrenault-claassteyrzetor-volt-ampere-14-33-tendeur-a-gauche\/","title":{"rendered":"Alternateur Deutz &#8211; Case Ih, Fendt, LSH, Renault, Steyr&#8230; &#8211; 14V\/33A"},"content":{"rendered":"<div data-elementor-type=\"wp-post\" data-elementor-id=\"5843\" class=\"elementor elementor-5843\">\n\t\t\t\t\t\t<section class=\"elementor-section elementor-top-section elementor-element elementor-element-5b216899 elementor-section-boxed elementor-section-height-default elementor-section-height-default\" data-id=\"5b216899\" data-element_type=\"section\" data-e-type=\"section\">\n\t\t\t\t\t\t<div class=\"elementor-container elementor-column-gap-default\">\n\t\t\t\t\t<div class=\"elementor-column elementor-col-100 elementor-top-column elementor-element elementor-element-31d86234\" data-id=\"31d86234\" data-element_type=\"column\" data-e-type=\"column\">\n\t\t\t<div class=\"elementor-widget-wrap elementor-element-populated\">\n\t\t\t\t\t\t<div class=\"elementor-element elementor-element-52a91b45 elementor-widget elementor-widget-heading\" data-id=\"52a91b45\" data-element_type=\"widget\" data-e-type=\"widget\" data-widget_type=\"heading.default\">\n\t\t\t\t<div class=\"elementor-widget-container\">\n\t\t\t\t\t<h2 class=\"elementor-heading-title elementor-size-default\">Alternateur Case Ih, Deutz, Fendt, LSH, Renault, Steyr, Zetor - 14V\/33A, Tendeur \u00e0 gauche<\/h2>\t\t\t\t<\/div>\n\t\t\t\t<\/div>\n\t\t\t\t<div class=\"elementor-element elementor-element-7a7a6fd9 elementor-widget elementor-widget-heading\" data-id=\"7a7a6fd9\" data-element_type=\"widget\" data-e-type=\"widget\" data-widget_type=\"heading.default\">\n\t\t\t\t<div class=\"elementor-widget-container\">\n\t\t\t\t\t<h3 class=\"elementor-heading-title elementor-size-default\">Information du produit :<\/h3>\t\t\t\t<\/div>\n\t\t\t\t<\/div>\n\t\t\t\t\t<\/div>\n\t\t<\/div>\n\t\t\t\t\t<\/div>\n\t\t<\/section>\n\t\t\t\t<section class=\"elementor-section elementor-top-section elementor-element elementor-element-4e6afc64 elementor-section-boxed elementor-section-height-default elementor-section-height-default\" data-id=\"4e6afc64\" data-element_type=\"section\" data-e-type=\"section\">\n\t\t\t\t\t\t<div class=\"elementor-container elementor-column-gap-default\">\n\t\t\t\t\t<div class=\"elementor-column elementor-col-100 elementor-top-column elementor-element elementor-element-697815a8\" data-id=\"697815a8\" data-element_type=\"column\" data-e-type=\"column\">\n\t\t\t<div class=\"elementor-widget-wrap elementor-element-populated\">\n\t\t\t\t\t\t<div class=\"elementor-element elementor-element-82bf26 elementor-widget elementor-widget-text-editor\" data-id=\"82bf26\" data-element_type=\"widget\" data-e-type=\"widget\" data-widget_type=\"text-editor.default\">\n\t\t\t\t<div class=\"elementor-widget-container\">\n\t\t\t\t\t\t\t\t\t<p>Votre alternateur g\u00e9n\u00e8re de l\u2019\u00e9nergie \u00e9lectrique en convertissant l&rsquo;\u00e9nergie cin\u00e9tique du moteur. Cette \u00e9nergie est stock\u00e9e par la batterie et consomm\u00e9e par les diff\u00e9rents organes \u00e9lectriques et \u00e9lectroniques.<\/p><p>C&rsquo;est pourquoi nous vous proposons une pi\u00e8ce de marque <a href=\"https:\/\/www.edel.fr\/en\/constructeur\/mahle\/\">Mahle<\/a> \/ <a href=\"https:\/\/www.edel.fr\/en\/constructeur\/letrika\/\">Letrika<\/a> reconnue pour sa fiabilit\u00e9.<\/p><p>Alternateur Deutz, Case Ih, Fendt, LSH, Renault, Steyr, Zetor : 120, 204P, 4506, 451, 453, 4807, 481, 5011, 503, 5206, 5207, 523, 571, 581, 583, 5911, 6007, 603, 6206, 6207, 6245, 644, 6806, 6945, 7045, 7206, 7207, 724, 7245, 744, 745, 7718, 7807, 80, 8011, 804, 8075, 8110, 8145, 844, 845, 85, 90, 9083, 9115, 92, 975, DX110.<\/p><p><strong>R\u00e9f\u00e9rences du constructeur :<\/strong><\/p><p>AGCO : C830060011000<\/p><p>BOSCH : 0120300514, 0120300552, 0120339514, 0120339531, 0986030130, AL 901 X, AL 905 X.<\/p><p>CLAAS : 6005700084<\/p><p>DELCO REMY : DRA0130<\/p><p>DEUTZ AG (KHD) : 0116 3985, 0117 1617, 0117 7481.<\/p><p>DEUTZ DITER : 930310710026<\/p><p>FENDT : X 830 060 003 000, X 830 060 011.<\/p><p>HELLA : 8EL 725 942-001, 8EL 725 943-001, CA 76 IR.<\/p><p>JOHN DEERE : AZ23575<\/p><p>LESTER : 12290, 12298, 14948, 14949, 20296.<\/p><p>LUCAS : LRA00584, LRA00612, LRA00931.<\/p><p>MAGNETI MARELLI : MAR 874<\/p><p>MOTOROLA : 2518050, 9 AR 2799 G.<\/p><p>MWM-DIESEL : 6 0571 01 0 0109, 6 0571 01 0 0136.<\/p><p>NIKKO : 3138 942 R91, 3218 239 EX, 3218 239 R91.<\/p><p>PARIS-RHONE : A 11 R 4, A 12 R 57.<\/p><p>PRESTOLITE : 20130133<\/p><p>RENAULT : 60 00 100 325, 60 00 130 300, 60 05 003 146, 60 05 003 149, 60 05 003 763, 60 05 700 084, 77 00 004 148, 77 00 012 723, 77 00 665 435.<\/p><p>SPAREX : 359400<\/p><p>VALEO : 432 988, 433 476, 436 265, NA 049.<\/p><p>Edel vous propose \u00e9galement une large gamme d&rsquo;alternateurs et d\u00e9marreurs pour des applications sp\u00e9cifiques, et de diff\u00e9rentes marques.<\/p><p>Donc, pour plus de renseignements, n&rsquo;h\u00e9sitez pas \u00e0 nous consulter !<\/p>\t\t\t\t\t\t\t\t<\/div>\n\t\t\t\t<\/div>\n\t\t\t\t\t<\/div>\n\t\t<\/div>\n\t\t\t\t\t<\/div>\n\t\t<\/section>\n\t\t\t\t<\/div>","protected":false},"excerpt":{"rendered":"<p>Alternateur Case Ih, Deutz, Fendt, LSH, Renault, Steyr, Zetor &#8211; 14V\/33A, Tendeur \u00e0 gauche Information du produit : Votre alternateur g\u00e9n\u00e8re de l\u2019\u00e9nergie \u00e9lectrique en convertissant l&rsquo;\u00e9nergie cin\u00e9tique du moteur. Cette \u00e9nergie est stock\u00e9e par la batterie et consomm\u00e9e par les diff\u00e9rents organes \u00e9lectriques et \u00e9lectroniques. C&rsquo;est pourquoi nous vous proposons une pi\u00e8ce de marque<br \/><a class=\"more-link\" href=\"http:\/\/www.edel.fr\/en\/product\/alternateur-case-ihdeutzfendtlsh-lamborghini-same-hurlimannrenault-claassteyrzetor-volt-ampere-14-33-tendeur-a-gauche\/\"><br \/>\n        Read More<span class=\"screen-reader-text\"> \u00ab\u00a0Alternateur Deutz &#8211; Case Ih, Fendt, LSH, Renault, Steyr&#8230; &#8211; 14V\/33A\u00a0\u00bb<\/span><\/a><\/p>","protected":false},"featured_media":5589,"template":"","meta":[],"product_brand":[],"product_cat":[4016,4023,4018,4024,4032,4033,164,4036,154,119],"product_tag":[2459,180],"tracteur":[],"class_list":{"0":"post-5843","1":"product","2":"type-product","3":"status-publish","4":"has-post-thumbnail","6":"product_cat-alternateur-case-ih","7":"product_cat-alternateur-deutz","8":"product_cat-alternateur-fendt","9":"product_cat-alternateur-lamborghini-same","10":"product_cat-alternateur-renault-claas","11":"product_cat-alternateur-steyr","12":"product_cat-alternateurs","13":"product_cat-alternateur-zetor","14":"product_cat-electricite","15":"product_cat-tracteurs-agricoles","16":"product_tag-alternateurs","17":"product_tag-electricite","18":"product_shipping_class-142","19":"pa_fabriquant-mahle","20":"pa_marque-tracteur-case-ih","21":"pa_marque-tracteur-fendt","22":"pa_marque-tracteur-khd-deutz","23":"pa_marque-tracteur-lsh","24":"pa_marque-tracteur-renault-claas","25":"pa_marque-tracteur-steyr","26":"pa_marque-tracteur-zetor","27":"pa_modele-tracteur-carraro","28":"pa_modele-tracteur-dx","29":"pa_modele-tracteur-gamme-44","30":"pa_modele-tracteur-tous-types","31":"pa_type-2-1237","32":"pa_type-2-204p","33":"pa_type-2-1225","34":"pa_type-2-1246","35":"pa_type-2-1218","36":"pa_type-2-1226","37":"pa_type-2-1247","38":"pa_type-2-1255","39":"pa_type-2-1243","40":"pa_type-2-1227","41":"pa_type-2-1228","42":"pa_type-2-1219","43":"pa_type-2-1248","44":"pa_type-2-1249","45":"pa_type-2-1154","46":"pa_type-2-1256","47":"pa_type-2-1229","48":"pa_type-2-1244","49":"pa_type-2-1230","50":"pa_type-2-1231","51":"pa_type-2-1257","52":"pa_type-2-1220","53":"pa_type-2-1232","54":"pa_type-2-1258","55":"pa_type-2-1259","56":"pa_type-2-1233","57":"pa_type-2-1234","58":"pa_type-2-1221","59":"pa_type-2-1260","60":"pa_type-2-1222","61":"pa_type-2-1223","62":"pa_type-2-1261","63":"pa_type-2-1235","64":"pa_type-2-1238","65":"pa_type-2-1262","66":"pa_type-2-1245","67":"pa_type-2-1251","68":"pa_type-2-1252","69":"pa_type-2-1263","70":"pa_type-2-1224","71":"pa_type-2-1162","72":"pa_type-2-1239","73":"pa_type-2-1240","74":"pa_type-2-1253","75":"pa_type-2-1254","76":"pa_type-2-1241","77":"pa_type-2-1250","78":"pa_type-2-dx110","79":"badges-style-2","81":"first","82":"instock","83":"taxable","84":"shipping-taxable","85":"purchasable","86":"product-type-simple"},"acf":[],"yoast_head":"<!-- This site is optimized with the Yoast SEO plugin v27.3 - https:\/\/yoast.com\/product\/yoast-seo-wordpress\/ -->\n<title>Alternateur Deutz - Case Ih, Fendt, LSH, Renault, Steyr... - 14V\/33A - Edel<\/title>\n<meta name=\"description\" content=\"Alternateur Deutz - Case Ih, Fendt, LSH, Renault, Steyr, Zetor - 14V\/33A - 120 204P 4506 481 5011 5206 581 5911 6007 603 644 6945 7206 7807 804 8110 90 9115\" \/>\n<meta name=\"robots\" content=\"index, follow, max-snippet:-1, max-image-preview:large, max-video-preview:-1\" \/>\n<link rel=\"canonical\" href=\"https:\/\/www.edel.fr\/en\/product\/alternateur-case-ihdeutzfendtlsh-lamborghini-same-hurlimannrenault-claassteyrzetor-volt-ampere-14-33-tendeur-a-gauche\/\" \/>\n<meta property=\"og:locale\" content=\"en_US\" \/>\n<meta property=\"og:type\" content=\"article\" \/>\n<meta property=\"og:title\" content=\"Alternateur Deutz - Case Ih, Fendt, LSH, Renault, Steyr... - 14V\/33A - Edel\" \/>\n<meta property=\"og:description\" content=\"Alternateur Deutz - Case Ih, Fendt, LSH, Renault, Steyr, Zetor - 14V\/33A - 120 204P 4506 481 5011 5206 581 5911 6007 603 644 6945 7206 7807 804 8110 90 9115\" \/>\n<meta property=\"og:url\" content=\"https:\/\/www.edel.fr\/en\/product\/alternateur-case-ihdeutzfendtlsh-lamborghini-same-hurlimannrenault-claassteyrzetor-volt-ampere-14-33-tendeur-a-gauche\/\" \/>\n<meta property=\"og:site_name\" content=\"Edel\" \/>\n<meta property=\"article:modified_time\" content=\"2026-03-27T01:00:53+00:00\" \/>\n<meta property=\"og:image\" content=\"https:\/\/www.edel.fr\/uploads\/2019\/03\/A05.jpg\" \/>\n\t<meta property=\"og:image:width\" content=\"1920\" \/>\n\t<meta property=\"og:image:height\" content=\"1250\" \/>\n\t<meta property=\"og:image:type\" content=\"image\/jpeg\" \/>\n<meta name=\"twitter:card\" content=\"summary_large_image\" \/>\n<meta name=\"twitter:label1\" content=\"Est. reading time\" \/>\n\t<meta name=\"twitter:data1\" content=\"2 minutes\" \/>\n<script type=\"application\/ld+json\" class=\"yoast-schema-graph\">{\"@context\":\"https:\\\/\\\/schema.org\",\"@graph\":[{\"@type\":\"WebPage\",\"@id\":\"https:\\\/\\\/www.edel.fr\\\/produit\\\/alternateur-case-ihdeutzfendtlsh-lamborghini-same-hurlimannrenault-claassteyrzetor-volt-ampere-14-33-tendeur-a-gauche\\\/\",\"url\":\"https:\\\/\\\/www.edel.fr\\\/produit\\\/alternateur-case-ihdeutzfendtlsh-lamborghini-same-hurlimannrenault-claassteyrzetor-volt-ampere-14-33-tendeur-a-gauche\\\/\",\"name\":\"Alternateur Deutz - Case Ih, Fendt, LSH, Renault, Steyr... - 14V\\\/33A - Edel\",\"isPartOf\":{\"@id\":\"https:\\\/\\\/www.edel.fr\\\/#website\"},\"primaryImageOfPage\":{\"@id\":\"https:\\\/\\\/www.edel.fr\\\/produit\\\/alternateur-case-ihdeutzfendtlsh-lamborghini-same-hurlimannrenault-claassteyrzetor-volt-ampere-14-33-tendeur-a-gauche\\\/#primaryimage\"},\"image\":{\"@id\":\"https:\\\/\\\/www.edel.fr\\\/produit\\\/alternateur-case-ihdeutzfendtlsh-lamborghini-same-hurlimannrenault-claassteyrzetor-volt-ampere-14-33-tendeur-a-gauche\\\/#primaryimage\"},\"thumbnailUrl\":\"http:\\\/\\\/www.edel.fr\\\/uploads\\\/2019\\\/03\\\/A05.jpg\",\"datePublished\":\"2019-03-04T17:29:48+00:00\",\"dateModified\":\"2026-03-27T01:00:53+00:00\",\"description\":\"Alternateur Deutz - Case Ih, Fendt, LSH, Renault, Steyr, Zetor - 14V\\\/33A - 120 204P 4506 481 5011 5206 581 5911 6007 603 644 6945 7206 7807 804 8110 90 9115\",\"breadcrumb\":{\"@id\":\"https:\\\/\\\/www.edel.fr\\\/produit\\\/alternateur-case-ihdeutzfendtlsh-lamborghini-same-hurlimannrenault-claassteyrzetor-volt-ampere-14-33-tendeur-a-gauche\\\/#breadcrumb\"},\"inLanguage\":\"en-US\",\"potentialAction\":[{\"@type\":\"ReadAction\",\"target\":[\"https:\\\/\\\/www.edel.fr\\\/produit\\\/alternateur-case-ihdeutzfendtlsh-lamborghini-same-hurlimannrenault-claassteyrzetor-volt-ampere-14-33-tendeur-a-gauche\\\/\"]}]},{\"@type\":\"ImageObject\",\"inLanguage\":\"en-US\",\"@id\":\"https:\\\/\\\/www.edel.fr\\\/produit\\\/alternateur-case-ihdeutzfendtlsh-lamborghini-same-hurlimannrenault-claassteyrzetor-volt-ampere-14-33-tendeur-a-gauche\\\/#primaryimage\",\"url\":\"http:\\\/\\\/www.edel.fr\\\/uploads\\\/2019\\\/03\\\/A05.jpg\",\"contentUrl\":\"http:\\\/\\\/www.edel.fr\\\/uploads\\\/2019\\\/03\\\/A05.jpg\",\"width\":1920,\"height\":1250,\"caption\":\"Alternateur Deutz - Case Ih, Fendt, LSH, Renault, Steyr... - 14V\\\/33A\"},{\"@type\":\"BreadcrumbList\",\"@id\":\"https:\\\/\\\/www.edel.fr\\\/produit\\\/alternateur-case-ihdeutzfendtlsh-lamborghini-same-hurlimannrenault-claassteyrzetor-volt-ampere-14-33-tendeur-a-gauche\\\/#breadcrumb\",\"itemListElement\":[{\"@type\":\"ListItem\",\"position\":1,\"name\":\"Pi\u00e8ce Tracteur\",\"item\":\"https:\\\/\\\/www.edel.fr\\\/\"},{\"@type\":\"ListItem\",\"position\":2,\"name\":\"Toutes nos pi\u00e8ces Tracteur\",\"item\":\"https:\\\/\\\/www.edel.fr\\\/en\\\/shop\\\/\"},{\"@type\":\"ListItem\",\"position\":3,\"name\":\"Alternateur Deutz &#8211; Case Ih, Fendt, LSH, Renault, Steyr&#8230; &#8211; 14V\\\/33A\"}]},{\"@type\":\"WebSite\",\"@id\":\"https:\\\/\\\/www.edel.fr\\\/#website\",\"url\":\"https:\\\/\\\/www.edel.fr\\\/\",\"name\":\"Edel\",\"description\":\"Pi\u00e8ce d\u00e9tach\u00e9e de Tracteur Agricole\",\"publisher\":{\"@id\":\"https:\\\/\\\/www.edel.fr\\\/#organization\"},\"potentialAction\":[{\"@type\":\"SearchAction\",\"target\":{\"@type\":\"EntryPoint\",\"urlTemplate\":\"https:\\\/\\\/www.edel.fr\\\/?s={search_term_string}\"},\"query-input\":{\"@type\":\"PropertyValueSpecification\",\"valueRequired\":true,\"valueName\":\"search_term_string\"}}],\"inLanguage\":\"en-US\"},{\"@type\":\"Organization\",\"@id\":\"https:\\\/\\\/www.edel.fr\\\/#organization\",\"name\":\"Edel\",\"url\":\"https:\\\/\\\/www.edel.fr\\\/\",\"logo\":{\"@type\":\"ImageObject\",\"inLanguage\":\"en-US\",\"@id\":\"https:\\\/\\\/www.edel.fr\\\/#\\\/schema\\\/logo\\\/image\\\/\",\"url\":\"https:\\\/\\\/www.edel.fr\\\/uploads\\\/2018\\\/11\\\/logo-edel.png\",\"contentUrl\":\"https:\\\/\\\/www.edel.fr\\\/uploads\\\/2018\\\/11\\\/logo-edel.png\",\"width\":257,\"height\":68,\"caption\":\"Edel\"},\"image\":{\"@id\":\"https:\\\/\\\/www.edel.fr\\\/#\\\/schema\\\/logo\\\/image\\\/\"}}]}<\/script>\n<!-- \/ Yoast SEO plugin. -->","yoast_head_json":{"title":"Alternateur Deutz - Case Ih, Fendt, LSH, Renault, Steyr... - 14V\/33A - Edel","description":"Alternateur Deutz - Case Ih, Fendt, LSH, Renault, Steyr, Zetor - 14V\/33A - 120 204P 4506 481 5011 5206 581 5911 6007 603 644 6945 7206 7807 804 8110 90 9115","robots":{"index":"index","follow":"follow","max-snippet":"max-snippet:-1","max-image-preview":"max-image-preview:large","max-video-preview":"max-video-preview:-1"},"canonical":"https:\/\/www.edel.fr\/en\/product\/alternateur-case-ihdeutzfendtlsh-lamborghini-same-hurlimannrenault-claassteyrzetor-volt-ampere-14-33-tendeur-a-gauche\/","og_locale":"en_US","og_type":"article","og_title":"Alternateur Deutz - Case Ih, Fendt, LSH, Renault, Steyr... - 14V\/33A - Edel","og_description":"Alternateur Deutz - Case Ih, Fendt, LSH, Renault, Steyr, Zetor - 14V\/33A - 120 204P 4506 481 5011 5206 581 5911 6007 603 644 6945 7206 7807 804 8110 90 9115","og_url":"https:\/\/www.edel.fr\/en\/product\/alternateur-case-ihdeutzfendtlsh-lamborghini-same-hurlimannrenault-claassteyrzetor-volt-ampere-14-33-tendeur-a-gauche\/","og_site_name":"Edel","article_modified_time":"2026-03-27T01:00:53+00:00","og_image":[{"width":1920,"height":1250,"url":"https:\/\/www.edel.fr\/uploads\/2019\/03\/A05.jpg","type":"image\/jpeg"}],"twitter_card":"summary_large_image","twitter_misc":{"Est. reading time":"2 minutes"},"schema":{"@context":"https:\/\/schema.org","@graph":[{"@type":"WebPage","@id":"https:\/\/www.edel.fr\/produit\/alternateur-case-ihdeutzfendtlsh-lamborghini-same-hurlimannrenault-claassteyrzetor-volt-ampere-14-33-tendeur-a-gauche\/","url":"https:\/\/www.edel.fr\/produit\/alternateur-case-ihdeutzfendtlsh-lamborghini-same-hurlimannrenault-claassteyrzetor-volt-ampere-14-33-tendeur-a-gauche\/","name":"Alternateur Deutz - Case Ih, Fendt, LSH, Renault, Steyr... - 14V\/33A - Edel","isPartOf":{"@id":"https:\/\/www.edel.fr\/#website"},"primaryImageOfPage":{"@id":"https:\/\/www.edel.fr\/produit\/alternateur-case-ihdeutzfendtlsh-lamborghini-same-hurlimannrenault-claassteyrzetor-volt-ampere-14-33-tendeur-a-gauche\/#primaryimage"},"image":{"@id":"https:\/\/www.edel.fr\/produit\/alternateur-case-ihdeutzfendtlsh-lamborghini-same-hurlimannrenault-claassteyrzetor-volt-ampere-14-33-tendeur-a-gauche\/#primaryimage"},"thumbnailUrl":"http:\/\/www.edel.fr\/uploads\/2019\/03\/A05.jpg","datePublished":"2019-03-04T17:29:48+00:00","dateModified":"2026-03-27T01:00:53+00:00","description":"Alternateur Deutz - Case Ih, Fendt, LSH, Renault, Steyr, Zetor - 14V\/33A - 120 204P 4506 481 5011 5206 581 5911 6007 603 644 6945 7206 7807 804 8110 90 9115","breadcrumb":{"@id":"https:\/\/www.edel.fr\/produit\/alternateur-case-ihdeutzfendtlsh-lamborghini-same-hurlimannrenault-claassteyrzetor-volt-ampere-14-33-tendeur-a-gauche\/#breadcrumb"},"inLanguage":"en-US","potentialAction":[{"@type":"ReadAction","target":["https:\/\/www.edel.fr\/produit\/alternateur-case-ihdeutzfendtlsh-lamborghini-same-hurlimannrenault-claassteyrzetor-volt-ampere-14-33-tendeur-a-gauche\/"]}]},{"@type":"ImageObject","inLanguage":"en-US","@id":"https:\/\/www.edel.fr\/produit\/alternateur-case-ihdeutzfendtlsh-lamborghini-same-hurlimannrenault-claassteyrzetor-volt-ampere-14-33-tendeur-a-gauche\/#primaryimage","url":"http:\/\/www.edel.fr\/uploads\/2019\/03\/A05.jpg","contentUrl":"http:\/\/www.edel.fr\/uploads\/2019\/03\/A05.jpg","width":1920,"height":1250,"caption":"Alternateur Deutz - Case Ih, Fendt, LSH, Renault, Steyr... - 14V\/33A"},{"@type":"BreadcrumbList","@id":"https:\/\/www.edel.fr\/produit\/alternateur-case-ihdeutzfendtlsh-lamborghini-same-hurlimannrenault-claassteyrzetor-volt-ampere-14-33-tendeur-a-gauche\/#breadcrumb","itemListElement":[{"@type":"ListItem","position":1,"name":"Pi\u00e8ce Tracteur","item":"https:\/\/www.edel.fr\/"},{"@type":"ListItem","position":2,"name":"Toutes nos pi\u00e8ces Tracteur","item":"https:\/\/www.edel.fr\/en\/shop\/"},{"@type":"ListItem","position":3,"name":"Alternateur Deutz &#8211; Case Ih, Fendt, LSH, Renault, Steyr&#8230; &#8211; 14V\/33A"}]},{"@type":"WebSite","@id":"https:\/\/www.edel.fr\/#website","url":"https:\/\/www.edel.fr\/","name":"Edel","description":"Pi\u00e8ce d\u00e9tach\u00e9e de Tracteur Agricole","publisher":{"@id":"https:\/\/www.edel.fr\/#organization"},"potentialAction":[{"@type":"SearchAction","target":{"@type":"EntryPoint","urlTemplate":"https:\/\/www.edel.fr\/?s={search_term_string}"},"query-input":{"@type":"PropertyValueSpecification","valueRequired":true,"valueName":"search_term_string"}}],"inLanguage":"en-US"},{"@type":"Organization","@id":"https:\/\/www.edel.fr\/#organization","name":"Edel","url":"https:\/\/www.edel.fr\/","logo":{"@type":"ImageObject","inLanguage":"en-US","@id":"https:\/\/www.edel.fr\/#\/schema\/logo\/image\/","url":"https:\/\/www.edel.fr\/uploads\/2018\/11\/logo-edel.png","contentUrl":"https:\/\/www.edel.fr\/uploads\/2018\/11\/logo-edel.png","width":257,"height":68,"caption":"Edel"},"image":{"@id":"https:\/\/www.edel.fr\/#\/schema\/logo\/image\/"}}]}},"_links":{"self":[{"href":"http:\/\/www.edel.fr\/en\/wp-json\/wp\/v2\/product\/5843","targetHints":{"allow":["GET"]}}],"collection":[{"href":"http:\/\/www.edel.fr\/en\/wp-json\/wp\/v2\/product"}],"about":[{"href":"http:\/\/www.edel.fr\/en\/wp-json\/wp\/v2\/types\/product"}],"version-history":[{"count":2,"href":"http:\/\/www.edel.fr\/en\/wp-json\/wp\/v2\/product\/5843\/revisions"}],"predecessor-version":[{"id":15140,"href":"http:\/\/www.edel.fr\/en\/wp-json\/wp\/v2\/product\/5843\/revisions\/15140"}],"wp:featuredmedia":[{"embeddable":true,"href":"http:\/\/www.edel.fr\/en\/wp-json\/wp\/v2\/media\/5589"}],"wp:attachment":[{"href":"http:\/\/www.edel.fr\/en\/wp-json\/wp\/v2\/media?parent=5843"}],"wp:term":[{"taxonomy":"product_brand","embeddable":true,"href":"http:\/\/www.edel.fr\/en\/wp-json\/wp\/v2\/product_brand?post=5843"},{"taxonomy":"product_cat","embeddable":true,"href":"http:\/\/www.edel.fr\/en\/wp-json\/wp\/v2\/product_cat?post=5843"},{"taxonomy":"product_tag","embeddable":true,"href":"http:\/\/www.edel.fr\/en\/wp-json\/wp\/v2\/product_tag?post=5843"},{"taxonomy":"tracteur","embeddable":true,"href":"http:\/\/www.edel.fr\/en\/wp-json\/wp\/v2\/tracteur?post=5843"}],"curies":[{"name":"wp","href":"https:\/\/api.w.org\/{rel}","templated":true}]}}