{"id":18516,"date":"2025-04-24T14:29:04","date_gmt":"2025-04-24T12:29:04","guid":{"rendered":"https:\/\/www.edel.fr\/?post_type=product&#038;p=18516"},"modified":"2026-03-25T15:17:14","modified_gmt":"2026-03-25T14:17:14","slug":"ensemble-case-ih-d268-cylindre-chemise-piston-segments","status":"publish","type":"product","link":"http:\/\/www.edel.fr\/en\/product\/ensemble-case-ih-d268-cylindre-chemise-piston-segments\/","title":{"rendered":"Ensemble cylindr\u00e9e origine KS Moteur Case IH D268"},"content":{"rendered":"<div data-elementor-type=\"wp-post\" data-elementor-id=\"18516\" class=\"elementor elementor-18516\">\n\t\t\t\t\t\t<section class=\"elementor-section elementor-top-section elementor-element elementor-element-2ab01bd5 elementor-section-boxed elementor-section-height-default elementor-section-height-default\" data-id=\"2ab01bd5\" data-element_type=\"section\" data-e-type=\"section\">\n\t\t\t\t\t\t<div class=\"elementor-container elementor-column-gap-default\">\n\t\t\t\t\t<div class=\"elementor-column elementor-col-100 elementor-top-column elementor-element elementor-element-4177c68f\" data-id=\"4177c68f\" data-element_type=\"column\" data-e-type=\"column\">\n\t\t\t<div class=\"elementor-widget-wrap elementor-element-populated\">\n\t\t\t\t\t\t<div class=\"elementor-element elementor-element-6dd5e9ed elementor-widget elementor-widget-heading\" data-id=\"6dd5e9ed\" data-element_type=\"widget\" data-e-type=\"widget\" data-widget_type=\"heading.default\">\n\t\t\t\t<div class=\"elementor-widget-container\">\n\t\t\t\t\t<h2 class=\"elementor-heading-title elementor-size-default\">ENSEMBLE Case IH IHC D268 - Cylindre Chemise Piston Segments Tracteur Agricole<\/h2>\t\t\t\t<\/div>\n\t\t\t\t<\/div>\n\t\t\t\t<div class=\"elementor-element elementor-element-1c13e8a7 elementor-widget elementor-widget-heading\" data-id=\"1c13e8a7\" data-element_type=\"widget\" data-e-type=\"widget\" data-widget_type=\"heading.default\">\n\t\t\t\t<div class=\"elementor-widget-container\">\n\t\t\t\t\t<h3 class=\"elementor-heading-title elementor-size-default\">Information du produit :<\/h3>\t\t\t\t<\/div>\n\t\t\t\t<\/div>\n\t\t\t\t\t<\/div>\n\t\t<\/div>\n\t\t\t\t\t<\/div>\n\t\t<\/section>\n\t\t\t\t<section class=\"elementor-section elementor-top-section elementor-element elementor-element-290ca7d1 elementor-section-boxed elementor-section-height-default elementor-section-height-default\" data-id=\"290ca7d1\" data-element_type=\"section\" data-e-type=\"section\">\n\t\t\t\t\t\t<div class=\"elementor-container elementor-column-gap-default\">\n\t\t\t\t\t<div class=\"elementor-column elementor-col-100 elementor-top-column elementor-element elementor-element-773f35b7\" data-id=\"773f35b7\" data-element_type=\"column\" data-e-type=\"column\">\n\t\t\t<div class=\"elementor-widget-wrap elementor-element-populated\">\n\t\t\t\t\t\t<div class=\"elementor-element elementor-element-7774c225 elementor-widget elementor-widget-text-editor\" data-id=\"7774c225\" data-element_type=\"widget\" data-e-type=\"widget\" data-widget_type=\"text-editor.default\">\n\t\t\t\t<div class=\"elementor-widget-container\">\n\t\t\t\t\t\t\t\t\t<div>L\u2019ensemble chemise\/piston\/segments, sont des pi\u00e8ces fondamentales du moteur thermique. Elles assurent le bon d\u00e9roulement de la combustion interne, ainsi que l\u2019exploitation de cette derni\u00e8re.<\/div>\n<div>\n<p>Edel Shop vous propose une cylindr\u00e9e compl\u00e8te, chemise, piston, segments pour moteur Case IH IHC D268.<br>Qualit\u00e9 origine Germany, marque KS ou MAHLE.<\/p><\/div>\t\t\t\t\t\t\t\t<\/div>\n\t\t\t\t<\/div>\n\t\t\t\t\t<\/div>\n\t\t<\/div>\n\t\t\t\t\t<\/div>\n\t\t<\/section>\n\t\t\t\t<\/div>","protected":false},"excerpt":{"rendered":"<p>ENSEMBLE Case IH IHC D268 &#8211; Cylindre Chemise Piston Segments Tracteur Agricole Information du produit : L\u2019ensemble chemise\/piston\/segments, sont des pi\u00e8ces fondamentales du moteur thermique. Elles assurent le bon d\u00e9roulement de la combustion interne, ainsi que l\u2019exploitation de cette derni\u00e8re. Edel Shop vous propose une cylindr\u00e9e compl\u00e8te, chemise, piston, segments pour moteur Case IH IHC<br \/><a class=\"more-link\" href=\"http:\/\/www.edel.fr\/en\/product\/ensemble-case-ih-d268-cylindre-chemise-piston-segments\/\"><br \/>\n        Read More<span class=\"screen-reader-text\"> \u00ab\u00a0Ensemble cylindr\u00e9e origine KS Moteur Case IH D268\u00a0\u00bb<\/span><\/a><\/p>","protected":false},"featured_media":8018,"template":"","meta":[],"product_brand":[],"product_cat":[2500,153,119],"product_tag":[],"tracteur":[],"class_list":{"0":"post-18516","1":"product","2":"type-product","3":"status-publish","4":"has-post-thumbnail","6":"product_cat-ensemble-chemise-piston-segments","7":"product_cat-pieces-moteur","8":"product_cat-tracteurs-agricoles","9":"product_shipping_class-142","10":"pa_fabriquant-ks","11":"pa_marque-moteur-moteur-case-ih","12":"pa_qualite-origine","13":"pa_type-moteur-d268","14":"badges-style-2","16":"first","17":"instock","18":"taxable","19":"shipping-taxable","20":"purchasable","21":"product-type-simple"},"acf":[],"yoast_head":"<!-- This site is optimized with the Yoast SEO plugin v27.3 - https:\/\/yoast.com\/product\/yoast-seo-wordpress\/ -->\n<title>Ensemble Case IH D268 - Cylindre Chemise Piston Segments - Edel<\/title>\n<meta name=\"description\" content=\"Ensemble cylindr\u00e9e moteur Case IH D268 - Chemise Piston Segments origine KS - Tracteur agricole\" \/>\n<meta name=\"robots\" content=\"index, follow, max-snippet:-1, max-image-preview:large, max-video-preview:-1\" \/>\n<link rel=\"canonical\" href=\"https:\/\/edel.fr\/en\/product\/ensemble-case-ih-d268-cylindre-chemise-piston-segments\/\" \/>\n<meta property=\"og:locale\" content=\"en_US\" \/>\n<meta property=\"og:type\" content=\"article\" \/>\n<meta property=\"og:title\" content=\"Ensemble Case IH D268 - Cylindre Chemise Piston Segments - Edel\" \/>\n<meta property=\"og:description\" content=\"Ensemble cylindr\u00e9e moteur Case IH D268 - Chemise Piston Segments origine KS - Tracteur agricole\" \/>\n<meta property=\"og:url\" content=\"https:\/\/edel.fr\/en\/product\/ensemble-case-ih-d268-cylindre-chemise-piston-segments\/\" \/>\n<meta property=\"og:site_name\" content=\"Edel\" \/>\n<meta property=\"article:modified_time\" content=\"2026-03-25T14:17:14+00:00\" \/>\n<meta property=\"og:image\" content=\"https:\/\/edel.fr\/uploads\/2020\/11\/ensemble-D206.jpg\" \/>\n\t<meta property=\"og:image:width\" content=\"1512\" \/>\n\t<meta property=\"og:image:height\" content=\"1572\" \/>\n\t<meta property=\"og:image:type\" content=\"image\/jpeg\" \/>\n<meta name=\"twitter:card\" content=\"summary_large_image\" \/>\n<meta name=\"twitter:label1\" content=\"Est. reading time\" \/>\n\t<meta name=\"twitter:data1\" content=\"1 minute\" \/>\n<script type=\"application\/ld+json\" class=\"yoast-schema-graph\">{\"@context\":\"https:\\\/\\\/schema.org\",\"@graph\":[{\"@type\":\"WebPage\",\"@id\":\"https:\\\/\\\/edel.fr\\\/en\\\/product\\\/ensemble-case-ih-d268-cylindre-chemise-piston-segments\\\/\",\"url\":\"https:\\\/\\\/edel.fr\\\/en\\\/product\\\/ensemble-case-ih-d268-cylindre-chemise-piston-segments\\\/\",\"name\":\"Ensemble Case IH D268 - Cylindre Chemise Piston Segments - Edel\",\"isPartOf\":{\"@id\":\"https:\\\/\\\/www.edel.fr\\\/en\\\/#website\"},\"primaryImageOfPage\":{\"@id\":\"https:\\\/\\\/edel.fr\\\/en\\\/product\\\/ensemble-case-ih-d268-cylindre-chemise-piston-segments\\\/#primaryimage\"},\"image\":{\"@id\":\"https:\\\/\\\/edel.fr\\\/en\\\/product\\\/ensemble-case-ih-d268-cylindre-chemise-piston-segments\\\/#primaryimage\"},\"thumbnailUrl\":\"http:\\\/\\\/www.edel.fr\\\/uploads\\\/2020\\\/11\\\/ensemble-D206.jpg\",\"datePublished\":\"2025-04-24T12:29:04+00:00\",\"dateModified\":\"2026-03-25T14:17:14+00:00\",\"description\":\"Ensemble cylindr\u00e9e moteur Case IH D268 - Chemise Piston Segments origine KS - Tracteur agricole\",\"breadcrumb\":{\"@id\":\"https:\\\/\\\/edel.fr\\\/en\\\/product\\\/ensemble-case-ih-d268-cylindre-chemise-piston-segments\\\/#breadcrumb\"},\"inLanguage\":\"en-US\",\"potentialAction\":[{\"@type\":\"ReadAction\",\"target\":[\"https:\\\/\\\/edel.fr\\\/en\\\/product\\\/ensemble-case-ih-d268-cylindre-chemise-piston-segments\\\/\"]}]},{\"@type\":\"ImageObject\",\"inLanguage\":\"en-US\",\"@id\":\"https:\\\/\\\/edel.fr\\\/en\\\/product\\\/ensemble-case-ih-d268-cylindre-chemise-piston-segments\\\/#primaryimage\",\"url\":\"http:\\\/\\\/www.edel.fr\\\/uploads\\\/2020\\\/11\\\/ensemble-D206.jpg\",\"contentUrl\":\"http:\\\/\\\/www.edel.fr\\\/uploads\\\/2020\\\/11\\\/ensemble-D206.jpg\",\"width\":1512,\"height\":1572,\"caption\":\"Ensemble IH D206 D155 Segments\"},{\"@type\":\"BreadcrumbList\",\"@id\":\"https:\\\/\\\/edel.fr\\\/en\\\/product\\\/ensemble-case-ih-d268-cylindre-chemise-piston-segments\\\/#breadcrumb\",\"itemListElement\":[{\"@type\":\"ListItem\",\"position\":1,\"name\":\"Pi\u00e8ce Tracteur\",\"item\":\"https:\\\/\\\/www.edel.fr\\\/en\\\/\"},{\"@type\":\"ListItem\",\"position\":2,\"name\":\"Toutes nos pi\u00e8ces Tracteur\",\"item\":\"https:\\\/\\\/edel.fr\\\/shop\\\/\"},{\"@type\":\"ListItem\",\"position\":3,\"name\":\"Ensemble cylindr\u00e9e origine KS Moteur Case IH D268\"}]},{\"@type\":\"WebSite\",\"@id\":\"https:\\\/\\\/www.edel.fr\\\/en\\\/#website\",\"url\":\"https:\\\/\\\/www.edel.fr\\\/en\\\/\",\"name\":\"Edel\",\"description\":\"Pi\u00e8ce d\u00e9tach\u00e9e de Tracteur Agricole\",\"publisher\":{\"@id\":\"https:\\\/\\\/www.edel.fr\\\/en\\\/#organization\"},\"potentialAction\":[{\"@type\":\"SearchAction\",\"target\":{\"@type\":\"EntryPoint\",\"urlTemplate\":\"https:\\\/\\\/www.edel.fr\\\/en\\\/?s={search_term_string}\"},\"query-input\":{\"@type\":\"PropertyValueSpecification\",\"valueRequired\":true,\"valueName\":\"search_term_string\"}}],\"inLanguage\":\"en-US\"},{\"@type\":\"Organization\",\"@id\":\"https:\\\/\\\/www.edel.fr\\\/en\\\/#organization\",\"name\":\"Edel\",\"url\":\"https:\\\/\\\/www.edel.fr\\\/en\\\/\",\"logo\":{\"@type\":\"ImageObject\",\"inLanguage\":\"en-US\",\"@id\":\"https:\\\/\\\/www.edel.fr\\\/en\\\/#\\\/schema\\\/logo\\\/image\\\/\",\"url\":\"https:\\\/\\\/www.edel.fr\\\/uploads\\\/2018\\\/11\\\/logo-edel.png\",\"contentUrl\":\"https:\\\/\\\/www.edel.fr\\\/uploads\\\/2018\\\/11\\\/logo-edel.png\",\"width\":257,\"height\":68,\"caption\":\"Edel\"},\"image\":{\"@id\":\"https:\\\/\\\/www.edel.fr\\\/en\\\/#\\\/schema\\\/logo\\\/image\\\/\"}}]}<\/script>\n<!-- \/ Yoast SEO plugin. -->","yoast_head_json":{"title":"Ensemble Case IH D268 - Cylindre Chemise Piston Segments - Edel","description":"Ensemble cylindr\u00e9e moteur Case IH D268 - Chemise Piston Segments origine KS - Tracteur agricole","robots":{"index":"index","follow":"follow","max-snippet":"max-snippet:-1","max-image-preview":"max-image-preview:large","max-video-preview":"max-video-preview:-1"},"canonical":"https:\/\/edel.fr\/en\/product\/ensemble-case-ih-d268-cylindre-chemise-piston-segments\/","og_locale":"en_US","og_type":"article","og_title":"Ensemble Case IH D268 - Cylindre Chemise Piston Segments - Edel","og_description":"Ensemble cylindr\u00e9e moteur Case IH D268 - Chemise Piston Segments origine KS - Tracteur agricole","og_url":"https:\/\/edel.fr\/en\/product\/ensemble-case-ih-d268-cylindre-chemise-piston-segments\/","og_site_name":"Edel","article_modified_time":"2026-03-25T14:17:14+00:00","og_image":[{"width":1512,"height":1572,"url":"https:\/\/edel.fr\/uploads\/2020\/11\/ensemble-D206.jpg","type":"image\/jpeg"}],"twitter_card":"summary_large_image","twitter_misc":{"Est. reading time":"1 minute"},"schema":{"@context":"https:\/\/schema.org","@graph":[{"@type":"WebPage","@id":"https:\/\/edel.fr\/en\/product\/ensemble-case-ih-d268-cylindre-chemise-piston-segments\/","url":"https:\/\/edel.fr\/en\/product\/ensemble-case-ih-d268-cylindre-chemise-piston-segments\/","name":"Ensemble Case IH D268 - Cylindre Chemise Piston Segments - Edel","isPartOf":{"@id":"https:\/\/www.edel.fr\/en\/#website"},"primaryImageOfPage":{"@id":"https:\/\/edel.fr\/en\/product\/ensemble-case-ih-d268-cylindre-chemise-piston-segments\/#primaryimage"},"image":{"@id":"https:\/\/edel.fr\/en\/product\/ensemble-case-ih-d268-cylindre-chemise-piston-segments\/#primaryimage"},"thumbnailUrl":"http:\/\/www.edel.fr\/uploads\/2020\/11\/ensemble-D206.jpg","datePublished":"2025-04-24T12:29:04+00:00","dateModified":"2026-03-25T14:17:14+00:00","description":"Ensemble cylindr\u00e9e moteur Case IH D268 - Chemise Piston Segments origine KS - Tracteur agricole","breadcrumb":{"@id":"https:\/\/edel.fr\/en\/product\/ensemble-case-ih-d268-cylindre-chemise-piston-segments\/#breadcrumb"},"inLanguage":"en-US","potentialAction":[{"@type":"ReadAction","target":["https:\/\/edel.fr\/en\/product\/ensemble-case-ih-d268-cylindre-chemise-piston-segments\/"]}]},{"@type":"ImageObject","inLanguage":"en-US","@id":"https:\/\/edel.fr\/en\/product\/ensemble-case-ih-d268-cylindre-chemise-piston-segments\/#primaryimage","url":"http:\/\/www.edel.fr\/uploads\/2020\/11\/ensemble-D206.jpg","contentUrl":"http:\/\/www.edel.fr\/uploads\/2020\/11\/ensemble-D206.jpg","width":1512,"height":1572,"caption":"Ensemble IH D206 D155 Segments"},{"@type":"BreadcrumbList","@id":"https:\/\/edel.fr\/en\/product\/ensemble-case-ih-d268-cylindre-chemise-piston-segments\/#breadcrumb","itemListElement":[{"@type":"ListItem","position":1,"name":"Pi\u00e8ce Tracteur","item":"https:\/\/www.edel.fr\/en\/"},{"@type":"ListItem","position":2,"name":"Toutes nos pi\u00e8ces Tracteur","item":"https:\/\/edel.fr\/shop\/"},{"@type":"ListItem","position":3,"name":"Ensemble cylindr\u00e9e origine KS Moteur Case IH D268"}]},{"@type":"WebSite","@id":"https:\/\/www.edel.fr\/en\/#website","url":"https:\/\/www.edel.fr\/en\/","name":"Edel","description":"Pi\u00e8ce d\u00e9tach\u00e9e de Tracteur Agricole","publisher":{"@id":"https:\/\/www.edel.fr\/en\/#organization"},"potentialAction":[{"@type":"SearchAction","target":{"@type":"EntryPoint","urlTemplate":"https:\/\/www.edel.fr\/en\/?s={search_term_string}"},"query-input":{"@type":"PropertyValueSpecification","valueRequired":true,"valueName":"search_term_string"}}],"inLanguage":"en-US"},{"@type":"Organization","@id":"https:\/\/www.edel.fr\/en\/#organization","name":"Edel","url":"https:\/\/www.edel.fr\/en\/","logo":{"@type":"ImageObject","inLanguage":"en-US","@id":"https:\/\/www.edel.fr\/en\/#\/schema\/logo\/image\/","url":"https:\/\/www.edel.fr\/uploads\/2018\/11\/logo-edel.png","contentUrl":"https:\/\/www.edel.fr\/uploads\/2018\/11\/logo-edel.png","width":257,"height":68,"caption":"Edel"},"image":{"@id":"https:\/\/www.edel.fr\/en\/#\/schema\/logo\/image\/"}}]}},"_links":{"self":[{"href":"http:\/\/www.edel.fr\/en\/wp-json\/wp\/v2\/product\/18516","targetHints":{"allow":["GET"]}}],"collection":[{"href":"http:\/\/www.edel.fr\/en\/wp-json\/wp\/v2\/product"}],"about":[{"href":"http:\/\/www.edel.fr\/en\/wp-json\/wp\/v2\/types\/product"}],"version-history":[{"count":3,"href":"http:\/\/www.edel.fr\/en\/wp-json\/wp\/v2\/product\/18516\/revisions"}],"predecessor-version":[{"id":19959,"href":"http:\/\/www.edel.fr\/en\/wp-json\/wp\/v2\/product\/18516\/revisions\/19959"}],"wp:featuredmedia":[{"embeddable":true,"href":"http:\/\/www.edel.fr\/en\/wp-json\/wp\/v2\/media\/8018"}],"wp:attachment":[{"href":"http:\/\/www.edel.fr\/en\/wp-json\/wp\/v2\/media?parent=18516"}],"wp:term":[{"taxonomy":"product_brand","embeddable":true,"href":"http:\/\/www.edel.fr\/en\/wp-json\/wp\/v2\/product_brand?post=18516"},{"taxonomy":"product_cat","embeddable":true,"href":"http:\/\/www.edel.fr\/en\/wp-json\/wp\/v2\/product_cat?post=18516"},{"taxonomy":"product_tag","embeddable":true,"href":"http:\/\/www.edel.fr\/en\/wp-json\/wp\/v2\/product_tag?post=18516"},{"taxonomy":"tracteur","embeddable":true,"href":"http:\/\/www.edel.fr\/en\/wp-json\/wp\/v2\/tracteur?post=18516"}],"curies":[{"name":"wp","href":"https:\/\/api.w.org\/{rel}","templated":true}]}}