{"id":16352,"date":"2023-10-26T16:31:06","date_gmt":"2023-10-26T14:31:06","guid":{"rendered":"https:\/\/www.edel.fr\/?post_type=product&#038;p=16352"},"modified":"2025-11-05T21:05:48","modified_gmt":"2025-11-05T20:05:48","slug":"mecanisme-dembrayage-fiat-someca-350-400-420-450-%e2%88%8512","status":"publish","type":"product","link":"http:\/\/www.edel.fr\/en\/product\/mecanisme-dembrayage-fiat-someca-350-400-420-450-%e2%88%8512\/","title":{"rendered":"M\u00e9canisme d&#8217;embrayage Fiat Someca 350 400 420 450 \u220512"},"content":{"rendered":"<div data-elementor-type=\"wp-post\" data-elementor-id=\"16352\" class=\"elementor elementor-16352\">\n\t\t\t\t\t\t<section class=\"elementor-section elementor-top-section elementor-element elementor-element-46d61d22 elementor-section-boxed elementor-section-height-default elementor-section-height-default\" data-id=\"46d61d22\" data-element_type=\"section\" data-e-type=\"section\">\n\t\t\t\t\t\t<div class=\"elementor-container elementor-column-gap-default\">\n\t\t\t\t\t<div class=\"elementor-column elementor-col-100 elementor-top-column elementor-element elementor-element-7fa8bcba\" data-id=\"7fa8bcba\" data-element_type=\"column\" data-e-type=\"column\">\n\t\t\t<div class=\"elementor-widget-wrap elementor-element-populated\">\n\t\t\t\t\t\t<div class=\"elementor-element elementor-element-44894b25 elementor-widget elementor-widget-heading\" data-id=\"44894b25\" data-element_type=\"widget\" data-e-type=\"widget\" data-widget_type=\"heading.default\">\n\t\t\t\t<div class=\"elementor-widget-container\">\n\t\t\t\t\t<h2 class=\"elementor-heading-title elementor-size-default\">M\u00c9CANISME D\u2019EMBRAYAGE FIAT SOMECA 350 \u2013 400 \u2013 420 \u2013 450<br><br>Mecanisme double - <u><b>per\u00e7age mecanisme 12MM<\/b><\/u><br><br>disque d'avancement interne organique<br><br>\n\n\u00d8250 - 14 cannelures x 40mm\n<\/h2>\t\t\t\t<\/div>\n\t\t\t\t<\/div>\n\t\t\t\t\t<\/div>\n\t\t<\/div>\n\t\t\t\t\t<\/div>\n\t\t<\/section>\n\t\t\t\t<section class=\"elementor-section elementor-top-section elementor-element elementor-element-290ca7d1 elementor-section-boxed elementor-section-height-default elementor-section-height-default\" data-id=\"290ca7d1\" data-element_type=\"section\" data-e-type=\"section\">\n\t\t\t\t\t\t<div class=\"elementor-container elementor-column-gap-default\">\n\t\t\t\t\t<div class=\"elementor-column elementor-col-100 elementor-top-column elementor-element elementor-element-773f35b7\" data-id=\"773f35b7\" data-element_type=\"column\" data-e-type=\"column\">\n\t\t\t<div class=\"elementor-widget-wrap elementor-element-populated\">\n\t\t\t\t\t\t<div class=\"elementor-element elementor-element-7774c225 elementor-widget elementor-widget-text-editor\" data-id=\"7774c225\" data-element_type=\"widget\" data-e-type=\"widget\" data-widget_type=\"text-editor.default\">\n\t\t\t\t<div class=\"elementor-widget-container\">\n\t\t\t\t\t\t\t\t\t<p>M\u00e9canisme pour tracteurs de marque Fiat \/ Someca<\/p><p>Mod\u00e8les de tracteurs : 350 &#8211; 400 &#8211; 420 &#8211; 450<\/p><p>Pour un kit d\u2019embrayage complet, montage avec :<\/p><p>&#8211; le disque <a href=\"https:\/\/www.edel.fr\/en\/disque-dembrayage-fiat-new-holland-organique-22-x-25-10-can\/\" target=\"_blank\" rel=\"noopener\">0522525516<\/a> organique 250 mm 10 cannelures X 25mm<\/p><p>&#8211; la but\u00e9e <a href=\"https:\/\/www.edel.fr\/en\/butee-dembrayage-fiat-new-holland-someca-65-x-102-x-25\/\" target=\"_blank\" rel=\"noopener\">20304780<\/a><\/p><p>&#8211; le roulement pilote <a href=\"https:\/\/www.edel.fr\/en\/roulement-pilote-fag-6303-2rs-17-x-47-x-14-tracteur-agricole\/\" target=\"_blank\" rel=\"noopener\">RP16<\/a><\/p><p><span style=\"text-decoration: underline\">Attention<\/span>, ce m\u00e9canisme pr\u00e9sente des <span style=\"text-decoration: underline\">per\u00e7age de passage de vis de fixation en 12mm.\u00a0<\/span><\/p><p>Il existe \u00e9galement une <a href=\"https:\/\/www.edel.fr\/en\/mecanisme-dembrayage-fiat-someca-350-400-420-450\/\" target=\"_blank\" rel=\"noopener\">variante avec les per\u00e7age de passage de vis de fixation en 10mm.<\/a><\/p><p>Bien s\u00fbr, pour plus de renseignements, n&rsquo;h\u00e9sitez pas \u00e0 nous consulter !<\/p>\t\t\t\t\t\t\t\t<\/div>\n\t\t\t\t<\/div>\n\t\t\t\t\t<\/div>\n\t\t<\/div>\n\t\t\t\t\t<\/div>\n\t\t<\/section>\n\t\t\t\t<\/div>","protected":false},"excerpt":{"rendered":"<p>M\u00c9CANISME D\u2019EMBRAYAGE FIAT SOMECA 350 \u2013 400 \u2013 420 \u2013 450 Mecanisme double &#8211; per\u00e7age mecanisme 12MM disque d&rsquo;avancement interne organique \u00d8250 &#8211; 14 cannelures x 40mm M\u00e9canisme pour tracteurs de marque Fiat \/ Someca Mod\u00e8les de tracteurs : 350 &#8211; 400 &#8211; 420 &#8211; 450 Pour un kit d\u2019embrayage complet, montage avec : &#8211;<br \/><a class=\"more-link\" href=\"http:\/\/www.edel.fr\/en\/product\/mecanisme-dembrayage-fiat-someca-350-400-420-450-%e2%88%8512\/\"><br \/>\n        Read More<span class=\"screen-reader-text\"> \u00ab\u00a0M\u00e9canisme d&#8217;embrayage Fiat Someca 350 400 420 450 \u220512\u00a0\u00bb<\/span><\/a><\/p>","protected":false},"featured_media":16344,"template":"","meta":[],"product_brand":[],"product_cat":[4049,119,120],"product_tag":[2499],"tracteur":[],"class_list":{"0":"post-16352","1":"product","2":"type-product","3":"status-publish","4":"has-post-thumbnail","6":"product_cat-fiat","7":"product_cat-tracteurs-agricoles","8":"product_cat-transmissions","9":"product_tag-disque-dembrayage","10":"product_shipping_class-142","11":"pa_marque-tracteur-fiat-new-holland","12":"pa_type-2-1919","13":"pa_type-2-1735","14":"pa_type-2-3835","15":"pa_type-2-1146","16":"pa_type-2-1167","17":"badges-style-2","19":"first","20":"instock","21":"taxable","22":"shipping-taxable","23":"purchasable","24":"product-type-simple"},"acf":[],"yoast_head":"<!-- This site is optimized with the Yoast SEO plugin v27.3 - https:\/\/yoast.com\/product\/yoast-seo-wordpress\/ -->\n<title>M\u00e9canisme d&#039;embrayage Fiat Someca 350 400 420 450 \u220512 - Edel<\/title>\n<meta name=\"description\" content=\"M\u00c9CANISME D\u2019EMBRAYAGE FIAT SOMECA 350 \u2013 400 \u2013 420 \u2013 480 MECANISME DOUBLE - PER\u00c7AGE MECANISME 12MM DISQUE D&#039;AVANCEMENT INTERNE ORGANIQUE \u00d8250 - 14 CANNELURES\" \/>\n<meta name=\"robots\" content=\"index, follow, max-snippet:-1, max-image-preview:large, max-video-preview:-1\" \/>\n<link rel=\"canonical\" href=\"http:\/\/edel.fr\/produit\/mecanisme-dembrayage-fiat-someca-350-400-420-450-\u220512\/\" \/>\n<meta property=\"og:locale\" content=\"en_US\" \/>\n<meta property=\"og:type\" content=\"article\" \/>\n<meta property=\"og:title\" content=\"M\u00e9canisme d&#039;embrayage Fiat Someca 350 400 420 450 \u220512 - Edel\" \/>\n<meta property=\"og:description\" content=\"M\u00c9CANISME D\u2019EMBRAYAGE FIAT SOMECA 350 \u2013 400 \u2013 420 \u2013 480 MECANISME DOUBLE - PER\u00c7AGE MECANISME 12MM DISQUE D&#039;AVANCEMENT INTERNE ORGANIQUE \u00d8250 - 14 CANNELURES\" \/>\n<meta property=\"og:url\" content=\"http:\/\/edel.fr\/produit\/mecanisme-dembrayage-fiat-someca-350-400-420-450-\u220512\/\" \/>\n<meta property=\"og:site_name\" content=\"Edel\" \/>\n<meta property=\"article:modified_time\" content=\"2025-11-05T20:05:48+00:00\" \/>\n<meta property=\"og:image\" content=\"http:\/\/edel.fr\/uploads\/2023\/10\/0512516070.png\" \/>\n\t<meta property=\"og:image:width\" content=\"1416\" \/>\n\t<meta property=\"og:image:height\" content=\"672\" \/>\n\t<meta property=\"og:image:type\" content=\"image\/png\" \/>\n<meta name=\"twitter:card\" content=\"summary_large_image\" \/>\n<meta name=\"twitter:label1\" content=\"Est. reading time\" \/>\n\t<meta name=\"twitter:data1\" content=\"1 minute\" \/>\n<script type=\"application\/ld+json\" class=\"yoast-schema-graph\">{\"@context\":\"https:\\\/\\\/schema.org\",\"@graph\":[{\"@type\":\"WebPage\",\"@id\":\"http:\\\/\\\/edel.fr\\\/produit\\\/mecanisme-dembrayage-fiat-someca-350-400-420-450-%e2%88%8512\\\/\",\"url\":\"http:\\\/\\\/edel.fr\\\/produit\\\/mecanisme-dembrayage-fiat-someca-350-400-420-450-%e2%88%8512\\\/\",\"name\":\"M\u00e9canisme d'embrayage Fiat Someca 350 400 420 450 \u220512 - Edel\",\"isPartOf\":{\"@id\":\"https:\\\/\\\/www.edel.fr\\\/en\\\/#website\"},\"primaryImageOfPage\":{\"@id\":\"http:\\\/\\\/edel.fr\\\/produit\\\/mecanisme-dembrayage-fiat-someca-350-400-420-450-%e2%88%8512\\\/#primaryimage\"},\"image\":{\"@id\":\"http:\\\/\\\/edel.fr\\\/produit\\\/mecanisme-dembrayage-fiat-someca-350-400-420-450-%e2%88%8512\\\/#primaryimage\"},\"thumbnailUrl\":\"http:\\\/\\\/www.edel.fr\\\/uploads\\\/2023\\\/10\\\/0512516070.png\",\"datePublished\":\"2023-10-26T14:31:06+00:00\",\"dateModified\":\"2025-11-05T20:05:48+00:00\",\"description\":\"M\u00c9CANISME D\u2019EMBRAYAGE FIAT SOMECA 350 \u2013 400 \u2013 420 \u2013 480 MECANISME DOUBLE - PER\u00c7AGE MECANISME 12MM DISQUE D'AVANCEMENT INTERNE ORGANIQUE \u00d8250 - 14 CANNELURES\",\"breadcrumb\":{\"@id\":\"http:\\\/\\\/edel.fr\\\/produit\\\/mecanisme-dembrayage-fiat-someca-350-400-420-450-%e2%88%8512\\\/#breadcrumb\"},\"inLanguage\":\"en-US\",\"potentialAction\":[{\"@type\":\"ReadAction\",\"target\":[\"http:\\\/\\\/edel.fr\\\/produit\\\/mecanisme-dembrayage-fiat-someca-350-400-420-450-%e2%88%8512\\\/\"]}]},{\"@type\":\"ImageObject\",\"inLanguage\":\"en-US\",\"@id\":\"http:\\\/\\\/edel.fr\\\/produit\\\/mecanisme-dembrayage-fiat-someca-350-400-420-450-%e2%88%8512\\\/#primaryimage\",\"url\":\"http:\\\/\\\/www.edel.fr\\\/uploads\\\/2023\\\/10\\\/0512516070.png\",\"contentUrl\":\"http:\\\/\\\/www.edel.fr\\\/uploads\\\/2023\\\/10\\\/0512516070.png\",\"width\":1416,\"height\":672},{\"@type\":\"BreadcrumbList\",\"@id\":\"http:\\\/\\\/edel.fr\\\/produit\\\/mecanisme-dembrayage-fiat-someca-350-400-420-450-%e2%88%8512\\\/#breadcrumb\",\"itemListElement\":[{\"@type\":\"ListItem\",\"position\":1,\"name\":\"Pi\u00e8ce Tracteur\",\"item\":\"https:\\\/\\\/www.edel.fr\\\/en\\\/\"},{\"@type\":\"ListItem\",\"position\":2,\"name\":\"Toutes nos pi\u00e8ces Tracteur\",\"item\":\"https:\\\/\\\/edel.fr\\\/shop\\\/\"},{\"@type\":\"ListItem\",\"position\":3,\"name\":\"M\u00e9canisme d&#8217;embrayage Fiat Someca 350 400 420 450 \u220512\"}]},{\"@type\":\"WebSite\",\"@id\":\"https:\\\/\\\/www.edel.fr\\\/en\\\/#website\",\"url\":\"https:\\\/\\\/www.edel.fr\\\/en\\\/\",\"name\":\"Edel\",\"description\":\"Pi\u00e8ce d\u00e9tach\u00e9e de Tracteur Agricole\",\"publisher\":{\"@id\":\"https:\\\/\\\/www.edel.fr\\\/en\\\/#organization\"},\"potentialAction\":[{\"@type\":\"SearchAction\",\"target\":{\"@type\":\"EntryPoint\",\"urlTemplate\":\"https:\\\/\\\/www.edel.fr\\\/en\\\/?s={search_term_string}\"},\"query-input\":{\"@type\":\"PropertyValueSpecification\",\"valueRequired\":true,\"valueName\":\"search_term_string\"}}],\"inLanguage\":\"en-US\"},{\"@type\":\"Organization\",\"@id\":\"https:\\\/\\\/www.edel.fr\\\/en\\\/#organization\",\"name\":\"Edel\",\"url\":\"https:\\\/\\\/www.edel.fr\\\/en\\\/\",\"logo\":{\"@type\":\"ImageObject\",\"inLanguage\":\"en-US\",\"@id\":\"https:\\\/\\\/www.edel.fr\\\/en\\\/#\\\/schema\\\/logo\\\/image\\\/\",\"url\":\"https:\\\/\\\/www.edel.fr\\\/uploads\\\/2018\\\/11\\\/logo-edel.png\",\"contentUrl\":\"https:\\\/\\\/www.edel.fr\\\/uploads\\\/2018\\\/11\\\/logo-edel.png\",\"width\":257,\"height\":68,\"caption\":\"Edel\"},\"image\":{\"@id\":\"https:\\\/\\\/www.edel.fr\\\/en\\\/#\\\/schema\\\/logo\\\/image\\\/\"}}]}<\/script>\n<!-- \/ Yoast SEO plugin. -->","yoast_head_json":{"title":"M\u00e9canisme d'embrayage Fiat Someca 350 400 420 450 \u220512 - Edel","description":"M\u00c9CANISME D\u2019EMBRAYAGE FIAT SOMECA 350 \u2013 400 \u2013 420 \u2013 480 MECANISME DOUBLE - PER\u00c7AGE MECANISME 12MM DISQUE D'AVANCEMENT INTERNE ORGANIQUE \u00d8250 - 14 CANNELURES","robots":{"index":"index","follow":"follow","max-snippet":"max-snippet:-1","max-image-preview":"max-image-preview:large","max-video-preview":"max-video-preview:-1"},"canonical":"http:\/\/edel.fr\/produit\/mecanisme-dembrayage-fiat-someca-350-400-420-450-\u220512\/","og_locale":"en_US","og_type":"article","og_title":"M\u00e9canisme d'embrayage Fiat Someca 350 400 420 450 \u220512 - Edel","og_description":"M\u00c9CANISME D\u2019EMBRAYAGE FIAT SOMECA 350 \u2013 400 \u2013 420 \u2013 480 MECANISME DOUBLE - PER\u00c7AGE MECANISME 12MM DISQUE D'AVANCEMENT INTERNE ORGANIQUE \u00d8250 - 14 CANNELURES","og_url":"http:\/\/edel.fr\/produit\/mecanisme-dembrayage-fiat-someca-350-400-420-450-\u220512\/","og_site_name":"Edel","article_modified_time":"2025-11-05T20:05:48+00:00","og_image":[{"width":1416,"height":672,"url":"http:\/\/edel.fr\/uploads\/2023\/10\/0512516070.png","type":"image\/png"}],"twitter_card":"summary_large_image","twitter_misc":{"Est. reading time":"1 minute"},"schema":{"@context":"https:\/\/schema.org","@graph":[{"@type":"WebPage","@id":"http:\/\/edel.fr\/produit\/mecanisme-dembrayage-fiat-someca-350-400-420-450-%e2%88%8512\/","url":"http:\/\/edel.fr\/produit\/mecanisme-dembrayage-fiat-someca-350-400-420-450-%e2%88%8512\/","name":"M\u00e9canisme d'embrayage Fiat Someca 350 400 420 450 \u220512 - Edel","isPartOf":{"@id":"https:\/\/www.edel.fr\/en\/#website"},"primaryImageOfPage":{"@id":"http:\/\/edel.fr\/produit\/mecanisme-dembrayage-fiat-someca-350-400-420-450-%e2%88%8512\/#primaryimage"},"image":{"@id":"http:\/\/edel.fr\/produit\/mecanisme-dembrayage-fiat-someca-350-400-420-450-%e2%88%8512\/#primaryimage"},"thumbnailUrl":"http:\/\/www.edel.fr\/uploads\/2023\/10\/0512516070.png","datePublished":"2023-10-26T14:31:06+00:00","dateModified":"2025-11-05T20:05:48+00:00","description":"M\u00c9CANISME D\u2019EMBRAYAGE FIAT SOMECA 350 \u2013 400 \u2013 420 \u2013 480 MECANISME DOUBLE - PER\u00c7AGE MECANISME 12MM DISQUE D'AVANCEMENT INTERNE ORGANIQUE \u00d8250 - 14 CANNELURES","breadcrumb":{"@id":"http:\/\/edel.fr\/produit\/mecanisme-dembrayage-fiat-someca-350-400-420-450-%e2%88%8512\/#breadcrumb"},"inLanguage":"en-US","potentialAction":[{"@type":"ReadAction","target":["http:\/\/edel.fr\/produit\/mecanisme-dembrayage-fiat-someca-350-400-420-450-%e2%88%8512\/"]}]},{"@type":"ImageObject","inLanguage":"en-US","@id":"http:\/\/edel.fr\/produit\/mecanisme-dembrayage-fiat-someca-350-400-420-450-%e2%88%8512\/#primaryimage","url":"http:\/\/www.edel.fr\/uploads\/2023\/10\/0512516070.png","contentUrl":"http:\/\/www.edel.fr\/uploads\/2023\/10\/0512516070.png","width":1416,"height":672},{"@type":"BreadcrumbList","@id":"http:\/\/edel.fr\/produit\/mecanisme-dembrayage-fiat-someca-350-400-420-450-%e2%88%8512\/#breadcrumb","itemListElement":[{"@type":"ListItem","position":1,"name":"Pi\u00e8ce Tracteur","item":"https:\/\/www.edel.fr\/en\/"},{"@type":"ListItem","position":2,"name":"Toutes nos pi\u00e8ces Tracteur","item":"https:\/\/edel.fr\/shop\/"},{"@type":"ListItem","position":3,"name":"M\u00e9canisme d&#8217;embrayage Fiat Someca 350 400 420 450 \u220512"}]},{"@type":"WebSite","@id":"https:\/\/www.edel.fr\/en\/#website","url":"https:\/\/www.edel.fr\/en\/","name":"Edel","description":"Pi\u00e8ce d\u00e9tach\u00e9e de Tracteur Agricole","publisher":{"@id":"https:\/\/www.edel.fr\/en\/#organization"},"potentialAction":[{"@type":"SearchAction","target":{"@type":"EntryPoint","urlTemplate":"https:\/\/www.edel.fr\/en\/?s={search_term_string}"},"query-input":{"@type":"PropertyValueSpecification","valueRequired":true,"valueName":"search_term_string"}}],"inLanguage":"en-US"},{"@type":"Organization","@id":"https:\/\/www.edel.fr\/en\/#organization","name":"Edel","url":"https:\/\/www.edel.fr\/en\/","logo":{"@type":"ImageObject","inLanguage":"en-US","@id":"https:\/\/www.edel.fr\/en\/#\/schema\/logo\/image\/","url":"https:\/\/www.edel.fr\/uploads\/2018\/11\/logo-edel.png","contentUrl":"https:\/\/www.edel.fr\/uploads\/2018\/11\/logo-edel.png","width":257,"height":68,"caption":"Edel"},"image":{"@id":"https:\/\/www.edel.fr\/en\/#\/schema\/logo\/image\/"}}]}},"_links":{"self":[{"href":"http:\/\/www.edel.fr\/en\/wp-json\/wp\/v2\/product\/16352","targetHints":{"allow":["GET"]}}],"collection":[{"href":"http:\/\/www.edel.fr\/en\/wp-json\/wp\/v2\/product"}],"about":[{"href":"http:\/\/www.edel.fr\/en\/wp-json\/wp\/v2\/types\/product"}],"version-history":[{"count":3,"href":"http:\/\/www.edel.fr\/en\/wp-json\/wp\/v2\/product\/16352\/revisions"}],"predecessor-version":[{"id":16373,"href":"http:\/\/www.edel.fr\/en\/wp-json\/wp\/v2\/product\/16352\/revisions\/16373"}],"wp:featuredmedia":[{"embeddable":true,"href":"http:\/\/www.edel.fr\/en\/wp-json\/wp\/v2\/media\/16344"}],"wp:attachment":[{"href":"http:\/\/www.edel.fr\/en\/wp-json\/wp\/v2\/media?parent=16352"}],"wp:term":[{"taxonomy":"product_brand","embeddable":true,"href":"http:\/\/www.edel.fr\/en\/wp-json\/wp\/v2\/product_brand?post=16352"},{"taxonomy":"product_cat","embeddable":true,"href":"http:\/\/www.edel.fr\/en\/wp-json\/wp\/v2\/product_cat?post=16352"},{"taxonomy":"product_tag","embeddable":true,"href":"http:\/\/www.edel.fr\/en\/wp-json\/wp\/v2\/product_tag?post=16352"},{"taxonomy":"tracteur","embeddable":true,"href":"http:\/\/www.edel.fr\/en\/wp-json\/wp\/v2\/tracteur?post=16352"}],"curies":[{"name":"wp","href":"https:\/\/api.w.org\/{rel}","templated":true}]}}