{"id":15233,"date":"2023-01-05T16:50:01","date_gmt":"2023-01-05T15:50:01","guid":{"rendered":"https:\/\/www.edel.fr\/embrayage-poclain-salev-60-p-75-p-85-p\/"},"modified":"2025-12-25T02:00:20","modified_gmt":"2025-12-25T01:00:20","slug":"embrayage-poclain-salev-60-p-75-p-85-p","status":"publish","type":"product","link":"http:\/\/www.edel.fr\/en\/product\/embrayage-poclain-salev-60-p-75-p-85-p\/","title":{"rendered":"Embrayage Poclain Salev 11 LF &#8211; 60 P 75 P 85 P Tracteur"},"content":{"rendered":"<div data-elementor-type=\"wp-post\" data-elementor-id=\"15233\" class=\"elementor elementor-15233\">\n\t\t\t\t\t\t<section class=\"elementor-section elementor-top-section elementor-element elementor-element-6d542b38 elementor-section-boxed elementor-section-height-default elementor-section-height-default\" data-id=\"6d542b38\" data-element_type=\"section\" data-e-type=\"section\">\n\t\t\t\t\t\t<div class=\"elementor-container elementor-column-gap-default\">\n\t\t\t\t\t<div class=\"elementor-column elementor-col-100 elementor-top-column elementor-element elementor-element-59556b0c\" data-id=\"59556b0c\" data-element_type=\"column\" data-e-type=\"column\">\n\t\t\t<div class=\"elementor-widget-wrap elementor-element-populated\">\n\t\t\t\t\t\t<div class=\"elementor-element elementor-element-6fb83a58 elementor-widget elementor-widget-text-editor\" data-id=\"6fb83a58\" data-element_type=\"widget\" data-e-type=\"widget\" data-widget_type=\"text-editor.default\">\n\t\t\t\t<div class=\"elementor-widget-container\">\n\t\t\t\t\t\t\t\t\t<p><span style=\"font-size: 16.0pt;color: #0087d0\">MECANISME EMBRAYAGE POCLAIN \/ SALEV\u00a0<\/span><\/p><p><span style=\"color: #0087d0;font-size: 16pt;text-align: justify\">M\u00c9CANISME SIMPLE A 3 LEVIERS &#8211; TYPE 11LF\u00a0<\/span><span style=\"color: #0087d0;font-size: 16pt;text-align: justify\">\u00d8 275 mm<\/span><\/p><p><span style=\"color: #0087d0;font-size: 16pt;text-align: justify\">REFERENCE ORIGINE CASE IH POCLAIN X1043025<\/span><\/p><p>M\u00e9canisme pour \u00e9l\u00e9vateur ou engin de T.P. de marque Poclain, Salev ou autre&#8230;\u00a0<\/p><p>Pour s\u00e9ries P 60, 70, 80&#8230;<\/p><p>\u00a0<\/p><p style=\"text-align: justify;background-image: initial;background-position: initial;background-size: initial;background-attachment: initial\"><span style=\"font-size: 11.5pt\">Pour un kit d\u2019embrayage complet, montage avec<\/span><span style=\"font-size: 11.5pt;font-family: 'Cambria',serif\">\u00a0<\/span><span style=\"font-size: 11.5pt\">:<\/span><span style=\"font-size: 7pt;text-indent: -18pt\">\u00a0 \u00a0 \u00a0<\/span><\/p><p style=\"margin-bottom: 18.0pt;text-align: justify;text-indent: -18.0pt;background-image: initial;background-position: initial;background-size: initial;background-attachment: initial\"><span style=\"font-size: 11.5pt\">\u00a0 \u00a0 \u00a0 &#8211; le disque d&rsquo;avancement\u00a0<\/span><a href=\"https:\/\/www.edel.fr\/en\/disque-dembrayage-cera-poclain-28-x-35-275-10-can\/\" target=\"_blank\" rel=\"noopener\">1422730616<\/a><span style=\"font-size: 11.5pt\">\u00a0<b>c\u00e9rametallique 275 mm 10 cannelures<\/b><\/span><\/p><p style=\"margin-bottom: 18.0pt;text-align: justify;text-indent: -18.0pt;background-image: initial;background-position: initial;background-size: initial;background-attachment: initial\"><b><span style=\"font-size: 11.5pt\">\u00a0 \u00a0 \u00a0 \u00a0 \u00a0 \u00a0 \u00a0 \u00a0 \u00a0 \u00a0 \u00a0 \u00a0 \u00a0 \u00a0 \u00a0 \u00a0 \u00a0 \u00a0 \u00a0 \u00a0 \u00a0 \u00a0 \u00a0 \u00a0 \u00a0 \u00a0 \u00a0 \u00a0 \u00a0 \u00a0 \u00a0 \u00a0 \u00a0 \u00a0 \u00a0 \u00a0 \u00a0 \u00a0 \u00a0 \u00a0 \u00a0 \u00a0 \u00a0 \u00a0ou<\/span><\/b><\/p><p style=\"margin-bottom: 18.0pt;text-align: justify;text-indent: -18.0pt;background-image: initial;background-position: initial;background-size: initial;background-attachment: initial\"><span style=\"font-size: 11.5pt\">\u00a0 \u00a0 \u00a0 &#8211; le disque d&rsquo;avancement\u00a0<\/span><a href=\"https:\/\/www.edel.fr\/en\/disque-dembrayage-28-x-35-av-cera-poclain-275-10-can\/\" target=\"_blank\" rel=\"noopener\">1422730617<\/a><span style=\"font-size: 11.5pt\">\u00a0<b>organique 275 mm 10 cannelures<\/b><\/span><span style=\"font-size: 7pt;text-indent: -18pt\">\u00a0 \u00a0<\/span><\/p><p style=\"margin-bottom: 18.0pt;text-align: justify;text-indent: -18.0pt;background-image: initial;background-position: initial;background-size: initial;background-attachment: initial\"><span style=\"font-size: 11.5pt\">\u00a0 \u00a0 \u00a0 &#8211; la but\u00e9e\u00a0<\/span><a href=\"https:\/\/www.edel.fr\/en\/butee-dembrayage-same-deutz-kramer-steinbock-55x91x25\/\" target=\"_blank\" rel=\"noopener\">20301380<\/a>\u00a0&#8211;<strong> 55 x 91 x 25 &#8211; A contr\u00f4ler<\/strong><\/p><p style=\"margin-bottom: 18.0pt;text-align: justify;text-indent: -18.0pt;background-image: initial;background-position: initial;background-size: initial;background-attachment: initial\"><span style=\"font-size: 11.5pt;color: black\">\u00a0 \u00a0 \u00a0 <\/span><span style=\"font-size: 11.5pt\">&#8211; le roulement pilote\u00a0<\/span><a href=\"https:\/\/www.edel.fr\/en\/roulement-pilote-fag-6304-2rs-20-x-52-x-15-tracteur-agricole\/\" target=\"_blank\" rel=\"noopener\">RP 17<\/a> &#8211; <strong>20x52x15 &#8211; A contr\u00f4ler<\/strong><\/p><p style=\"margin-bottom: 18.0pt;text-align: justify;text-indent: -18.0pt;background-image: initial;background-position: initial;background-size: initial;background-attachment: initial\">\u00a0 \u00a0 \u00a0 \u00a0Autres montages de disques, but\u00e9es ou roulement pilote disponible sur demande.<\/p><p style=\"margin-bottom: 18.0pt;text-align: justify;text-indent: -18.0pt;background-image: initial;background-position: initial;background-size: initial;background-attachment: initial\">\u00a0 \u00a0 \u00a0 \u00a0Nous contacter<\/p><p style=\"margin-bottom: 18.0pt;text-align: justify;text-indent: -18.0pt;background-image: initial;background-position: initial;background-size: initial;background-attachment: initial\">\u00a0<\/p><p style=\"margin-bottom: 18.0pt;text-align: justify;text-indent: -18.0pt;background-image: initial;background-position: initial;background-size: initial;background-attachment: initial\">\u00a0<\/p><p style=\"margin-bottom: 18.0pt;text-align: justify;text-indent: -18.0pt;background-image: initial;background-position: initial;background-size: initial;background-attachment: initial\">\u00a0<\/p><p>Votre\u00a0m\u00e9canisme d\u2019embrayage\u00a0est compos\u00e9 d\u2019un carter m\u00e9tallique circulaire comprenant des leviers ou un diaphragme, de ressorts ou d\u2019une rondelle belleville. Il peut \u00eatre de forme circulaire, triangulaire ou encore conique selon le mod\u00e8le. Il a pour r\u00f4le de comprimer ou lib\u00e9rer le\u00a0disque d\u2019embrayage\u00a0sur le\u00a0volant moteur, afin de transmettre le mouvement du moteur \u00e0 la bo\u00eete de vitesses.\u00a0<\/p><p>Pour\u00a0choisir le m\u00e9canisme qui s\u2019adapte parfaitement \u00e0 votre tracteur.\u00a0Il faut se fier au mod\u00e8le et \u00e0 la marque de votre engin. Mais aussi au diam\u00e8tre et au nombre de cannelures de votre m\u00e9canisme. Le m\u00e9canisme d\u2019embrayage fait partie des pi\u00e8ces indispensables au bon fonctionnement de votre tracteur agricole. Il permet de transmettre la puissance entre le moteur et la transmission de votre tracteur. Si ce m\u00e9canisme vient \u00e0 \u00eatre endommag\u00e9, le fonctionnement de votre tracteur en sera d\u00e9t\u00e9rior\u00e9.\u00a0<\/p><p>Chez Edel Shop, nous vous proposons une gamme compl\u00e8te de m\u00e9canismes d\u2019embrayage pour tracteur agricole compatibles avec des v\u00e9hicules IHC, FORD, Renault, Fiat, Manitou, Valtra ou encore Deutz.<\/p>\t\t\t\t\t\t\t\t<\/div>\n\t\t\t\t<\/div>\n\t\t\t\t\t<\/div>\n\t\t<\/div>\n\t\t\t\t\t<\/div>\n\t\t<\/section>\n\t\t\t\t<\/div>","protected":false},"excerpt":{"rendered":"<h5><strong>EMBRAYAGE SIMPLE \u00d8 275\u00a0<\/strong><\/h5>\n<h5><\/h5>","protected":false},"featured_media":15456,"template":"","meta":[],"product_brand":[],"product_cat":[125,4059,119,120],"product_tag":[2497],"tracteur":[],"class_list":{"0":"post-15233","1":"product","2":"type-product","3":"status-publish","4":"has-post-thumbnail","6":"product_cat-mecanismes-embrayage","7":"product_cat-poclain-mecanismes-embrayage","8":"product_cat-tracteurs-agricoles","9":"product_cat-transmissions","10":"product_tag-mecanisme-dembrayage","11":"product_shipping_class-142","12":"badges-style-2","14":"first","15":"instock","16":"taxable","17":"shipping-taxable","18":"purchasable","19":"product-type-simple"},"acf":[],"yoast_head":"<!-- This site is optimized with the Yoast SEO plugin v27.3 - https:\/\/yoast.com\/product\/yoast-seo-wordpress\/ -->\n<title>Embrayage Poclain Salev 11 LF - 60 P 75 P 85 P Tracteur - Edel<\/title>\n<meta name=\"robots\" content=\"index, follow, max-snippet:-1, max-image-preview:large, max-video-preview:-1\" \/>\n<link rel=\"canonical\" href=\"https:\/\/edel.fr\/produit\/embrayage-poclain-salev-60-p-75-p-85-p\/\" \/>\n<meta property=\"og:locale\" content=\"en_US\" \/>\n<meta property=\"og:type\" content=\"article\" \/>\n<meta property=\"og:title\" content=\"Embrayage Poclain Salev 11 LF - 60 P 75 P 85 P Tracteur - Edel\" \/>\n<meta property=\"og:description\" content=\"EMBRAYAGE SIMPLE \u00d8 275\u00a0\" \/>\n<meta property=\"og:url\" content=\"https:\/\/edel.fr\/produit\/embrayage-poclain-salev-60-p-75-p-85-p\/\" \/>\n<meta property=\"og:site_name\" content=\"Edel\" \/>\n<meta property=\"article:modified_time\" content=\"2025-12-25T01:00:20+00:00\" \/>\n<meta property=\"og:image\" content=\"https:\/\/edel.fr\/uploads\/2023\/01\/EDEL-SHOP-1412719517.jpg\" \/>\n\t<meta property=\"og:image:width\" content=\"2126\" \/>\n\t<meta property=\"og:image:height\" content=\"2126\" \/>\n\t<meta property=\"og:image:type\" content=\"image\/jpeg\" \/>\n<meta name=\"twitter:card\" content=\"summary_large_image\" \/>\n<meta name=\"twitter:label1\" content=\"Est. reading time\" \/>\n\t<meta name=\"twitter:data1\" content=\"2 minutes\" \/>\n<script type=\"application\/ld+json\" class=\"yoast-schema-graph\">{\"@context\":\"https:\\\/\\\/schema.org\",\"@graph\":[{\"@type\":\"WebPage\",\"@id\":\"https:\\\/\\\/edel.fr\\\/produit\\\/embrayage-poclain-salev-60-p-75-p-85-p\\\/\",\"url\":\"https:\\\/\\\/edel.fr\\\/produit\\\/embrayage-poclain-salev-60-p-75-p-85-p\\\/\",\"name\":\"Embrayage Poclain Salev 11 LF - 60 P 75 P 85 P Tracteur - Edel\",\"isPartOf\":{\"@id\":\"https:\\\/\\\/www.edel.fr\\\/en\\\/#website\"},\"primaryImageOfPage\":{\"@id\":\"https:\\\/\\\/edel.fr\\\/produit\\\/embrayage-poclain-salev-60-p-75-p-85-p\\\/#primaryimage\"},\"image\":{\"@id\":\"https:\\\/\\\/edel.fr\\\/produit\\\/embrayage-poclain-salev-60-p-75-p-85-p\\\/#primaryimage\"},\"thumbnailUrl\":\"http:\\\/\\\/www.edel.fr\\\/uploads\\\/2023\\\/01\\\/EDEL-SHOP-1412719517.jpg\",\"datePublished\":\"2023-01-05T15:50:01+00:00\",\"dateModified\":\"2025-12-25T01:00:20+00:00\",\"breadcrumb\":{\"@id\":\"https:\\\/\\\/edel.fr\\\/produit\\\/embrayage-poclain-salev-60-p-75-p-85-p\\\/#breadcrumb\"},\"inLanguage\":\"en-US\",\"potentialAction\":[{\"@type\":\"ReadAction\",\"target\":[\"https:\\\/\\\/edel.fr\\\/produit\\\/embrayage-poclain-salev-60-p-75-p-85-p\\\/\"]}]},{\"@type\":\"ImageObject\",\"inLanguage\":\"en-US\",\"@id\":\"https:\\\/\\\/edel.fr\\\/produit\\\/embrayage-poclain-salev-60-p-75-p-85-p\\\/#primaryimage\",\"url\":\"http:\\\/\\\/www.edel.fr\\\/uploads\\\/2023\\\/01\\\/EDEL-SHOP-1412719517.jpg\",\"contentUrl\":\"http:\\\/\\\/www.edel.fr\\\/uploads\\\/2023\\\/01\\\/EDEL-SHOP-1412719517.jpg\",\"width\":2126,\"height\":2126,\"caption\":\"Embrayage Poclain Salev 60 P 75 P 85 P\"},{\"@type\":\"BreadcrumbList\",\"@id\":\"https:\\\/\\\/edel.fr\\\/produit\\\/embrayage-poclain-salev-60-p-75-p-85-p\\\/#breadcrumb\",\"itemListElement\":[{\"@type\":\"ListItem\",\"position\":1,\"name\":\"Pi\u00e8ce Tracteur\",\"item\":\"https:\\\/\\\/www.edel.fr\\\/en\\\/\"},{\"@type\":\"ListItem\",\"position\":2,\"name\":\"Toutes nos pi\u00e8ces Tracteur\",\"item\":\"https:\\\/\\\/edel.fr\\\/shop\\\/\"},{\"@type\":\"ListItem\",\"position\":3,\"name\":\"Embrayage Poclain Salev 11 LF &#8211; 60 P 75 P 85 P Tracteur\"}]},{\"@type\":\"WebSite\",\"@id\":\"https:\\\/\\\/www.edel.fr\\\/en\\\/#website\",\"url\":\"https:\\\/\\\/www.edel.fr\\\/en\\\/\",\"name\":\"Edel\",\"description\":\"Pi\u00e8ce d\u00e9tach\u00e9e de Tracteur Agricole\",\"publisher\":{\"@id\":\"https:\\\/\\\/www.edel.fr\\\/en\\\/#organization\"},\"potentialAction\":[{\"@type\":\"SearchAction\",\"target\":{\"@type\":\"EntryPoint\",\"urlTemplate\":\"https:\\\/\\\/www.edel.fr\\\/en\\\/?s={search_term_string}\"},\"query-input\":{\"@type\":\"PropertyValueSpecification\",\"valueRequired\":true,\"valueName\":\"search_term_string\"}}],\"inLanguage\":\"en-US\"},{\"@type\":\"Organization\",\"@id\":\"https:\\\/\\\/www.edel.fr\\\/en\\\/#organization\",\"name\":\"Edel\",\"url\":\"https:\\\/\\\/www.edel.fr\\\/en\\\/\",\"logo\":{\"@type\":\"ImageObject\",\"inLanguage\":\"en-US\",\"@id\":\"https:\\\/\\\/www.edel.fr\\\/en\\\/#\\\/schema\\\/logo\\\/image\\\/\",\"url\":\"https:\\\/\\\/www.edel.fr\\\/uploads\\\/2018\\\/11\\\/logo-edel.png\",\"contentUrl\":\"https:\\\/\\\/www.edel.fr\\\/uploads\\\/2018\\\/11\\\/logo-edel.png\",\"width\":257,\"height\":68,\"caption\":\"Edel\"},\"image\":{\"@id\":\"https:\\\/\\\/www.edel.fr\\\/en\\\/#\\\/schema\\\/logo\\\/image\\\/\"}}]}<\/script>\n<!-- \/ Yoast SEO plugin. -->","yoast_head_json":{"title":"Embrayage Poclain Salev 11 LF - 60 P 75 P 85 P Tracteur - Edel","robots":{"index":"index","follow":"follow","max-snippet":"max-snippet:-1","max-image-preview":"max-image-preview:large","max-video-preview":"max-video-preview:-1"},"canonical":"https:\/\/edel.fr\/produit\/embrayage-poclain-salev-60-p-75-p-85-p\/","og_locale":"en_US","og_type":"article","og_title":"Embrayage Poclain Salev 11 LF - 60 P 75 P 85 P Tracteur - Edel","og_description":"EMBRAYAGE SIMPLE \u00d8 275\u00a0","og_url":"https:\/\/edel.fr\/produit\/embrayage-poclain-salev-60-p-75-p-85-p\/","og_site_name":"Edel","article_modified_time":"2025-12-25T01:00:20+00:00","og_image":[{"width":2126,"height":2126,"url":"https:\/\/edel.fr\/uploads\/2023\/01\/EDEL-SHOP-1412719517.jpg","type":"image\/jpeg"}],"twitter_card":"summary_large_image","twitter_misc":{"Est. reading time":"2 minutes"},"schema":{"@context":"https:\/\/schema.org","@graph":[{"@type":"WebPage","@id":"https:\/\/edel.fr\/produit\/embrayage-poclain-salev-60-p-75-p-85-p\/","url":"https:\/\/edel.fr\/produit\/embrayage-poclain-salev-60-p-75-p-85-p\/","name":"Embrayage Poclain Salev 11 LF - 60 P 75 P 85 P Tracteur - Edel","isPartOf":{"@id":"https:\/\/www.edel.fr\/en\/#website"},"primaryImageOfPage":{"@id":"https:\/\/edel.fr\/produit\/embrayage-poclain-salev-60-p-75-p-85-p\/#primaryimage"},"image":{"@id":"https:\/\/edel.fr\/produit\/embrayage-poclain-salev-60-p-75-p-85-p\/#primaryimage"},"thumbnailUrl":"http:\/\/www.edel.fr\/uploads\/2023\/01\/EDEL-SHOP-1412719517.jpg","datePublished":"2023-01-05T15:50:01+00:00","dateModified":"2025-12-25T01:00:20+00:00","breadcrumb":{"@id":"https:\/\/edel.fr\/produit\/embrayage-poclain-salev-60-p-75-p-85-p\/#breadcrumb"},"inLanguage":"en-US","potentialAction":[{"@type":"ReadAction","target":["https:\/\/edel.fr\/produit\/embrayage-poclain-salev-60-p-75-p-85-p\/"]}]},{"@type":"ImageObject","inLanguage":"en-US","@id":"https:\/\/edel.fr\/produit\/embrayage-poclain-salev-60-p-75-p-85-p\/#primaryimage","url":"http:\/\/www.edel.fr\/uploads\/2023\/01\/EDEL-SHOP-1412719517.jpg","contentUrl":"http:\/\/www.edel.fr\/uploads\/2023\/01\/EDEL-SHOP-1412719517.jpg","width":2126,"height":2126,"caption":"Embrayage Poclain Salev 60 P 75 P 85 P"},{"@type":"BreadcrumbList","@id":"https:\/\/edel.fr\/produit\/embrayage-poclain-salev-60-p-75-p-85-p\/#breadcrumb","itemListElement":[{"@type":"ListItem","position":1,"name":"Pi\u00e8ce Tracteur","item":"https:\/\/www.edel.fr\/en\/"},{"@type":"ListItem","position":2,"name":"Toutes nos pi\u00e8ces Tracteur","item":"https:\/\/edel.fr\/shop\/"},{"@type":"ListItem","position":3,"name":"Embrayage Poclain Salev 11 LF &#8211; 60 P 75 P 85 P Tracteur"}]},{"@type":"WebSite","@id":"https:\/\/www.edel.fr\/en\/#website","url":"https:\/\/www.edel.fr\/en\/","name":"Edel","description":"Pi\u00e8ce d\u00e9tach\u00e9e de Tracteur Agricole","publisher":{"@id":"https:\/\/www.edel.fr\/en\/#organization"},"potentialAction":[{"@type":"SearchAction","target":{"@type":"EntryPoint","urlTemplate":"https:\/\/www.edel.fr\/en\/?s={search_term_string}"},"query-input":{"@type":"PropertyValueSpecification","valueRequired":true,"valueName":"search_term_string"}}],"inLanguage":"en-US"},{"@type":"Organization","@id":"https:\/\/www.edel.fr\/en\/#organization","name":"Edel","url":"https:\/\/www.edel.fr\/en\/","logo":{"@type":"ImageObject","inLanguage":"en-US","@id":"https:\/\/www.edel.fr\/en\/#\/schema\/logo\/image\/","url":"https:\/\/www.edel.fr\/uploads\/2018\/11\/logo-edel.png","contentUrl":"https:\/\/www.edel.fr\/uploads\/2018\/11\/logo-edel.png","width":257,"height":68,"caption":"Edel"},"image":{"@id":"https:\/\/www.edel.fr\/en\/#\/schema\/logo\/image\/"}}]}},"_links":{"self":[{"href":"http:\/\/www.edel.fr\/en\/wp-json\/wp\/v2\/product\/15233","targetHints":{"allow":["GET"]}}],"collection":[{"href":"http:\/\/www.edel.fr\/en\/wp-json\/wp\/v2\/product"}],"about":[{"href":"http:\/\/www.edel.fr\/en\/wp-json\/wp\/v2\/types\/product"}],"version-history":[{"count":2,"href":"http:\/\/www.edel.fr\/en\/wp-json\/wp\/v2\/product\/15233\/revisions"}],"predecessor-version":[{"id":16863,"href":"http:\/\/www.edel.fr\/en\/wp-json\/wp\/v2\/product\/15233\/revisions\/16863"}],"wp:featuredmedia":[{"embeddable":true,"href":"http:\/\/www.edel.fr\/en\/wp-json\/wp\/v2\/media\/15456"}],"wp:attachment":[{"href":"http:\/\/www.edel.fr\/en\/wp-json\/wp\/v2\/media?parent=15233"}],"wp:term":[{"taxonomy":"product_brand","embeddable":true,"href":"http:\/\/www.edel.fr\/en\/wp-json\/wp\/v2\/product_brand?post=15233"},{"taxonomy":"product_cat","embeddable":true,"href":"http:\/\/www.edel.fr\/en\/wp-json\/wp\/v2\/product_cat?post=15233"},{"taxonomy":"product_tag","embeddable":true,"href":"http:\/\/www.edel.fr\/en\/wp-json\/wp\/v2\/product_tag?post=15233"},{"taxonomy":"tracteur","embeddable":true,"href":"http:\/\/www.edel.fr\/en\/wp-json\/wp\/v2\/tracteur?post=15233"}],"curies":[{"name":"wp","href":"https:\/\/api.w.org\/{rel}","templated":true}]}}