{"id":15231,"date":"2023-01-05T16:50:00","date_gmt":"2023-01-05T15:50:00","guid":{"rendered":"https:\/\/www.edel.fr\/embrayage-massey-ferguson-135-140-148-152\/"},"modified":"2026-03-13T02:02:40","modified_gmt":"2026-03-13T01:02:40","slug":"embrayage-massey-ferguson-135-140-148-152","status":"publish","type":"product","link":"http:\/\/www.edel.fr\/en\/product\/embrayage-massey-ferguson-135-140-148-152\/","title":{"rendered":"Embrayage Massey Ferguson 135 140 148 152"},"content":{"rendered":"<div data-elementor-type=\"wp-post\" data-elementor-id=\"15231\" class=\"elementor elementor-15231\">\n\t\t\t\t\t\t<section class=\"elementor-section elementor-top-section elementor-element elementor-element-3a05ae6a elementor-section-boxed elementor-section-height-default elementor-section-height-default\" data-id=\"3a05ae6a\" data-element_type=\"section\" data-e-type=\"section\">\n\t\t\t\t\t\t<div class=\"elementor-container elementor-column-gap-default\">\n\t\t\t\t\t<div class=\"elementor-column elementor-col-100 elementor-top-column elementor-element elementor-element-6e5aa168\" data-id=\"6e5aa168\" data-element_type=\"column\" data-e-type=\"column\">\n\t\t\t<div class=\"elementor-widget-wrap elementor-element-populated\">\n\t\t\t\t\t\t<div class=\"elementor-element elementor-element-5a7998c0 elementor-widget elementor-widget-text-editor\" data-id=\"5a7998c0\" data-element_type=\"widget\" data-e-type=\"widget\" data-widget_type=\"text-editor.default\">\n\t\t\t\t<div class=\"elementor-widget-container\">\n\t\t\t\t\t\t\t\t\t<p><span style=\"font-size: 16.0pt;color: #0087d0\">MECANISME EMBRAYAGE MASSEY FERGUSSON<\/span><\/p>\n<p style=\"margin-bottom: 0cm;text-align: justify\"><span style=\"font-size: 16.0pt;color: #0087d0\">M\u00c9CANISME DOUBLE AVEC&nbsp;DISQUE DE PRISE DE FORCE ORGANIQUE<\/span><\/p>\n<p style=\"margin-bottom: 0cm;text-align: justify\"><span style=\"font-size: 16.0pt;color: #0087d0\">&nbsp;<\/span><\/p>\n<p style=\"margin-bottom: 0cm;text-align: justify\"><span style=\"font-size: 16.0pt;color: #0087d0\">\u00d8 300 mm \u2013 DISQUE INTERNE 25 CANNELURES<\/span><\/p>\n<p style=\"margin-bottom: 0cm\"><span style=\"font-size: 15.0pt;color: black\">&nbsp;<\/span><\/p>\n<p style=\"margin-bottom: 18.0pt;text-align: justify;background-image: initial;background-position: initial;background-size: initial;background-attachment: initial\"><span style=\"font-size: 11.5pt\">M\u00e9canisme pour tracteurs de la marque Massey Fergusson <b>AVEC MOTEUR 3 CYLINDRES<\/b><\/span><\/p>\n<p style=\"margin-bottom: 18.0pt;text-align: justify;background-image: initial;background-position: initial;background-size: initial;background-attachment: initial\"><span style=\"font-size: 11.5pt\">Pour tracteurs Massey Fergusson&nbsp;<\/span><span style=\"font-size: 15.3333px\">135, 140, 148, 152, 158, 168, 188, 275<\/span><\/p>\n<p style=\"margin-bottom: 18.0pt;text-align: justify;background-image: initial;background-position: initial;background-size: initial;background-attachment: initial\">Ce m\u00e9canisme existe \u00e9galement :<\/p>\n<p style=\"margin-bottom: 18.0pt;text-align: justify;background-image: initial;background-position: initial;background-size: initial;background-attachment: initial\">-avec un disque interne de prise de force en 10 cannelures 1213021640&nbsp;<\/p>\n<p style=\"margin-bottom: 18.0pt;text-align: justify;background-image: initial;background-position: initial;background-size: initial;background-attachment: initial\">-avec un moyeux interne fixe de prise de force en 25 cannelures 1213015340<\/p>\n<p style=\"margin-bottom: 18.0pt;text-align: justify;background-image: initial;background-position: initial;background-size: initial;background-attachment: initial\">-avec un moyeux interne fixe de prise de force en 10 cannelures 1213015240<\/p>\n<p style=\"margin-bottom: 18.0pt;text-align: justify;background-image: initial;background-position: initial;background-size: initial;background-attachment: initial\"><br><\/p>\n<p style=\"margin-bottom: 18.0pt;text-align: justify;background-image: initial;background-position: initial;background-size: initial;background-attachment: initial\">\n<\/p><p style=\"text-align: justify;background-image: initial;background-position: initial;background-size: initial;background-attachment: initial\"><span style=\"font-size: 11.5pt\">Pour un kit d\u2019embrayage complet, montage avec<\/span><span style=\"font-size: 11.5pt;font-family: 'Cambria',serif\">&nbsp;<\/span><span style=\"font-size: 11.5pt\">:<\/span><span style=\"font-size: 7pt;text-indent: -18pt\">&nbsp; &nbsp; &nbsp;&nbsp;<\/span><\/p>\n<p style=\"margin-bottom: 18.0pt;text-align: justify;text-indent: -18.0pt;background-image: initial;background-position: initial;background-size: initial;background-attachment: initial\"><span style=\"font-size: 11.5pt\">&nbsp; &nbsp; &nbsp; &#8211; le disque d&rsquo;avancement&nbsp;<\/span><a href=\"https:\/\/www.edel.fr\/en\/disque-dembrayage-organique-233-x-289-massey-ferguson\/\" target=\"_blank\" rel=\"noopener\">1223024616<\/a><span style=\"font-size: 11.5pt\"><b>&nbsp;organique 300 mm 10 cannelures&nbsp;<\/b><\/span><\/p>\n<p style=\"margin-bottom: 18.0pt;text-align: justify;text-indent: -18.0pt;background-image: initial;background-position: initial;background-size: initial;background-attachment: initial\"><span style=\"font-size: 11.5pt\">&nbsp; &nbsp; &nbsp; &#8211; la but\u00e9e<\/span><span style=\"font-size: 11.5pt;font-family: 'Cambria',serif\">&nbsp;<\/span><a href=\"https:\/\/www.edel.fr\/en\/butee-dembrayage-632x103x22-ford-massey-ferguson-tracteur\/\" target=\"_blank\" rel=\"noopener\">20305880<\/a><a href=\"https:\/\/www.edel.fr\/en\/butee-dembrayage-70x132x93-tracteur-agricole\/\" target=\"_blank\" rel=\"noopener\">&nbsp;<\/a>&#8211; <strong>63,2 X 103 X 22<\/strong><\/p>\n<p style=\"margin-bottom: 18.0pt;text-align: justify;text-indent: -18.0pt;background-image: initial;background-position: initial;background-size: initial;background-attachment: initial\"><span style=\"font-size: 11.5pt\">&nbsp; &nbsp; &nbsp; &#8211; le roulement pilote&nbsp;<\/span><a href=\"https:\/\/www.edel.fr\/en\/roulement-pilote-fag-6203-2rs-17-x-40-x-12-tracteur-agricole\/\" target=\"_blank\" rel=\"noopener\">RP&nbsp;13<\/a>&nbsp;&#8211; <strong>17 X 40 X12<\/strong><\/p>\n<p style=\"margin-bottom: 18.0pt;text-align: justify;text-indent: -18.0pt;background-image: initial;background-position: initial;background-size: initial;background-attachment: initial\">&nbsp; &nbsp; &nbsp; &nbsp;Vous trouverez \u00e9galement le joint spi arri\u00e8re Perkins&nbsp;<strong><a style=\"background-color: #ffffff\" href=\"https:\/\/www.edel.fr\/en\/joint-spi-arriere-perkins-1338-x-1586-x-11\/\" target=\"_blank\" rel=\"noopener\">12MP02415391&nbsp;<\/a><\/strong><\/p>\n<p style=\"margin-bottom: 18.0pt;text-align: justify;text-indent: -18.0pt;background-image: initial;background-position: initial;background-size: initial;background-attachment: initial\">&nbsp; &nbsp; &nbsp; &nbsp;Autres montages de disques, but\u00e9es ou roulement pilote disponible sur demande.<\/p>\n<p style=\"margin-bottom: 18.0pt;text-align: justify;text-indent: -18.0pt;background-image: initial;background-position: initial;background-size: initial;background-attachment: initial\">&nbsp; &nbsp; &nbsp; &nbsp;Nous contacter<\/p>\n<p style=\"margin-bottom: 18.0pt;text-align: justify;text-indent: -18.0pt;background-image: initial;background-position: initial;background-size: initial;background-attachment: initial\">\n<\/p><p style=\"margin-bottom: 18.0pt;text-align: justify;text-indent: -18.0pt;background-image: initial;background-position: initial;background-size: initial;background-attachment: initial\">\n<\/p><p style=\"margin-bottom: 18.0pt;text-align: justify;text-indent: -18.0pt;background-image: initial;background-position: initial;background-size: initial;background-attachment: initial\">&nbsp; &nbsp; &nbsp; Votre&nbsp;m\u00e9canisme d\u2019embrayage&nbsp;est compos\u00e9 d\u2019un carter m\u00e9tallique circulaire comprenant des leviers ou un diaphragme, de ressorts ou d\u2019une rondelle belleville. Il peut \u00eatre de forme circulaire, triangulaire ou encore conique selon le mod\u00e8le. Il a pour r\u00f4le de comprimer ou lib\u00e9rer le&nbsp;disque d\u2019embrayage&nbsp;sur le&nbsp;volant moteur, afin de transmettre le mouvement du moteur \u00e0 la bo\u00eete de vitesses.&nbsp;<\/p>\n<p>Pour&nbsp;choisir le m\u00e9canisme qui s\u2019adapte parfaitement \u00e0 votre tracteur.&nbsp;Il faut se fier au mod\u00e8le et \u00e0 la marque de votre engin. Mais aussi au diam\u00e8tre et au nombre de cannelures de votre m\u00e9canisme. Le m\u00e9canisme d\u2019embrayage fait partie des pi\u00e8ces indispensables au bon fonctionnement de votre tracteur agricole. Il permet de transmettre la puissance entre le moteur et la transmission de votre tracteur. Si ce m\u00e9canisme vient \u00e0 \u00eatre endommag\u00e9, le fonctionnement de votre tracteur en sera d\u00e9t\u00e9rior\u00e9.&nbsp;<\/p>\n<p>Chez Edel Shop, nous vous proposons une gamme compl\u00e8te de m\u00e9canismes d\u2019embrayage pour tracteur agricole compatibles avec des v\u00e9hicules IHC, FORD, Renault, Fiat, Manitou, Valtra ou encore Deutz\u2026<\/p>\t\t\t\t\t\t\t\t<\/div>\n\t\t\t\t<\/div>\n\t\t\t\t\t<\/div>\n\t\t<\/div>\n\t\t\t\t\t<\/div>\n\t\t<\/section>\n\t\t\t\t<\/div>","protected":false},"excerpt":{"rendered":"<h5><strong>EMBRAYAGE DOUBLE \u00d8250<\/strong><\/h5>\n<h5><strong>25 CANNELURES<\/strong><\/h5>","protected":false},"featured_media":15454,"template":"","meta":[],"product_brand":[],"product_cat":[4057,119,120],"product_tag":[2497],"tracteur":[],"class_list":{"0":"post-15231","1":"product","2":"type-product","3":"status-publish","4":"has-post-thumbnail","6":"product_cat-massey-ferguson-mecanismes-embrayage","7":"product_cat-tracteurs-agricoles","8":"product_cat-transmissions","9":"product_tag-mecanisme-dembrayage","10":"product_shipping_class-142","11":"badges-style-2","13":"first","14":"instock","15":"taxable","16":"shipping-taxable","17":"purchasable","18":"product-type-simple"},"acf":[],"yoast_head":"<!-- This site is optimized with the Yoast SEO plugin v27.3 - https:\/\/yoast.com\/product\/yoast-seo-wordpress\/ -->\n<title>Embrayage Massey Ferguson 135 140 148 152 - Edel<\/title>\n<meta name=\"robots\" content=\"index, follow, max-snippet:-1, max-image-preview:large, max-video-preview:-1\" \/>\n<link rel=\"canonical\" href=\"https:\/\/www.edel.fr\/en\/product\/embrayage-massey-ferguson-135-140-148-152\/\" \/>\n<meta property=\"og:locale\" content=\"en_US\" \/>\n<meta property=\"og:type\" content=\"article\" \/>\n<meta property=\"og:title\" content=\"Embrayage Massey Ferguson 135 140 148 152 - Edel\" \/>\n<meta property=\"og:description\" content=\"EMBRAYAGE DOUBLE \u00d8250 25 CANNELURES\" \/>\n<meta property=\"og:url\" content=\"https:\/\/www.edel.fr\/en\/product\/embrayage-massey-ferguson-135-140-148-152\/\" \/>\n<meta property=\"og:site_name\" content=\"Edel\" \/>\n<meta property=\"article:modified_time\" content=\"2026-03-13T01:02:40+00:00\" \/>\n<meta property=\"og:image\" content=\"https:\/\/www.edel.fr\/uploads\/2023\/01\/EDEL-SHOP-1213021840.jpg\" \/>\n\t<meta property=\"og:image:width\" content=\"2126\" \/>\n\t<meta property=\"og:image:height\" content=\"2126\" \/>\n\t<meta property=\"og:image:type\" content=\"image\/jpeg\" \/>\n<meta name=\"twitter:card\" content=\"summary_large_image\" \/>\n<meta name=\"twitter:label1\" content=\"Est. reading time\" \/>\n\t<meta name=\"twitter:data1\" content=\"2 minutes\" \/>\n<script type=\"application\/ld+json\" class=\"yoast-schema-graph\">{\"@context\":\"https:\\\/\\\/schema.org\",\"@graph\":[{\"@type\":\"WebPage\",\"@id\":\"https:\\\/\\\/www.edel.fr\\\/produit\\\/embrayage-massey-ferguson-135-140-148-152\\\/\",\"url\":\"https:\\\/\\\/www.edel.fr\\\/produit\\\/embrayage-massey-ferguson-135-140-148-152\\\/\",\"name\":\"Embrayage Massey Ferguson 135 140 148 152 - Edel\",\"isPartOf\":{\"@id\":\"http:\\\/\\\/www.edel.fr\\\/en\\\/#website\"},\"primaryImageOfPage\":{\"@id\":\"https:\\\/\\\/www.edel.fr\\\/produit\\\/embrayage-massey-ferguson-135-140-148-152\\\/#primaryimage\"},\"image\":{\"@id\":\"https:\\\/\\\/www.edel.fr\\\/produit\\\/embrayage-massey-ferguson-135-140-148-152\\\/#primaryimage\"},\"thumbnailUrl\":\"http:\\\/\\\/www.edel.fr\\\/uploads\\\/2023\\\/01\\\/EDEL-SHOP-1213021840.jpg\",\"datePublished\":\"2023-01-05T15:50:00+00:00\",\"dateModified\":\"2026-03-13T01:02:40+00:00\",\"breadcrumb\":{\"@id\":\"https:\\\/\\\/www.edel.fr\\\/produit\\\/embrayage-massey-ferguson-135-140-148-152\\\/#breadcrumb\"},\"inLanguage\":\"en-US\",\"potentialAction\":[{\"@type\":\"ReadAction\",\"target\":[\"https:\\\/\\\/www.edel.fr\\\/produit\\\/embrayage-massey-ferguson-135-140-148-152\\\/\"]}]},{\"@type\":\"ImageObject\",\"inLanguage\":\"en-US\",\"@id\":\"https:\\\/\\\/www.edel.fr\\\/produit\\\/embrayage-massey-ferguson-135-140-148-152\\\/#primaryimage\",\"url\":\"http:\\\/\\\/www.edel.fr\\\/uploads\\\/2023\\\/01\\\/EDEL-SHOP-1213021840.jpg\",\"contentUrl\":\"http:\\\/\\\/www.edel.fr\\\/uploads\\\/2023\\\/01\\\/EDEL-SHOP-1213021840.jpg\",\"width\":2126,\"height\":2126,\"caption\":\"Embrayage Massey Ferguson 135 140 148 152\"},{\"@type\":\"BreadcrumbList\",\"@id\":\"https:\\\/\\\/www.edel.fr\\\/produit\\\/embrayage-massey-ferguson-135-140-148-152\\\/#breadcrumb\",\"itemListElement\":[{\"@type\":\"ListItem\",\"position\":1,\"name\":\"Pi\u00e8ce Tracteur\",\"item\":\"http:\\\/\\\/www.edel.fr\\\/en\\\/\"},{\"@type\":\"ListItem\",\"position\":2,\"name\":\"Toutes nos pi\u00e8ces Tracteur\",\"item\":\"https:\\\/\\\/edel.fr\\\/shop\\\/\"},{\"@type\":\"ListItem\",\"position\":3,\"name\":\"Embrayage Massey Ferguson 135 140 148 152\"}]},{\"@type\":\"WebSite\",\"@id\":\"http:\\\/\\\/www.edel.fr\\\/en\\\/#website\",\"url\":\"http:\\\/\\\/www.edel.fr\\\/en\\\/\",\"name\":\"Edel\",\"description\":\"Pi\u00e8ce d\u00e9tach\u00e9e de Tracteur Agricole\",\"publisher\":{\"@id\":\"http:\\\/\\\/www.edel.fr\\\/en\\\/#organization\"},\"potentialAction\":[{\"@type\":\"SearchAction\",\"target\":{\"@type\":\"EntryPoint\",\"urlTemplate\":\"http:\\\/\\\/www.edel.fr\\\/en\\\/?s={search_term_string}\"},\"query-input\":{\"@type\":\"PropertyValueSpecification\",\"valueRequired\":true,\"valueName\":\"search_term_string\"}}],\"inLanguage\":\"en-US\"},{\"@type\":\"Organization\",\"@id\":\"http:\\\/\\\/www.edel.fr\\\/en\\\/#organization\",\"name\":\"Edel\",\"url\":\"http:\\\/\\\/www.edel.fr\\\/en\\\/\",\"logo\":{\"@type\":\"ImageObject\",\"inLanguage\":\"en-US\",\"@id\":\"http:\\\/\\\/www.edel.fr\\\/en\\\/#\\\/schema\\\/logo\\\/image\\\/\",\"url\":\"https:\\\/\\\/www.edel.fr\\\/uploads\\\/2018\\\/11\\\/logo-edel.png\",\"contentUrl\":\"https:\\\/\\\/www.edel.fr\\\/uploads\\\/2018\\\/11\\\/logo-edel.png\",\"width\":257,\"height\":68,\"caption\":\"Edel\"},\"image\":{\"@id\":\"http:\\\/\\\/www.edel.fr\\\/en\\\/#\\\/schema\\\/logo\\\/image\\\/\"}}]}<\/script>\n<!-- \/ Yoast SEO plugin. -->","yoast_head_json":{"title":"Embrayage Massey Ferguson 135 140 148 152 - Edel","robots":{"index":"index","follow":"follow","max-snippet":"max-snippet:-1","max-image-preview":"max-image-preview:large","max-video-preview":"max-video-preview:-1"},"canonical":"https:\/\/www.edel.fr\/en\/product\/embrayage-massey-ferguson-135-140-148-152\/","og_locale":"en_US","og_type":"article","og_title":"Embrayage Massey Ferguson 135 140 148 152 - Edel","og_description":"EMBRAYAGE DOUBLE \u00d8250 25 CANNELURES","og_url":"https:\/\/www.edel.fr\/en\/product\/embrayage-massey-ferguson-135-140-148-152\/","og_site_name":"Edel","article_modified_time":"2026-03-13T01:02:40+00:00","og_image":[{"width":2126,"height":2126,"url":"https:\/\/www.edel.fr\/uploads\/2023\/01\/EDEL-SHOP-1213021840.jpg","type":"image\/jpeg"}],"twitter_card":"summary_large_image","twitter_misc":{"Est. reading time":"2 minutes"},"schema":{"@context":"https:\/\/schema.org","@graph":[{"@type":"WebPage","@id":"https:\/\/www.edel.fr\/produit\/embrayage-massey-ferguson-135-140-148-152\/","url":"https:\/\/www.edel.fr\/produit\/embrayage-massey-ferguson-135-140-148-152\/","name":"Embrayage Massey Ferguson 135 140 148 152 - Edel","isPartOf":{"@id":"http:\/\/www.edel.fr\/en\/#website"},"primaryImageOfPage":{"@id":"https:\/\/www.edel.fr\/produit\/embrayage-massey-ferguson-135-140-148-152\/#primaryimage"},"image":{"@id":"https:\/\/www.edel.fr\/produit\/embrayage-massey-ferguson-135-140-148-152\/#primaryimage"},"thumbnailUrl":"http:\/\/www.edel.fr\/uploads\/2023\/01\/EDEL-SHOP-1213021840.jpg","datePublished":"2023-01-05T15:50:00+00:00","dateModified":"2026-03-13T01:02:40+00:00","breadcrumb":{"@id":"https:\/\/www.edel.fr\/produit\/embrayage-massey-ferguson-135-140-148-152\/#breadcrumb"},"inLanguage":"en-US","potentialAction":[{"@type":"ReadAction","target":["https:\/\/www.edel.fr\/produit\/embrayage-massey-ferguson-135-140-148-152\/"]}]},{"@type":"ImageObject","inLanguage":"en-US","@id":"https:\/\/www.edel.fr\/produit\/embrayage-massey-ferguson-135-140-148-152\/#primaryimage","url":"http:\/\/www.edel.fr\/uploads\/2023\/01\/EDEL-SHOP-1213021840.jpg","contentUrl":"http:\/\/www.edel.fr\/uploads\/2023\/01\/EDEL-SHOP-1213021840.jpg","width":2126,"height":2126,"caption":"Embrayage Massey Ferguson 135 140 148 152"},{"@type":"BreadcrumbList","@id":"https:\/\/www.edel.fr\/produit\/embrayage-massey-ferguson-135-140-148-152\/#breadcrumb","itemListElement":[{"@type":"ListItem","position":1,"name":"Pi\u00e8ce Tracteur","item":"http:\/\/www.edel.fr\/en\/"},{"@type":"ListItem","position":2,"name":"Toutes nos pi\u00e8ces Tracteur","item":"https:\/\/edel.fr\/shop\/"},{"@type":"ListItem","position":3,"name":"Embrayage Massey Ferguson 135 140 148 152"}]},{"@type":"WebSite","@id":"http:\/\/www.edel.fr\/en\/#website","url":"http:\/\/www.edel.fr\/en\/","name":"Edel","description":"Pi\u00e8ce d\u00e9tach\u00e9e de Tracteur Agricole","publisher":{"@id":"http:\/\/www.edel.fr\/en\/#organization"},"potentialAction":[{"@type":"SearchAction","target":{"@type":"EntryPoint","urlTemplate":"http:\/\/www.edel.fr\/en\/?s={search_term_string}"},"query-input":{"@type":"PropertyValueSpecification","valueRequired":true,"valueName":"search_term_string"}}],"inLanguage":"en-US"},{"@type":"Organization","@id":"http:\/\/www.edel.fr\/en\/#organization","name":"Edel","url":"http:\/\/www.edel.fr\/en\/","logo":{"@type":"ImageObject","inLanguage":"en-US","@id":"http:\/\/www.edel.fr\/en\/#\/schema\/logo\/image\/","url":"https:\/\/www.edel.fr\/uploads\/2018\/11\/logo-edel.png","contentUrl":"https:\/\/www.edel.fr\/uploads\/2018\/11\/logo-edel.png","width":257,"height":68,"caption":"Edel"},"image":{"@id":"http:\/\/www.edel.fr\/en\/#\/schema\/logo\/image\/"}}]}},"_links":{"self":[{"href":"http:\/\/www.edel.fr\/en\/wp-json\/wp\/v2\/product\/15231","targetHints":{"allow":["GET"]}}],"collection":[{"href":"http:\/\/www.edel.fr\/en\/wp-json\/wp\/v2\/product"}],"about":[{"href":"http:\/\/www.edel.fr\/en\/wp-json\/wp\/v2\/types\/product"}],"version-history":[{"count":2,"href":"http:\/\/www.edel.fr\/en\/wp-json\/wp\/v2\/product\/15231\/revisions"}],"predecessor-version":[{"id":18160,"href":"http:\/\/www.edel.fr\/en\/wp-json\/wp\/v2\/product\/15231\/revisions\/18160"}],"wp:featuredmedia":[{"embeddable":true,"href":"http:\/\/www.edel.fr\/en\/wp-json\/wp\/v2\/media\/15454"}],"wp:attachment":[{"href":"http:\/\/www.edel.fr\/en\/wp-json\/wp\/v2\/media?parent=15231"}],"wp:term":[{"taxonomy":"product_brand","embeddable":true,"href":"http:\/\/www.edel.fr\/en\/wp-json\/wp\/v2\/product_brand?post=15231"},{"taxonomy":"product_cat","embeddable":true,"href":"http:\/\/www.edel.fr\/en\/wp-json\/wp\/v2\/product_cat?post=15231"},{"taxonomy":"product_tag","embeddable":true,"href":"http:\/\/www.edel.fr\/en\/wp-json\/wp\/v2\/product_tag?post=15231"},{"taxonomy":"tracteur","embeddable":true,"href":"http:\/\/www.edel.fr\/en\/wp-json\/wp\/v2\/tracteur?post=15231"}],"curies":[{"name":"wp","href":"https:\/\/api.w.org\/{rel}","templated":true}]}}