{"id":11740,"date":"2021-06-25T14:38:32","date_gmt":"2021-06-25T12:38:32","guid":{"rendered":"https:\/\/www.edel.fr\/?post_type=product&#038;p=11740"},"modified":"2026-03-28T02:00:23","modified_gmt":"2026-03-28T01:00:23","slug":"disque-dembrayage-267-x-30-renault-av-orga-280-16-can","status":"publish","type":"product","link":"http:\/\/www.edel.fr\/en\/product\/disque-dembrayage-267-x-30-renault-av-orga-280-16-can\/","title":{"rendered":"Disque d&#8217;embrayage 26,7 X 30 &#8211; Renault Av. Orga. &#8211; \u2300280, 16 Can."},"content":{"rendered":"<div data-elementor-type=\"wp-post\" data-elementor-id=\"11740\" class=\"elementor elementor-11740\">\n\t\t\t\t\t\t<section class=\"elementor-section elementor-top-section elementor-element elementor-element-56d894f3 elementor-section-boxed elementor-section-height-default elementor-section-height-default\" data-id=\"56d894f3\" data-element_type=\"section\" data-e-type=\"section\">\n\t\t\t\t\t\t<div class=\"elementor-container elementor-column-gap-default\">\n\t\t\t\t\t<div class=\"elementor-column elementor-col-100 elementor-top-column elementor-element elementor-element-1c8ec9c2\" data-id=\"1c8ec9c2\" data-element_type=\"column\" data-e-type=\"column\">\n\t\t\t<div class=\"elementor-widget-wrap elementor-element-populated\">\n\t\t\t\t\t\t<div class=\"elementor-element elementor-element-6784f2e9 elementor-widget elementor-widget-heading\" data-id=\"6784f2e9\" data-element_type=\"widget\" data-e-type=\"widget\" data-widget_type=\"heading.default\">\n\t\t\t\t<div class=\"elementor-widget-container\">\n\t\t\t\t\t<h2 class=\"elementor-heading-title elementor-size-default\">DISQUE D'EMBRAYAGE ORGANIQUE Renault\n- \u2300280 - 16 Cannelures<\/h2>\t\t\t\t<\/div>\n\t\t\t\t<\/div>\n\t\t\t\t<div class=\"elementor-element elementor-element-2400fe78 elementor-widget elementor-widget-heading\" data-id=\"2400fe78\" data-element_type=\"widget\" data-e-type=\"widget\" data-widget_type=\"heading.default\">\n\t\t\t\t<div class=\"elementor-widget-container\">\n\t\t\t\t\t<h3 class=\"elementor-heading-title elementor-size-default\">Information du produit :<\/h3>\t\t\t\t<\/div>\n\t\t\t\t<\/div>\n\t\t\t\t\t<\/div>\n\t\t<\/div>\n\t\t\t\t\t<\/div>\n\t\t<\/section>\n\t\t\t\t<section class=\"elementor-section elementor-top-section elementor-element elementor-element-290ca7d1 elementor-section-boxed elementor-section-height-default elementor-section-height-default\" data-id=\"290ca7d1\" data-element_type=\"section\" data-e-type=\"section\">\n\t\t\t\t\t\t<div class=\"elementor-container elementor-column-gap-default\">\n\t\t\t\t\t<div class=\"elementor-column elementor-col-100 elementor-top-column elementor-element elementor-element-773f35b7\" data-id=\"773f35b7\" data-element_type=\"column\" data-e-type=\"column\">\n\t\t\t<div class=\"elementor-widget-wrap elementor-element-populated\">\n\t\t\t\t\t\t<div class=\"elementor-element elementor-element-7774c225 elementor-widget elementor-widget-text-editor\" data-id=\"7774c225\" data-element_type=\"widget\" data-e-type=\"widget\" data-widget_type=\"text-editor.default\">\n\t\t\t\t<div class=\"elementor-widget-container\">\n\t\t\t\t\t\t\t\t\t<div>Moyeu : 26,7 X 30<\/div><div><p>Pour Renault : R461, R462, R498, R551, R556, R581, R601, R651, R652, R656, R91, R92, R94, R98<span style=\"background-color: #ffffff\">&#8230;<\/span><\/p><\/div>\t\t\t\t\t\t\t\t<\/div>\n\t\t\t\t<\/div>\n\t\t\t\t\t<\/div>\n\t\t<\/div>\n\t\t\t\t\t<\/div>\n\t\t<\/section>\n\t\t\t\t<\/div>","protected":false},"excerpt":{"rendered":"<p>DISQUE D&rsquo;EMBRAYAGE ORGANIQUE Renault &#8211; \u2300280 &#8211; 16 Cannelures Information du produit : Moyeu : 26,7 X 30 Pour Renault : R461, R462, R498, R551, R556, R581, R601, R651, R652, R656, R91, R92, R94, R98&#8230;<\/p>","protected":false},"featured_media":11741,"template":"","meta":[],"product_brand":[],"product_cat":[126,3985,119,120],"product_tag":[2499],"tracteur":[],"class_list":{"0":"post-11740","1":"product","2":"type-product","3":"status-publish","4":"has-post-thumbnail","6":"product_cat-disques-embrayage","7":"product_cat-renault-claas-disque","8":"product_cat-tracteurs-agricoles","9":"product_cat-transmissions","10":"product_tag-disque-dembrayage","11":"product_shipping_class-142","12":"pa_fabriquant-luk","13":"pa_marque-tracteur-renault-claas","14":"pa_type-2-r461","15":"pa_type-2-r462","16":"pa_type-2-r498","17":"pa_type-2-r551","18":"pa_type-2-r556","19":"pa_type-2-r581","20":"pa_type-2-r601","21":"pa_type-2-r651","22":"pa_type-2-r652","23":"pa_type-2-r656","24":"pa_type-2-r91","25":"pa_type-2-r92","26":"pa_type-2-r94","27":"pa_type-2-r98","28":"badges-style-2","30":"first","31":"instock","32":"taxable","33":"shipping-taxable","34":"purchasable","35":"product-type-simple"},"acf":[],"yoast_head":"<!-- This site is optimized with the Yoast SEO plugin v27.3 - https:\/\/yoast.com\/product\/yoast-seo-wordpress\/ -->\n<title>Disque d&#039;embrayage 26,7 X 30 - Renault Av. Orga. - \u2300280, 16 Can. - Edel<\/title>\n<meta name=\"description\" content=\"Disque d&#039;embrayage 26,7 X 30 - Renault avancement organique - 16 Can.- \u2300280 - R461, R462, R498, R551, R556, R581, R601, R651, R652, R656, R91, R92, R94, R98\" \/>\n<meta name=\"robots\" content=\"index, follow, max-snippet:-1, max-image-preview:large, max-video-preview:-1\" \/>\n<link rel=\"canonical\" href=\"https:\/\/edel.fr\/en\/product\/disque-dembrayage-267-x-30-renault-av-orga-280-16-can\/\" \/>\n<meta property=\"og:locale\" content=\"en_US\" \/>\n<meta property=\"og:type\" content=\"article\" \/>\n<meta property=\"og:title\" content=\"Disque d&#039;embrayage 26,7 X 30 - Renault Av. Orga. - \u2300280, 16 Can. - Edel\" \/>\n<meta property=\"og:description\" content=\"Disque d&#039;embrayage 26,7 X 30 - Renault avancement organique - 16 Can.- \u2300280 - R461, R462, R498, R551, R556, R581, R601, R651, R652, R656, R91, R92, R94, R98\" \/>\n<meta property=\"og:url\" content=\"https:\/\/edel.fr\/en\/product\/disque-dembrayage-267-x-30-renault-av-orga-280-16-can\/\" \/>\n<meta property=\"og:site_name\" content=\"Edel\" \/>\n<meta property=\"article:modified_time\" content=\"2026-03-28T01:00:23+00:00\" \/>\n<meta property=\"og:image\" content=\"https:\/\/edel.fr\/uploads\/2021\/06\/1522808311.jpg\" \/>\n\t<meta property=\"og:image:width\" content=\"1512\" \/>\n\t<meta property=\"og:image:height\" content=\"1512\" \/>\n\t<meta property=\"og:image:type\" content=\"image\/jpeg\" \/>\n<meta name=\"twitter:card\" content=\"summary_large_image\" \/>\n<meta name=\"twitter:label1\" content=\"Est. reading time\" \/>\n\t<meta name=\"twitter:data1\" content=\"1 minute\" \/>\n<script type=\"application\/ld+json\" class=\"yoast-schema-graph\">{\"@context\":\"https:\\\/\\\/schema.org\",\"@graph\":[{\"@type\":\"WebPage\",\"@id\":\"https:\\\/\\\/edel.fr\\\/en\\\/product\\\/disque-dembrayage-267-x-30-renault-av-orga-280-16-can\\\/\",\"url\":\"https:\\\/\\\/edel.fr\\\/en\\\/product\\\/disque-dembrayage-267-x-30-renault-av-orga-280-16-can\\\/\",\"name\":\"Disque d'embrayage 26,7 X 30 - Renault Av. Orga. - \u2300280, 16 Can. - Edel\",\"isPartOf\":{\"@id\":\"http:\\\/\\\/www.edel.fr\\\/en\\\/#website\"},\"primaryImageOfPage\":{\"@id\":\"https:\\\/\\\/edel.fr\\\/en\\\/product\\\/disque-dembrayage-267-x-30-renault-av-orga-280-16-can\\\/#primaryimage\"},\"image\":{\"@id\":\"https:\\\/\\\/edel.fr\\\/en\\\/product\\\/disque-dembrayage-267-x-30-renault-av-orga-280-16-can\\\/#primaryimage\"},\"thumbnailUrl\":\"http:\\\/\\\/www.edel.fr\\\/uploads\\\/2021\\\/06\\\/1522808311.jpg\",\"datePublished\":\"2021-06-25T12:38:32+00:00\",\"dateModified\":\"2026-03-28T01:00:23+00:00\",\"description\":\"Disque d'embrayage 26,7 X 30 - Renault avancement organique - 16 Can.- \u2300280 - R461, R462, R498, R551, R556, R581, R601, R651, R652, R656, R91, R92, R94, R98\",\"breadcrumb\":{\"@id\":\"https:\\\/\\\/edel.fr\\\/en\\\/product\\\/disque-dembrayage-267-x-30-renault-av-orga-280-16-can\\\/#breadcrumb\"},\"inLanguage\":\"en-US\",\"potentialAction\":[{\"@type\":\"ReadAction\",\"target\":[\"https:\\\/\\\/edel.fr\\\/en\\\/product\\\/disque-dembrayage-267-x-30-renault-av-orga-280-16-can\\\/\"]}]},{\"@type\":\"ImageObject\",\"inLanguage\":\"en-US\",\"@id\":\"https:\\\/\\\/edel.fr\\\/en\\\/product\\\/disque-dembrayage-267-x-30-renault-av-orga-280-16-can\\\/#primaryimage\",\"url\":\"http:\\\/\\\/www.edel.fr\\\/uploads\\\/2021\\\/06\\\/1522808311.jpg\",\"contentUrl\":\"http:\\\/\\\/www.edel.fr\\\/uploads\\\/2021\\\/06\\\/1522808311.jpg\",\"width\":1512,\"height\":1512,\"caption\":\"Disque d'embrayage 26,7 X 30 - Renault Av. Orga. - \u2300280, 16 Can.\"},{\"@type\":\"BreadcrumbList\",\"@id\":\"https:\\\/\\\/edel.fr\\\/en\\\/product\\\/disque-dembrayage-267-x-30-renault-av-orga-280-16-can\\\/#breadcrumb\",\"itemListElement\":[{\"@type\":\"ListItem\",\"position\":1,\"name\":\"Pi\u00e8ce Tracteur\",\"item\":\"http:\\\/\\\/www.edel.fr\\\/en\\\/\"},{\"@type\":\"ListItem\",\"position\":2,\"name\":\"Toutes nos pi\u00e8ces Tracteur\",\"item\":\"https:\\\/\\\/edel.fr\\\/shop\\\/\"},{\"@type\":\"ListItem\",\"position\":3,\"name\":\"Disque d&#8217;embrayage 26,7 X 30 &#8211; Renault Av. Orga. &#8211; \u2300280, 16 Can.\"}]},{\"@type\":\"WebSite\",\"@id\":\"http:\\\/\\\/www.edel.fr\\\/en\\\/#website\",\"url\":\"http:\\\/\\\/www.edel.fr\\\/en\\\/\",\"name\":\"Edel\",\"description\":\"Pi\u00e8ce d\u00e9tach\u00e9e de Tracteur Agricole\",\"publisher\":{\"@id\":\"http:\\\/\\\/www.edel.fr\\\/en\\\/#organization\"},\"potentialAction\":[{\"@type\":\"SearchAction\",\"target\":{\"@type\":\"EntryPoint\",\"urlTemplate\":\"http:\\\/\\\/www.edel.fr\\\/en\\\/?s={search_term_string}\"},\"query-input\":{\"@type\":\"PropertyValueSpecification\",\"valueRequired\":true,\"valueName\":\"search_term_string\"}}],\"inLanguage\":\"en-US\"},{\"@type\":\"Organization\",\"@id\":\"http:\\\/\\\/www.edel.fr\\\/en\\\/#organization\",\"name\":\"Edel\",\"url\":\"http:\\\/\\\/www.edel.fr\\\/en\\\/\",\"logo\":{\"@type\":\"ImageObject\",\"inLanguage\":\"en-US\",\"@id\":\"http:\\\/\\\/www.edel.fr\\\/en\\\/#\\\/schema\\\/logo\\\/image\\\/\",\"url\":\"https:\\\/\\\/www.edel.fr\\\/uploads\\\/2018\\\/11\\\/logo-edel.png\",\"contentUrl\":\"https:\\\/\\\/www.edel.fr\\\/uploads\\\/2018\\\/11\\\/logo-edel.png\",\"width\":257,\"height\":68,\"caption\":\"Edel\"},\"image\":{\"@id\":\"http:\\\/\\\/www.edel.fr\\\/en\\\/#\\\/schema\\\/logo\\\/image\\\/\"}}]}<\/script>\n<!-- \/ Yoast SEO plugin. -->","yoast_head_json":{"title":"Disque d'embrayage 26,7 X 30 - Renault Av. Orga. - \u2300280, 16 Can. - Edel","description":"Disque d'embrayage 26,7 X 30 - Renault avancement organique - 16 Can.- \u2300280 - R461, R462, R498, R551, R556, R581, R601, R651, R652, R656, R91, R92, R94, R98","robots":{"index":"index","follow":"follow","max-snippet":"max-snippet:-1","max-image-preview":"max-image-preview:large","max-video-preview":"max-video-preview:-1"},"canonical":"https:\/\/edel.fr\/en\/product\/disque-dembrayage-267-x-30-renault-av-orga-280-16-can\/","og_locale":"en_US","og_type":"article","og_title":"Disque d'embrayage 26,7 X 30 - Renault Av. Orga. - \u2300280, 16 Can. - Edel","og_description":"Disque d'embrayage 26,7 X 30 - Renault avancement organique - 16 Can.- \u2300280 - R461, R462, R498, R551, R556, R581, R601, R651, R652, R656, R91, R92, R94, R98","og_url":"https:\/\/edel.fr\/en\/product\/disque-dembrayage-267-x-30-renault-av-orga-280-16-can\/","og_site_name":"Edel","article_modified_time":"2026-03-28T01:00:23+00:00","og_image":[{"width":1512,"height":1512,"url":"https:\/\/edel.fr\/uploads\/2021\/06\/1522808311.jpg","type":"image\/jpeg"}],"twitter_card":"summary_large_image","twitter_misc":{"Est. reading time":"1 minute"},"schema":{"@context":"https:\/\/schema.org","@graph":[{"@type":"WebPage","@id":"https:\/\/edel.fr\/en\/product\/disque-dembrayage-267-x-30-renault-av-orga-280-16-can\/","url":"https:\/\/edel.fr\/en\/product\/disque-dembrayage-267-x-30-renault-av-orga-280-16-can\/","name":"Disque d'embrayage 26,7 X 30 - Renault Av. Orga. - \u2300280, 16 Can. - Edel","isPartOf":{"@id":"http:\/\/www.edel.fr\/en\/#website"},"primaryImageOfPage":{"@id":"https:\/\/edel.fr\/en\/product\/disque-dembrayage-267-x-30-renault-av-orga-280-16-can\/#primaryimage"},"image":{"@id":"https:\/\/edel.fr\/en\/product\/disque-dembrayage-267-x-30-renault-av-orga-280-16-can\/#primaryimage"},"thumbnailUrl":"http:\/\/www.edel.fr\/uploads\/2021\/06\/1522808311.jpg","datePublished":"2021-06-25T12:38:32+00:00","dateModified":"2026-03-28T01:00:23+00:00","description":"Disque d'embrayage 26,7 X 30 - Renault avancement organique - 16 Can.- \u2300280 - R461, R462, R498, R551, R556, R581, R601, R651, R652, R656, R91, R92, R94, R98","breadcrumb":{"@id":"https:\/\/edel.fr\/en\/product\/disque-dembrayage-267-x-30-renault-av-orga-280-16-can\/#breadcrumb"},"inLanguage":"en-US","potentialAction":[{"@type":"ReadAction","target":["https:\/\/edel.fr\/en\/product\/disque-dembrayage-267-x-30-renault-av-orga-280-16-can\/"]}]},{"@type":"ImageObject","inLanguage":"en-US","@id":"https:\/\/edel.fr\/en\/product\/disque-dembrayage-267-x-30-renault-av-orga-280-16-can\/#primaryimage","url":"http:\/\/www.edel.fr\/uploads\/2021\/06\/1522808311.jpg","contentUrl":"http:\/\/www.edel.fr\/uploads\/2021\/06\/1522808311.jpg","width":1512,"height":1512,"caption":"Disque d'embrayage 26,7 X 30 - Renault Av. Orga. - \u2300280, 16 Can."},{"@type":"BreadcrumbList","@id":"https:\/\/edel.fr\/en\/product\/disque-dembrayage-267-x-30-renault-av-orga-280-16-can\/#breadcrumb","itemListElement":[{"@type":"ListItem","position":1,"name":"Pi\u00e8ce Tracteur","item":"http:\/\/www.edel.fr\/en\/"},{"@type":"ListItem","position":2,"name":"Toutes nos pi\u00e8ces Tracteur","item":"https:\/\/edel.fr\/shop\/"},{"@type":"ListItem","position":3,"name":"Disque d&#8217;embrayage 26,7 X 30 &#8211; Renault Av. Orga. &#8211; \u2300280, 16 Can."}]},{"@type":"WebSite","@id":"http:\/\/www.edel.fr\/en\/#website","url":"http:\/\/www.edel.fr\/en\/","name":"Edel","description":"Pi\u00e8ce d\u00e9tach\u00e9e de Tracteur Agricole","publisher":{"@id":"http:\/\/www.edel.fr\/en\/#organization"},"potentialAction":[{"@type":"SearchAction","target":{"@type":"EntryPoint","urlTemplate":"http:\/\/www.edel.fr\/en\/?s={search_term_string}"},"query-input":{"@type":"PropertyValueSpecification","valueRequired":true,"valueName":"search_term_string"}}],"inLanguage":"en-US"},{"@type":"Organization","@id":"http:\/\/www.edel.fr\/en\/#organization","name":"Edel","url":"http:\/\/www.edel.fr\/en\/","logo":{"@type":"ImageObject","inLanguage":"en-US","@id":"http:\/\/www.edel.fr\/en\/#\/schema\/logo\/image\/","url":"https:\/\/www.edel.fr\/uploads\/2018\/11\/logo-edel.png","contentUrl":"https:\/\/www.edel.fr\/uploads\/2018\/11\/logo-edel.png","width":257,"height":68,"caption":"Edel"},"image":{"@id":"http:\/\/www.edel.fr\/en\/#\/schema\/logo\/image\/"}}]}},"_links":{"self":[{"href":"http:\/\/www.edel.fr\/en\/wp-json\/wp\/v2\/product\/11740","targetHints":{"allow":["GET"]}}],"collection":[{"href":"http:\/\/www.edel.fr\/en\/wp-json\/wp\/v2\/product"}],"about":[{"href":"http:\/\/www.edel.fr\/en\/wp-json\/wp\/v2\/types\/product"}],"version-history":[{"count":2,"href":"http:\/\/www.edel.fr\/en\/wp-json\/wp\/v2\/product\/11740\/revisions"}],"predecessor-version":[{"id":14687,"href":"http:\/\/www.edel.fr\/en\/wp-json\/wp\/v2\/product\/11740\/revisions\/14687"}],"wp:featuredmedia":[{"embeddable":true,"href":"http:\/\/www.edel.fr\/en\/wp-json\/wp\/v2\/media\/11741"}],"wp:attachment":[{"href":"http:\/\/www.edel.fr\/en\/wp-json\/wp\/v2\/media?parent=11740"}],"wp:term":[{"taxonomy":"product_brand","embeddable":true,"href":"http:\/\/www.edel.fr\/en\/wp-json\/wp\/v2\/product_brand?post=11740"},{"taxonomy":"product_cat","embeddable":true,"href":"http:\/\/www.edel.fr\/en\/wp-json\/wp\/v2\/product_cat?post=11740"},{"taxonomy":"product_tag","embeddable":true,"href":"http:\/\/www.edel.fr\/en\/wp-json\/wp\/v2\/product_tag?post=11740"},{"taxonomy":"tracteur","embeddable":true,"href":"http:\/\/www.edel.fr\/en\/wp-json\/wp\/v2\/tracteur?post=11740"}],"curies":[{"name":"wp","href":"https:\/\/api.w.org\/{rel}","templated":true}]}}