{"id":11108,"date":"2021-04-19T13:54:27","date_gmt":"2021-04-19T11:54:27","guid":{"rendered":"https:\/\/www.edel.fr\/?post_type=product&#038;p=11108"},"modified":"2025-12-23T02:00:14","modified_gmt":"2025-12-23T01:00:14","slug":"disque-dembrayage-khd-deutz-21-x-26-10-can-organique","status":"publish","type":"product","link":"http:\/\/www.edel.fr\/en\/product\/disque-dembrayage-khd-deutz-21-x-26-10-can-organique\/","title":{"rendered":"Disque d&#8217;embrayage KHD Deutz &#8211; 21 X 26 &#8211; 10 Can. &#8211; Organique"},"content":{"rendered":"<div data-elementor-type=\"wp-post\" data-elementor-id=\"11108\" class=\"elementor elementor-11108\">\n\t\t\t\t\t\t<section class=\"elementor-section elementor-top-section elementor-element elementor-element-6f1a7292 elementor-section-boxed elementor-section-height-default elementor-section-height-default\" data-id=\"6f1a7292\" data-element_type=\"section\" data-e-type=\"section\">\n\t\t\t\t\t\t<div class=\"elementor-container elementor-column-gap-default\">\n\t\t\t\t\t<div class=\"elementor-column elementor-col-100 elementor-top-column elementor-element elementor-element-1aac8e95\" data-id=\"1aac8e95\" data-element_type=\"column\" data-e-type=\"column\">\n\t\t\t<div class=\"elementor-widget-wrap elementor-element-populated\">\n\t\t\t\t\t\t<div class=\"elementor-element elementor-element-455c4c26 elementor-widget elementor-widget-heading\" data-id=\"455c4c26\" data-element_type=\"widget\" data-e-type=\"widget\" data-widget_type=\"heading.default\">\n\t\t\t\t<div class=\"elementor-widget-container\">\n\t\t\t\t\t<h2 class=\"elementor-heading-title elementor-size-default\">DISQUE D'EMBRAYAGE PRISE DE FORCE ORGANIQUE KHD DEUTZ\n- \u2300200 - 10 Cannelures<\/h2>\t\t\t\t<\/div>\n\t\t\t\t<\/div>\n\t\t\t\t<div class=\"elementor-element elementor-element-2a130bec elementor-widget elementor-widget-heading\" data-id=\"2a130bec\" data-element_type=\"widget\" data-e-type=\"widget\" data-widget_type=\"heading.default\">\n\t\t\t\t<div class=\"elementor-widget-container\">\n\t\t\t\t\t<h3 class=\"elementor-heading-title elementor-size-default\">Information du produit :<\/h3>\t\t\t\t<\/div>\n\t\t\t\t<\/div>\n\t\t\t\t\t<\/div>\n\t\t<\/div>\n\t\t\t\t\t<\/div>\n\t\t<\/section>\n\t\t\t\t<section class=\"elementor-section elementor-top-section elementor-element elementor-element-290ca7d1 elementor-section-boxed elementor-section-height-default elementor-section-height-default\" data-id=\"290ca7d1\" data-element_type=\"section\" data-e-type=\"section\">\n\t\t\t\t\t\t<div class=\"elementor-container elementor-column-gap-default\">\n\t\t\t\t\t<div class=\"elementor-column elementor-col-100 elementor-top-column elementor-element elementor-element-773f35b7\" data-id=\"773f35b7\" data-element_type=\"column\" data-e-type=\"column\">\n\t\t\t<div class=\"elementor-widget-wrap elementor-element-populated\">\n\t\t\t\t\t\t<div class=\"elementor-element elementor-element-7774c225 elementor-widget elementor-widget-text-editor\" data-id=\"7774c225\" data-element_type=\"widget\" data-e-type=\"widget\" data-widget_type=\"text-editor.default\">\n\t\t\t\t<div class=\"elementor-widget-container\">\n\t\t\t\t\t\t\t\t\t<p>Moyeu : 21 X 26<\/p><p>Pour KHD Deutz : D25.2, D30, D2502, D2505.<\/p>\t\t\t\t\t\t\t\t<\/div>\n\t\t\t\t<\/div>\n\t\t\t\t\t<\/div>\n\t\t<\/div>\n\t\t\t\t\t<\/div>\n\t\t<\/section>\n\t\t\t\t<\/div>","protected":false},"excerpt":{"rendered":"<p>DISQUE D&rsquo;EMBRAYAGE PRISE DE FORCE ORGANIQUE KHD DEUTZ &#8211; \u2300200 &#8211; 10 Cannelures Information du produit : Moyeu : 21 X 26 Pour KHD Deutz : D25.2, D30, D2502, D2505.<\/p>","protected":false},"featured_media":11109,"template":"","meta":[],"product_brand":[],"product_cat":[126,3980,119,120],"product_tag":[2499],"tracteur":[],"class_list":{"0":"post-11108","1":"product","2":"type-product","3":"status-publish","4":"has-post-thumbnail","6":"product_cat-disques-embrayage","7":"product_cat-deutz-fahr","8":"product_cat-tracteurs-agricoles","9":"product_cat-transmissions","10":"product_tag-disque-dembrayage","11":"product_shipping_class-142","12":"pa_fabriquant-kawe","13":"pa_marque-tracteur-khd-deutz","14":"pa_type-2-d25-2","15":"pa_type-2-d2502","16":"pa_type-2-d2505","17":"pa_type-2-d30","18":"badges-style-2","20":"first","21":"instock","22":"taxable","23":"shipping-taxable","24":"purchasable","25":"product-type-simple"},"acf":[],"yoast_head":"<!-- This site is optimized with the Yoast SEO plugin v27.3 - https:\/\/yoast.com\/product\/yoast-seo-wordpress\/ -->\n<title>Disque d&#039;embrayage KHD Deutz - 21 X 26 - 10 Can. - Organique - Edel<\/title>\n<meta name=\"description\" content=\"Disque d&#039;embrayage KHD Deutz - 10 Can. Prise de force - D25.2, D30, D2502, D2505 - Moyeu : 21 X 26 - Tracteur Agricole - Distribution de pi\u00e8ces\" \/>\n<meta name=\"robots\" content=\"index, follow, max-snippet:-1, max-image-preview:large, max-video-preview:-1\" \/>\n<link rel=\"canonical\" href=\"http:\/\/www.edel.fr\/en\/product\/disque-dembrayage-khd-deutz-21-x-26-10-can-organique\/\" \/>\n<meta property=\"og:locale\" content=\"en_US\" \/>\n<meta property=\"og:type\" content=\"article\" \/>\n<meta property=\"og:title\" content=\"Disque d&#039;embrayage KHD Deutz - 21 X 26 - 10 Can. - Organique - Edel\" \/>\n<meta property=\"og:description\" content=\"Disque d&#039;embrayage KHD Deutz - 10 Can. Prise de force - D25.2, D30, D2502, D2505 - Moyeu : 21 X 26 - Tracteur Agricole - Distribution de pi\u00e8ces\" \/>\n<meta property=\"og:url\" content=\"http:\/\/www.edel.fr\/en\/product\/disque-dembrayage-khd-deutz-21-x-26-10-can-organique\/\" \/>\n<meta property=\"og:site_name\" content=\"Edel\" \/>\n<meta property=\"article:modified_time\" content=\"2025-12-23T01:00:14+00:00\" \/>\n<meta property=\"og:image\" content=\"http:\/\/www.edel.fr\/uploads\/2021\/04\/0922001212.jpg\" \/>\n\t<meta property=\"og:image:width\" content=\"1512\" \/>\n\t<meta property=\"og:image:height\" content=\"1629\" \/>\n\t<meta property=\"og:image:type\" content=\"image\/jpeg\" \/>\n<meta name=\"twitter:card\" content=\"summary_large_image\" \/>\n<meta name=\"twitter:label1\" content=\"Est. reading time\" \/>\n\t<meta name=\"twitter:data1\" content=\"1 minute\" \/>\n<script type=\"application\/ld+json\" class=\"yoast-schema-graph\">{\"@context\":\"https:\\\/\\\/schema.org\",\"@graph\":[{\"@type\":\"WebPage\",\"@id\":\"http:\\\/\\\/www.edel.fr\\\/en\\\/product\\\/disque-dembrayage-khd-deutz-21-x-26-10-can-organique\\\/\",\"url\":\"http:\\\/\\\/www.edel.fr\\\/en\\\/product\\\/disque-dembrayage-khd-deutz-21-x-26-10-can-organique\\\/\",\"name\":\"Disque d'embrayage KHD Deutz - 21 X 26 - 10 Can. - Organique - Edel\",\"isPartOf\":{\"@id\":\"http:\\\/\\\/www.edel.fr\\\/en\\\/#website\"},\"primaryImageOfPage\":{\"@id\":\"http:\\\/\\\/www.edel.fr\\\/en\\\/product\\\/disque-dembrayage-khd-deutz-21-x-26-10-can-organique\\\/#primaryimage\"},\"image\":{\"@id\":\"http:\\\/\\\/www.edel.fr\\\/en\\\/product\\\/disque-dembrayage-khd-deutz-21-x-26-10-can-organique\\\/#primaryimage\"},\"thumbnailUrl\":\"http:\\\/\\\/www.edel.fr\\\/uploads\\\/2021\\\/04\\\/0922001212.jpg\",\"datePublished\":\"2021-04-19T11:54:27+00:00\",\"dateModified\":\"2025-12-23T01:00:14+00:00\",\"description\":\"Disque d'embrayage KHD Deutz - 10 Can. Prise de force - D25.2, D30, D2502, D2505 - Moyeu : 21 X 26 - Tracteur Agricole - Distribution de pi\u00e8ces\",\"breadcrumb\":{\"@id\":\"http:\\\/\\\/www.edel.fr\\\/en\\\/product\\\/disque-dembrayage-khd-deutz-21-x-26-10-can-organique\\\/#breadcrumb\"},\"inLanguage\":\"en-US\",\"potentialAction\":[{\"@type\":\"ReadAction\",\"target\":[\"http:\\\/\\\/www.edel.fr\\\/en\\\/product\\\/disque-dembrayage-khd-deutz-21-x-26-10-can-organique\\\/\"]}]},{\"@type\":\"ImageObject\",\"inLanguage\":\"en-US\",\"@id\":\"http:\\\/\\\/www.edel.fr\\\/en\\\/product\\\/disque-dembrayage-khd-deutz-21-x-26-10-can-organique\\\/#primaryimage\",\"url\":\"http:\\\/\\\/www.edel.fr\\\/uploads\\\/2021\\\/04\\\/0922001212.jpg\",\"contentUrl\":\"http:\\\/\\\/www.edel.fr\\\/uploads\\\/2021\\\/04\\\/0922001212.jpg\",\"width\":1512,\"height\":1629,\"caption\":\"Disque d'embrayage KHD Deutz - 21 X 26 - 10 Can. - Organique\"},{\"@type\":\"BreadcrumbList\",\"@id\":\"http:\\\/\\\/www.edel.fr\\\/en\\\/product\\\/disque-dembrayage-khd-deutz-21-x-26-10-can-organique\\\/#breadcrumb\",\"itemListElement\":[{\"@type\":\"ListItem\",\"position\":1,\"name\":\"Pi\u00e8ce Tracteur\",\"item\":\"http:\\\/\\\/www.edel.fr\\\/en\\\/\"},{\"@type\":\"ListItem\",\"position\":2,\"name\":\"Toutes nos pi\u00e8ces Tracteur\",\"item\":\"https:\\\/\\\/edel.fr\\\/shop\\\/\"},{\"@type\":\"ListItem\",\"position\":3,\"name\":\"Disque d&#8217;embrayage KHD Deutz &#8211; 21 X 26 &#8211; 10 Can. &#8211; Organique\"}]},{\"@type\":\"WebSite\",\"@id\":\"http:\\\/\\\/www.edel.fr\\\/en\\\/#website\",\"url\":\"http:\\\/\\\/www.edel.fr\\\/en\\\/\",\"name\":\"Edel\",\"description\":\"Pi\u00e8ce d\u00e9tach\u00e9e de Tracteur Agricole\",\"publisher\":{\"@id\":\"http:\\\/\\\/www.edel.fr\\\/en\\\/#organization\"},\"potentialAction\":[{\"@type\":\"SearchAction\",\"target\":{\"@type\":\"EntryPoint\",\"urlTemplate\":\"http:\\\/\\\/www.edel.fr\\\/en\\\/?s={search_term_string}\"},\"query-input\":{\"@type\":\"PropertyValueSpecification\",\"valueRequired\":true,\"valueName\":\"search_term_string\"}}],\"inLanguage\":\"en-US\"},{\"@type\":\"Organization\",\"@id\":\"http:\\\/\\\/www.edel.fr\\\/en\\\/#organization\",\"name\":\"Edel\",\"url\":\"http:\\\/\\\/www.edel.fr\\\/en\\\/\",\"logo\":{\"@type\":\"ImageObject\",\"inLanguage\":\"en-US\",\"@id\":\"http:\\\/\\\/www.edel.fr\\\/en\\\/#\\\/schema\\\/logo\\\/image\\\/\",\"url\":\"https:\\\/\\\/www.edel.fr\\\/uploads\\\/2018\\\/11\\\/logo-edel.png\",\"contentUrl\":\"https:\\\/\\\/www.edel.fr\\\/uploads\\\/2018\\\/11\\\/logo-edel.png\",\"width\":257,\"height\":68,\"caption\":\"Edel\"},\"image\":{\"@id\":\"http:\\\/\\\/www.edel.fr\\\/en\\\/#\\\/schema\\\/logo\\\/image\\\/\"}}]}<\/script>\n<!-- \/ Yoast SEO plugin. -->","yoast_head_json":{"title":"Disque d'embrayage KHD Deutz - 21 X 26 - 10 Can. - Organique - Edel","description":"Disque d'embrayage KHD Deutz - 10 Can. Prise de force - D25.2, D30, D2502, D2505 - Moyeu : 21 X 26 - Tracteur Agricole - Distribution de pi\u00e8ces","robots":{"index":"index","follow":"follow","max-snippet":"max-snippet:-1","max-image-preview":"max-image-preview:large","max-video-preview":"max-video-preview:-1"},"canonical":"http:\/\/www.edel.fr\/en\/product\/disque-dembrayage-khd-deutz-21-x-26-10-can-organique\/","og_locale":"en_US","og_type":"article","og_title":"Disque d'embrayage KHD Deutz - 21 X 26 - 10 Can. - Organique - Edel","og_description":"Disque d'embrayage KHD Deutz - 10 Can. Prise de force - D25.2, D30, D2502, D2505 - Moyeu : 21 X 26 - Tracteur Agricole - Distribution de pi\u00e8ces","og_url":"http:\/\/www.edel.fr\/en\/product\/disque-dembrayage-khd-deutz-21-x-26-10-can-organique\/","og_site_name":"Edel","article_modified_time":"2025-12-23T01:00:14+00:00","og_image":[{"width":1512,"height":1629,"url":"http:\/\/www.edel.fr\/uploads\/2021\/04\/0922001212.jpg","type":"image\/jpeg"}],"twitter_card":"summary_large_image","twitter_misc":{"Est. reading time":"1 minute"},"schema":{"@context":"https:\/\/schema.org","@graph":[{"@type":"WebPage","@id":"http:\/\/www.edel.fr\/en\/product\/disque-dembrayage-khd-deutz-21-x-26-10-can-organique\/","url":"http:\/\/www.edel.fr\/en\/product\/disque-dembrayage-khd-deutz-21-x-26-10-can-organique\/","name":"Disque d'embrayage KHD Deutz - 21 X 26 - 10 Can. - Organique - Edel","isPartOf":{"@id":"http:\/\/www.edel.fr\/en\/#website"},"primaryImageOfPage":{"@id":"http:\/\/www.edel.fr\/en\/product\/disque-dembrayage-khd-deutz-21-x-26-10-can-organique\/#primaryimage"},"image":{"@id":"http:\/\/www.edel.fr\/en\/product\/disque-dembrayage-khd-deutz-21-x-26-10-can-organique\/#primaryimage"},"thumbnailUrl":"http:\/\/www.edel.fr\/uploads\/2021\/04\/0922001212.jpg","datePublished":"2021-04-19T11:54:27+00:00","dateModified":"2025-12-23T01:00:14+00:00","description":"Disque d'embrayage KHD Deutz - 10 Can. Prise de force - D25.2, D30, D2502, D2505 - Moyeu : 21 X 26 - Tracteur Agricole - Distribution de pi\u00e8ces","breadcrumb":{"@id":"http:\/\/www.edel.fr\/en\/product\/disque-dembrayage-khd-deutz-21-x-26-10-can-organique\/#breadcrumb"},"inLanguage":"en-US","potentialAction":[{"@type":"ReadAction","target":["http:\/\/www.edel.fr\/en\/product\/disque-dembrayage-khd-deutz-21-x-26-10-can-organique\/"]}]},{"@type":"ImageObject","inLanguage":"en-US","@id":"http:\/\/www.edel.fr\/en\/product\/disque-dembrayage-khd-deutz-21-x-26-10-can-organique\/#primaryimage","url":"http:\/\/www.edel.fr\/uploads\/2021\/04\/0922001212.jpg","contentUrl":"http:\/\/www.edel.fr\/uploads\/2021\/04\/0922001212.jpg","width":1512,"height":1629,"caption":"Disque d'embrayage KHD Deutz - 21 X 26 - 10 Can. - Organique"},{"@type":"BreadcrumbList","@id":"http:\/\/www.edel.fr\/en\/product\/disque-dembrayage-khd-deutz-21-x-26-10-can-organique\/#breadcrumb","itemListElement":[{"@type":"ListItem","position":1,"name":"Pi\u00e8ce Tracteur","item":"http:\/\/www.edel.fr\/en\/"},{"@type":"ListItem","position":2,"name":"Toutes nos pi\u00e8ces Tracteur","item":"https:\/\/edel.fr\/shop\/"},{"@type":"ListItem","position":3,"name":"Disque d&#8217;embrayage KHD Deutz &#8211; 21 X 26 &#8211; 10 Can. &#8211; Organique"}]},{"@type":"WebSite","@id":"http:\/\/www.edel.fr\/en\/#website","url":"http:\/\/www.edel.fr\/en\/","name":"Edel","description":"Pi\u00e8ce d\u00e9tach\u00e9e de Tracteur Agricole","publisher":{"@id":"http:\/\/www.edel.fr\/en\/#organization"},"potentialAction":[{"@type":"SearchAction","target":{"@type":"EntryPoint","urlTemplate":"http:\/\/www.edel.fr\/en\/?s={search_term_string}"},"query-input":{"@type":"PropertyValueSpecification","valueRequired":true,"valueName":"search_term_string"}}],"inLanguage":"en-US"},{"@type":"Organization","@id":"http:\/\/www.edel.fr\/en\/#organization","name":"Edel","url":"http:\/\/www.edel.fr\/en\/","logo":{"@type":"ImageObject","inLanguage":"en-US","@id":"http:\/\/www.edel.fr\/en\/#\/schema\/logo\/image\/","url":"https:\/\/www.edel.fr\/uploads\/2018\/11\/logo-edel.png","contentUrl":"https:\/\/www.edel.fr\/uploads\/2018\/11\/logo-edel.png","width":257,"height":68,"caption":"Edel"},"image":{"@id":"http:\/\/www.edel.fr\/en\/#\/schema\/logo\/image\/"}}]}},"_links":{"self":[{"href":"http:\/\/www.edel.fr\/en\/wp-json\/wp\/v2\/product\/11108","targetHints":{"allow":["GET"]}}],"collection":[{"href":"http:\/\/www.edel.fr\/en\/wp-json\/wp\/v2\/product"}],"about":[{"href":"http:\/\/www.edel.fr\/en\/wp-json\/wp\/v2\/types\/product"}],"version-history":[{"count":2,"href":"http:\/\/www.edel.fr\/en\/wp-json\/wp\/v2\/product\/11108\/revisions"}],"predecessor-version":[{"id":14679,"href":"http:\/\/www.edel.fr\/en\/wp-json\/wp\/v2\/product\/11108\/revisions\/14679"}],"wp:featuredmedia":[{"embeddable":true,"href":"http:\/\/www.edel.fr\/en\/wp-json\/wp\/v2\/media\/11109"}],"wp:attachment":[{"href":"http:\/\/www.edel.fr\/en\/wp-json\/wp\/v2\/media?parent=11108"}],"wp:term":[{"taxonomy":"product_brand","embeddable":true,"href":"http:\/\/www.edel.fr\/en\/wp-json\/wp\/v2\/product_brand?post=11108"},{"taxonomy":"product_cat","embeddable":true,"href":"http:\/\/www.edel.fr\/en\/wp-json\/wp\/v2\/product_cat?post=11108"},{"taxonomy":"product_tag","embeddable":true,"href":"http:\/\/www.edel.fr\/en\/wp-json\/wp\/v2\/product_tag?post=11108"},{"taxonomy":"tracteur","embeddable":true,"href":"http:\/\/www.edel.fr\/en\/wp-json\/wp\/v2\/tracteur?post=11108"}],"curies":[{"name":"wp","href":"https:\/\/api.w.org\/{rel}","templated":true}]}}