{"id":10992,"date":"2021-04-07T11:07:43","date_gmt":"2021-04-07T09:07:43","guid":{"rendered":"https:\/\/www.edel.fr\/?post_type=product&#038;p=10992"},"modified":"2026-03-17T02:00:36","modified_gmt":"2026-03-17T01:00:36","slug":"pompe-a-eau-ih-d246-d268-d358-dt358","status":"publish","type":"product","link":"http:\/\/www.edel.fr\/en\/product\/pompe-a-eau-ih-d246-d268-d358-dt358\/","title":{"rendered":"Pompe \u00e0 eau IH D246, D268, D358, DT358&#8230;"},"content":{"rendered":"<div data-elementor-type=\"wp-post\" data-elementor-id=\"10992\" class=\"elementor elementor-10992\">\n\t\t\t\t\t\t<section class=\"elementor-section elementor-top-section elementor-element elementor-element-12662901 elementor-section-boxed elementor-section-height-default elementor-section-height-default\" data-id=\"12662901\" data-element_type=\"section\" data-e-type=\"section\">\n\t\t\t\t\t\t<div class=\"elementor-container elementor-column-gap-default\">\n\t\t\t\t\t<div class=\"elementor-column elementor-col-100 elementor-top-column elementor-element elementor-element-7edc59e9\" data-id=\"7edc59e9\" data-element_type=\"column\" data-e-type=\"column\">\n\t\t\t<div class=\"elementor-widget-wrap elementor-element-populated\">\n\t\t\t\t\t\t<div class=\"elementor-element elementor-element-64cac76d elementor-widget elementor-widget-heading\" data-id=\"64cac76d\" data-element_type=\"widget\" data-e-type=\"widget\" data-widget_type=\"heading.default\">\n\t\t\t\t<div class=\"elementor-widget-container\">\n\t\t\t\t\t<h2 class=\"elementor-heading-title elementor-size-default\">POMPE \u00e0 EAU Moteur IH - Tracteur Agricole<\/h2>\t\t\t\t<\/div>\n\t\t\t\t<\/div>\n\t\t\t\t<div class=\"elementor-element elementor-element-2fd6a7ca elementor-widget elementor-widget-heading\" data-id=\"2fd6a7ca\" data-element_type=\"widget\" data-e-type=\"widget\" data-widget_type=\"heading.default\">\n\t\t\t\t<div class=\"elementor-widget-container\">\n\t\t\t\t\t<h3 class=\"elementor-heading-title elementor-size-default\">Information du produit :<\/h3>\t\t\t\t<\/div>\n\t\t\t\t<\/div>\n\t\t\t\t\t<\/div>\n\t\t<\/div>\n\t\t\t\t\t<\/div>\n\t\t<\/section>\n\t\t\t\t<section class=\"elementor-section elementor-top-section elementor-element elementor-element-290ca7d1 elementor-section-boxed elementor-section-height-default elementor-section-height-default\" data-id=\"290ca7d1\" data-element_type=\"section\" data-e-type=\"section\">\n\t\t\t\t\t\t<div class=\"elementor-container elementor-column-gap-default\">\n\t\t\t\t\t<div class=\"elementor-column elementor-col-100 elementor-top-column elementor-element elementor-element-773f35b7\" data-id=\"773f35b7\" data-element_type=\"column\" data-e-type=\"column\">\n\t\t\t<div class=\"elementor-widget-wrap elementor-element-populated\">\n\t\t\t\t\t\t<div class=\"elementor-element elementor-element-7774c225 elementor-widget elementor-widget-text-editor\" data-id=\"7774c225\" data-element_type=\"widget\" data-e-type=\"widget\" data-widget_type=\"text-editor.default\">\n\t\t\t\t<div class=\"elementor-widget-container\">\n\t\t\t\t\t\t\t\t\t<div>Se monte sur type moteur IH D246, D268, D358, DT358&#8230;\u00a0<\/div><div><div>&#8211; Distance carter poulie 100 Mm.<\/div><div>&#8211; Diam\u00e8tre turbine 112 Mm.<\/div><p>Livr\u00e9e avec son joint.<\/p><\/div><div>\u00a0<\/div><div>\u00a0<\/div>\t\t\t\t\t\t\t\t<\/div>\n\t\t\t\t<\/div>\n\t\t\t\t\t<\/div>\n\t\t<\/div>\n\t\t\t\t\t<\/div>\n\t\t<\/section>\n\t\t\t\t<\/div>","protected":false},"excerpt":{"rendered":"<p>POMPE \u00e0 EAU Moteur IH &#8211; Tracteur Agricole Information du produit : Se monte sur type moteur IH D246, D268, D358, DT358&#8230;\u00a0&#8211; Distance carter poulie 100 Mm.- Diam\u00e8tre turbine 112 Mm. Livr\u00e9e avec son joint. \u00a0\u00a0<\/p>","protected":false},"featured_media":10993,"template":"","meta":[],"product_brand":[],"product_cat":[153,2503,119],"product_tag":[],"tracteur":[],"class_list":{"0":"post-10992","1":"product","2":"type-product","3":"status-publish","4":"has-post-thumbnail","6":"product_cat-pieces-moteur","7":"product_cat-pompe-a-eau","8":"product_cat-tracteurs-agricoles","9":"product_shipping_class-142","10":"pa_marque-tracteur-case-ih","11":"pa_type-2-d246","12":"pa_type-2-d268","13":"pa_type-2-d358","14":"pa_type-2-dt358","15":"badges-style-2","17":"first","18":"instock","19":"taxable","20":"shipping-taxable","21":"purchasable","22":"product-type-simple"},"acf":[],"yoast_head":"<!-- This site is optimized with the Yoast SEO plugin v27.3 - https:\/\/yoast.com\/product\/yoast-seo-wordpress\/ -->\n<title>Pompe \u00e0 eau IH D246, D268, D358, DT358... - Edel<\/title>\n<meta name=\"robots\" content=\"index, follow, max-snippet:-1, max-image-preview:large, max-video-preview:-1\" \/>\n<link rel=\"canonical\" href=\"https:\/\/www.edel.fr\/en\/product\/pompe-a-eau-ih-d246-d268-d358-dt358\/\" \/>\n<meta property=\"og:locale\" content=\"en_US\" \/>\n<meta property=\"og:type\" content=\"article\" \/>\n<meta property=\"og:title\" content=\"Pompe \u00e0 eau IH D246, D268, D358, DT358... - Edel\" \/>\n<meta property=\"og:description\" content=\"POMPE \u00e0 EAU Moteur IH &#8211; Tracteur Agricole Information du produit : Se monte sur type moteur IH D246, D268, D358, DT358&#8230;\u00a0&#8211; Distance carter poulie 100 Mm.- Diam\u00e8tre turbine 112 Mm. Livr\u00e9e avec son joint. \u00a0\u00a0\" \/>\n<meta property=\"og:url\" content=\"https:\/\/www.edel.fr\/en\/product\/pompe-a-eau-ih-d246-d268-d358-dt358\/\" \/>\n<meta property=\"og:site_name\" content=\"Edel\" \/>\n<meta property=\"article:modified_time\" content=\"2026-03-17T01:00:36+00:00\" \/>\n<meta property=\"og:image\" content=\"https:\/\/www.edel.fr\/uploads\/2021\/04\/01MP358-2.jpg\" \/>\n\t<meta property=\"og:image:width\" content=\"1512\" \/>\n\t<meta property=\"og:image:height\" content=\"1519\" \/>\n\t<meta property=\"og:image:type\" content=\"image\/jpeg\" \/>\n<meta name=\"twitter:card\" content=\"summary_large_image\" \/>\n<meta name=\"twitter:label1\" content=\"Est. reading time\" \/>\n\t<meta name=\"twitter:data1\" content=\"1 minute\" \/>\n<script type=\"application\/ld+json\" class=\"yoast-schema-graph\">{\"@context\":\"https:\\\/\\\/schema.org\",\"@graph\":[{\"@type\":\"WebPage\",\"@id\":\"https:\\\/\\\/www.edel.fr\\\/en\\\/product\\\/pompe-a-eau-ih-d246-d268-d358-dt358\\\/\",\"url\":\"https:\\\/\\\/www.edel.fr\\\/en\\\/product\\\/pompe-a-eau-ih-d246-d268-d358-dt358\\\/\",\"name\":\"Pompe \u00e0 eau IH D246, D268, D358, DT358... - Edel\",\"isPartOf\":{\"@id\":\"http:\\\/\\\/www.edel.fr\\\/en\\\/#website\"},\"primaryImageOfPage\":{\"@id\":\"https:\\\/\\\/www.edel.fr\\\/en\\\/product\\\/pompe-a-eau-ih-d246-d268-d358-dt358\\\/#primaryimage\"},\"image\":{\"@id\":\"https:\\\/\\\/www.edel.fr\\\/en\\\/product\\\/pompe-a-eau-ih-d246-d268-d358-dt358\\\/#primaryimage\"},\"thumbnailUrl\":\"http:\\\/\\\/www.edel.fr\\\/uploads\\\/2021\\\/04\\\/01MP358-2.jpg\",\"datePublished\":\"2021-04-07T09:07:43+00:00\",\"dateModified\":\"2026-03-17T01:00:36+00:00\",\"breadcrumb\":{\"@id\":\"https:\\\/\\\/www.edel.fr\\\/en\\\/product\\\/pompe-a-eau-ih-d246-d268-d358-dt358\\\/#breadcrumb\"},\"inLanguage\":\"en-US\",\"potentialAction\":[{\"@type\":\"ReadAction\",\"target\":[\"https:\\\/\\\/www.edel.fr\\\/en\\\/product\\\/pompe-a-eau-ih-d246-d268-d358-dt358\\\/\"]}]},{\"@type\":\"ImageObject\",\"inLanguage\":\"en-US\",\"@id\":\"https:\\\/\\\/www.edel.fr\\\/en\\\/product\\\/pompe-a-eau-ih-d246-d268-d358-dt358\\\/#primaryimage\",\"url\":\"http:\\\/\\\/www.edel.fr\\\/uploads\\\/2021\\\/04\\\/01MP358-2.jpg\",\"contentUrl\":\"http:\\\/\\\/www.edel.fr\\\/uploads\\\/2021\\\/04\\\/01MP358-2.jpg\",\"width\":1512,\"height\":1519,\"caption\":\"Pompe \u00e0 eau IH D246, D268, D358, DT358...\"},{\"@type\":\"BreadcrumbList\",\"@id\":\"https:\\\/\\\/www.edel.fr\\\/en\\\/product\\\/pompe-a-eau-ih-d246-d268-d358-dt358\\\/#breadcrumb\",\"itemListElement\":[{\"@type\":\"ListItem\",\"position\":1,\"name\":\"Pi\u00e8ce Tracteur\",\"item\":\"http:\\\/\\\/www.edel.fr\\\/en\\\/\"},{\"@type\":\"ListItem\",\"position\":2,\"name\":\"Toutes nos pi\u00e8ces Tracteur\",\"item\":\"https:\\\/\\\/edel.fr\\\/shop\\\/\"},{\"@type\":\"ListItem\",\"position\":3,\"name\":\"Pompe \u00e0 eau IH D246, D268, D358, DT358&#8230;\"}]},{\"@type\":\"WebSite\",\"@id\":\"http:\\\/\\\/www.edel.fr\\\/en\\\/#website\",\"url\":\"http:\\\/\\\/www.edel.fr\\\/en\\\/\",\"name\":\"Edel\",\"description\":\"Pi\u00e8ce d\u00e9tach\u00e9e de Tracteur Agricole\",\"publisher\":{\"@id\":\"http:\\\/\\\/www.edel.fr\\\/en\\\/#organization\"},\"potentialAction\":[{\"@type\":\"SearchAction\",\"target\":{\"@type\":\"EntryPoint\",\"urlTemplate\":\"http:\\\/\\\/www.edel.fr\\\/en\\\/?s={search_term_string}\"},\"query-input\":{\"@type\":\"PropertyValueSpecification\",\"valueRequired\":true,\"valueName\":\"search_term_string\"}}],\"inLanguage\":\"en-US\"},{\"@type\":\"Organization\",\"@id\":\"http:\\\/\\\/www.edel.fr\\\/en\\\/#organization\",\"name\":\"Edel\",\"url\":\"http:\\\/\\\/www.edel.fr\\\/en\\\/\",\"logo\":{\"@type\":\"ImageObject\",\"inLanguage\":\"en-US\",\"@id\":\"http:\\\/\\\/www.edel.fr\\\/en\\\/#\\\/schema\\\/logo\\\/image\\\/\",\"url\":\"https:\\\/\\\/www.edel.fr\\\/uploads\\\/2018\\\/11\\\/logo-edel.png\",\"contentUrl\":\"https:\\\/\\\/www.edel.fr\\\/uploads\\\/2018\\\/11\\\/logo-edel.png\",\"width\":257,\"height\":68,\"caption\":\"Edel\"},\"image\":{\"@id\":\"http:\\\/\\\/www.edel.fr\\\/en\\\/#\\\/schema\\\/logo\\\/image\\\/\"}}]}<\/script>\n<!-- \/ Yoast SEO plugin. -->","yoast_head_json":{"title":"Pompe \u00e0 eau IH D246, D268, D358, DT358... - Edel","robots":{"index":"index","follow":"follow","max-snippet":"max-snippet:-1","max-image-preview":"max-image-preview:large","max-video-preview":"max-video-preview:-1"},"canonical":"https:\/\/www.edel.fr\/en\/product\/pompe-a-eau-ih-d246-d268-d358-dt358\/","og_locale":"en_US","og_type":"article","og_title":"Pompe \u00e0 eau IH D246, D268, D358, DT358... - Edel","og_description":"POMPE \u00e0 EAU Moteur IH &#8211; Tracteur Agricole Information du produit : Se monte sur type moteur IH D246, D268, D358, DT358&#8230;\u00a0&#8211; Distance carter poulie 100 Mm.- Diam\u00e8tre turbine 112 Mm. Livr\u00e9e avec son joint. \u00a0\u00a0","og_url":"https:\/\/www.edel.fr\/en\/product\/pompe-a-eau-ih-d246-d268-d358-dt358\/","og_site_name":"Edel","article_modified_time":"2026-03-17T01:00:36+00:00","og_image":[{"width":1512,"height":1519,"url":"https:\/\/www.edel.fr\/uploads\/2021\/04\/01MP358-2.jpg","type":"image\/jpeg"}],"twitter_card":"summary_large_image","twitter_misc":{"Est. reading time":"1 minute"},"schema":{"@context":"https:\/\/schema.org","@graph":[{"@type":"WebPage","@id":"https:\/\/www.edel.fr\/en\/product\/pompe-a-eau-ih-d246-d268-d358-dt358\/","url":"https:\/\/www.edel.fr\/en\/product\/pompe-a-eau-ih-d246-d268-d358-dt358\/","name":"Pompe \u00e0 eau IH D246, D268, D358, DT358... - Edel","isPartOf":{"@id":"http:\/\/www.edel.fr\/en\/#website"},"primaryImageOfPage":{"@id":"https:\/\/www.edel.fr\/en\/product\/pompe-a-eau-ih-d246-d268-d358-dt358\/#primaryimage"},"image":{"@id":"https:\/\/www.edel.fr\/en\/product\/pompe-a-eau-ih-d246-d268-d358-dt358\/#primaryimage"},"thumbnailUrl":"http:\/\/www.edel.fr\/uploads\/2021\/04\/01MP358-2.jpg","datePublished":"2021-04-07T09:07:43+00:00","dateModified":"2026-03-17T01:00:36+00:00","breadcrumb":{"@id":"https:\/\/www.edel.fr\/en\/product\/pompe-a-eau-ih-d246-d268-d358-dt358\/#breadcrumb"},"inLanguage":"en-US","potentialAction":[{"@type":"ReadAction","target":["https:\/\/www.edel.fr\/en\/product\/pompe-a-eau-ih-d246-d268-d358-dt358\/"]}]},{"@type":"ImageObject","inLanguage":"en-US","@id":"https:\/\/www.edel.fr\/en\/product\/pompe-a-eau-ih-d246-d268-d358-dt358\/#primaryimage","url":"http:\/\/www.edel.fr\/uploads\/2021\/04\/01MP358-2.jpg","contentUrl":"http:\/\/www.edel.fr\/uploads\/2021\/04\/01MP358-2.jpg","width":1512,"height":1519,"caption":"Pompe \u00e0 eau IH D246, D268, D358, DT358..."},{"@type":"BreadcrumbList","@id":"https:\/\/www.edel.fr\/en\/product\/pompe-a-eau-ih-d246-d268-d358-dt358\/#breadcrumb","itemListElement":[{"@type":"ListItem","position":1,"name":"Pi\u00e8ce Tracteur","item":"http:\/\/www.edel.fr\/en\/"},{"@type":"ListItem","position":2,"name":"Toutes nos pi\u00e8ces Tracteur","item":"https:\/\/edel.fr\/shop\/"},{"@type":"ListItem","position":3,"name":"Pompe \u00e0 eau IH D246, D268, D358, DT358&#8230;"}]},{"@type":"WebSite","@id":"http:\/\/www.edel.fr\/en\/#website","url":"http:\/\/www.edel.fr\/en\/","name":"Edel","description":"Pi\u00e8ce d\u00e9tach\u00e9e de Tracteur Agricole","publisher":{"@id":"http:\/\/www.edel.fr\/en\/#organization"},"potentialAction":[{"@type":"SearchAction","target":{"@type":"EntryPoint","urlTemplate":"http:\/\/www.edel.fr\/en\/?s={search_term_string}"},"query-input":{"@type":"PropertyValueSpecification","valueRequired":true,"valueName":"search_term_string"}}],"inLanguage":"en-US"},{"@type":"Organization","@id":"http:\/\/www.edel.fr\/en\/#organization","name":"Edel","url":"http:\/\/www.edel.fr\/en\/","logo":{"@type":"ImageObject","inLanguage":"en-US","@id":"http:\/\/www.edel.fr\/en\/#\/schema\/logo\/image\/","url":"https:\/\/www.edel.fr\/uploads\/2018\/11\/logo-edel.png","contentUrl":"https:\/\/www.edel.fr\/uploads\/2018\/11\/logo-edel.png","width":257,"height":68,"caption":"Edel"},"image":{"@id":"http:\/\/www.edel.fr\/en\/#\/schema\/logo\/image\/"}}]}},"_links":{"self":[{"href":"http:\/\/www.edel.fr\/en\/wp-json\/wp\/v2\/product\/10992","targetHints":{"allow":["GET"]}}],"collection":[{"href":"http:\/\/www.edel.fr\/en\/wp-json\/wp\/v2\/product"}],"about":[{"href":"http:\/\/www.edel.fr\/en\/wp-json\/wp\/v2\/types\/product"}],"version-history":[{"count":2,"href":"http:\/\/www.edel.fr\/en\/wp-json\/wp\/v2\/product\/10992\/revisions"}],"predecessor-version":[{"id":12999,"href":"http:\/\/www.edel.fr\/en\/wp-json\/wp\/v2\/product\/10992\/revisions\/12999"}],"wp:featuredmedia":[{"embeddable":true,"href":"http:\/\/www.edel.fr\/en\/wp-json\/wp\/v2\/media\/10993"}],"wp:attachment":[{"href":"http:\/\/www.edel.fr\/en\/wp-json\/wp\/v2\/media?parent=10992"}],"wp:term":[{"taxonomy":"product_brand","embeddable":true,"href":"http:\/\/www.edel.fr\/en\/wp-json\/wp\/v2\/product_brand?post=10992"},{"taxonomy":"product_cat","embeddable":true,"href":"http:\/\/www.edel.fr\/en\/wp-json\/wp\/v2\/product_cat?post=10992"},{"taxonomy":"product_tag","embeddable":true,"href":"http:\/\/www.edel.fr\/en\/wp-json\/wp\/v2\/product_tag?post=10992"},{"taxonomy":"tracteur","embeddable":true,"href":"http:\/\/www.edel.fr\/en\/wp-json\/wp\/v2\/tracteur?post=10992"}],"curies":[{"name":"wp","href":"https:\/\/api.w.org\/{rel}","templated":true}]}}