{"id":10592,"date":"2021-02-26T10:11:39","date_gmt":"2021-02-26T09:11:39","guid":{"rendered":"https:\/\/www.edel.fr\/?post_type=product&#038;p=10592"},"modified":"2025-09-20T17:43:11","modified_gmt":"2025-09-20T15:43:11","slug":"butee-dembrayage-john-deere-49x92x56-tracteur-agricole","status":"publish","type":"product","link":"http:\/\/www.edel.fr\/en\/product\/butee-dembrayage-john-deere-49x92x56-tracteur-agricole\/","title":{"rendered":"But\u00e9e d&#8217;embrayage &#8211; John Deere &#8211; 49x92x56 &#8211; Tracteur Agricole"},"content":{"rendered":"<h3>But\u00e9e d&#8217;embrayage &#8211; John Deere<\/h3>\n<p><strong>49x92x56<\/strong><\/p>\n<p>Nous vous proposons des pi\u00e8ces d\u00e9tach\u00e9es de qualit\u00e9 origine.<\/p>","protected":false},"excerpt":{"rendered":"<p>But\u00e9e d&#8217;embrayage &#8211; John Deere 49x92x56 Nous vous proposons des pi\u00e8ces d\u00e9tach\u00e9es de qualit\u00e9 origine.<\/p>","protected":false},"featured_media":10593,"template":"","meta":[],"product_brand":[],"product_cat":[4076,127,119,120],"product_tag":[],"tracteur":[],"class_list":{"0":"post-10592","1":"product","2":"type-product","3":"status-publish","4":"has-post-thumbnail","6":"product_cat-butee-dembrayage-john-deere","7":"product_cat-butees-embrayage","8":"product_cat-tracteurs-agricoles","9":"product_cat-transmissions","10":"product_shipping_class-142","11":"pa_diametre-exterieur-4524","12":"pa_diametre-interieur-4537","13":"pa_epaisseur-4538","14":"pa_marque-tracteur-john-deere","15":"pa_type-2-1650","16":"pa_type-2-1651","17":"pa_type-2-3316","18":"pa_type-2-1635","19":"pa_type-2-1636","20":"pa_type-2-3317","21":"pa_type-2-2896","22":"pa_type-2-3028","23":"pa_type-2-3029","24":"pa_type-2-1652","25":"pa_type-2-1474","26":"pa_type-2-2897","27":"pa_type-2-2854","28":"pa_type-2-3030","29":"pa_type-2-1442","30":"pa_type-2-1653","31":"pa_type-2-2310","32":"pa_type-2-1654","33":"pa_type-2-1446","34":"pa_type-2-1655","35":"pa_type-2-1901","36":"pa_type-2-1561","37":"pa_type-2-2478","38":"pa_type-2-2479","39":"pa_type-butee-roulement","40":"badges-style-2","42":"first","43":"outofstock","44":"taxable","45":"shipping-taxable","46":"purchasable","47":"product-type-simple"},"acf":[],"yoast_head":"<!-- This site is optimized with the Yoast SEO plugin v27.3 - https:\/\/yoast.com\/product\/yoast-seo-wordpress\/ -->\n<title>But\u00e9e d&#039;embrayage - John Deere - 49x92x56 - Tracteur Agricole - Edel<\/title>\n<meta name=\"description\" content=\"But\u00e9e d&#039;embrayage - John Deere - 49x92x56 - 1040 1140 1350 1550 1640 1750 1840 1850 1950 2040 2140 2240 2250 2450 2650 2850 2940 3040 3050 3140 3340 840 940\" \/>\n<meta name=\"robots\" content=\"index, follow, max-snippet:-1, max-image-preview:large, max-video-preview:-1\" \/>\n<link rel=\"canonical\" href=\"http:\/\/www.edel.fr\/en\/product\/butee-dembrayage-john-deere-49x92x56-tracteur-agricole\/\" \/>\n<meta property=\"og:locale\" content=\"en_US\" \/>\n<meta property=\"og:type\" content=\"article\" \/>\n<meta property=\"og:title\" content=\"But\u00e9e d&#039;embrayage - John Deere - 49x92x56 - Tracteur Agricole - Edel\" \/>\n<meta property=\"og:description\" content=\"But\u00e9e d&#039;embrayage - John Deere - 49x92x56 - 1040 1140 1350 1550 1640 1750 1840 1850 1950 2040 2140 2240 2250 2450 2650 2850 2940 3040 3050 3140 3340 840 940\" \/>\n<meta property=\"og:url\" content=\"http:\/\/www.edel.fr\/en\/product\/butee-dembrayage-john-deere-49x92x56-tracteur-agricole\/\" \/>\n<meta property=\"og:site_name\" content=\"Edel\" \/>\n<meta property=\"article:modified_time\" content=\"2025-09-20T15:43:11+00:00\" \/>\n<meta property=\"og:image\" content=\"http:\/\/www.edel.fr\/uploads\/2021\/02\/20302420.jpg\" \/>\n\t<meta property=\"og:image:width\" content=\"1512\" \/>\n\t<meta property=\"og:image:height\" content=\"1349\" \/>\n\t<meta property=\"og:image:type\" content=\"image\/jpeg\" \/>\n<meta name=\"twitter:card\" content=\"summary_large_image\" \/>\n<meta name=\"twitter:label1\" content=\"Est. reading time\" \/>\n\t<meta name=\"twitter:data1\" content=\"1 minute\" \/>\n<script type=\"application\/ld+json\" class=\"yoast-schema-graph\">{\"@context\":\"https:\\\/\\\/schema.org\",\"@graph\":[{\"@type\":\"WebPage\",\"@id\":\"http:\\\/\\\/www.edel.fr\\\/en\\\/product\\\/butee-dembrayage-john-deere-49x92x56-tracteur-agricole\\\/\",\"url\":\"http:\\\/\\\/www.edel.fr\\\/en\\\/product\\\/butee-dembrayage-john-deere-49x92x56-tracteur-agricole\\\/\",\"name\":\"But\u00e9e d'embrayage - John Deere - 49x92x56 - Tracteur Agricole - Edel\",\"isPartOf\":{\"@id\":\"http:\\\/\\\/www.edel.fr\\\/en\\\/#website\"},\"primaryImageOfPage\":{\"@id\":\"http:\\\/\\\/www.edel.fr\\\/en\\\/product\\\/butee-dembrayage-john-deere-49x92x56-tracteur-agricole\\\/#primaryimage\"},\"image\":{\"@id\":\"http:\\\/\\\/www.edel.fr\\\/en\\\/product\\\/butee-dembrayage-john-deere-49x92x56-tracteur-agricole\\\/#primaryimage\"},\"thumbnailUrl\":\"http:\\\/\\\/www.edel.fr\\\/uploads\\\/2021\\\/02\\\/20302420.jpg\",\"datePublished\":\"2021-02-26T09:11:39+00:00\",\"dateModified\":\"2025-09-20T15:43:11+00:00\",\"description\":\"But\u00e9e d'embrayage - John Deere - 49x92x56 - 1040 1140 1350 1550 1640 1750 1840 1850 1950 2040 2140 2240 2250 2450 2650 2850 2940 3040 3050 3140 3340 840 940\",\"breadcrumb\":{\"@id\":\"http:\\\/\\\/www.edel.fr\\\/en\\\/product\\\/butee-dembrayage-john-deere-49x92x56-tracteur-agricole\\\/#breadcrumb\"},\"inLanguage\":\"en-US\",\"potentialAction\":[{\"@type\":\"ReadAction\",\"target\":[\"http:\\\/\\\/www.edel.fr\\\/en\\\/product\\\/butee-dembrayage-john-deere-49x92x56-tracteur-agricole\\\/\"]}]},{\"@type\":\"ImageObject\",\"inLanguage\":\"en-US\",\"@id\":\"http:\\\/\\\/www.edel.fr\\\/en\\\/product\\\/butee-dembrayage-john-deere-49x92x56-tracteur-agricole\\\/#primaryimage\",\"url\":\"http:\\\/\\\/www.edel.fr\\\/uploads\\\/2021\\\/02\\\/20302420.jpg\",\"contentUrl\":\"http:\\\/\\\/www.edel.fr\\\/uploads\\\/2021\\\/02\\\/20302420.jpg\",\"width\":1512,\"height\":1349,\"caption\":\"But\u00e9e d'embrayage - John Deere - 49x92x56 - Tracteur Agricole\"},{\"@type\":\"BreadcrumbList\",\"@id\":\"http:\\\/\\\/www.edel.fr\\\/en\\\/product\\\/butee-dembrayage-john-deere-49x92x56-tracteur-agricole\\\/#breadcrumb\",\"itemListElement\":[{\"@type\":\"ListItem\",\"position\":1,\"name\":\"Pi\u00e8ce Tracteur\",\"item\":\"http:\\\/\\\/www.edel.fr\\\/en\\\/\"},{\"@type\":\"ListItem\",\"position\":2,\"name\":\"Toutes nos pi\u00e8ces Tracteur\",\"item\":\"https:\\\/\\\/edel.fr\\\/shop\\\/\"},{\"@type\":\"ListItem\",\"position\":3,\"name\":\"But\u00e9e d&#8217;embrayage &#8211; John Deere &#8211; 49x92x56 &#8211; Tracteur Agricole\"}]},{\"@type\":\"WebSite\",\"@id\":\"http:\\\/\\\/www.edel.fr\\\/en\\\/#website\",\"url\":\"http:\\\/\\\/www.edel.fr\\\/en\\\/\",\"name\":\"Edel\",\"description\":\"Pi\u00e8ce d\u00e9tach\u00e9e de Tracteur Agricole\",\"publisher\":{\"@id\":\"http:\\\/\\\/www.edel.fr\\\/en\\\/#organization\"},\"potentialAction\":[{\"@type\":\"SearchAction\",\"target\":{\"@type\":\"EntryPoint\",\"urlTemplate\":\"http:\\\/\\\/www.edel.fr\\\/en\\\/?s={search_term_string}\"},\"query-input\":{\"@type\":\"PropertyValueSpecification\",\"valueRequired\":true,\"valueName\":\"search_term_string\"}}],\"inLanguage\":\"en-US\"},{\"@type\":\"Organization\",\"@id\":\"http:\\\/\\\/www.edel.fr\\\/en\\\/#organization\",\"name\":\"Edel\",\"url\":\"http:\\\/\\\/www.edel.fr\\\/en\\\/\",\"logo\":{\"@type\":\"ImageObject\",\"inLanguage\":\"en-US\",\"@id\":\"http:\\\/\\\/www.edel.fr\\\/en\\\/#\\\/schema\\\/logo\\\/image\\\/\",\"url\":\"https:\\\/\\\/www.edel.fr\\\/uploads\\\/2018\\\/11\\\/logo-edel.png\",\"contentUrl\":\"https:\\\/\\\/www.edel.fr\\\/uploads\\\/2018\\\/11\\\/logo-edel.png\",\"width\":257,\"height\":68,\"caption\":\"Edel\"},\"image\":{\"@id\":\"http:\\\/\\\/www.edel.fr\\\/en\\\/#\\\/schema\\\/logo\\\/image\\\/\"}}]}<\/script>\n<!-- \/ Yoast SEO plugin. -->","yoast_head_json":{"title":"But\u00e9e d'embrayage - John Deere - 49x92x56 - Tracteur Agricole - Edel","description":"But\u00e9e d'embrayage - John Deere - 49x92x56 - 1040 1140 1350 1550 1640 1750 1840 1850 1950 2040 2140 2240 2250 2450 2650 2850 2940 3040 3050 3140 3340 840 940","robots":{"index":"index","follow":"follow","max-snippet":"max-snippet:-1","max-image-preview":"max-image-preview:large","max-video-preview":"max-video-preview:-1"},"canonical":"http:\/\/www.edel.fr\/en\/product\/butee-dembrayage-john-deere-49x92x56-tracteur-agricole\/","og_locale":"en_US","og_type":"article","og_title":"But\u00e9e d'embrayage - John Deere - 49x92x56 - Tracteur Agricole - Edel","og_description":"But\u00e9e d'embrayage - John Deere - 49x92x56 - 1040 1140 1350 1550 1640 1750 1840 1850 1950 2040 2140 2240 2250 2450 2650 2850 2940 3040 3050 3140 3340 840 940","og_url":"http:\/\/www.edel.fr\/en\/product\/butee-dembrayage-john-deere-49x92x56-tracteur-agricole\/","og_site_name":"Edel","article_modified_time":"2025-09-20T15:43:11+00:00","og_image":[{"width":1512,"height":1349,"url":"http:\/\/www.edel.fr\/uploads\/2021\/02\/20302420.jpg","type":"image\/jpeg"}],"twitter_card":"summary_large_image","twitter_misc":{"Est. reading time":"1 minute"},"schema":{"@context":"https:\/\/schema.org","@graph":[{"@type":"WebPage","@id":"http:\/\/www.edel.fr\/en\/product\/butee-dembrayage-john-deere-49x92x56-tracteur-agricole\/","url":"http:\/\/www.edel.fr\/en\/product\/butee-dembrayage-john-deere-49x92x56-tracteur-agricole\/","name":"But\u00e9e d'embrayage - John Deere - 49x92x56 - Tracteur Agricole - Edel","isPartOf":{"@id":"http:\/\/www.edel.fr\/en\/#website"},"primaryImageOfPage":{"@id":"http:\/\/www.edel.fr\/en\/product\/butee-dembrayage-john-deere-49x92x56-tracteur-agricole\/#primaryimage"},"image":{"@id":"http:\/\/www.edel.fr\/en\/product\/butee-dembrayage-john-deere-49x92x56-tracteur-agricole\/#primaryimage"},"thumbnailUrl":"http:\/\/www.edel.fr\/uploads\/2021\/02\/20302420.jpg","datePublished":"2021-02-26T09:11:39+00:00","dateModified":"2025-09-20T15:43:11+00:00","description":"But\u00e9e d'embrayage - John Deere - 49x92x56 - 1040 1140 1350 1550 1640 1750 1840 1850 1950 2040 2140 2240 2250 2450 2650 2850 2940 3040 3050 3140 3340 840 940","breadcrumb":{"@id":"http:\/\/www.edel.fr\/en\/product\/butee-dembrayage-john-deere-49x92x56-tracteur-agricole\/#breadcrumb"},"inLanguage":"en-US","potentialAction":[{"@type":"ReadAction","target":["http:\/\/www.edel.fr\/en\/product\/butee-dembrayage-john-deere-49x92x56-tracteur-agricole\/"]}]},{"@type":"ImageObject","inLanguage":"en-US","@id":"http:\/\/www.edel.fr\/en\/product\/butee-dembrayage-john-deere-49x92x56-tracteur-agricole\/#primaryimage","url":"http:\/\/www.edel.fr\/uploads\/2021\/02\/20302420.jpg","contentUrl":"http:\/\/www.edel.fr\/uploads\/2021\/02\/20302420.jpg","width":1512,"height":1349,"caption":"But\u00e9e d'embrayage - John Deere - 49x92x56 - Tracteur Agricole"},{"@type":"BreadcrumbList","@id":"http:\/\/www.edel.fr\/en\/product\/butee-dembrayage-john-deere-49x92x56-tracteur-agricole\/#breadcrumb","itemListElement":[{"@type":"ListItem","position":1,"name":"Pi\u00e8ce Tracteur","item":"http:\/\/www.edel.fr\/en\/"},{"@type":"ListItem","position":2,"name":"Toutes nos pi\u00e8ces Tracteur","item":"https:\/\/edel.fr\/shop\/"},{"@type":"ListItem","position":3,"name":"But\u00e9e d&#8217;embrayage &#8211; John Deere &#8211; 49x92x56 &#8211; Tracteur Agricole"}]},{"@type":"WebSite","@id":"http:\/\/www.edel.fr\/en\/#website","url":"http:\/\/www.edel.fr\/en\/","name":"Edel","description":"Pi\u00e8ce d\u00e9tach\u00e9e de Tracteur Agricole","publisher":{"@id":"http:\/\/www.edel.fr\/en\/#organization"},"potentialAction":[{"@type":"SearchAction","target":{"@type":"EntryPoint","urlTemplate":"http:\/\/www.edel.fr\/en\/?s={search_term_string}"},"query-input":{"@type":"PropertyValueSpecification","valueRequired":true,"valueName":"search_term_string"}}],"inLanguage":"en-US"},{"@type":"Organization","@id":"http:\/\/www.edel.fr\/en\/#organization","name":"Edel","url":"http:\/\/www.edel.fr\/en\/","logo":{"@type":"ImageObject","inLanguage":"en-US","@id":"http:\/\/www.edel.fr\/en\/#\/schema\/logo\/image\/","url":"https:\/\/www.edel.fr\/uploads\/2018\/11\/logo-edel.png","contentUrl":"https:\/\/www.edel.fr\/uploads\/2018\/11\/logo-edel.png","width":257,"height":68,"caption":"Edel"},"image":{"@id":"http:\/\/www.edel.fr\/en\/#\/schema\/logo\/image\/"}}]}},"_links":{"self":[{"href":"http:\/\/www.edel.fr\/en\/wp-json\/wp\/v2\/product\/10592","targetHints":{"allow":["GET"]}}],"collection":[{"href":"http:\/\/www.edel.fr\/en\/wp-json\/wp\/v2\/product"}],"about":[{"href":"http:\/\/www.edel.fr\/en\/wp-json\/wp\/v2\/types\/product"}],"version-history":[{"count":1,"href":"http:\/\/www.edel.fr\/en\/wp-json\/wp\/v2\/product\/10592\/revisions"}],"predecessor-version":[{"id":10596,"href":"http:\/\/www.edel.fr\/en\/wp-json\/wp\/v2\/product\/10592\/revisions\/10596"}],"wp:featuredmedia":[{"embeddable":true,"href":"http:\/\/www.edel.fr\/en\/wp-json\/wp\/v2\/media\/10593"}],"wp:attachment":[{"href":"http:\/\/www.edel.fr\/en\/wp-json\/wp\/v2\/media?parent=10592"}],"wp:term":[{"taxonomy":"product_brand","embeddable":true,"href":"http:\/\/www.edel.fr\/en\/wp-json\/wp\/v2\/product_brand?post=10592"},{"taxonomy":"product_cat","embeddable":true,"href":"http:\/\/www.edel.fr\/en\/wp-json\/wp\/v2\/product_cat?post=10592"},{"taxonomy":"product_tag","embeddable":true,"href":"http:\/\/www.edel.fr\/en\/wp-json\/wp\/v2\/product_tag?post=10592"},{"taxonomy":"tracteur","embeddable":true,"href":"http:\/\/www.edel.fr\/en\/wp-json\/wp\/v2\/tracteur?post=10592"}],"curies":[{"name":"wp","href":"https:\/\/api.w.org\/{rel}","templated":true}]}}