{"id":10211,"date":"2021-02-10T11:44:19","date_gmt":"2021-02-10T10:44:19","guid":{"rendered":"https:\/\/www.edel.fr\/?post_type=product&#038;p=10211"},"modified":"2026-04-01T22:12:17","modified_gmt":"2026-04-01T20:12:17","slug":"roulement-pilote-fag-6204-2rs-20-x-47-x-14-avec-circlips","status":"publish","type":"product","link":"http:\/\/www.edel.fr\/en\/product\/roulement-pilote-fag-6204-2rs-20-x-47-x-14-avec-circlips\/","title":{"rendered":"Roulement pilote Kawe 6204 2RS RP15 &#8211; 20 x 47 x 14 &#8211; Avec circlips"},"content":{"rendered":"<div data-elementor-type=\"wp-post\" data-elementor-id=\"10211\" class=\"elementor elementor-10211\">\n\t\t\t\t\t\t<section class=\"elementor-section elementor-top-section elementor-element elementor-element-3d1eb0b5 elementor-section-boxed elementor-section-height-default elementor-section-height-default\" data-id=\"3d1eb0b5\" data-element_type=\"section\" data-e-type=\"section\">\n\t\t\t\t\t\t<div class=\"elementor-container elementor-column-gap-default\">\n\t\t\t\t\t<div class=\"elementor-column elementor-col-100 elementor-top-column elementor-element elementor-element-125095b9\" data-id=\"125095b9\" data-element_type=\"column\" data-e-type=\"column\">\n\t\t\t<div class=\"elementor-widget-wrap elementor-element-populated\">\n\t\t\t\t\t\t<div class=\"elementor-element elementor-element-4cbfdf26 elementor-widget elementor-widget-heading\" data-id=\"4cbfdf26\" data-element_type=\"widget\" data-e-type=\"widget\" data-widget_type=\"heading.default\">\n\t\t\t\t<div class=\"elementor-widget-container\">\n\t\t\t\t\t<h2 class=\"elementor-heading-title elementor-size-default\">Roulement pilote Kawe 6204 2RS avec circlips<\/h2>\t\t\t\t<\/div>\n\t\t\t\t<\/div>\n\t\t\t\t<div class=\"elementor-element elementor-element-7d8d6fa2 elementor-widget elementor-widget-heading\" data-id=\"7d8d6fa2\" data-element_type=\"widget\" data-e-type=\"widget\" data-widget_type=\"heading.default\">\n\t\t\t\t<div class=\"elementor-widget-container\">\n\t\t\t\t\t<h3 class=\"elementor-heading-title elementor-size-default\">Information du produit :<\/h3>\t\t\t\t<\/div>\n\t\t\t\t<\/div>\n\t\t\t\t\t<\/div>\n\t\t<\/div>\n\t\t\t\t\t<\/div>\n\t\t<\/section>\n\t\t\t\t<section class=\"elementor-section elementor-top-section elementor-element elementor-element-290ca7d1 elementor-section-boxed elementor-section-height-default elementor-section-height-default\" data-id=\"290ca7d1\" data-element_type=\"section\" data-e-type=\"section\">\n\t\t\t\t\t\t<div class=\"elementor-container elementor-column-gap-default\">\n\t\t\t\t\t<div class=\"elementor-column elementor-col-100 elementor-top-column elementor-element elementor-element-773f35b7\" data-id=\"773f35b7\" data-element_type=\"column\" data-e-type=\"column\">\n\t\t\t<div class=\"elementor-widget-wrap elementor-element-populated\">\n\t\t\t\t\t\t<div class=\"elementor-element elementor-element-7774c225 elementor-widget elementor-widget-text-editor\" data-id=\"7774c225\" data-element_type=\"widget\" data-e-type=\"widget\" data-widget_type=\"text-editor.default\">\n\t\t\t\t<div class=\"elementor-widget-container\">\n\t\t\t\t\t\t\t\t\t<p><strong>20 x 47 x 14<\/strong><\/p><p style=\"font-weight: 400\">La fonction du <strong>roulement pilote,<\/strong> qui est log\u00e9 dans le <strong>volant moteur,<\/strong> est de guider <strong>l\u2019arbre de boite de vitesse.<\/strong><\/p><p style=\"font-weight: 400\">Par ailleurs un <strong>roulement pilote<\/strong> d\u00e9fectueux ou qui grippe peut entrainer des avaries allant de vibrations jusqu\u2019\u00e0 une usure de <strong>l\u2019arbre de boite de vitesse<\/strong> ou du <strong>disque d\u2019embrayage.<\/strong><\/p><p style=\"font-weight: 400\">C\u2019est pour cela que il est conseill\u00e9 de le <strong>remplacer<\/strong> syst\u00e9matiquement \u00e0 chaque changement <strong>d\u2019embrayage.<\/strong><\/p><div><div>C&rsquo;est pourquoi nous vous proposons un <strong>roulement pilote <\/strong>de<strong> qualit\u00e9 origine.<\/strong><\/div><\/div>\t\t\t\t\t\t\t\t<\/div>\n\t\t\t\t<\/div>\n\t\t\t\t\t<\/div>\n\t\t<\/div>\n\t\t\t\t\t<\/div>\n\t\t<\/section>\n\t\t\t\t<\/div>","protected":false},"excerpt":{"rendered":"<p>Roulement pilote Kawe 6204 2RS avec circlips Information du produit : 20 x 47 x 14 La fonction du roulement pilote, qui est log\u00e9 dans le volant moteur, est de guider l\u2019arbre de boite de vitesse. Par ailleurs un roulement pilote d\u00e9fectueux ou qui grippe peut entrainer des avaries allant de vibrations jusqu\u2019\u00e0 une usure<br \/><a class=\"more-link\" href=\"http:\/\/www.edel.fr\/en\/product\/roulement-pilote-fag-6204-2rs-20-x-47-x-14-avec-circlips\/\"><br \/>\n        Read More<span class=\"screen-reader-text\"> \u00ab\u00a0Roulement pilote Kawe 6204 2RS RP15 &#8211; 20 x 47 x 14 &#8211; Avec circlips\u00a0\u00bb<\/span><\/a><\/p>","protected":false},"featured_media":10212,"template":"","meta":[],"product_brand":[],"product_cat":[204,119,120],"product_tag":[],"tracteur":[],"class_list":{"0":"post-10211","1":"product","2":"type-product","3":"status-publish","4":"has-post-thumbnail","6":"product_cat-roulements","7":"product_cat-tracteurs-agricoles","8":"product_cat-transmissions","9":"product_shipping_class-142","10":"pa_diametre-exterieur-4617","11":"pa_diametre-interieur-4615","12":"pa_epaisseur-4585","13":"pa_fabriquant-selection-edel","14":"badges-style-2","16":"first","17":"instock","18":"taxable","19":"shipping-taxable","20":"purchasable","21":"product-type-simple"},"acf":[],"yoast_head":"<!-- This site is optimized with the Yoast SEO plugin v27.3 - https:\/\/yoast.com\/product\/yoast-seo-wordpress\/ -->\n<title>Roulement pilote Kawe 6204 2RS RP15 - 20 x 47 x 14 - Avec circlips - Edel<\/title>\n<meta name=\"description\" content=\"Roulement pilote Kawe 6204 2RS - 20 x 47 x 14 - Avec circlips - Venez d\u00e9couvrir notre gamme de roulement pilote pour tracteur agricole - Qualit\u00e9 origine\" \/>\n<meta name=\"robots\" content=\"index, follow, max-snippet:-1, max-image-preview:large, max-video-preview:-1\" \/>\n<link rel=\"canonical\" href=\"https:\/\/www.edel.fr\/en\/product\/roulement-pilote-fag-6204-2rs-20-x-47-x-14-avec-circlips\/\" \/>\n<meta property=\"og:locale\" content=\"en_US\" \/>\n<meta property=\"og:type\" content=\"article\" \/>\n<meta property=\"og:title\" content=\"Roulement pilote Kawe 6204 2RS RP15 - 20 x 47 x 14 - Avec circlips - Edel\" \/>\n<meta property=\"og:description\" content=\"Roulement pilote Kawe 6204 2RS - 20 x 47 x 14 - Avec circlips - Venez d\u00e9couvrir notre gamme de roulement pilote pour tracteur agricole - Qualit\u00e9 origine\" \/>\n<meta property=\"og:url\" content=\"https:\/\/www.edel.fr\/en\/product\/roulement-pilote-fag-6204-2rs-20-x-47-x-14-avec-circlips\/\" \/>\n<meta property=\"og:site_name\" content=\"Edel\" \/>\n<meta property=\"article:modified_time\" content=\"2026-04-01T20:12:17+00:00\" \/>\n<meta property=\"og:image\" content=\"https:\/\/www.edel.fr\/uploads\/2021\/02\/6204-RP15.jpg\" \/>\n\t<meta property=\"og:image:width\" content=\"1202\" \/>\n\t<meta property=\"og:image:height\" content=\"1187\" \/>\n\t<meta property=\"og:image:type\" content=\"image\/jpeg\" \/>\n<meta name=\"twitter:card\" content=\"summary_large_image\" \/>\n<meta name=\"twitter:label1\" content=\"Est. reading time\" \/>\n\t<meta name=\"twitter:data1\" content=\"1 minute\" \/>\n<script type=\"application\/ld+json\" class=\"yoast-schema-graph\">{\"@context\":\"https:\\\/\\\/schema.org\",\"@graph\":[{\"@type\":\"WebPage\",\"@id\":\"https:\\\/\\\/www.edel.fr\\\/produit\\\/roulement-pilote-fag-6204-2rs-20-x-47-x-14-avec-circlips\\\/\",\"url\":\"https:\\\/\\\/www.edel.fr\\\/produit\\\/roulement-pilote-fag-6204-2rs-20-x-47-x-14-avec-circlips\\\/\",\"name\":\"Roulement pilote Kawe 6204 2RS RP15 - 20 x 47 x 14 - Avec circlips - Edel\",\"isPartOf\":{\"@id\":\"http:\\\/\\\/www.edel.fr\\\/en\\\/#website\"},\"primaryImageOfPage\":{\"@id\":\"https:\\\/\\\/www.edel.fr\\\/produit\\\/roulement-pilote-fag-6204-2rs-20-x-47-x-14-avec-circlips\\\/#primaryimage\"},\"image\":{\"@id\":\"https:\\\/\\\/www.edel.fr\\\/produit\\\/roulement-pilote-fag-6204-2rs-20-x-47-x-14-avec-circlips\\\/#primaryimage\"},\"thumbnailUrl\":\"http:\\\/\\\/www.edel.fr\\\/uploads\\\/2021\\\/02\\\/6204-RP15.jpg\",\"datePublished\":\"2021-02-10T10:44:19+00:00\",\"dateModified\":\"2026-04-01T20:12:17+00:00\",\"description\":\"Roulement pilote Kawe 6204 2RS - 20 x 47 x 14 - Avec circlips - Venez d\u00e9couvrir notre gamme de roulement pilote pour tracteur agricole - Qualit\u00e9 origine\",\"breadcrumb\":{\"@id\":\"https:\\\/\\\/www.edel.fr\\\/produit\\\/roulement-pilote-fag-6204-2rs-20-x-47-x-14-avec-circlips\\\/#breadcrumb\"},\"inLanguage\":\"en-US\",\"potentialAction\":[{\"@type\":\"ReadAction\",\"target\":[\"https:\\\/\\\/www.edel.fr\\\/produit\\\/roulement-pilote-fag-6204-2rs-20-x-47-x-14-avec-circlips\\\/\"]}]},{\"@type\":\"ImageObject\",\"inLanguage\":\"en-US\",\"@id\":\"https:\\\/\\\/www.edel.fr\\\/produit\\\/roulement-pilote-fag-6204-2rs-20-x-47-x-14-avec-circlips\\\/#primaryimage\",\"url\":\"http:\\\/\\\/www.edel.fr\\\/uploads\\\/2021\\\/02\\\/6204-RP15.jpg\",\"contentUrl\":\"http:\\\/\\\/www.edel.fr\\\/uploads\\\/2021\\\/02\\\/6204-RP15.jpg\",\"width\":1202,\"height\":1187,\"caption\":\"Roulement pilote Kawe 6204 2RS - 20 x 47 x 14 - Avec circlips\"},{\"@type\":\"BreadcrumbList\",\"@id\":\"https:\\\/\\\/www.edel.fr\\\/produit\\\/roulement-pilote-fag-6204-2rs-20-x-47-x-14-avec-circlips\\\/#breadcrumb\",\"itemListElement\":[{\"@type\":\"ListItem\",\"position\":1,\"name\":\"Pi\u00e8ce Tracteur\",\"item\":\"http:\\\/\\\/www.edel.fr\\\/en\\\/\"},{\"@type\":\"ListItem\",\"position\":2,\"name\":\"Toutes nos pi\u00e8ces Tracteur\",\"item\":\"https:\\\/\\\/edel.fr\\\/shop\\\/\"},{\"@type\":\"ListItem\",\"position\":3,\"name\":\"Roulement pilote Kawe 6204 2RS RP15 &#8211; 20 x 47 x 14 &#8211; Avec circlips\"}]},{\"@type\":\"WebSite\",\"@id\":\"http:\\\/\\\/www.edel.fr\\\/en\\\/#website\",\"url\":\"http:\\\/\\\/www.edel.fr\\\/en\\\/\",\"name\":\"Edel\",\"description\":\"Pi\u00e8ce d\u00e9tach\u00e9e de Tracteur Agricole\",\"publisher\":{\"@id\":\"http:\\\/\\\/www.edel.fr\\\/en\\\/#organization\"},\"potentialAction\":[{\"@type\":\"SearchAction\",\"target\":{\"@type\":\"EntryPoint\",\"urlTemplate\":\"http:\\\/\\\/www.edel.fr\\\/en\\\/?s={search_term_string}\"},\"query-input\":{\"@type\":\"PropertyValueSpecification\",\"valueRequired\":true,\"valueName\":\"search_term_string\"}}],\"inLanguage\":\"en-US\"},{\"@type\":\"Organization\",\"@id\":\"http:\\\/\\\/www.edel.fr\\\/en\\\/#organization\",\"name\":\"Edel\",\"url\":\"http:\\\/\\\/www.edel.fr\\\/en\\\/\",\"logo\":{\"@type\":\"ImageObject\",\"inLanguage\":\"en-US\",\"@id\":\"http:\\\/\\\/www.edel.fr\\\/en\\\/#\\\/schema\\\/logo\\\/image\\\/\",\"url\":\"https:\\\/\\\/www.edel.fr\\\/uploads\\\/2018\\\/11\\\/logo-edel.png\",\"contentUrl\":\"https:\\\/\\\/www.edel.fr\\\/uploads\\\/2018\\\/11\\\/logo-edel.png\",\"width\":257,\"height\":68,\"caption\":\"Edel\"},\"image\":{\"@id\":\"http:\\\/\\\/www.edel.fr\\\/en\\\/#\\\/schema\\\/logo\\\/image\\\/\"}}]}<\/script>\n<!-- \/ Yoast SEO plugin. -->","yoast_head_json":{"title":"Roulement pilote Kawe 6204 2RS RP15 - 20 x 47 x 14 - Avec circlips - Edel","description":"Roulement pilote Kawe 6204 2RS - 20 x 47 x 14 - Avec circlips - Venez d\u00e9couvrir notre gamme de roulement pilote pour tracteur agricole - Qualit\u00e9 origine","robots":{"index":"index","follow":"follow","max-snippet":"max-snippet:-1","max-image-preview":"max-image-preview:large","max-video-preview":"max-video-preview:-1"},"canonical":"https:\/\/www.edel.fr\/en\/product\/roulement-pilote-fag-6204-2rs-20-x-47-x-14-avec-circlips\/","og_locale":"en_US","og_type":"article","og_title":"Roulement pilote Kawe 6204 2RS RP15 - 20 x 47 x 14 - Avec circlips - Edel","og_description":"Roulement pilote Kawe 6204 2RS - 20 x 47 x 14 - Avec circlips - Venez d\u00e9couvrir notre gamme de roulement pilote pour tracteur agricole - Qualit\u00e9 origine","og_url":"https:\/\/www.edel.fr\/en\/product\/roulement-pilote-fag-6204-2rs-20-x-47-x-14-avec-circlips\/","og_site_name":"Edel","article_modified_time":"2026-04-01T20:12:17+00:00","og_image":[{"width":1202,"height":1187,"url":"https:\/\/www.edel.fr\/uploads\/2021\/02\/6204-RP15.jpg","type":"image\/jpeg"}],"twitter_card":"summary_large_image","twitter_misc":{"Est. reading time":"1 minute"},"schema":{"@context":"https:\/\/schema.org","@graph":[{"@type":"WebPage","@id":"https:\/\/www.edel.fr\/produit\/roulement-pilote-fag-6204-2rs-20-x-47-x-14-avec-circlips\/","url":"https:\/\/www.edel.fr\/produit\/roulement-pilote-fag-6204-2rs-20-x-47-x-14-avec-circlips\/","name":"Roulement pilote Kawe 6204 2RS RP15 - 20 x 47 x 14 - Avec circlips - Edel","isPartOf":{"@id":"http:\/\/www.edel.fr\/en\/#website"},"primaryImageOfPage":{"@id":"https:\/\/www.edel.fr\/produit\/roulement-pilote-fag-6204-2rs-20-x-47-x-14-avec-circlips\/#primaryimage"},"image":{"@id":"https:\/\/www.edel.fr\/produit\/roulement-pilote-fag-6204-2rs-20-x-47-x-14-avec-circlips\/#primaryimage"},"thumbnailUrl":"http:\/\/www.edel.fr\/uploads\/2021\/02\/6204-RP15.jpg","datePublished":"2021-02-10T10:44:19+00:00","dateModified":"2026-04-01T20:12:17+00:00","description":"Roulement pilote Kawe 6204 2RS - 20 x 47 x 14 - Avec circlips - Venez d\u00e9couvrir notre gamme de roulement pilote pour tracteur agricole - Qualit\u00e9 origine","breadcrumb":{"@id":"https:\/\/www.edel.fr\/produit\/roulement-pilote-fag-6204-2rs-20-x-47-x-14-avec-circlips\/#breadcrumb"},"inLanguage":"en-US","potentialAction":[{"@type":"ReadAction","target":["https:\/\/www.edel.fr\/produit\/roulement-pilote-fag-6204-2rs-20-x-47-x-14-avec-circlips\/"]}]},{"@type":"ImageObject","inLanguage":"en-US","@id":"https:\/\/www.edel.fr\/produit\/roulement-pilote-fag-6204-2rs-20-x-47-x-14-avec-circlips\/#primaryimage","url":"http:\/\/www.edel.fr\/uploads\/2021\/02\/6204-RP15.jpg","contentUrl":"http:\/\/www.edel.fr\/uploads\/2021\/02\/6204-RP15.jpg","width":1202,"height":1187,"caption":"Roulement pilote Kawe 6204 2RS - 20 x 47 x 14 - Avec circlips"},{"@type":"BreadcrumbList","@id":"https:\/\/www.edel.fr\/produit\/roulement-pilote-fag-6204-2rs-20-x-47-x-14-avec-circlips\/#breadcrumb","itemListElement":[{"@type":"ListItem","position":1,"name":"Pi\u00e8ce Tracteur","item":"http:\/\/www.edel.fr\/en\/"},{"@type":"ListItem","position":2,"name":"Toutes nos pi\u00e8ces Tracteur","item":"https:\/\/edel.fr\/shop\/"},{"@type":"ListItem","position":3,"name":"Roulement pilote Kawe 6204 2RS RP15 &#8211; 20 x 47 x 14 &#8211; Avec circlips"}]},{"@type":"WebSite","@id":"http:\/\/www.edel.fr\/en\/#website","url":"http:\/\/www.edel.fr\/en\/","name":"Edel","description":"Pi\u00e8ce d\u00e9tach\u00e9e de Tracteur Agricole","publisher":{"@id":"http:\/\/www.edel.fr\/en\/#organization"},"potentialAction":[{"@type":"SearchAction","target":{"@type":"EntryPoint","urlTemplate":"http:\/\/www.edel.fr\/en\/?s={search_term_string}"},"query-input":{"@type":"PropertyValueSpecification","valueRequired":true,"valueName":"search_term_string"}}],"inLanguage":"en-US"},{"@type":"Organization","@id":"http:\/\/www.edel.fr\/en\/#organization","name":"Edel","url":"http:\/\/www.edel.fr\/en\/","logo":{"@type":"ImageObject","inLanguage":"en-US","@id":"http:\/\/www.edel.fr\/en\/#\/schema\/logo\/image\/","url":"https:\/\/www.edel.fr\/uploads\/2018\/11\/logo-edel.png","contentUrl":"https:\/\/www.edel.fr\/uploads\/2018\/11\/logo-edel.png","width":257,"height":68,"caption":"Edel"},"image":{"@id":"http:\/\/www.edel.fr\/en\/#\/schema\/logo\/image\/"}}]}},"_links":{"self":[{"href":"http:\/\/www.edel.fr\/en\/wp-json\/wp\/v2\/product\/10211","targetHints":{"allow":["GET"]}}],"collection":[{"href":"http:\/\/www.edel.fr\/en\/wp-json\/wp\/v2\/product"}],"about":[{"href":"http:\/\/www.edel.fr\/en\/wp-json\/wp\/v2\/types\/product"}],"version-history":[{"count":2,"href":"http:\/\/www.edel.fr\/en\/wp-json\/wp\/v2\/product\/10211\/revisions"}],"predecessor-version":[{"id":18038,"href":"http:\/\/www.edel.fr\/en\/wp-json\/wp\/v2\/product\/10211\/revisions\/18038"}],"wp:featuredmedia":[{"embeddable":true,"href":"http:\/\/www.edel.fr\/en\/wp-json\/wp\/v2\/media\/10212"}],"wp:attachment":[{"href":"http:\/\/www.edel.fr\/en\/wp-json\/wp\/v2\/media?parent=10211"}],"wp:term":[{"taxonomy":"product_brand","embeddable":true,"href":"http:\/\/www.edel.fr\/en\/wp-json\/wp\/v2\/product_brand?post=10211"},{"taxonomy":"product_cat","embeddable":true,"href":"http:\/\/www.edel.fr\/en\/wp-json\/wp\/v2\/product_cat?post=10211"},{"taxonomy":"product_tag","embeddable":true,"href":"http:\/\/www.edel.fr\/en\/wp-json\/wp\/v2\/product_tag?post=10211"},{"taxonomy":"tracteur","embeddable":true,"href":"http:\/\/www.edel.fr\/en\/wp-json\/wp\/v2\/tracteur?post=10211"}],"curies":[{"name":"wp","href":"https:\/\/api.w.org\/{rel}","templated":true}]}}